{"id":2139,"date":"2025-07-04T14:22:00","date_gmt":"2025-07-04T07:22:00","guid":{"rendered":"https:\/\/artisanat.123websitedev.com\/?post_type=product&#038;p=2139"},"modified":"2026-04-08T17:24:07","modified_gmt":"2026-04-08T10:24:07","slug":"coffee-table-hon-cuoi","status":"publish","type":"product","link":"https:\/\/dongsonartisanat.vn\/en\/product\/coffee-table-hon-cuoi\/","title":{"rendered":"Coffee table &#8211; H\u00f2n Cu\u1ed9i"},"content":{"rendered":"","protected":false},"excerpt":{"rendered":"<p>Coffee table H\u00f2n Cu\u1ed9i \u0111\u01b0\u1ee3c l\u1ea5y c\u1ea3m h\u1ee9ng t\u1eeb nh\u1eefng h\u00ecnh d\u1ea1ng t\u1ef1 nhi\u00ean v\u00f4 \u0111\u1ecbnh c\u1ee7a c\u00e1c h\u00f2n \u0111\u00e1, h\u00f2n cu\u1ed9i n\u1eb1m l\u1eb7ng l\u1ebd b\u00ean nh\u1eefng khe su\u1ed1i. D\u00f9 nh\u1ecf b\u00e9, nh\u01b0ng m\u1ed7i h\u00f2n cu\u1ed9i l\u1ea1i ch\u1ee9a \u0111\u1ef1ng trong m\u00ecnh l\u1ecbch s\u1eed thi\u00ean t\u1ea1o k\u00e9o d\u00e0i h\u00e0ng tri\u1ec7u n\u0103m.<\/p>\n<p>Thi\u1ebft k\u1ebf \u0111\u1ed9c \u0111\u00e1o c\u1ee7a chi\u1ebfc b\u00e0n v\u1edbi c\u1ee5m ch\u00e2n b\u00e0n th\u00e2n tre \u00e1nh kim s\u00e1ng b\u00f3ng t\u01b0\u01a1ng ph\u1ea3n n\u1ed5i b\u1eadt v\u1edbi m\u1eb7t b\u00e0n \u0111\u00e1 marble tr\u1eafng v\u00e2n m\u00e2y \u0111\u1ea7y cu\u1ed1n h\u00fat, t\u1ea1o n\u00ean s\u1ef1 k\u1ebft h\u1ee3p h\u00e0i h\u00f2a gi\u1eefa t\u1ef1 nhi\u00ean v\u00e0 s\u1ef1 sang tr\u1ecdng hi\u1ec7n \u0111\u1ea1i.<\/p>","protected":false},"featured_media":2140,"comment_status":"open","ping_status":"closed","template":"","meta":{"inline_featured_image":false},"product_brand":[],"product_cat":[62,107,93],"product_tag":[],"class_list":{"0":"post-2139","1":"product","2":"type-product","3":"status-publish","4":"has-post-thumbnail","6":"product_cat-ban","7":"product_cat-ban-tra","8":"product_cat-san-pham-noi-that","10":"first","11":"instock","12":"shipping-taxable","13":"purchasable","14":"product-type-simple"},"acf":[],"yoast_head":"<!-- This site is optimized with the Yoast SEO Premium plugin v24.8 (Yoast SEO v24.8) - https:\/\/yoast.com\/wordpress\/plugins\/seo\/ -->\n<title>Coffee table - H\u00f2n Cu\u1ed9i - Dongson Artisanat<\/title>\n<meta name=\"robots\" content=\"index, follow, max-snippet:-1, max-image-preview:large, max-video-preview:-1\" \/>\n<link rel=\"canonical\" href=\"https:\/\/dongsonartisanat.vn\/en\/product\/coffee-table-hon-cuoi\/\" \/>\n<meta property=\"og:locale\" content=\"en_US\" \/>\n<meta property=\"og:type\" content=\"article\" \/>\n<meta property=\"og:title\" content=\"Coffee table - H\u00f2n Cu\u1ed9i\" \/>\n<meta property=\"og:description\" content=\"Coffee table H\u00f2n Cu\u1ed9i \u0111\u01b0\u1ee3c l\u1ea5y c\u1ea3m h\u1ee9ng t\u1eeb nh\u1eefng h\u00ecnh d\u1ea1ng t\u1ef1 nhi\u00ean v\u00f4 \u0111\u1ecbnh c\u1ee7a c\u00e1c h\u00f2n \u0111\u00e1, h\u00f2n cu\u1ed9i n\u1eb1m l\u1eb7ng l\u1ebd b\u00ean nh\u1eefng khe su\u1ed1i. D\u00f9 nh\u1ecf b\u00e9, nh\u01b0ng m\u1ed7i h\u00f2n cu\u1ed9i l\u1ea1i ch\u1ee9a \u0111\u1ef1ng trong m\u00ecnh l\u1ecbch s\u1eed thi\u00ean t\u1ea1o k\u00e9o d\u00e0i h\u00e0ng tri\u1ec7u n\u0103m.  Thi\u1ebft k\u1ebf \u0111\u1ed9c \u0111\u00e1o c\u1ee7a chi\u1ebfc b\u00e0n v\u1edbi c\u1ee5m ch\u00e2n b\u00e0n th\u00e2n tre \u00e1nh kim s\u00e1ng b\u00f3ng t\u01b0\u01a1ng ph\u1ea3n n\u1ed5i b\u1eadt v\u1edbi m\u1eb7t b\u00e0n \u0111\u00e1 marble tr\u1eafng v\u00e2n m\u00e2y \u0111\u1ea7y cu\u1ed1n h\u00fat, t\u1ea1o n\u00ean s\u1ef1 k\u1ebft h\u1ee3p h\u00e0i h\u00f2a gi\u1eefa t\u1ef1 nhi\u00ean v\u00e0 s\u1ef1 sang tr\u1ecdng hi\u1ec7n \u0111\u1ea1i.\" \/>\n<meta property=\"og:url\" content=\"https:\/\/dongsonartisanat.vn\/en\/product\/coffee-table-hon-cuoi\/\" \/>\n<meta property=\"og:site_name\" content=\"Dongson Artisanat\" \/>\n<meta property=\"article:modified_time\" content=\"2026-04-08T10:24:07+00:00\" \/>\n<meta property=\"og:image\" content=\"https:\/\/dongsonartisanat.vn\/wp-content\/uploads\/2025\/07\/IMG_8047.jpg\" \/>\n\t<meta property=\"og:image:width\" content=\"1920\" \/>\n\t<meta property=\"og:image:height\" content=\"1920\" \/>\n\t<meta property=\"og:image:type\" content=\"image\/jpeg\" \/>\n<meta name=\"twitter:card\" content=\"summary_large_image\" \/>\n<meta name=\"twitter:label1\" content=\"Est. reading time\" \/>\n\t<meta name=\"twitter:data1\" content=\"1 minute\" \/>\n<script type=\"application\/ld+json\" class=\"yoast-schema-graph\">{\"@context\":\"https:\/\/schema.org\",\"@graph\":[{\"@type\":\"WebPage\",\"@id\":\"https:\/\/dongsonartisanat.vn\/san-pham\/coffee-table-hon-cuoi\/\",\"url\":\"https:\/\/dongsonartisanat.vn\/san-pham\/coffee-table-hon-cuoi\/\",\"name\":\"Coffee table - H\u00f2n Cu\u1ed9i - Dongson Artisanat\",\"isPartOf\":{\"@id\":\"https:\/\/dongsonartisanat.vn\/#website\"},\"primaryImageOfPage\":{\"@id\":\"https:\/\/dongsonartisanat.vn\/san-pham\/coffee-table-hon-cuoi\/#primaryimage\"},\"image\":{\"@id\":\"https:\/\/dongsonartisanat.vn\/san-pham\/coffee-table-hon-cuoi\/#primaryimage\"},\"thumbnailUrl\":\"https:\/\/dongsonartisanat.vn\/wp-content\/uploads\/2025\/07\/IMG_8047.jpg\",\"datePublished\":\"2025-07-04T07:22:00+00:00\",\"dateModified\":\"2026-04-08T10:24:07+00:00\",\"breadcrumb\":{\"@id\":\"https:\/\/dongsonartisanat.vn\/san-pham\/coffee-table-hon-cuoi\/#breadcrumb\"},\"inLanguage\":\"en-US\",\"potentialAction\":[{\"@type\":\"ReadAction\",\"target\":[\"https:\/\/dongsonartisanat.vn\/san-pham\/coffee-table-hon-cuoi\/\"]}]},{\"@type\":\"ImageObject\",\"inLanguage\":\"en-US\",\"@id\":\"https:\/\/dongsonartisanat.vn\/san-pham\/coffee-table-hon-cuoi\/#primaryimage\",\"url\":\"https:\/\/dongsonartisanat.vn\/wp-content\/uploads\/2025\/07\/IMG_8047.jpg\",\"contentUrl\":\"https:\/\/dongsonartisanat.vn\/wp-content\/uploads\/2025\/07\/IMG_8047.jpg\",\"width\":1920,\"height\":1920,\"caption\":\"B\u00e0n c\u00e0 ph\u00ea\"},{\"@type\":\"BreadcrumbList\",\"@id\":\"https:\/\/dongsonartisanat.vn\/san-pham\/coffee-table-hon-cuoi\/#breadcrumb\",\"itemListElement\":[{\"@type\":\"ListItem\",\"position\":1,\"name\":\"Home\",\"item\":\"https:\/\/dongsonartisanat.vn\/\"},{\"@type\":\"ListItem\",\"position\":2,\"name\":\"S\u1ea3n ph\u1ea9m\",\"item\":\"https:\/\/dongsonartisanat.vn\/san-pham\/\"},{\"@type\":\"ListItem\",\"position\":3,\"name\":\"Coffee table &#8211; H\u00f2n Cu\u1ed9i\"}]},{\"@type\":\"WebSite\",\"@id\":\"https:\/\/dongsonartisanat.vn\/#website\",\"url\":\"https:\/\/dongsonartisanat.vn\/\",\"name\":\"Dongson Artisanat\",\"description\":\"\",\"publisher\":{\"@id\":\"https:\/\/dongsonartisanat.vn\/#organization\"},\"potentialAction\":[{\"@type\":\"SearchAction\",\"target\":{\"@type\":\"EntryPoint\",\"urlTemplate\":\"https:\/\/dongsonartisanat.vn\/?s={search_term_string}\"},\"query-input\":{\"@type\":\"PropertyValueSpecification\",\"valueRequired\":true,\"valueName\":\"search_term_string\"}}],\"inLanguage\":\"en-US\"},{\"@type\":\"Organization\",\"@id\":\"https:\/\/dongsonartisanat.vn\/#organization\",\"name\":\"Dongson Artisanat\",\"url\":\"https:\/\/dongsonartisanat.vn\/\",\"logo\":{\"@type\":\"ImageObject\",\"inLanguage\":\"en-US\",\"@id\":\"https:\/\/dongsonartisanat.vn\/#\/schema\/logo\/image\/\",\"url\":\"https:\/\/dongsonartisanat.vn\/wp-content\/uploads\/2025\/06\/dong-son-logo.png\",\"contentUrl\":\"https:\/\/dongsonartisanat.vn\/wp-content\/uploads\/2025\/06\/dong-son-logo.png\",\"width\":824,\"height\":734,\"caption\":\"Dongson Artisanat\"},\"image\":{\"@id\":\"https:\/\/dongsonartisanat.vn\/#\/schema\/logo\/image\/\"}}]}<\/script>\n<!-- \/ Yoast SEO Premium plugin. -->","yoast_head_json":{"title":"Coffee table - H\u00f2n Cu\u1ed9i - Dongson Artisanat","robots":{"index":"index","follow":"follow","max-snippet":"max-snippet:-1","max-image-preview":"max-image-preview:large","max-video-preview":"max-video-preview:-1"},"canonical":"https:\/\/dongsonartisanat.vn\/en\/product\/coffee-table-hon-cuoi\/","og_locale":"en_US","og_type":"article","og_title":"Coffee table - H\u00f2n Cu\u1ed9i","og_description":"Coffee table H\u00f2n Cu\u1ed9i \u0111\u01b0\u1ee3c l\u1ea5y c\u1ea3m h\u1ee9ng t\u1eeb nh\u1eefng h\u00ecnh d\u1ea1ng t\u1ef1 nhi\u00ean v\u00f4 \u0111\u1ecbnh c\u1ee7a c\u00e1c h\u00f2n \u0111\u00e1, h\u00f2n cu\u1ed9i n\u1eb1m l\u1eb7ng l\u1ebd b\u00ean nh\u1eefng khe su\u1ed1i. D\u00f9 nh\u1ecf b\u00e9, nh\u01b0ng m\u1ed7i h\u00f2n cu\u1ed9i l\u1ea1i ch\u1ee9a \u0111\u1ef1ng trong m\u00ecnh l\u1ecbch s\u1eed thi\u00ean t\u1ea1o k\u00e9o d\u00e0i h\u00e0ng tri\u1ec7u n\u0103m.  Thi\u1ebft k\u1ebf \u0111\u1ed9c \u0111\u00e1o c\u1ee7a chi\u1ebfc b\u00e0n v\u1edbi c\u1ee5m ch\u00e2n b\u00e0n th\u00e2n tre \u00e1nh kim s\u00e1ng b\u00f3ng t\u01b0\u01a1ng ph\u1ea3n n\u1ed5i b\u1eadt v\u1edbi m\u1eb7t b\u00e0n \u0111\u00e1 marble tr\u1eafng v\u00e2n m\u00e2y \u0111\u1ea7y cu\u1ed1n h\u00fat, t\u1ea1o n\u00ean s\u1ef1 k\u1ebft h\u1ee3p h\u00e0i h\u00f2a gi\u1eefa t\u1ef1 nhi\u00ean v\u00e0 s\u1ef1 sang tr\u1ecdng hi\u1ec7n \u0111\u1ea1i.","og_url":"https:\/\/dongsonartisanat.vn\/en\/product\/coffee-table-hon-cuoi\/","og_site_name":"Dongson Artisanat","article_modified_time":"2026-04-08T10:24:07+00:00","og_image":[{"width":1920,"height":1920,"url":"https:\/\/dongsonartisanat.vn\/wp-content\/uploads\/2025\/07\/IMG_8047.jpg","type":"image\/jpeg"}],"twitter_card":"summary_large_image","twitter_misc":{"Est. reading time":"1 minute"},"schema":{"@context":"https:\/\/schema.org","@graph":[{"@type":"WebPage","@id":"https:\/\/dongsonartisanat.vn\/san-pham\/coffee-table-hon-cuoi\/","url":"https:\/\/dongsonartisanat.vn\/san-pham\/coffee-table-hon-cuoi\/","name":"Coffee table - H\u00f2n Cu\u1ed9i - Dongson Artisanat","isPartOf":{"@id":"https:\/\/dongsonartisanat.vn\/#website"},"primaryImageOfPage":{"@id":"https:\/\/dongsonartisanat.vn\/san-pham\/coffee-table-hon-cuoi\/#primaryimage"},"image":{"@id":"https:\/\/dongsonartisanat.vn\/san-pham\/coffee-table-hon-cuoi\/#primaryimage"},"thumbnailUrl":"https:\/\/dongsonartisanat.vn\/wp-content\/uploads\/2025\/07\/IMG_8047.jpg","datePublished":"2025-07-04T07:22:00+00:00","dateModified":"2026-04-08T10:24:07+00:00","breadcrumb":{"@id":"https:\/\/dongsonartisanat.vn\/san-pham\/coffee-table-hon-cuoi\/#breadcrumb"},"inLanguage":"en-US","potentialAction":[{"@type":"ReadAction","target":["https:\/\/dongsonartisanat.vn\/san-pham\/coffee-table-hon-cuoi\/"]}]},{"@type":"ImageObject","inLanguage":"en-US","@id":"https:\/\/dongsonartisanat.vn\/san-pham\/coffee-table-hon-cuoi\/#primaryimage","url":"https:\/\/dongsonartisanat.vn\/wp-content\/uploads\/2025\/07\/IMG_8047.jpg","contentUrl":"https:\/\/dongsonartisanat.vn\/wp-content\/uploads\/2025\/07\/IMG_8047.jpg","width":1920,"height":1920,"caption":"B\u00e0n c\u00e0 ph\u00ea"},{"@type":"BreadcrumbList","@id":"https:\/\/dongsonartisanat.vn\/san-pham\/coffee-table-hon-cuoi\/#breadcrumb","itemListElement":[{"@type":"ListItem","position":1,"name":"Home","item":"https:\/\/dongsonartisanat.vn\/"},{"@type":"ListItem","position":2,"name":"S\u1ea3n ph\u1ea9m","item":"https:\/\/dongsonartisanat.vn\/san-pham\/"},{"@type":"ListItem","position":3,"name":"Coffee table &#8211; H\u00f2n Cu\u1ed9i"}]},{"@type":"WebSite","@id":"https:\/\/dongsonartisanat.vn\/#website","url":"https:\/\/dongsonartisanat.vn\/","name":"Dongson Artisanat","description":"","publisher":{"@id":"https:\/\/dongsonartisanat.vn\/#organization"},"potentialAction":[{"@type":"SearchAction","target":{"@type":"EntryPoint","urlTemplate":"https:\/\/dongsonartisanat.vn\/?s={search_term_string}"},"query-input":{"@type":"PropertyValueSpecification","valueRequired":true,"valueName":"search_term_string"}}],"inLanguage":"en-US"},{"@type":"Organization","@id":"https:\/\/dongsonartisanat.vn\/#organization","name":"Dongson Artisanat","url":"https:\/\/dongsonartisanat.vn\/","logo":{"@type":"ImageObject","inLanguage":"en-US","@id":"https:\/\/dongsonartisanat.vn\/#\/schema\/logo\/image\/","url":"https:\/\/dongsonartisanat.vn\/wp-content\/uploads\/2025\/06\/dong-son-logo.png","contentUrl":"https:\/\/dongsonartisanat.vn\/wp-content\/uploads\/2025\/06\/dong-son-logo.png","width":824,"height":734,"caption":"Dongson Artisanat"},"image":{"@id":"https:\/\/dongsonartisanat.vn\/#\/schema\/logo\/image\/"}}]}},"_links":{"self":[{"href":"https:\/\/dongsonartisanat.vn\/en\/wp-json\/wp\/v2\/product\/2139","targetHints":{"allow":["GET"]}}],"collection":[{"href":"https:\/\/dongsonartisanat.vn\/en\/wp-json\/wp\/v2\/product"}],"about":[{"href":"https:\/\/dongsonartisanat.vn\/en\/wp-json\/wp\/v2\/types\/product"}],"replies":[{"embeddable":true,"href":"https:\/\/dongsonartisanat.vn\/en\/wp-json\/wp\/v2\/comments?post=2139"}],"wp:featuredmedia":[{"embeddable":true,"href":"https:\/\/dongsonartisanat.vn\/en\/wp-json\/wp\/v2\/media\/2140"}],"wp:attachment":[{"href":"https:\/\/dongsonartisanat.vn\/en\/wp-json\/wp\/v2\/media?parent=2139"}],"wp:term":[{"taxonomy":"product_brand","embeddable":true,"href":"https:\/\/dongsonartisanat.vn\/en\/wp-json\/wp\/v2\/product_brand?post=2139"},{"taxonomy":"product_cat","embeddable":true,"href":"https:\/\/dongsonartisanat.vn\/en\/wp-json\/wp\/v2\/product_cat?post=2139"},{"taxonomy":"product_tag","embeddable":true,"href":"https:\/\/dongsonartisanat.vn\/en\/wp-json\/wp\/v2\/product_tag?post=2139"}],"curies":[{"name":"wp","href":"https:\/\/api.w.org\/{rel}","templated":true}]}}