{"id":2153,"date":"2025-07-04T14:45:04","date_gmt":"2025-07-04T07:45:04","guid":{"rendered":"https:\/\/artisanat.123websitedev.com\/?post_type=product&#038;p=2153"},"modified":"2026-04-08T17:24:52","modified_gmt":"2026-04-08T10:24:52","slug":"side-table-kieng-ba-chan","status":"publish","type":"product","link":"https:\/\/dongsonartisanat.vn\/en\/product\/side-table-kieng-ba-chan\/","title":{"rendered":"Side table &#8211; Ki\u1ec1ng ba ch\u00e2n"},"content":{"rendered":"","protected":false},"excerpt":{"rendered":"<p>Side table Ki\u1ec1ng Ba Ch\u00e2n l\u00e0 s\u1ef1 k\u1ebft h\u1ee3p tinh t\u1ebf gi\u1eefa ngh\u1ec7 thu\u1eadt t\u1ea1o h\u00ecnh v\u00e0 c\u1ea3m x\u00fac, l\u1ea5y c\u1ea3m h\u1ee9ng t\u1eeb h\u00ecnh \u1ea3nh ki\u1ec1ng ba ch\u00e2n quen thu\u1ed9c trong v\u0103n h\u00f3a Vi\u1ec7t, th\u1ec3 hi\u1ec7n tri\u1ebft l\u00fd v\u1eefng ch\u00e3i, ki\u00ean c\u01b0\u1eddng.<\/p>\n<p>V\u1edbi h\u1ec7 ch\u00e2n b\u00e0n \u0111\u01b0\u1ee3c thi\u1ebft k\u1ebf thanh m\u1ea3nh, g\u1ee3i nh\u1edb \u0111\u1ebfn nh\u1eefng th\u00e2n tre m\u1ea3nh mai nh\u01b0ng v\u1eefng v\u00e0ng, \u00e1nh kim s\u00e1ng b\u00f3ng mang \u0111\u1ebfn v\u1ebb sang tr\u1ecdng v\u00e0 hi\u1ec7n \u0111\u1ea1i. M\u1eb7t b\u00e0n \u0111\u00e1 marble xanh v\u1edbi c\u00e1c \u0111\u01b0\u1eddng v\u00e2n tinh t\u1ebf t\u1ea1o \u0111i\u1ec3m nh\u1ea5n \u0111\u1ea7y l\u1ecbch l\u00e3m.<\/p>","protected":false},"featured_media":2154,"comment_status":"open","ping_status":"closed","template":"","meta":{"inline_featured_image":false},"product_brand":[],"product_cat":[62,106,93],"product_tag":[],"class_list":{"0":"post-2153","1":"product","2":"type-product","3":"status-publish","4":"has-post-thumbnail","6":"product_cat-ban","7":"product_cat-ban-phu","8":"product_cat-san-pham-noi-that","10":"first","11":"instock","12":"shipping-taxable","13":"purchasable","14":"product-type-simple"},"acf":[],"yoast_head":"<!-- This site is optimized with the Yoast SEO Premium plugin v24.8 (Yoast SEO v24.8) - https:\/\/yoast.com\/wordpress\/plugins\/seo\/ -->\n<title>Side table - Ki\u1ec1ng ba ch\u00e2n - Dongson Artisanat<\/title>\n<meta name=\"robots\" content=\"index, follow, max-snippet:-1, max-image-preview:large, max-video-preview:-1\" \/>\n<link rel=\"canonical\" href=\"https:\/\/dongsonartisanat.vn\/en\/product\/side-table-kieng-ba-chan\/\" \/>\n<meta property=\"og:locale\" content=\"en_US\" \/>\n<meta property=\"og:type\" content=\"article\" \/>\n<meta property=\"og:title\" content=\"Side table - Ki\u1ec1ng ba ch\u00e2n\" \/>\n<meta property=\"og:description\" content=\"Side table Ki\u1ec1ng Ba Ch\u00e2n l\u00e0 s\u1ef1 k\u1ebft h\u1ee3p tinh t\u1ebf gi\u1eefa ngh\u1ec7 thu\u1eadt t\u1ea1o h\u00ecnh v\u00e0 c\u1ea3m x\u00fac, l\u1ea5y c\u1ea3m h\u1ee9ng t\u1eeb h\u00ecnh \u1ea3nh ki\u1ec1ng ba ch\u00e2n quen thu\u1ed9c trong v\u0103n h\u00f3a Vi\u1ec7t, th\u1ec3 hi\u1ec7n tri\u1ebft l\u00fd v\u1eefng ch\u00e3i, ki\u00ean c\u01b0\u1eddng.  V\u1edbi h\u1ec7 ch\u00e2n b\u00e0n \u0111\u01b0\u1ee3c thi\u1ebft k\u1ebf thanh m\u1ea3nh, g\u1ee3i nh\u1edb \u0111\u1ebfn nh\u1eefng th\u00e2n tre m\u1ea3nh mai nh\u01b0ng v\u1eefng v\u00e0ng, \u00e1nh kim s\u00e1ng b\u00f3ng mang \u0111\u1ebfn v\u1ebb sang tr\u1ecdng v\u00e0 hi\u1ec7n \u0111\u1ea1i. M\u1eb7t b\u00e0n \u0111\u00e1 marble xanh v\u1edbi c\u00e1c \u0111\u01b0\u1eddng v\u00e2n tinh t\u1ebf t\u1ea1o \u0111i\u1ec3m nh\u1ea5n \u0111\u1ea7y l\u1ecbch l\u00e3m.\" \/>\n<meta property=\"og:url\" content=\"https:\/\/dongsonartisanat.vn\/en\/product\/side-table-kieng-ba-chan\/\" \/>\n<meta property=\"og:site_name\" content=\"Dongson Artisanat\" \/>\n<meta property=\"article:modified_time\" content=\"2026-04-08T10:24:52+00:00\" \/>\n<meta property=\"og:image\" content=\"https:\/\/dongsonartisanat.vn\/wp-content\/uploads\/2025\/07\/IMG_8037.jpg\" \/>\n\t<meta property=\"og:image:width\" content=\"1920\" \/>\n\t<meta property=\"og:image:height\" content=\"1920\" \/>\n\t<meta property=\"og:image:type\" content=\"image\/jpeg\" \/>\n<meta name=\"twitter:card\" content=\"summary_large_image\" \/>\n<meta name=\"twitter:label1\" content=\"Est. reading time\" \/>\n\t<meta name=\"twitter:data1\" content=\"1 minute\" \/>\n<script type=\"application\/ld+json\" class=\"yoast-schema-graph\">{\"@context\":\"https:\/\/schema.org\",\"@graph\":[{\"@type\":\"WebPage\",\"@id\":\"https:\/\/dongsonartisanat.vn\/san-pham\/side-table-kieng-ba-chan\/\",\"url\":\"https:\/\/dongsonartisanat.vn\/san-pham\/side-table-kieng-ba-chan\/\",\"name\":\"Side table - Ki\u1ec1ng ba ch\u00e2n - Dongson Artisanat\",\"isPartOf\":{\"@id\":\"https:\/\/dongsonartisanat.vn\/#website\"},\"primaryImageOfPage\":{\"@id\":\"https:\/\/dongsonartisanat.vn\/san-pham\/side-table-kieng-ba-chan\/#primaryimage\"},\"image\":{\"@id\":\"https:\/\/dongsonartisanat.vn\/san-pham\/side-table-kieng-ba-chan\/#primaryimage\"},\"thumbnailUrl\":\"https:\/\/dongsonartisanat.vn\/wp-content\/uploads\/2025\/07\/IMG_8037.jpg\",\"datePublished\":\"2025-07-04T07:45:04+00:00\",\"dateModified\":\"2026-04-08T10:24:52+00:00\",\"breadcrumb\":{\"@id\":\"https:\/\/dongsonartisanat.vn\/san-pham\/side-table-kieng-ba-chan\/#breadcrumb\"},\"inLanguage\":\"en-US\",\"potentialAction\":[{\"@type\":\"ReadAction\",\"target\":[\"https:\/\/dongsonartisanat.vn\/san-pham\/side-table-kieng-ba-chan\/\"]}]},{\"@type\":\"ImageObject\",\"inLanguage\":\"en-US\",\"@id\":\"https:\/\/dongsonartisanat.vn\/san-pham\/side-table-kieng-ba-chan\/#primaryimage\",\"url\":\"https:\/\/dongsonartisanat.vn\/wp-content\/uploads\/2025\/07\/IMG_8037.jpg\",\"contentUrl\":\"https:\/\/dongsonartisanat.vn\/wp-content\/uploads\/2025\/07\/IMG_8037.jpg\",\"width\":1920,\"height\":1920,\"caption\":\"side table\"},{\"@type\":\"BreadcrumbList\",\"@id\":\"https:\/\/dongsonartisanat.vn\/san-pham\/side-table-kieng-ba-chan\/#breadcrumb\",\"itemListElement\":[{\"@type\":\"ListItem\",\"position\":1,\"name\":\"Home\",\"item\":\"https:\/\/dongsonartisanat.vn\/\"},{\"@type\":\"ListItem\",\"position\":2,\"name\":\"S\u1ea3n ph\u1ea9m\",\"item\":\"https:\/\/dongsonartisanat.vn\/san-pham\/\"},{\"@type\":\"ListItem\",\"position\":3,\"name\":\"Side table &#8211; Ki\u1ec1ng ba ch\u00e2n\"}]},{\"@type\":\"WebSite\",\"@id\":\"https:\/\/dongsonartisanat.vn\/#website\",\"url\":\"https:\/\/dongsonartisanat.vn\/\",\"name\":\"Dongson Artisanat\",\"description\":\"\",\"publisher\":{\"@id\":\"https:\/\/dongsonartisanat.vn\/#organization\"},\"potentialAction\":[{\"@type\":\"SearchAction\",\"target\":{\"@type\":\"EntryPoint\",\"urlTemplate\":\"https:\/\/dongsonartisanat.vn\/?s={search_term_string}\"},\"query-input\":{\"@type\":\"PropertyValueSpecification\",\"valueRequired\":true,\"valueName\":\"search_term_string\"}}],\"inLanguage\":\"en-US\"},{\"@type\":\"Organization\",\"@id\":\"https:\/\/dongsonartisanat.vn\/#organization\",\"name\":\"Dongson Artisanat\",\"url\":\"https:\/\/dongsonartisanat.vn\/\",\"logo\":{\"@type\":\"ImageObject\",\"inLanguage\":\"en-US\",\"@id\":\"https:\/\/dongsonartisanat.vn\/#\/schema\/logo\/image\/\",\"url\":\"https:\/\/dongsonartisanat.vn\/wp-content\/uploads\/2025\/06\/dong-son-logo.png\",\"contentUrl\":\"https:\/\/dongsonartisanat.vn\/wp-content\/uploads\/2025\/06\/dong-son-logo.png\",\"width\":824,\"height\":734,\"caption\":\"Dongson Artisanat\"},\"image\":{\"@id\":\"https:\/\/dongsonartisanat.vn\/#\/schema\/logo\/image\/\"}}]}<\/script>\n<!-- \/ Yoast SEO Premium plugin. -->","yoast_head_json":{"title":"Side table - Ki\u1ec1ng ba ch\u00e2n - Dongson Artisanat","robots":{"index":"index","follow":"follow","max-snippet":"max-snippet:-1","max-image-preview":"max-image-preview:large","max-video-preview":"max-video-preview:-1"},"canonical":"https:\/\/dongsonartisanat.vn\/en\/product\/side-table-kieng-ba-chan\/","og_locale":"en_US","og_type":"article","og_title":"Side table - Ki\u1ec1ng ba ch\u00e2n","og_description":"Side table Ki\u1ec1ng Ba Ch\u00e2n l\u00e0 s\u1ef1 k\u1ebft h\u1ee3p tinh t\u1ebf gi\u1eefa ngh\u1ec7 thu\u1eadt t\u1ea1o h\u00ecnh v\u00e0 c\u1ea3m x\u00fac, l\u1ea5y c\u1ea3m h\u1ee9ng t\u1eeb h\u00ecnh \u1ea3nh ki\u1ec1ng ba ch\u00e2n quen thu\u1ed9c trong v\u0103n h\u00f3a Vi\u1ec7t, th\u1ec3 hi\u1ec7n tri\u1ebft l\u00fd v\u1eefng ch\u00e3i, ki\u00ean c\u01b0\u1eddng.  V\u1edbi h\u1ec7 ch\u00e2n b\u00e0n \u0111\u01b0\u1ee3c thi\u1ebft k\u1ebf thanh m\u1ea3nh, g\u1ee3i nh\u1edb \u0111\u1ebfn nh\u1eefng th\u00e2n tre m\u1ea3nh mai nh\u01b0ng v\u1eefng v\u00e0ng, \u00e1nh kim s\u00e1ng b\u00f3ng mang \u0111\u1ebfn v\u1ebb sang tr\u1ecdng v\u00e0 hi\u1ec7n \u0111\u1ea1i. M\u1eb7t b\u00e0n \u0111\u00e1 marble xanh v\u1edbi c\u00e1c \u0111\u01b0\u1eddng v\u00e2n tinh t\u1ebf t\u1ea1o \u0111i\u1ec3m nh\u1ea5n \u0111\u1ea7y l\u1ecbch l\u00e3m.","og_url":"https:\/\/dongsonartisanat.vn\/en\/product\/side-table-kieng-ba-chan\/","og_site_name":"Dongson Artisanat","article_modified_time":"2026-04-08T10:24:52+00:00","og_image":[{"width":1920,"height":1920,"url":"https:\/\/dongsonartisanat.vn\/wp-content\/uploads\/2025\/07\/IMG_8037.jpg","type":"image\/jpeg"}],"twitter_card":"summary_large_image","twitter_misc":{"Est. reading time":"1 minute"},"schema":{"@context":"https:\/\/schema.org","@graph":[{"@type":"WebPage","@id":"https:\/\/dongsonartisanat.vn\/san-pham\/side-table-kieng-ba-chan\/","url":"https:\/\/dongsonartisanat.vn\/san-pham\/side-table-kieng-ba-chan\/","name":"Side table - Ki\u1ec1ng ba ch\u00e2n - Dongson Artisanat","isPartOf":{"@id":"https:\/\/dongsonartisanat.vn\/#website"},"primaryImageOfPage":{"@id":"https:\/\/dongsonartisanat.vn\/san-pham\/side-table-kieng-ba-chan\/#primaryimage"},"image":{"@id":"https:\/\/dongsonartisanat.vn\/san-pham\/side-table-kieng-ba-chan\/#primaryimage"},"thumbnailUrl":"https:\/\/dongsonartisanat.vn\/wp-content\/uploads\/2025\/07\/IMG_8037.jpg","datePublished":"2025-07-04T07:45:04+00:00","dateModified":"2026-04-08T10:24:52+00:00","breadcrumb":{"@id":"https:\/\/dongsonartisanat.vn\/san-pham\/side-table-kieng-ba-chan\/#breadcrumb"},"inLanguage":"en-US","potentialAction":[{"@type":"ReadAction","target":["https:\/\/dongsonartisanat.vn\/san-pham\/side-table-kieng-ba-chan\/"]}]},{"@type":"ImageObject","inLanguage":"en-US","@id":"https:\/\/dongsonartisanat.vn\/san-pham\/side-table-kieng-ba-chan\/#primaryimage","url":"https:\/\/dongsonartisanat.vn\/wp-content\/uploads\/2025\/07\/IMG_8037.jpg","contentUrl":"https:\/\/dongsonartisanat.vn\/wp-content\/uploads\/2025\/07\/IMG_8037.jpg","width":1920,"height":1920,"caption":"side table"},{"@type":"BreadcrumbList","@id":"https:\/\/dongsonartisanat.vn\/san-pham\/side-table-kieng-ba-chan\/#breadcrumb","itemListElement":[{"@type":"ListItem","position":1,"name":"Home","item":"https:\/\/dongsonartisanat.vn\/"},{"@type":"ListItem","position":2,"name":"S\u1ea3n ph\u1ea9m","item":"https:\/\/dongsonartisanat.vn\/san-pham\/"},{"@type":"ListItem","position":3,"name":"Side table &#8211; Ki\u1ec1ng ba ch\u00e2n"}]},{"@type":"WebSite","@id":"https:\/\/dongsonartisanat.vn\/#website","url":"https:\/\/dongsonartisanat.vn\/","name":"Dongson Artisanat","description":"","publisher":{"@id":"https:\/\/dongsonartisanat.vn\/#organization"},"potentialAction":[{"@type":"SearchAction","target":{"@type":"EntryPoint","urlTemplate":"https:\/\/dongsonartisanat.vn\/?s={search_term_string}"},"query-input":{"@type":"PropertyValueSpecification","valueRequired":true,"valueName":"search_term_string"}}],"inLanguage":"en-US"},{"@type":"Organization","@id":"https:\/\/dongsonartisanat.vn\/#organization","name":"Dongson Artisanat","url":"https:\/\/dongsonartisanat.vn\/","logo":{"@type":"ImageObject","inLanguage":"en-US","@id":"https:\/\/dongsonartisanat.vn\/#\/schema\/logo\/image\/","url":"https:\/\/dongsonartisanat.vn\/wp-content\/uploads\/2025\/06\/dong-son-logo.png","contentUrl":"https:\/\/dongsonartisanat.vn\/wp-content\/uploads\/2025\/06\/dong-son-logo.png","width":824,"height":734,"caption":"Dongson Artisanat"},"image":{"@id":"https:\/\/dongsonartisanat.vn\/#\/schema\/logo\/image\/"}}]}},"_links":{"self":[{"href":"https:\/\/dongsonartisanat.vn\/en\/wp-json\/wp\/v2\/product\/2153","targetHints":{"allow":["GET"]}}],"collection":[{"href":"https:\/\/dongsonartisanat.vn\/en\/wp-json\/wp\/v2\/product"}],"about":[{"href":"https:\/\/dongsonartisanat.vn\/en\/wp-json\/wp\/v2\/types\/product"}],"replies":[{"embeddable":true,"href":"https:\/\/dongsonartisanat.vn\/en\/wp-json\/wp\/v2\/comments?post=2153"}],"wp:featuredmedia":[{"embeddable":true,"href":"https:\/\/dongsonartisanat.vn\/en\/wp-json\/wp\/v2\/media\/2154"}],"wp:attachment":[{"href":"https:\/\/dongsonartisanat.vn\/en\/wp-json\/wp\/v2\/media?parent=2153"}],"wp:term":[{"taxonomy":"product_brand","embeddable":true,"href":"https:\/\/dongsonartisanat.vn\/en\/wp-json\/wp\/v2\/product_brand?post=2153"},{"taxonomy":"product_cat","embeddable":true,"href":"https:\/\/dongsonartisanat.vn\/en\/wp-json\/wp\/v2\/product_cat?post=2153"},{"taxonomy":"product_tag","embeddable":true,"href":"https:\/\/dongsonartisanat.vn\/en\/wp-json\/wp\/v2\/product_tag?post=2153"}],"curies":[{"name":"wp","href":"https:\/\/api.w.org\/{rel}","templated":true}]}}