{"id":2170,"date":"2025-07-04T14:59:28","date_gmt":"2025-07-04T07:59:28","guid":{"rendered":"https:\/\/artisanat.123websitedev.com\/?post_type=product&#038;p=2170"},"modified":"2026-04-08T17:26:37","modified_gmt":"2026-04-08T10:26:37","slug":"bench-truc-vien","status":"publish","type":"product","link":"https:\/\/dongsonartisanat.vn\/en\/product\/bench-truc-vien\/","title":{"rendered":"Bench &#8211; Tr\u00fac vi\u00ean"},"content":{"rendered":"","protected":false},"excerpt":{"rendered":"<p>Gh\u1ebf ch\u00f5ng Tr\u00fac Vi\u00ean nh\u01b0 m\u1ed9t khu v\u01b0\u1eddn l\u1eb7ng l\u1ebd \u0111\u01b0a ta tr\u1edf v\u1ec1 v\u1edbi nh\u1eefng tr\u01b0a h\u00e8 d\u1ecbu ng\u1ecdt c\u1ee7a tu\u1ed5i th\u01a1, khi l\u00e0n gi\u00f3 m\u00e1t r\u01b0\u1ee3i m\u01a1n man qua t\u1eebng c\u00e0nh l\u00e1, v\u01b0\u1eddn t\u01b0\u1ee3c xanh m\u01b0\u1edbt. \u0110\u1ec3 l\u1eafng nghe v\u00e0 c\u1ea3m nh\u1eadn, Tr\u00fac Vi\u00ean ch\u00ednh l\u00e0 c\u1ea7u n\u1ed1i gi\u1eefa hi\u1ec7n t\u1ea1i v\u00e0 k\u00fd \u1ee9c, gi\u1eefa ch\u1ea5t th\u01a1 c\u1ee7a cu\u1ed9c s\u1ed1ng l\u00e0ng qu\u00ea h\u00f2a quy\u1ec7n ti\u1ec7n nghi c\u1ee7a n\u1ed9i th\u1ea5t hi\u1ec7n \u0111\u1ea1i.<\/p>\n<p>H\u1ec7 khung kim lo\u1ea1i s\u00e1ng lo\u00e1ng l\u00e0 nh\u1eefng th\u00e2n tre v\u00e0ng \u0111\u1ed3ng ki\u00eau h\u00e3nh, m\u1ea1nh m\u1ebd, b\u1ec7 \u0111\u1ee1 v\u1eefng ch\u1eafc c\u1ee7a chi\u1ebfc gh\u1ebf, nh\u01b0ng v\u1eabn thanh tho\u00e1t, tinh t\u1ebf. Ph\u1ea7n \u0111\u1ec7m da n\u00e2u \u0111\u01b0\u1ee3c ch\u0103m ch\u00fat t\u1ec9 m\u1ec9, t\u1eebng \u0111\u01b0\u1eddng ch\u1ec9 may ngay ng\u1eafn, g\u1ee3i l\u00ean v\u1ebb \u0111\u1eb9p c\u1ee7a s\u1ef1 th\u1ee7 c\u00f4ng v\u00e0 th\u1ea9m m\u1ef9 tinh t\u1ebf.<\/p>\n<p>Tr\u00fac Vi\u00ean kh\u00f4ng ch\u1ec9 \u0111\u01a1n thu\u1ea7n l\u00e0 \u0111i\u1ec3m t\u1ef1a ng\u1ea3 l\u01b0ng, m\u00e0 c\u00f2n l\u00e0 m\u1ed9t t\u00e1c ph\u1ea9m ngh\u1ec7 thu\u1eadt, kh\u01a1i g\u1ee3i c\u1ea3m x\u00fac t\u1eeb s\u00e2u th\u1eb3m, bi\u1ebfn m\u1ecdi kh\u00f4ng gian th\u00e0nh m\u1ed9t mi\u1ec1n an y\u00ean, \u0111\u1ea7y ch\u1ea5t di\u1ec5n ca v\u00e0 ho\u00e0i ni\u1ec7m.<\/p>","protected":false},"featured_media":2534,"comment_status":"open","ping_status":"closed","template":"","meta":{"inline_featured_image":false},"product_brand":[],"product_cat":[95,136,93],"product_tag":[],"class_list":{"0":"post-2170","1":"product","2":"type-product","3":"status-publish","4":"has-post-thumbnail","6":"product_cat-ghe","7":"product_cat-ghe-bang-dai","8":"product_cat-san-pham-noi-that","10":"first","11":"instock","12":"shipping-taxable","13":"purchasable","14":"product-type-simple"},"acf":[],"yoast_head":"<!-- This site is optimized with the Yoast SEO Premium plugin v24.8 (Yoast SEO v24.8) - https:\/\/yoast.com\/wordpress\/plugins\/seo\/ -->\n<title>Bench - Tr\u00fac vi\u00ean - Dongson Artisanat<\/title>\n<meta name=\"robots\" content=\"index, follow, max-snippet:-1, max-image-preview:large, max-video-preview:-1\" \/>\n<link rel=\"canonical\" href=\"https:\/\/dongsonartisanat.vn\/en\/product\/bench-truc-vien\/\" \/>\n<meta property=\"og:locale\" content=\"en_US\" \/>\n<meta property=\"og:type\" content=\"article\" \/>\n<meta property=\"og:title\" content=\"Bench - Tr\u00fac vi\u00ean\" \/>\n<meta property=\"og:description\" content=\"Gh\u1ebf ch\u00f5ng Tr\u00fac Vi\u00ean nh\u01b0 m\u1ed9t khu v\u01b0\u1eddn l\u1eb7ng l\u1ebd \u0111\u01b0a ta tr\u1edf v\u1ec1 v\u1edbi nh\u1eefng tr\u01b0a h\u00e8 d\u1ecbu ng\u1ecdt c\u1ee7a tu\u1ed5i th\u01a1, khi l\u00e0n gi\u00f3 m\u00e1t r\u01b0\u1ee3i m\u01a1n man qua t\u1eebng c\u00e0nh l\u00e1, v\u01b0\u1eddn t\u01b0\u1ee3c xanh m\u01b0\u1edbt. \u0110\u1ec3 l\u1eafng nghe v\u00e0 c\u1ea3m nh\u1eadn, Tr\u00fac Vi\u00ean ch\u00ednh l\u00e0 c\u1ea7u n\u1ed1i gi\u1eefa hi\u1ec7n t\u1ea1i v\u00e0 k\u00fd \u1ee9c, gi\u1eefa ch\u1ea5t th\u01a1 c\u1ee7a cu\u1ed9c s\u1ed1ng l\u00e0ng qu\u00ea h\u00f2a quy\u1ec7n ti\u1ec7n nghi c\u1ee7a n\u1ed9i th\u1ea5t hi\u1ec7n \u0111\u1ea1i.  H\u1ec7 khung kim lo\u1ea1i s\u00e1ng lo\u00e1ng l\u00e0 nh\u1eefng th\u00e2n tre v\u00e0ng \u0111\u1ed3ng ki\u00eau h\u00e3nh, m\u1ea1nh m\u1ebd, b\u1ec7 \u0111\u1ee1 v\u1eefng ch\u1eafc c\u1ee7a chi\u1ebfc gh\u1ebf, nh\u01b0ng v\u1eabn thanh tho\u00e1t, tinh t\u1ebf. Ph\u1ea7n \u0111\u1ec7m da n\u00e2u \u0111\u01b0\u1ee3c ch\u0103m ch\u00fat t\u1ec9 m\u1ec9, t\u1eebng \u0111\u01b0\u1eddng ch\u1ec9 may ngay ng\u1eafn, g\u1ee3i l\u00ean v\u1ebb \u0111\u1eb9p c\u1ee7a s\u1ef1 th\u1ee7 c\u00f4ng v\u00e0 th\u1ea9m m\u1ef9 tinh t\u1ebf.  Tr\u00fac Vi\u00ean kh\u00f4ng ch\u1ec9 \u0111\u01a1n thu\u1ea7n l\u00e0 \u0111i\u1ec3m t\u1ef1a ng\u1ea3 l\u01b0ng, m\u00e0 c\u00f2n l\u00e0 m\u1ed9t t\u00e1c ph\u1ea9m ngh\u1ec7 thu\u1eadt, kh\u01a1i g\u1ee3i c\u1ea3m x\u00fac t\u1eeb s\u00e2u th\u1eb3m, bi\u1ebfn m\u1ecdi kh\u00f4ng gian th\u00e0nh m\u1ed9t mi\u1ec1n an y\u00ean, \u0111\u1ea7y ch\u1ea5t di\u1ec5n ca v\u00e0 ho\u00e0i ni\u1ec7m.\" \/>\n<meta property=\"og:url\" content=\"https:\/\/dongsonartisanat.vn\/en\/product\/bench-truc-vien\/\" \/>\n<meta property=\"og:site_name\" content=\"Dongson Artisanat\" \/>\n<meta property=\"article:modified_time\" content=\"2026-04-08T10:26:37+00:00\" \/>\n<meta property=\"og:image\" content=\"https:\/\/dongsonartisanat.vn\/wp-content\/uploads\/2025\/07\/q3.png\" \/>\n\t<meta property=\"og:image:width\" content=\"2000\" \/>\n\t<meta property=\"og:image:height\" content=\"2000\" \/>\n\t<meta property=\"og:image:type\" content=\"image\/png\" \/>\n<meta name=\"twitter:card\" content=\"summary_large_image\" \/>\n<meta name=\"twitter:label1\" content=\"Est. reading time\" \/>\n\t<meta name=\"twitter:data1\" content=\"1 minute\" \/>\n<script type=\"application\/ld+json\" class=\"yoast-schema-graph\">{\"@context\":\"https:\/\/schema.org\",\"@graph\":[{\"@type\":\"WebPage\",\"@id\":\"https:\/\/dongsonartisanat.vn\/san-pham\/bench-truc-vien\/\",\"url\":\"https:\/\/dongsonartisanat.vn\/san-pham\/bench-truc-vien\/\",\"name\":\"Bench - Tr\u00fac vi\u00ean - Dongson Artisanat\",\"isPartOf\":{\"@id\":\"https:\/\/dongsonartisanat.vn\/#website\"},\"primaryImageOfPage\":{\"@id\":\"https:\/\/dongsonartisanat.vn\/san-pham\/bench-truc-vien\/#primaryimage\"},\"image\":{\"@id\":\"https:\/\/dongsonartisanat.vn\/san-pham\/bench-truc-vien\/#primaryimage\"},\"thumbnailUrl\":\"https:\/\/dongsonartisanat.vn\/wp-content\/uploads\/2025\/07\/q3.png\",\"datePublished\":\"2025-07-04T07:59:28+00:00\",\"dateModified\":\"2026-04-08T10:26:37+00:00\",\"breadcrumb\":{\"@id\":\"https:\/\/dongsonartisanat.vn\/san-pham\/bench-truc-vien\/#breadcrumb\"},\"inLanguage\":\"en-US\",\"potentialAction\":[{\"@type\":\"ReadAction\",\"target\":[\"https:\/\/dongsonartisanat.vn\/san-pham\/bench-truc-vien\/\"]}]},{\"@type\":\"ImageObject\",\"inLanguage\":\"en-US\",\"@id\":\"https:\/\/dongsonartisanat.vn\/san-pham\/bench-truc-vien\/#primaryimage\",\"url\":\"https:\/\/dongsonartisanat.vn\/wp-content\/uploads\/2025\/07\/q3.png\",\"contentUrl\":\"https:\/\/dongsonartisanat.vn\/wp-content\/uploads\/2025\/07\/q3.png\",\"width\":2000,\"height\":2000,\"caption\":\"Bench Tr\u00fac Vien\"},{\"@type\":\"BreadcrumbList\",\"@id\":\"https:\/\/dongsonartisanat.vn\/san-pham\/bench-truc-vien\/#breadcrumb\",\"itemListElement\":[{\"@type\":\"ListItem\",\"position\":1,\"name\":\"Home\",\"item\":\"https:\/\/dongsonartisanat.vn\/\"},{\"@type\":\"ListItem\",\"position\":2,\"name\":\"S\u1ea3n ph\u1ea9m\",\"item\":\"https:\/\/dongsonartisanat.vn\/san-pham\/\"},{\"@type\":\"ListItem\",\"position\":3,\"name\":\"Bench &#8211; Tr\u00fac vi\u00ean\"}]},{\"@type\":\"WebSite\",\"@id\":\"https:\/\/dongsonartisanat.vn\/#website\",\"url\":\"https:\/\/dongsonartisanat.vn\/\",\"name\":\"Dongson Artisanat\",\"description\":\"\",\"publisher\":{\"@id\":\"https:\/\/dongsonartisanat.vn\/#organization\"},\"potentialAction\":[{\"@type\":\"SearchAction\",\"target\":{\"@type\":\"EntryPoint\",\"urlTemplate\":\"https:\/\/dongsonartisanat.vn\/?s={search_term_string}\"},\"query-input\":{\"@type\":\"PropertyValueSpecification\",\"valueRequired\":true,\"valueName\":\"search_term_string\"}}],\"inLanguage\":\"en-US\"},{\"@type\":\"Organization\",\"@id\":\"https:\/\/dongsonartisanat.vn\/#organization\",\"name\":\"Dongson Artisanat\",\"url\":\"https:\/\/dongsonartisanat.vn\/\",\"logo\":{\"@type\":\"ImageObject\",\"inLanguage\":\"en-US\",\"@id\":\"https:\/\/dongsonartisanat.vn\/#\/schema\/logo\/image\/\",\"url\":\"https:\/\/dongsonartisanat.vn\/wp-content\/uploads\/2025\/06\/dong-son-logo.png\",\"contentUrl\":\"https:\/\/dongsonartisanat.vn\/wp-content\/uploads\/2025\/06\/dong-son-logo.png\",\"width\":824,\"height\":734,\"caption\":\"Dongson Artisanat\"},\"image\":{\"@id\":\"https:\/\/dongsonartisanat.vn\/#\/schema\/logo\/image\/\"}}]}<\/script>\n<!-- \/ Yoast SEO Premium plugin. -->","yoast_head_json":{"title":"Bench - Tr\u00fac vi\u00ean - Dongson Artisanat","robots":{"index":"index","follow":"follow","max-snippet":"max-snippet:-1","max-image-preview":"max-image-preview:large","max-video-preview":"max-video-preview:-1"},"canonical":"https:\/\/dongsonartisanat.vn\/en\/product\/bench-truc-vien\/","og_locale":"en_US","og_type":"article","og_title":"Bench - Tr\u00fac vi\u00ean","og_description":"Gh\u1ebf ch\u00f5ng Tr\u00fac Vi\u00ean nh\u01b0 m\u1ed9t khu v\u01b0\u1eddn l\u1eb7ng l\u1ebd \u0111\u01b0a ta tr\u1edf v\u1ec1 v\u1edbi nh\u1eefng tr\u01b0a h\u00e8 d\u1ecbu ng\u1ecdt c\u1ee7a tu\u1ed5i th\u01a1, khi l\u00e0n gi\u00f3 m\u00e1t r\u01b0\u1ee3i m\u01a1n man qua t\u1eebng c\u00e0nh l\u00e1, v\u01b0\u1eddn t\u01b0\u1ee3c xanh m\u01b0\u1edbt. \u0110\u1ec3 l\u1eafng nghe v\u00e0 c\u1ea3m nh\u1eadn, Tr\u00fac Vi\u00ean ch\u00ednh l\u00e0 c\u1ea7u n\u1ed1i gi\u1eefa hi\u1ec7n t\u1ea1i v\u00e0 k\u00fd \u1ee9c, gi\u1eefa ch\u1ea5t th\u01a1 c\u1ee7a cu\u1ed9c s\u1ed1ng l\u00e0ng qu\u00ea h\u00f2a quy\u1ec7n ti\u1ec7n nghi c\u1ee7a n\u1ed9i th\u1ea5t hi\u1ec7n \u0111\u1ea1i.  H\u1ec7 khung kim lo\u1ea1i s\u00e1ng lo\u00e1ng l\u00e0 nh\u1eefng th\u00e2n tre v\u00e0ng \u0111\u1ed3ng ki\u00eau h\u00e3nh, m\u1ea1nh m\u1ebd, b\u1ec7 \u0111\u1ee1 v\u1eefng ch\u1eafc c\u1ee7a chi\u1ebfc gh\u1ebf, nh\u01b0ng v\u1eabn thanh tho\u00e1t, tinh t\u1ebf. Ph\u1ea7n \u0111\u1ec7m da n\u00e2u \u0111\u01b0\u1ee3c ch\u0103m ch\u00fat t\u1ec9 m\u1ec9, t\u1eebng \u0111\u01b0\u1eddng ch\u1ec9 may ngay ng\u1eafn, g\u1ee3i l\u00ean v\u1ebb \u0111\u1eb9p c\u1ee7a s\u1ef1 th\u1ee7 c\u00f4ng v\u00e0 th\u1ea9m m\u1ef9 tinh t\u1ebf.  Tr\u00fac Vi\u00ean kh\u00f4ng ch\u1ec9 \u0111\u01a1n thu\u1ea7n l\u00e0 \u0111i\u1ec3m t\u1ef1a ng\u1ea3 l\u01b0ng, m\u00e0 c\u00f2n l\u00e0 m\u1ed9t t\u00e1c ph\u1ea9m ngh\u1ec7 thu\u1eadt, kh\u01a1i g\u1ee3i c\u1ea3m x\u00fac t\u1eeb s\u00e2u th\u1eb3m, bi\u1ebfn m\u1ecdi kh\u00f4ng gian th\u00e0nh m\u1ed9t mi\u1ec1n an y\u00ean, \u0111\u1ea7y ch\u1ea5t di\u1ec5n ca v\u00e0 ho\u00e0i ni\u1ec7m.","og_url":"https:\/\/dongsonartisanat.vn\/en\/product\/bench-truc-vien\/","og_site_name":"Dongson Artisanat","article_modified_time":"2026-04-08T10:26:37+00:00","og_image":[{"width":2000,"height":2000,"url":"https:\/\/dongsonartisanat.vn\/wp-content\/uploads\/2025\/07\/q3.png","type":"image\/png"}],"twitter_card":"summary_large_image","twitter_misc":{"Est. reading time":"1 minute"},"schema":{"@context":"https:\/\/schema.org","@graph":[{"@type":"WebPage","@id":"https:\/\/dongsonartisanat.vn\/san-pham\/bench-truc-vien\/","url":"https:\/\/dongsonartisanat.vn\/san-pham\/bench-truc-vien\/","name":"Bench - Tr\u00fac vi\u00ean - Dongson Artisanat","isPartOf":{"@id":"https:\/\/dongsonartisanat.vn\/#website"},"primaryImageOfPage":{"@id":"https:\/\/dongsonartisanat.vn\/san-pham\/bench-truc-vien\/#primaryimage"},"image":{"@id":"https:\/\/dongsonartisanat.vn\/san-pham\/bench-truc-vien\/#primaryimage"},"thumbnailUrl":"https:\/\/dongsonartisanat.vn\/wp-content\/uploads\/2025\/07\/q3.png","datePublished":"2025-07-04T07:59:28+00:00","dateModified":"2026-04-08T10:26:37+00:00","breadcrumb":{"@id":"https:\/\/dongsonartisanat.vn\/san-pham\/bench-truc-vien\/#breadcrumb"},"inLanguage":"en-US","potentialAction":[{"@type":"ReadAction","target":["https:\/\/dongsonartisanat.vn\/san-pham\/bench-truc-vien\/"]}]},{"@type":"ImageObject","inLanguage":"en-US","@id":"https:\/\/dongsonartisanat.vn\/san-pham\/bench-truc-vien\/#primaryimage","url":"https:\/\/dongsonartisanat.vn\/wp-content\/uploads\/2025\/07\/q3.png","contentUrl":"https:\/\/dongsonartisanat.vn\/wp-content\/uploads\/2025\/07\/q3.png","width":2000,"height":2000,"caption":"Bench Tr\u00fac Vien"},{"@type":"BreadcrumbList","@id":"https:\/\/dongsonartisanat.vn\/san-pham\/bench-truc-vien\/#breadcrumb","itemListElement":[{"@type":"ListItem","position":1,"name":"Home","item":"https:\/\/dongsonartisanat.vn\/"},{"@type":"ListItem","position":2,"name":"S\u1ea3n ph\u1ea9m","item":"https:\/\/dongsonartisanat.vn\/san-pham\/"},{"@type":"ListItem","position":3,"name":"Bench &#8211; Tr\u00fac vi\u00ean"}]},{"@type":"WebSite","@id":"https:\/\/dongsonartisanat.vn\/#website","url":"https:\/\/dongsonartisanat.vn\/","name":"Dongson Artisanat","description":"","publisher":{"@id":"https:\/\/dongsonartisanat.vn\/#organization"},"potentialAction":[{"@type":"SearchAction","target":{"@type":"EntryPoint","urlTemplate":"https:\/\/dongsonartisanat.vn\/?s={search_term_string}"},"query-input":{"@type":"PropertyValueSpecification","valueRequired":true,"valueName":"search_term_string"}}],"inLanguage":"en-US"},{"@type":"Organization","@id":"https:\/\/dongsonartisanat.vn\/#organization","name":"Dongson Artisanat","url":"https:\/\/dongsonartisanat.vn\/","logo":{"@type":"ImageObject","inLanguage":"en-US","@id":"https:\/\/dongsonartisanat.vn\/#\/schema\/logo\/image\/","url":"https:\/\/dongsonartisanat.vn\/wp-content\/uploads\/2025\/06\/dong-son-logo.png","contentUrl":"https:\/\/dongsonartisanat.vn\/wp-content\/uploads\/2025\/06\/dong-son-logo.png","width":824,"height":734,"caption":"Dongson Artisanat"},"image":{"@id":"https:\/\/dongsonartisanat.vn\/#\/schema\/logo\/image\/"}}]}},"_links":{"self":[{"href":"https:\/\/dongsonartisanat.vn\/en\/wp-json\/wp\/v2\/product\/2170","targetHints":{"allow":["GET"]}}],"collection":[{"href":"https:\/\/dongsonartisanat.vn\/en\/wp-json\/wp\/v2\/product"}],"about":[{"href":"https:\/\/dongsonartisanat.vn\/en\/wp-json\/wp\/v2\/types\/product"}],"replies":[{"embeddable":true,"href":"https:\/\/dongsonartisanat.vn\/en\/wp-json\/wp\/v2\/comments?post=2170"}],"wp:featuredmedia":[{"embeddable":true,"href":"https:\/\/dongsonartisanat.vn\/en\/wp-json\/wp\/v2\/media\/2534"}],"wp:attachment":[{"href":"https:\/\/dongsonartisanat.vn\/en\/wp-json\/wp\/v2\/media?parent=2170"}],"wp:term":[{"taxonomy":"product_brand","embeddable":true,"href":"https:\/\/dongsonartisanat.vn\/en\/wp-json\/wp\/v2\/product_brand?post=2170"},{"taxonomy":"product_cat","embeddable":true,"href":"https:\/\/dongsonartisanat.vn\/en\/wp-json\/wp\/v2\/product_cat?post=2170"},{"taxonomy":"product_tag","embeddable":true,"href":"https:\/\/dongsonartisanat.vn\/en\/wp-json\/wp\/v2\/product_tag?post=2170"}],"curies":[{"name":"wp","href":"https:\/\/api.w.org\/{rel}","templated":true}]}}