{"id":2182,"date":"2025-07-04T15:05:51","date_gmt":"2025-07-04T08:05:51","guid":{"rendered":"https:\/\/artisanat.123websitedev.com\/?post_type=product&#038;p=2182"},"modified":"2026-04-08T17:26:00","modified_gmt":"2026-04-08T10:26:00","slug":"chair-truc-dien","status":"publish","type":"product","link":"https:\/\/dongsonartisanat.vn\/en\/product\/chair-truc-dien\/","title":{"rendered":"Chair &#8211; Tr\u00fac \u0110i\u1ec1n"},"content":{"rendered":"","protected":false},"excerpt":{"rendered":"<div class=\"x14z9mp xat24cr x1lziwak x1vvkbs xtlvy1s x126k92a\">\n<div dir=\"auto\">\n<p>Tr\u00fac \u0110i\u1ec1n l\u00e0 c\u00e1i t\u00ean mang \u0111\u1eadm ch\u1ea5t thi v\u1ecb, v\u1edbi \u201cTr\u00fac\u201d \u0111\u1ea1i di\u1ec7n cho c\u00e1c lo\u00e0i tre, v\u00e0 \u201c\u0110i\u1ec1n\u201d mang \u00fd ngh\u0129a c\u1ee7a ru\u1ed9ng \u0111\u1ea5t, g\u1ee3i l\u00ean h\u00ecnh \u1ea3nh c\u1ee7a thi\u00ean nhi\u00ean thanh b\u00ecnh, y\u00ean \u1ea3. Tr\u00fac \u0110i\u1ec1n kh\u00f4ng ch\u1ec9 l\u00e0 m\u1ed9t chi\u1ebfc gh\u1ebf ng\u1ed3i, m\u00e0 c\u00f2n l\u00e0 t\u00e1c ph\u1ea9m ngh\u1ec7 thu\u1eadt h\u00e0m ch\u1ee9a nhi\u1ec1u gi\u00e1 tr\u1ecb v\u0103n h\u00f3a v\u00e0 th\u1ea9m m\u1ef9.<\/p>\n<p>M\u1eb7t gh\u1ebf b\u1eb1ng l\u1edbp \u0111\u1ec7m da \u00dd m\u1ec1m m\u1ea1i, d\u00e1ng \u0111i\u1ec7u h\u00ecnh vu\u00f4ng nh\u01b0ng \u0111\u00e3 \u0111\u01b0\u1ee3c kh\u00e9o l\u00e9o v\u00e1t cong \u0111\u1ec3 mang l\u1ea1i s\u1ef1 m\u1ec1m m\u1ea1i v\u00e0 tho\u1ea3i m\u00e1i khi ng\u1ed3i. C\u1ea5u tr\u00fac khung ch\u00e2n kim lo\u1ea1i g\u1ee3i nh\u1edb \u0111\u1ebfn h\u00ecnh \u1ea3nh th\u00e2n tre xanh m\u00e1t, thanh m\u1ea3nh nh\u01b0ng m\u1ea1nh m\u1ebd, mang l\u1ea1i c\u1ea3m gi\u00e1c v\u1eefng ch\u00e3i m\u00e0 v\u1eabn duy\u00ean d\u00e1ng.<\/p>\n<\/div>\n<\/div>","protected":false},"featured_media":2183,"comment_status":"open","ping_status":"closed","template":"","meta":{"inline_featured_image":false},"product_brand":[],"product_cat":[95,135,93],"product_tag":[],"class_list":{"0":"post-2182","1":"product","2":"type-product","3":"status-publish","4":"has-post-thumbnail","6":"product_cat-ghe","7":"product_cat-ghe-thu-gian","8":"product_cat-san-pham-noi-that","10":"first","11":"instock","12":"shipping-taxable","13":"purchasable","14":"product-type-simple"},"acf":[],"yoast_head":"<!-- This site is optimized with the Yoast SEO Premium plugin v24.8 (Yoast SEO v24.8) - https:\/\/yoast.com\/wordpress\/plugins\/seo\/ -->\n<title>Chair - Tr\u00fac \u0110i\u1ec1n - Dongson Artisanat<\/title>\n<meta name=\"robots\" content=\"index, follow, max-snippet:-1, max-image-preview:large, max-video-preview:-1\" \/>\n<link rel=\"canonical\" href=\"https:\/\/dongsonartisanat.vn\/en\/product\/chair-truc-dien\/\" \/>\n<meta property=\"og:locale\" content=\"en_US\" \/>\n<meta property=\"og:type\" content=\"article\" \/>\n<meta property=\"og:title\" content=\"Chair - Tr\u00fac \u0110i\u1ec1n\" \/>\n<meta property=\"og:description\" content=\"Tr\u00fac \u0110i\u1ec1n l\u00e0 c\u00e1i t\u00ean mang \u0111\u1eadm ch\u1ea5t thi v\u1ecb, v\u1edbi \u201cTr\u00fac\u201d \u0111\u1ea1i di\u1ec7n cho c\u00e1c lo\u00e0i tre, v\u00e0 \u201c\u0110i\u1ec1n\u201d mang \u00fd ngh\u0129a c\u1ee7a ru\u1ed9ng \u0111\u1ea5t, g\u1ee3i l\u00ean h\u00ecnh \u1ea3nh c\u1ee7a thi\u00ean nhi\u00ean thanh b\u00ecnh, y\u00ean \u1ea3. Tr\u00fac \u0110i\u1ec1n kh\u00f4ng ch\u1ec9 l\u00e0 m\u1ed9t chi\u1ebfc gh\u1ebf ng\u1ed3i, m\u00e0 c\u00f2n l\u00e0 t\u00e1c ph\u1ea9m ngh\u1ec7 thu\u1eadt h\u00e0m ch\u1ee9a nhi\u1ec1u gi\u00e1 tr\u1ecb v\u0103n h\u00f3a v\u00e0 th\u1ea9m m\u1ef9.  M\u1eb7t gh\u1ebf b\u1eb1ng l\u1edbp \u0111\u1ec7m da \u00dd m\u1ec1m m\u1ea1i, d\u00e1ng \u0111i\u1ec7u h\u00ecnh vu\u00f4ng nh\u01b0ng \u0111\u00e3 \u0111\u01b0\u1ee3c kh\u00e9o l\u00e9o v\u00e1t cong \u0111\u1ec3 mang l\u1ea1i s\u1ef1 m\u1ec1m m\u1ea1i v\u00e0 tho\u1ea3i m\u00e1i khi ng\u1ed3i. C\u1ea5u tr\u00fac khung ch\u00e2n kim lo\u1ea1i g\u1ee3i nh\u1edb \u0111\u1ebfn h\u00ecnh \u1ea3nh th\u00e2n tre xanh m\u00e1t, thanh m\u1ea3nh nh\u01b0ng m\u1ea1nh m\u1ebd, mang l\u1ea1i c\u1ea3m gi\u00e1c v\u1eefng ch\u00e3i m\u00e0 v\u1eabn duy\u00ean d\u00e1ng.\" \/>\n<meta property=\"og:url\" content=\"https:\/\/dongsonartisanat.vn\/en\/product\/chair-truc-dien\/\" \/>\n<meta property=\"og:site_name\" content=\"Dongson Artisanat\" \/>\n<meta property=\"article:modified_time\" content=\"2026-04-08T10:26:00+00:00\" \/>\n<meta property=\"og:image\" content=\"https:\/\/dongsonartisanat.vn\/wp-content\/uploads\/2025\/07\/truc-dien.jpg\" \/>\n\t<meta property=\"og:image:width\" content=\"600\" \/>\n\t<meta property=\"og:image:height\" content=\"600\" \/>\n\t<meta property=\"og:image:type\" content=\"image\/jpeg\" \/>\n<meta name=\"twitter:card\" content=\"summary_large_image\" \/>\n<meta name=\"twitter:label1\" content=\"Est. reading time\" \/>\n\t<meta name=\"twitter:data1\" content=\"1 minute\" \/>\n<script type=\"application\/ld+json\" class=\"yoast-schema-graph\">{\"@context\":\"https:\/\/schema.org\",\"@graph\":[{\"@type\":\"WebPage\",\"@id\":\"https:\/\/dongsonartisanat.vn\/san-pham\/chair-truc-dien\/\",\"url\":\"https:\/\/dongsonartisanat.vn\/san-pham\/chair-truc-dien\/\",\"name\":\"Chair - Tr\u00fac \u0110i\u1ec1n - Dongson Artisanat\",\"isPartOf\":{\"@id\":\"https:\/\/dongsonartisanat.vn\/#website\"},\"primaryImageOfPage\":{\"@id\":\"https:\/\/dongsonartisanat.vn\/san-pham\/chair-truc-dien\/#primaryimage\"},\"image\":{\"@id\":\"https:\/\/dongsonartisanat.vn\/san-pham\/chair-truc-dien\/#primaryimage\"},\"thumbnailUrl\":\"https:\/\/dongsonartisanat.vn\/wp-content\/uploads\/2025\/07\/truc-dien.jpg\",\"datePublished\":\"2025-07-04T08:05:51+00:00\",\"dateModified\":\"2026-04-08T10:26:00+00:00\",\"breadcrumb\":{\"@id\":\"https:\/\/dongsonartisanat.vn\/san-pham\/chair-truc-dien\/#breadcrumb\"},\"inLanguage\":\"en-US\",\"potentialAction\":[{\"@type\":\"ReadAction\",\"target\":[\"https:\/\/dongsonartisanat.vn\/san-pham\/chair-truc-dien\/\"]}]},{\"@type\":\"ImageObject\",\"inLanguage\":\"en-US\",\"@id\":\"https:\/\/dongsonartisanat.vn\/san-pham\/chair-truc-dien\/#primaryimage\",\"url\":\"https:\/\/dongsonartisanat.vn\/wp-content\/uploads\/2025\/07\/truc-dien.jpg\",\"contentUrl\":\"https:\/\/dongsonartisanat.vn\/wp-content\/uploads\/2025\/07\/truc-dien.jpg\",\"width\":600,\"height\":600},{\"@type\":\"BreadcrumbList\",\"@id\":\"https:\/\/dongsonartisanat.vn\/san-pham\/chair-truc-dien\/#breadcrumb\",\"itemListElement\":[{\"@type\":\"ListItem\",\"position\":1,\"name\":\"Home\",\"item\":\"https:\/\/dongsonartisanat.vn\/\"},{\"@type\":\"ListItem\",\"position\":2,\"name\":\"S\u1ea3n ph\u1ea9m\",\"item\":\"https:\/\/dongsonartisanat.vn\/san-pham\/\"},{\"@type\":\"ListItem\",\"position\":3,\"name\":\"Chair &#8211; Tr\u00fac \u0110i\u1ec1n\"}]},{\"@type\":\"WebSite\",\"@id\":\"https:\/\/dongsonartisanat.vn\/#website\",\"url\":\"https:\/\/dongsonartisanat.vn\/\",\"name\":\"Dongson Artisanat\",\"description\":\"\",\"publisher\":{\"@id\":\"https:\/\/dongsonartisanat.vn\/#organization\"},\"potentialAction\":[{\"@type\":\"SearchAction\",\"target\":{\"@type\":\"EntryPoint\",\"urlTemplate\":\"https:\/\/dongsonartisanat.vn\/?s={search_term_string}\"},\"query-input\":{\"@type\":\"PropertyValueSpecification\",\"valueRequired\":true,\"valueName\":\"search_term_string\"}}],\"inLanguage\":\"en-US\"},{\"@type\":\"Organization\",\"@id\":\"https:\/\/dongsonartisanat.vn\/#organization\",\"name\":\"Dongson Artisanat\",\"url\":\"https:\/\/dongsonartisanat.vn\/\",\"logo\":{\"@type\":\"ImageObject\",\"inLanguage\":\"en-US\",\"@id\":\"https:\/\/dongsonartisanat.vn\/#\/schema\/logo\/image\/\",\"url\":\"https:\/\/dongsonartisanat.vn\/wp-content\/uploads\/2025\/06\/dong-son-logo.png\",\"contentUrl\":\"https:\/\/dongsonartisanat.vn\/wp-content\/uploads\/2025\/06\/dong-son-logo.png\",\"width\":824,\"height\":734,\"caption\":\"Dongson Artisanat\"},\"image\":{\"@id\":\"https:\/\/dongsonartisanat.vn\/#\/schema\/logo\/image\/\"}}]}<\/script>\n<!-- \/ Yoast SEO Premium plugin. -->","yoast_head_json":{"title":"Chair - Tr\u00fac \u0110i\u1ec1n - Dongson Artisanat","robots":{"index":"index","follow":"follow","max-snippet":"max-snippet:-1","max-image-preview":"max-image-preview:large","max-video-preview":"max-video-preview:-1"},"canonical":"https:\/\/dongsonartisanat.vn\/en\/product\/chair-truc-dien\/","og_locale":"en_US","og_type":"article","og_title":"Chair - Tr\u00fac \u0110i\u1ec1n","og_description":"Tr\u00fac \u0110i\u1ec1n l\u00e0 c\u00e1i t\u00ean mang \u0111\u1eadm ch\u1ea5t thi v\u1ecb, v\u1edbi \u201cTr\u00fac\u201d \u0111\u1ea1i di\u1ec7n cho c\u00e1c lo\u00e0i tre, v\u00e0 \u201c\u0110i\u1ec1n\u201d mang \u00fd ngh\u0129a c\u1ee7a ru\u1ed9ng \u0111\u1ea5t, g\u1ee3i l\u00ean h\u00ecnh \u1ea3nh c\u1ee7a thi\u00ean nhi\u00ean thanh b\u00ecnh, y\u00ean \u1ea3. Tr\u00fac \u0110i\u1ec1n kh\u00f4ng ch\u1ec9 l\u00e0 m\u1ed9t chi\u1ebfc gh\u1ebf ng\u1ed3i, m\u00e0 c\u00f2n l\u00e0 t\u00e1c ph\u1ea9m ngh\u1ec7 thu\u1eadt h\u00e0m ch\u1ee9a nhi\u1ec1u gi\u00e1 tr\u1ecb v\u0103n h\u00f3a v\u00e0 th\u1ea9m m\u1ef9.  M\u1eb7t gh\u1ebf b\u1eb1ng l\u1edbp \u0111\u1ec7m da \u00dd m\u1ec1m m\u1ea1i, d\u00e1ng \u0111i\u1ec7u h\u00ecnh vu\u00f4ng nh\u01b0ng \u0111\u00e3 \u0111\u01b0\u1ee3c kh\u00e9o l\u00e9o v\u00e1t cong \u0111\u1ec3 mang l\u1ea1i s\u1ef1 m\u1ec1m m\u1ea1i v\u00e0 tho\u1ea3i m\u00e1i khi ng\u1ed3i. C\u1ea5u tr\u00fac khung ch\u00e2n kim lo\u1ea1i g\u1ee3i nh\u1edb \u0111\u1ebfn h\u00ecnh \u1ea3nh th\u00e2n tre xanh m\u00e1t, thanh m\u1ea3nh nh\u01b0ng m\u1ea1nh m\u1ebd, mang l\u1ea1i c\u1ea3m gi\u00e1c v\u1eefng ch\u00e3i m\u00e0 v\u1eabn duy\u00ean d\u00e1ng.","og_url":"https:\/\/dongsonartisanat.vn\/en\/product\/chair-truc-dien\/","og_site_name":"Dongson Artisanat","article_modified_time":"2026-04-08T10:26:00+00:00","og_image":[{"width":600,"height":600,"url":"https:\/\/dongsonartisanat.vn\/wp-content\/uploads\/2025\/07\/truc-dien.jpg","type":"image\/jpeg"}],"twitter_card":"summary_large_image","twitter_misc":{"Est. reading time":"1 minute"},"schema":{"@context":"https:\/\/schema.org","@graph":[{"@type":"WebPage","@id":"https:\/\/dongsonartisanat.vn\/san-pham\/chair-truc-dien\/","url":"https:\/\/dongsonartisanat.vn\/san-pham\/chair-truc-dien\/","name":"Chair - Tr\u00fac \u0110i\u1ec1n - Dongson Artisanat","isPartOf":{"@id":"https:\/\/dongsonartisanat.vn\/#website"},"primaryImageOfPage":{"@id":"https:\/\/dongsonartisanat.vn\/san-pham\/chair-truc-dien\/#primaryimage"},"image":{"@id":"https:\/\/dongsonartisanat.vn\/san-pham\/chair-truc-dien\/#primaryimage"},"thumbnailUrl":"https:\/\/dongsonartisanat.vn\/wp-content\/uploads\/2025\/07\/truc-dien.jpg","datePublished":"2025-07-04T08:05:51+00:00","dateModified":"2026-04-08T10:26:00+00:00","breadcrumb":{"@id":"https:\/\/dongsonartisanat.vn\/san-pham\/chair-truc-dien\/#breadcrumb"},"inLanguage":"en-US","potentialAction":[{"@type":"ReadAction","target":["https:\/\/dongsonartisanat.vn\/san-pham\/chair-truc-dien\/"]}]},{"@type":"ImageObject","inLanguage":"en-US","@id":"https:\/\/dongsonartisanat.vn\/san-pham\/chair-truc-dien\/#primaryimage","url":"https:\/\/dongsonartisanat.vn\/wp-content\/uploads\/2025\/07\/truc-dien.jpg","contentUrl":"https:\/\/dongsonartisanat.vn\/wp-content\/uploads\/2025\/07\/truc-dien.jpg","width":600,"height":600},{"@type":"BreadcrumbList","@id":"https:\/\/dongsonartisanat.vn\/san-pham\/chair-truc-dien\/#breadcrumb","itemListElement":[{"@type":"ListItem","position":1,"name":"Home","item":"https:\/\/dongsonartisanat.vn\/"},{"@type":"ListItem","position":2,"name":"S\u1ea3n ph\u1ea9m","item":"https:\/\/dongsonartisanat.vn\/san-pham\/"},{"@type":"ListItem","position":3,"name":"Chair &#8211; Tr\u00fac \u0110i\u1ec1n"}]},{"@type":"WebSite","@id":"https:\/\/dongsonartisanat.vn\/#website","url":"https:\/\/dongsonartisanat.vn\/","name":"Dongson Artisanat","description":"","publisher":{"@id":"https:\/\/dongsonartisanat.vn\/#organization"},"potentialAction":[{"@type":"SearchAction","target":{"@type":"EntryPoint","urlTemplate":"https:\/\/dongsonartisanat.vn\/?s={search_term_string}"},"query-input":{"@type":"PropertyValueSpecification","valueRequired":true,"valueName":"search_term_string"}}],"inLanguage":"en-US"},{"@type":"Organization","@id":"https:\/\/dongsonartisanat.vn\/#organization","name":"Dongson Artisanat","url":"https:\/\/dongsonartisanat.vn\/","logo":{"@type":"ImageObject","inLanguage":"en-US","@id":"https:\/\/dongsonartisanat.vn\/#\/schema\/logo\/image\/","url":"https:\/\/dongsonartisanat.vn\/wp-content\/uploads\/2025\/06\/dong-son-logo.png","contentUrl":"https:\/\/dongsonartisanat.vn\/wp-content\/uploads\/2025\/06\/dong-son-logo.png","width":824,"height":734,"caption":"Dongson Artisanat"},"image":{"@id":"https:\/\/dongsonartisanat.vn\/#\/schema\/logo\/image\/"}}]}},"_links":{"self":[{"href":"https:\/\/dongsonartisanat.vn\/en\/wp-json\/wp\/v2\/product\/2182","targetHints":{"allow":["GET"]}}],"collection":[{"href":"https:\/\/dongsonartisanat.vn\/en\/wp-json\/wp\/v2\/product"}],"about":[{"href":"https:\/\/dongsonartisanat.vn\/en\/wp-json\/wp\/v2\/types\/product"}],"replies":[{"embeddable":true,"href":"https:\/\/dongsonartisanat.vn\/en\/wp-json\/wp\/v2\/comments?post=2182"}],"wp:featuredmedia":[{"embeddable":true,"href":"https:\/\/dongsonartisanat.vn\/en\/wp-json\/wp\/v2\/media\/2183"}],"wp:attachment":[{"href":"https:\/\/dongsonartisanat.vn\/en\/wp-json\/wp\/v2\/media?parent=2182"}],"wp:term":[{"taxonomy":"product_brand","embeddable":true,"href":"https:\/\/dongsonartisanat.vn\/en\/wp-json\/wp\/v2\/product_brand?post=2182"},{"taxonomy":"product_cat","embeddable":true,"href":"https:\/\/dongsonartisanat.vn\/en\/wp-json\/wp\/v2\/product_cat?post=2182"},{"taxonomy":"product_tag","embeddable":true,"href":"https:\/\/dongsonartisanat.vn\/en\/wp-json\/wp\/v2\/product_tag?post=2182"}],"curies":[{"name":"wp","href":"https:\/\/api.w.org\/{rel}","templated":true}]}}