{"id":2514,"date":"2025-08-16T15:01:30","date_gmt":"2025-08-16T08:01:30","guid":{"rendered":"https:\/\/dongsonartisanat.vn\/?post_type=product&#038;p=2514"},"modified":"2026-04-08T17:29:52","modified_gmt":"2026-04-08T10:29:52","slug":"bar-cart-con-nuoc","status":"publish","type":"product","link":"https:\/\/dongsonartisanat.vn\/en\/product\/bar-cart-con-nuoc\/","title":{"rendered":"Bar Cart &#8211; C\u1ecdn N\u01b0\u1edbc"},"content":{"rendered":"","protected":false},"excerpt":{"rendered":"<p>Chi\u1ebfc gu\u1ed3ng tre hay c\u1ecdn n\u01b0\u1edbc, xoay \u0111\u1ec1u b\u00ean d\u00f2ng m\u01b0\u01a1ng nh\u1ecf l\u00e0 m\u1ed9t h\u00ecnh \u1ea3nh th\u00e2n thu\u1ed9c trong k\u00fd \u1ee9c n\u00f4ng th\u00f4n Vi\u1ec7t. M\u1ed7i v\u00f2ng xoay mang theo m\u1ed9t \u00edt n\u01b0\u1edbc, m\u1ed9t kho\u1ea3ng n\u1eafng chi\u1ec1u, m\u1ed9t m\u1ea3ng k\u00fd \u1ee9c \u0111\u01b0\u1ee3m m\u00e0u th\u1eddi gian.<\/p>\n<p>Bar cart C\u1ecdn N\u01b0\u1edbc m\u1ed9t thi\u1ebft k\u1ebf t\u1ed1i gi\u1ea3n nh\u01b0ng \u0111\u1ea7y ch\u1ea5t th\u01a1. Nh\u1eefng v\u00f2ng quay chuy\u1ec3n \u0111\u1ed9ng g\u1ee3i nh\u1eafc \u0111\u1ebfn chu k\u1ef3 tu\u1ea7n ho\u00e0n b\u1ea5t t\u1eadn, khung tre \u0111\u01b0\u1ee3c chuy\u1ec3n th\u1ec3 sang kim lo\u1ea1i c\u1ee9ng c\u00e1p m\u00e0 v\u1eabn gi\u1eef nguy\u00ean d\u00e1ng d\u1ea5p m\u1ed9c m\u1ea1c. M\u1eb7t k\u00ednh, \u00e1nh s\u00e1ng, b\u1ed1 c\u1ee5c, t\u1ea5t c\u1ea3 \u0111\u01b0\u1ee3c ti\u1ebft ch\u1ebf \u0111\u1ec3 g\u1ee3i n\u00ean c\u1ea3m gi\u00e1c t\u0129nh t\u1ea1i, tr\u1ea7m l\u1eafng nh\u01b0ng v\u1eabn \u00e2m \u1ec9 m\u1ed9t ni\u1ec1m x\u1ed1n xang c\u1ea3m x\u00fac trong kh\u00f4ng gian s\u1ed1ng hi\u1ec7n \u0111\u1ea1i.<\/p>\n<p>C\u1ecdn N\u01b0\u1edbc l\u00e0 v\u1eadt ph\u1ea9m t\u1ea1o \u0111i\u1ec3m nh\u1ea5n n\u1ed9i th\u1ea5t v\u1eeba m\u1ed9c v\u1eeba sang, v\u1eeba khi\u00eam nh\u01b0\u1eddng v\u1eeba c\u00f3 chi\u1ec1u s\u00e2u nh\u01b0 m\u1ed9t l\u00e1t c\u1eaft mi\u1ec1n qu\u00ea tr\u00fa ng\u1ee5 trong h\u01a1i th\u1edf c\u1ee7a \u0111\u1eddi s\u1ed1ng sung t\u00fac h\u00f4m nay.<\/p>","protected":false},"featured_media":2515,"comment_status":"open","ping_status":"closed","template":"","meta":{"inline_featured_image":false},"product_brand":[],"product_cat":[146,93,128],"product_tag":[],"class_list":{"0":"post-2514","1":"product","2":"type-product","3":"status-publish","4":"has-post-thumbnail","6":"product_cat-con-nuoc","7":"product_cat-san-pham-noi-that","8":"product_cat-xe-day-da-nang","10":"first","11":"instock","12":"shipping-taxable","13":"purchasable","14":"product-type-simple"},"acf":[],"yoast_head":"<!-- This site is optimized with the Yoast SEO Premium plugin v24.8 (Yoast SEO v24.8) - https:\/\/yoast.com\/wordpress\/plugins\/seo\/ -->\n<title>Bar Cart - C\u1ecdn N\u01b0\u1edbc - Dongson Artisanat<\/title>\n<meta name=\"robots\" content=\"index, follow, max-snippet:-1, max-image-preview:large, max-video-preview:-1\" \/>\n<link rel=\"canonical\" href=\"https:\/\/dongsonartisanat.vn\/en\/product\/bar-cart-con-nuoc\/\" \/>\n<meta property=\"og:locale\" content=\"en_US\" \/>\n<meta property=\"og:type\" content=\"article\" \/>\n<meta property=\"og:title\" content=\"Bar Cart - C\u1ecdn N\u01b0\u1edbc\" \/>\n<meta property=\"og:description\" content=\"Chi\u1ebfc gu\u1ed3ng tre hay c\u1ecdn n\u01b0\u1edbc, xoay \u0111\u1ec1u b\u00ean d\u00f2ng m\u01b0\u01a1ng nh\u1ecf l\u00e0 m\u1ed9t h\u00ecnh \u1ea3nh th\u00e2n thu\u1ed9c trong k\u00fd \u1ee9c n\u00f4ng th\u00f4n Vi\u1ec7t. M\u1ed7i v\u00f2ng xoay mang theo m\u1ed9t \u00edt n\u01b0\u1edbc, m\u1ed9t kho\u1ea3ng n\u1eafng chi\u1ec1u, m\u1ed9t m\u1ea3ng k\u00fd \u1ee9c \u0111\u01b0\u1ee3m m\u00e0u th\u1eddi gian.  Bar cart C\u1ecdn N\u01b0\u1edbc m\u1ed9t thi\u1ebft k\u1ebf t\u1ed1i gi\u1ea3n nh\u01b0ng \u0111\u1ea7y ch\u1ea5t th\u01a1. Nh\u1eefng v\u00f2ng quay chuy\u1ec3n \u0111\u1ed9ng g\u1ee3i nh\u1eafc \u0111\u1ebfn chu k\u1ef3 tu\u1ea7n ho\u00e0n b\u1ea5t t\u1eadn, khung tre \u0111\u01b0\u1ee3c chuy\u1ec3n th\u1ec3 sang kim lo\u1ea1i c\u1ee9ng c\u00e1p m\u00e0 v\u1eabn gi\u1eef nguy\u00ean d\u00e1ng d\u1ea5p m\u1ed9c m\u1ea1c. M\u1eb7t k\u00ednh, \u00e1nh s\u00e1ng, b\u1ed1 c\u1ee5c, t\u1ea5t c\u1ea3 \u0111\u01b0\u1ee3c ti\u1ebft ch\u1ebf \u0111\u1ec3 g\u1ee3i n\u00ean c\u1ea3m gi\u00e1c t\u0129nh t\u1ea1i, tr\u1ea7m l\u1eafng nh\u01b0ng v\u1eabn \u00e2m \u1ec9 m\u1ed9t ni\u1ec1m x\u1ed1n xang c\u1ea3m x\u00fac trong kh\u00f4ng gian s\u1ed1ng hi\u1ec7n \u0111\u1ea1i.  C\u1ecdn N\u01b0\u1edbc l\u00e0 v\u1eadt ph\u1ea9m t\u1ea1o \u0111i\u1ec3m nh\u1ea5n n\u1ed9i th\u1ea5t v\u1eeba m\u1ed9c v\u1eeba sang, v\u1eeba khi\u00eam nh\u01b0\u1eddng v\u1eeba c\u00f3 chi\u1ec1u s\u00e2u nh\u01b0 m\u1ed9t l\u00e1t c\u1eaft mi\u1ec1n qu\u00ea tr\u00fa ng\u1ee5 trong h\u01a1i th\u1edf c\u1ee7a \u0111\u1eddi s\u1ed1ng sung t\u00fac h\u00f4m nay.\" \/>\n<meta property=\"og:url\" content=\"https:\/\/dongsonartisanat.vn\/en\/product\/bar-cart-con-nuoc\/\" \/>\n<meta property=\"og:site_name\" content=\"Dongson Artisanat\" \/>\n<meta property=\"article:modified_time\" content=\"2026-04-08T10:29:52+00:00\" \/>\n<meta property=\"og:image\" content=\"https:\/\/dongsonartisanat.vn\/wp-content\/uploads\/2025\/08\/z6509518145750_fa2d1851595f2c5f0b83c1773086ac6d.jpg\" \/>\n\t<meta property=\"og:image:width\" content=\"1920\" \/>\n\t<meta property=\"og:image:height\" content=\"1920\" \/>\n\t<meta property=\"og:image:type\" content=\"image\/jpeg\" \/>\n<meta name=\"twitter:card\" content=\"summary_large_image\" \/>\n<meta name=\"twitter:label1\" content=\"Est. reading time\" \/>\n\t<meta name=\"twitter:data1\" content=\"1 minute\" \/>\n<script type=\"application\/ld+json\" class=\"yoast-schema-graph\">{\"@context\":\"https:\/\/schema.org\",\"@graph\":[{\"@type\":\"WebPage\",\"@id\":\"https:\/\/dongsonartisanat.vn\/san-pham\/bar-cart-con-nuoc\/\",\"url\":\"https:\/\/dongsonartisanat.vn\/san-pham\/bar-cart-con-nuoc\/\",\"name\":\"Bar Cart - C\u1ecdn N\u01b0\u1edbc - Dongson Artisanat\",\"isPartOf\":{\"@id\":\"https:\/\/dongsonartisanat.vn\/#website\"},\"primaryImageOfPage\":{\"@id\":\"https:\/\/dongsonartisanat.vn\/san-pham\/bar-cart-con-nuoc\/#primaryimage\"},\"image\":{\"@id\":\"https:\/\/dongsonartisanat.vn\/san-pham\/bar-cart-con-nuoc\/#primaryimage\"},\"thumbnailUrl\":\"https:\/\/dongsonartisanat.vn\/wp-content\/uploads\/2025\/08\/z6509518145750_fa2d1851595f2c5f0b83c1773086ac6d.jpg\",\"datePublished\":\"2025-08-16T08:01:30+00:00\",\"dateModified\":\"2026-04-08T10:29:52+00:00\",\"breadcrumb\":{\"@id\":\"https:\/\/dongsonartisanat.vn\/san-pham\/bar-cart-con-nuoc\/#breadcrumb\"},\"inLanguage\":\"en-US\",\"potentialAction\":[{\"@type\":\"ReadAction\",\"target\":[\"https:\/\/dongsonartisanat.vn\/san-pham\/bar-cart-con-nuoc\/\"]}]},{\"@type\":\"ImageObject\",\"inLanguage\":\"en-US\",\"@id\":\"https:\/\/dongsonartisanat.vn\/san-pham\/bar-cart-con-nuoc\/#primaryimage\",\"url\":\"https:\/\/dongsonartisanat.vn\/wp-content\/uploads\/2025\/08\/z6509518145750_fa2d1851595f2c5f0b83c1773086ac6d.jpg\",\"contentUrl\":\"https:\/\/dongsonartisanat.vn\/wp-content\/uploads\/2025\/08\/z6509518145750_fa2d1851595f2c5f0b83c1773086ac6d.jpg\",\"width\":1920,\"height\":1920,\"caption\":\"Bar cart C\u1ecdn N\u01b0\u1edbc\"},{\"@type\":\"BreadcrumbList\",\"@id\":\"https:\/\/dongsonartisanat.vn\/san-pham\/bar-cart-con-nuoc\/#breadcrumb\",\"itemListElement\":[{\"@type\":\"ListItem\",\"position\":1,\"name\":\"Home\",\"item\":\"https:\/\/dongsonartisanat.vn\/\"},{\"@type\":\"ListItem\",\"position\":2,\"name\":\"S\u1ea3n ph\u1ea9m\",\"item\":\"https:\/\/dongsonartisanat.vn\/san-pham\/\"},{\"@type\":\"ListItem\",\"position\":3,\"name\":\"Bar Cart &#8211; C\u1ecdn N\u01b0\u1edbc\"}]},{\"@type\":\"WebSite\",\"@id\":\"https:\/\/dongsonartisanat.vn\/#website\",\"url\":\"https:\/\/dongsonartisanat.vn\/\",\"name\":\"Dongson Artisanat\",\"description\":\"\",\"publisher\":{\"@id\":\"https:\/\/dongsonartisanat.vn\/#organization\"},\"potentialAction\":[{\"@type\":\"SearchAction\",\"target\":{\"@type\":\"EntryPoint\",\"urlTemplate\":\"https:\/\/dongsonartisanat.vn\/?s={search_term_string}\"},\"query-input\":{\"@type\":\"PropertyValueSpecification\",\"valueRequired\":true,\"valueName\":\"search_term_string\"}}],\"inLanguage\":\"en-US\"},{\"@type\":\"Organization\",\"@id\":\"https:\/\/dongsonartisanat.vn\/#organization\",\"name\":\"Dongson Artisanat\",\"url\":\"https:\/\/dongsonartisanat.vn\/\",\"logo\":{\"@type\":\"ImageObject\",\"inLanguage\":\"en-US\",\"@id\":\"https:\/\/dongsonartisanat.vn\/#\/schema\/logo\/image\/\",\"url\":\"https:\/\/dongsonartisanat.vn\/wp-content\/uploads\/2025\/06\/dong-son-logo.png\",\"contentUrl\":\"https:\/\/dongsonartisanat.vn\/wp-content\/uploads\/2025\/06\/dong-son-logo.png\",\"width\":824,\"height\":734,\"caption\":\"Dongson Artisanat\"},\"image\":{\"@id\":\"https:\/\/dongsonartisanat.vn\/#\/schema\/logo\/image\/\"}}]}<\/script>\n<!-- \/ Yoast SEO Premium plugin. -->","yoast_head_json":{"title":"Bar Cart - C\u1ecdn N\u01b0\u1edbc - Dongson Artisanat","robots":{"index":"index","follow":"follow","max-snippet":"max-snippet:-1","max-image-preview":"max-image-preview:large","max-video-preview":"max-video-preview:-1"},"canonical":"https:\/\/dongsonartisanat.vn\/en\/product\/bar-cart-con-nuoc\/","og_locale":"en_US","og_type":"article","og_title":"Bar Cart - C\u1ecdn N\u01b0\u1edbc","og_description":"Chi\u1ebfc gu\u1ed3ng tre hay c\u1ecdn n\u01b0\u1edbc, xoay \u0111\u1ec1u b\u00ean d\u00f2ng m\u01b0\u01a1ng nh\u1ecf l\u00e0 m\u1ed9t h\u00ecnh \u1ea3nh th\u00e2n thu\u1ed9c trong k\u00fd \u1ee9c n\u00f4ng th\u00f4n Vi\u1ec7t. M\u1ed7i v\u00f2ng xoay mang theo m\u1ed9t \u00edt n\u01b0\u1edbc, m\u1ed9t kho\u1ea3ng n\u1eafng chi\u1ec1u, m\u1ed9t m\u1ea3ng k\u00fd \u1ee9c \u0111\u01b0\u1ee3m m\u00e0u th\u1eddi gian.  Bar cart C\u1ecdn N\u01b0\u1edbc m\u1ed9t thi\u1ebft k\u1ebf t\u1ed1i gi\u1ea3n nh\u01b0ng \u0111\u1ea7y ch\u1ea5t th\u01a1. Nh\u1eefng v\u00f2ng quay chuy\u1ec3n \u0111\u1ed9ng g\u1ee3i nh\u1eafc \u0111\u1ebfn chu k\u1ef3 tu\u1ea7n ho\u00e0n b\u1ea5t t\u1eadn, khung tre \u0111\u01b0\u1ee3c chuy\u1ec3n th\u1ec3 sang kim lo\u1ea1i c\u1ee9ng c\u00e1p m\u00e0 v\u1eabn gi\u1eef nguy\u00ean d\u00e1ng d\u1ea5p m\u1ed9c m\u1ea1c. M\u1eb7t k\u00ednh, \u00e1nh s\u00e1ng, b\u1ed1 c\u1ee5c, t\u1ea5t c\u1ea3 \u0111\u01b0\u1ee3c ti\u1ebft ch\u1ebf \u0111\u1ec3 g\u1ee3i n\u00ean c\u1ea3m gi\u00e1c t\u0129nh t\u1ea1i, tr\u1ea7m l\u1eafng nh\u01b0ng v\u1eabn \u00e2m \u1ec9 m\u1ed9t ni\u1ec1m x\u1ed1n xang c\u1ea3m x\u00fac trong kh\u00f4ng gian s\u1ed1ng hi\u1ec7n \u0111\u1ea1i.  C\u1ecdn N\u01b0\u1edbc l\u00e0 v\u1eadt ph\u1ea9m t\u1ea1o \u0111i\u1ec3m nh\u1ea5n n\u1ed9i th\u1ea5t v\u1eeba m\u1ed9c v\u1eeba sang, v\u1eeba khi\u00eam nh\u01b0\u1eddng v\u1eeba c\u00f3 chi\u1ec1u s\u00e2u nh\u01b0 m\u1ed9t l\u00e1t c\u1eaft mi\u1ec1n qu\u00ea tr\u00fa ng\u1ee5 trong h\u01a1i th\u1edf c\u1ee7a \u0111\u1eddi s\u1ed1ng sung t\u00fac h\u00f4m nay.","og_url":"https:\/\/dongsonartisanat.vn\/en\/product\/bar-cart-con-nuoc\/","og_site_name":"Dongson Artisanat","article_modified_time":"2026-04-08T10:29:52+00:00","og_image":[{"width":1920,"height":1920,"url":"https:\/\/dongsonartisanat.vn\/wp-content\/uploads\/2025\/08\/z6509518145750_fa2d1851595f2c5f0b83c1773086ac6d.jpg","type":"image\/jpeg"}],"twitter_card":"summary_large_image","twitter_misc":{"Est. reading time":"1 minute"},"schema":{"@context":"https:\/\/schema.org","@graph":[{"@type":"WebPage","@id":"https:\/\/dongsonartisanat.vn\/san-pham\/bar-cart-con-nuoc\/","url":"https:\/\/dongsonartisanat.vn\/san-pham\/bar-cart-con-nuoc\/","name":"Bar Cart - C\u1ecdn N\u01b0\u1edbc - Dongson Artisanat","isPartOf":{"@id":"https:\/\/dongsonartisanat.vn\/#website"},"primaryImageOfPage":{"@id":"https:\/\/dongsonartisanat.vn\/san-pham\/bar-cart-con-nuoc\/#primaryimage"},"image":{"@id":"https:\/\/dongsonartisanat.vn\/san-pham\/bar-cart-con-nuoc\/#primaryimage"},"thumbnailUrl":"https:\/\/dongsonartisanat.vn\/wp-content\/uploads\/2025\/08\/z6509518145750_fa2d1851595f2c5f0b83c1773086ac6d.jpg","datePublished":"2025-08-16T08:01:30+00:00","dateModified":"2026-04-08T10:29:52+00:00","breadcrumb":{"@id":"https:\/\/dongsonartisanat.vn\/san-pham\/bar-cart-con-nuoc\/#breadcrumb"},"inLanguage":"en-US","potentialAction":[{"@type":"ReadAction","target":["https:\/\/dongsonartisanat.vn\/san-pham\/bar-cart-con-nuoc\/"]}]},{"@type":"ImageObject","inLanguage":"en-US","@id":"https:\/\/dongsonartisanat.vn\/san-pham\/bar-cart-con-nuoc\/#primaryimage","url":"https:\/\/dongsonartisanat.vn\/wp-content\/uploads\/2025\/08\/z6509518145750_fa2d1851595f2c5f0b83c1773086ac6d.jpg","contentUrl":"https:\/\/dongsonartisanat.vn\/wp-content\/uploads\/2025\/08\/z6509518145750_fa2d1851595f2c5f0b83c1773086ac6d.jpg","width":1920,"height":1920,"caption":"Bar cart C\u1ecdn N\u01b0\u1edbc"},{"@type":"BreadcrumbList","@id":"https:\/\/dongsonartisanat.vn\/san-pham\/bar-cart-con-nuoc\/#breadcrumb","itemListElement":[{"@type":"ListItem","position":1,"name":"Home","item":"https:\/\/dongsonartisanat.vn\/"},{"@type":"ListItem","position":2,"name":"S\u1ea3n ph\u1ea9m","item":"https:\/\/dongsonartisanat.vn\/san-pham\/"},{"@type":"ListItem","position":3,"name":"Bar Cart &#8211; C\u1ecdn N\u01b0\u1edbc"}]},{"@type":"WebSite","@id":"https:\/\/dongsonartisanat.vn\/#website","url":"https:\/\/dongsonartisanat.vn\/","name":"Dongson Artisanat","description":"","publisher":{"@id":"https:\/\/dongsonartisanat.vn\/#organization"},"potentialAction":[{"@type":"SearchAction","target":{"@type":"EntryPoint","urlTemplate":"https:\/\/dongsonartisanat.vn\/?s={search_term_string}"},"query-input":{"@type":"PropertyValueSpecification","valueRequired":true,"valueName":"search_term_string"}}],"inLanguage":"en-US"},{"@type":"Organization","@id":"https:\/\/dongsonartisanat.vn\/#organization","name":"Dongson Artisanat","url":"https:\/\/dongsonartisanat.vn\/","logo":{"@type":"ImageObject","inLanguage":"en-US","@id":"https:\/\/dongsonartisanat.vn\/#\/schema\/logo\/image\/","url":"https:\/\/dongsonartisanat.vn\/wp-content\/uploads\/2025\/06\/dong-son-logo.png","contentUrl":"https:\/\/dongsonartisanat.vn\/wp-content\/uploads\/2025\/06\/dong-son-logo.png","width":824,"height":734,"caption":"Dongson Artisanat"},"image":{"@id":"https:\/\/dongsonartisanat.vn\/#\/schema\/logo\/image\/"}}]}},"_links":{"self":[{"href":"https:\/\/dongsonartisanat.vn\/en\/wp-json\/wp\/v2\/product\/2514","targetHints":{"allow":["GET"]}}],"collection":[{"href":"https:\/\/dongsonartisanat.vn\/en\/wp-json\/wp\/v2\/product"}],"about":[{"href":"https:\/\/dongsonartisanat.vn\/en\/wp-json\/wp\/v2\/types\/product"}],"replies":[{"embeddable":true,"href":"https:\/\/dongsonartisanat.vn\/en\/wp-json\/wp\/v2\/comments?post=2514"}],"wp:featuredmedia":[{"embeddable":true,"href":"https:\/\/dongsonartisanat.vn\/en\/wp-json\/wp\/v2\/media\/2515"}],"wp:attachment":[{"href":"https:\/\/dongsonartisanat.vn\/en\/wp-json\/wp\/v2\/media?parent=2514"}],"wp:term":[{"taxonomy":"product_brand","embeddable":true,"href":"https:\/\/dongsonartisanat.vn\/en\/wp-json\/wp\/v2\/product_brand?post=2514"},{"taxonomy":"product_cat","embeddable":true,"href":"https:\/\/dongsonartisanat.vn\/en\/wp-json\/wp\/v2\/product_cat?post=2514"},{"taxonomy":"product_tag","embeddable":true,"href":"https:\/\/dongsonartisanat.vn\/en\/wp-json\/wp\/v2\/product_tag?post=2514"}],"curies":[{"name":"wp","href":"https:\/\/api.w.org\/{rel}","templated":true}]}}