{"id":2519,"date":"2025-08-16T15:20:09","date_gmt":"2025-08-16T08:20:09","guid":{"rendered":"https:\/\/dongsonartisanat.vn\/?post_type=product&#038;p=2519"},"modified":"2026-04-08T17:30:25","modified_gmt":"2026-04-08T10:30:25","slug":"bar-cart-co-tre","status":"publish","type":"product","link":"https:\/\/dongsonartisanat.vn\/en\/product\/bar-cart-co-tre\/","title":{"rendered":"Bar Cart &#8211; C\u1ed9 Tre"},"content":{"rendered":"","protected":false},"excerpt":{"rendered":"<p>Bar cart C\u1ed9 Tre ra \u0111\u1eddi t\u1eeb tinh th\u1ea7n h\u1ecdc h\u1ecfi v\u00e0 chuy\u1ec3n ho\u00e1 c\u00e1i c\u0169, nh\u01b0 m\u1ed9t l\u1eddi kh\u1eb3ng \u0111\u1ecbnh r\u1eb1ng truy\u1ec1n th\u1ed1ng c\u00f3 th\u1ec3 kho\u00e1c l\u00ean m\u00ecnh v\u1ebb hi\u1ec7n \u0111\u1ea1i m\u00e0 v\u1eabn kh\u00f4ng m\u1ea5t \u0111i chi\u1ec1u s\u00e2u v\u0103n ho\u00e1.<\/p>\n<p>C\u1ed9 Tre l\u00e0 phi\u00ean b\u1ea3n \u201cc\u00e1ch t\u00e2n\u201d n\u01a1i nh\u1eefng chi ti\u1ebft th\u00e2n tre kim lo\u1ea1i gi\u1edd \u0111\u00e2y \u0111\u01b0\u1ee3c ph\u1ee7 \u00e1nh b\u1ea1c s\u00e1ng l\u1ea5p l\u00e1nh, mang \u0111\u1ebfn c\u1ea3m gi\u00e1c tinh kh\u00f4i v\u00e0 s\u1eafc s\u1ea3o h\u01a1n. M\u1eb7t g\u1ed7 s\u1ed3i truy\u1ec1n th\u1ed1ng \u0111\u01b0\u1ee3c thay th\u1ebf b\u1eb1ng m\u1eb7t k\u00ednh \u0111\u00fac hi\u1ec7n \u0111\u1ea1i, t\u1ea1o h\u00ecnh c\u00e1c g\u1ee3n s\u00f3ng l\u1ea1 m\u1eaft nh\u01b0 m\u00f4 ph\u1ecfng chuy\u1ec3n \u0111\u1ed9ng nh\u1eb9 nh\u00e0ng c\u1ee7a n\u01b0\u1edbc, g\u1ee3i li\u00ean t\u01b0\u1edfng \u0111\u1ebfn s\u1ef1 uy\u1ec3n chuy\u1ec3n v\u00e0 t\u1ef1 do trong l\u1ed1i s\u1ed1ng \u0111\u01b0\u01a1ng \u0111\u1ea1i.<\/p>\n<p>C\u1ed9 Tre l\u00e0 thi\u1ebft k\u1ebf d\u00e0nh cho nh\u1eefng kh\u00e1ch h\u00e0ng tr\u1ebb, th\u00e0nh \u0111\u1ea1t, b\u1ea3n l\u0129nh v\u00e0 mong mu\u1ed1n kh\u1eb3ng \u0111\u1ecbnh gu th\u1ea9m m\u1ef9 c\u1ee7a ri\u00eang m\u00ecnh.<\/p>","protected":false},"featured_media":2523,"comment_status":"open","ping_status":"closed","template":"","meta":{"inline_featured_image":false},"product_brand":[],"product_cat":[134,93,128],"product_tag":[],"class_list":{"0":"post-2519","1":"product","2":"type-product","3":"status-publish","4":"has-post-thumbnail","6":"product_cat-co-tre","7":"product_cat-san-pham-noi-that","8":"product_cat-xe-day-da-nang","10":"first","11":"instock","12":"shipping-taxable","13":"purchasable","14":"product-type-simple"},"acf":[],"yoast_head":"<!-- This site is optimized with the Yoast SEO Premium plugin v24.8 (Yoast SEO v24.8) - https:\/\/yoast.com\/wordpress\/plugins\/seo\/ -->\n<title>Bar Cart - C\u1ed9 Tre - Dongson Artisanat<\/title>\n<meta name=\"robots\" content=\"index, follow, max-snippet:-1, max-image-preview:large, max-video-preview:-1\" \/>\n<link rel=\"canonical\" href=\"https:\/\/dongsonartisanat.vn\/en\/product\/bar-cart-co-tre\/\" \/>\n<meta property=\"og:locale\" content=\"en_US\" \/>\n<meta property=\"og:type\" content=\"article\" \/>\n<meta property=\"og:title\" content=\"Bar Cart - C\u1ed9 Tre\" \/>\n<meta property=\"og:description\" content=\"Bar cart C\u1ed9 Tre ra \u0111\u1eddi t\u1eeb tinh th\u1ea7n h\u1ecdc h\u1ecfi v\u00e0 chuy\u1ec3n ho\u00e1 c\u00e1i c\u0169, nh\u01b0 m\u1ed9t l\u1eddi kh\u1eb3ng \u0111\u1ecbnh r\u1eb1ng truy\u1ec1n th\u1ed1ng c\u00f3 th\u1ec3 kho\u00e1c l\u00ean m\u00ecnh v\u1ebb hi\u1ec7n \u0111\u1ea1i m\u00e0 v\u1eabn kh\u00f4ng m\u1ea5t \u0111i chi\u1ec1u s\u00e2u v\u0103n ho\u00e1.  C\u1ed9 Tre l\u00e0 phi\u00ean b\u1ea3n \u201cc\u00e1ch t\u00e2n\u201d n\u01a1i nh\u1eefng chi ti\u1ebft th\u00e2n tre kim lo\u1ea1i gi\u1edd \u0111\u00e2y \u0111\u01b0\u1ee3c ph\u1ee7 \u00e1nh b\u1ea1c s\u00e1ng l\u1ea5p l\u00e1nh, mang \u0111\u1ebfn c\u1ea3m gi\u00e1c tinh kh\u00f4i v\u00e0 s\u1eafc s\u1ea3o h\u01a1n. M\u1eb7t g\u1ed7 s\u1ed3i truy\u1ec1n th\u1ed1ng \u0111\u01b0\u1ee3c thay th\u1ebf b\u1eb1ng m\u1eb7t k\u00ednh \u0111\u00fac hi\u1ec7n \u0111\u1ea1i, t\u1ea1o h\u00ecnh c\u00e1c g\u1ee3n s\u00f3ng l\u1ea1 m\u1eaft nh\u01b0 m\u00f4 ph\u1ecfng chuy\u1ec3n \u0111\u1ed9ng nh\u1eb9 nh\u00e0ng c\u1ee7a n\u01b0\u1edbc, g\u1ee3i li\u00ean t\u01b0\u1edfng \u0111\u1ebfn s\u1ef1 uy\u1ec3n chuy\u1ec3n v\u00e0 t\u1ef1 do trong l\u1ed1i s\u1ed1ng \u0111\u01b0\u01a1ng \u0111\u1ea1i.  C\u1ed9 Tre l\u00e0 thi\u1ebft k\u1ebf d\u00e0nh cho nh\u1eefng kh\u00e1ch h\u00e0ng tr\u1ebb, th\u00e0nh \u0111\u1ea1t, b\u1ea3n l\u0129nh v\u00e0 mong mu\u1ed1n kh\u1eb3ng \u0111\u1ecbnh gu th\u1ea9m m\u1ef9 c\u1ee7a ri\u00eang m\u00ecnh.\" \/>\n<meta property=\"og:url\" content=\"https:\/\/dongsonartisanat.vn\/en\/product\/bar-cart-co-tre\/\" \/>\n<meta property=\"og:site_name\" content=\"Dongson Artisanat\" \/>\n<meta property=\"article:modified_time\" content=\"2026-04-08T10:30:25+00:00\" \/>\n<meta property=\"og:image\" content=\"https:\/\/dongsonartisanat.vn\/wp-content\/uploads\/2025\/08\/z6509518716943_1f41cdb66fa414c3ed3126aaad49dd70.jpg\" \/>\n\t<meta property=\"og:image:width\" content=\"1920\" \/>\n\t<meta property=\"og:image:height\" content=\"1920\" \/>\n\t<meta property=\"og:image:type\" content=\"image\/jpeg\" \/>\n<meta name=\"twitter:card\" content=\"summary_large_image\" \/>\n<meta name=\"twitter:label1\" content=\"Est. reading time\" \/>\n\t<meta name=\"twitter:data1\" content=\"1 minute\" \/>\n<script type=\"application\/ld+json\" class=\"yoast-schema-graph\">{\"@context\":\"https:\/\/schema.org\",\"@graph\":[{\"@type\":\"WebPage\",\"@id\":\"https:\/\/dongsonartisanat.vn\/san-pham\/bar-cart-co-tre\/\",\"url\":\"https:\/\/dongsonartisanat.vn\/san-pham\/bar-cart-co-tre\/\",\"name\":\"Bar Cart - C\u1ed9 Tre - Dongson Artisanat\",\"isPartOf\":{\"@id\":\"https:\/\/dongsonartisanat.vn\/#website\"},\"primaryImageOfPage\":{\"@id\":\"https:\/\/dongsonartisanat.vn\/san-pham\/bar-cart-co-tre\/#primaryimage\"},\"image\":{\"@id\":\"https:\/\/dongsonartisanat.vn\/san-pham\/bar-cart-co-tre\/#primaryimage\"},\"thumbnailUrl\":\"https:\/\/dongsonartisanat.vn\/wp-content\/uploads\/2025\/08\/z6509518716943_1f41cdb66fa414c3ed3126aaad49dd70.jpg\",\"datePublished\":\"2025-08-16T08:20:09+00:00\",\"dateModified\":\"2026-04-08T10:30:25+00:00\",\"breadcrumb\":{\"@id\":\"https:\/\/dongsonartisanat.vn\/san-pham\/bar-cart-co-tre\/#breadcrumb\"},\"inLanguage\":\"en-US\",\"potentialAction\":[{\"@type\":\"ReadAction\",\"target\":[\"https:\/\/dongsonartisanat.vn\/san-pham\/bar-cart-co-tre\/\"]}]},{\"@type\":\"ImageObject\",\"inLanguage\":\"en-US\",\"@id\":\"https:\/\/dongsonartisanat.vn\/san-pham\/bar-cart-co-tre\/#primaryimage\",\"url\":\"https:\/\/dongsonartisanat.vn\/wp-content\/uploads\/2025\/08\/z6509518716943_1f41cdb66fa414c3ed3126aaad49dd70.jpg\",\"contentUrl\":\"https:\/\/dongsonartisanat.vn\/wp-content\/uploads\/2025\/08\/z6509518716943_1f41cdb66fa414c3ed3126aaad49dd70.jpg\",\"width\":1920,\"height\":1920,\"caption\":\"Bar cart C\u1ed9 tre\"},{\"@type\":\"BreadcrumbList\",\"@id\":\"https:\/\/dongsonartisanat.vn\/san-pham\/bar-cart-co-tre\/#breadcrumb\",\"itemListElement\":[{\"@type\":\"ListItem\",\"position\":1,\"name\":\"Home\",\"item\":\"https:\/\/dongsonartisanat.vn\/\"},{\"@type\":\"ListItem\",\"position\":2,\"name\":\"S\u1ea3n ph\u1ea9m\",\"item\":\"https:\/\/dongsonartisanat.vn\/san-pham\/\"},{\"@type\":\"ListItem\",\"position\":3,\"name\":\"Bar Cart &#8211; C\u1ed9 Tre\"}]},{\"@type\":\"WebSite\",\"@id\":\"https:\/\/dongsonartisanat.vn\/#website\",\"url\":\"https:\/\/dongsonartisanat.vn\/\",\"name\":\"Dongson Artisanat\",\"description\":\"\",\"publisher\":{\"@id\":\"https:\/\/dongsonartisanat.vn\/#organization\"},\"potentialAction\":[{\"@type\":\"SearchAction\",\"target\":{\"@type\":\"EntryPoint\",\"urlTemplate\":\"https:\/\/dongsonartisanat.vn\/?s={search_term_string}\"},\"query-input\":{\"@type\":\"PropertyValueSpecification\",\"valueRequired\":true,\"valueName\":\"search_term_string\"}}],\"inLanguage\":\"en-US\"},{\"@type\":\"Organization\",\"@id\":\"https:\/\/dongsonartisanat.vn\/#organization\",\"name\":\"Dongson Artisanat\",\"url\":\"https:\/\/dongsonartisanat.vn\/\",\"logo\":{\"@type\":\"ImageObject\",\"inLanguage\":\"en-US\",\"@id\":\"https:\/\/dongsonartisanat.vn\/#\/schema\/logo\/image\/\",\"url\":\"https:\/\/dongsonartisanat.vn\/wp-content\/uploads\/2025\/06\/dong-son-logo.png\",\"contentUrl\":\"https:\/\/dongsonartisanat.vn\/wp-content\/uploads\/2025\/06\/dong-son-logo.png\",\"width\":824,\"height\":734,\"caption\":\"Dongson Artisanat\"},\"image\":{\"@id\":\"https:\/\/dongsonartisanat.vn\/#\/schema\/logo\/image\/\"}}]}<\/script>\n<!-- \/ Yoast SEO Premium plugin. -->","yoast_head_json":{"title":"Bar Cart - C\u1ed9 Tre - Dongson Artisanat","robots":{"index":"index","follow":"follow","max-snippet":"max-snippet:-1","max-image-preview":"max-image-preview:large","max-video-preview":"max-video-preview:-1"},"canonical":"https:\/\/dongsonartisanat.vn\/en\/product\/bar-cart-co-tre\/","og_locale":"en_US","og_type":"article","og_title":"Bar Cart - C\u1ed9 Tre","og_description":"Bar cart C\u1ed9 Tre ra \u0111\u1eddi t\u1eeb tinh th\u1ea7n h\u1ecdc h\u1ecfi v\u00e0 chuy\u1ec3n ho\u00e1 c\u00e1i c\u0169, nh\u01b0 m\u1ed9t l\u1eddi kh\u1eb3ng \u0111\u1ecbnh r\u1eb1ng truy\u1ec1n th\u1ed1ng c\u00f3 th\u1ec3 kho\u00e1c l\u00ean m\u00ecnh v\u1ebb hi\u1ec7n \u0111\u1ea1i m\u00e0 v\u1eabn kh\u00f4ng m\u1ea5t \u0111i chi\u1ec1u s\u00e2u v\u0103n ho\u00e1.  C\u1ed9 Tre l\u00e0 phi\u00ean b\u1ea3n \u201cc\u00e1ch t\u00e2n\u201d n\u01a1i nh\u1eefng chi ti\u1ebft th\u00e2n tre kim lo\u1ea1i gi\u1edd \u0111\u00e2y \u0111\u01b0\u1ee3c ph\u1ee7 \u00e1nh b\u1ea1c s\u00e1ng l\u1ea5p l\u00e1nh, mang \u0111\u1ebfn c\u1ea3m gi\u00e1c tinh kh\u00f4i v\u00e0 s\u1eafc s\u1ea3o h\u01a1n. M\u1eb7t g\u1ed7 s\u1ed3i truy\u1ec1n th\u1ed1ng \u0111\u01b0\u1ee3c thay th\u1ebf b\u1eb1ng m\u1eb7t k\u00ednh \u0111\u00fac hi\u1ec7n \u0111\u1ea1i, t\u1ea1o h\u00ecnh c\u00e1c g\u1ee3n s\u00f3ng l\u1ea1 m\u1eaft nh\u01b0 m\u00f4 ph\u1ecfng chuy\u1ec3n \u0111\u1ed9ng nh\u1eb9 nh\u00e0ng c\u1ee7a n\u01b0\u1edbc, g\u1ee3i li\u00ean t\u01b0\u1edfng \u0111\u1ebfn s\u1ef1 uy\u1ec3n chuy\u1ec3n v\u00e0 t\u1ef1 do trong l\u1ed1i s\u1ed1ng \u0111\u01b0\u01a1ng \u0111\u1ea1i.  C\u1ed9 Tre l\u00e0 thi\u1ebft k\u1ebf d\u00e0nh cho nh\u1eefng kh\u00e1ch h\u00e0ng tr\u1ebb, th\u00e0nh \u0111\u1ea1t, b\u1ea3n l\u0129nh v\u00e0 mong mu\u1ed1n kh\u1eb3ng \u0111\u1ecbnh gu th\u1ea9m m\u1ef9 c\u1ee7a ri\u00eang m\u00ecnh.","og_url":"https:\/\/dongsonartisanat.vn\/en\/product\/bar-cart-co-tre\/","og_site_name":"Dongson Artisanat","article_modified_time":"2026-04-08T10:30:25+00:00","og_image":[{"width":1920,"height":1920,"url":"https:\/\/dongsonartisanat.vn\/wp-content\/uploads\/2025\/08\/z6509518716943_1f41cdb66fa414c3ed3126aaad49dd70.jpg","type":"image\/jpeg"}],"twitter_card":"summary_large_image","twitter_misc":{"Est. reading time":"1 minute"},"schema":{"@context":"https:\/\/schema.org","@graph":[{"@type":"WebPage","@id":"https:\/\/dongsonartisanat.vn\/san-pham\/bar-cart-co-tre\/","url":"https:\/\/dongsonartisanat.vn\/san-pham\/bar-cart-co-tre\/","name":"Bar Cart - C\u1ed9 Tre - Dongson Artisanat","isPartOf":{"@id":"https:\/\/dongsonartisanat.vn\/#website"},"primaryImageOfPage":{"@id":"https:\/\/dongsonartisanat.vn\/san-pham\/bar-cart-co-tre\/#primaryimage"},"image":{"@id":"https:\/\/dongsonartisanat.vn\/san-pham\/bar-cart-co-tre\/#primaryimage"},"thumbnailUrl":"https:\/\/dongsonartisanat.vn\/wp-content\/uploads\/2025\/08\/z6509518716943_1f41cdb66fa414c3ed3126aaad49dd70.jpg","datePublished":"2025-08-16T08:20:09+00:00","dateModified":"2026-04-08T10:30:25+00:00","breadcrumb":{"@id":"https:\/\/dongsonartisanat.vn\/san-pham\/bar-cart-co-tre\/#breadcrumb"},"inLanguage":"en-US","potentialAction":[{"@type":"ReadAction","target":["https:\/\/dongsonartisanat.vn\/san-pham\/bar-cart-co-tre\/"]}]},{"@type":"ImageObject","inLanguage":"en-US","@id":"https:\/\/dongsonartisanat.vn\/san-pham\/bar-cart-co-tre\/#primaryimage","url":"https:\/\/dongsonartisanat.vn\/wp-content\/uploads\/2025\/08\/z6509518716943_1f41cdb66fa414c3ed3126aaad49dd70.jpg","contentUrl":"https:\/\/dongsonartisanat.vn\/wp-content\/uploads\/2025\/08\/z6509518716943_1f41cdb66fa414c3ed3126aaad49dd70.jpg","width":1920,"height":1920,"caption":"Bar cart C\u1ed9 tre"},{"@type":"BreadcrumbList","@id":"https:\/\/dongsonartisanat.vn\/san-pham\/bar-cart-co-tre\/#breadcrumb","itemListElement":[{"@type":"ListItem","position":1,"name":"Home","item":"https:\/\/dongsonartisanat.vn\/"},{"@type":"ListItem","position":2,"name":"S\u1ea3n ph\u1ea9m","item":"https:\/\/dongsonartisanat.vn\/san-pham\/"},{"@type":"ListItem","position":3,"name":"Bar Cart &#8211; C\u1ed9 Tre"}]},{"@type":"WebSite","@id":"https:\/\/dongsonartisanat.vn\/#website","url":"https:\/\/dongsonartisanat.vn\/","name":"Dongson Artisanat","description":"","publisher":{"@id":"https:\/\/dongsonartisanat.vn\/#organization"},"potentialAction":[{"@type":"SearchAction","target":{"@type":"EntryPoint","urlTemplate":"https:\/\/dongsonartisanat.vn\/?s={search_term_string}"},"query-input":{"@type":"PropertyValueSpecification","valueRequired":true,"valueName":"search_term_string"}}],"inLanguage":"en-US"},{"@type":"Organization","@id":"https:\/\/dongsonartisanat.vn\/#organization","name":"Dongson Artisanat","url":"https:\/\/dongsonartisanat.vn\/","logo":{"@type":"ImageObject","inLanguage":"en-US","@id":"https:\/\/dongsonartisanat.vn\/#\/schema\/logo\/image\/","url":"https:\/\/dongsonartisanat.vn\/wp-content\/uploads\/2025\/06\/dong-son-logo.png","contentUrl":"https:\/\/dongsonartisanat.vn\/wp-content\/uploads\/2025\/06\/dong-son-logo.png","width":824,"height":734,"caption":"Dongson Artisanat"},"image":{"@id":"https:\/\/dongsonartisanat.vn\/#\/schema\/logo\/image\/"}}]}},"_links":{"self":[{"href":"https:\/\/dongsonartisanat.vn\/en\/wp-json\/wp\/v2\/product\/2519","targetHints":{"allow":["GET"]}}],"collection":[{"href":"https:\/\/dongsonartisanat.vn\/en\/wp-json\/wp\/v2\/product"}],"about":[{"href":"https:\/\/dongsonartisanat.vn\/en\/wp-json\/wp\/v2\/types\/product"}],"replies":[{"embeddable":true,"href":"https:\/\/dongsonartisanat.vn\/en\/wp-json\/wp\/v2\/comments?post=2519"}],"wp:featuredmedia":[{"embeddable":true,"href":"https:\/\/dongsonartisanat.vn\/en\/wp-json\/wp\/v2\/media\/2523"}],"wp:attachment":[{"href":"https:\/\/dongsonartisanat.vn\/en\/wp-json\/wp\/v2\/media?parent=2519"}],"wp:term":[{"taxonomy":"product_brand","embeddable":true,"href":"https:\/\/dongsonartisanat.vn\/en\/wp-json\/wp\/v2\/product_brand?post=2519"},{"taxonomy":"product_cat","embeddable":true,"href":"https:\/\/dongsonartisanat.vn\/en\/wp-json\/wp\/v2\/product_cat?post=2519"},{"taxonomy":"product_tag","embeddable":true,"href":"https:\/\/dongsonartisanat.vn\/en\/wp-json\/wp\/v2\/product_tag?post=2519"}],"curies":[{"name":"wp","href":"https:\/\/api.w.org\/{rel}","templated":true}]}}