{"id":2524,"date":"2025-08-16T15:54:35","date_gmt":"2025-08-16T08:54:35","guid":{"rendered":"https:\/\/dongsonartisanat.vn\/?post_type=product&#038;p=2524"},"modified":"2026-04-08T17:31:02","modified_gmt":"2026-04-08T10:31:02","slug":"bar-cart-coi-xoay","status":"publish","type":"product","link":"https:\/\/dongsonartisanat.vn\/en\/product\/bar-cart-coi-xoay\/","title":{"rendered":"Bar Cart &#8211; C\u1ed1i Xoay"},"content":{"rendered":"","protected":false},"excerpt":{"rendered":"<p>C\u1ed1i xay, c\u00f4ng c\u1ee5 nghi\u1ec1n h\u1ea1t c\u1ee7a l\u00e0ng qu\u00ea x\u01b0a, kh\u00f4ng ch\u1ec9 l\u00e0 v\u1eadt d\u1ee5ng, m\u00e0 c\u00f2n l\u00e0 ch\u1ee9ng nh\u00e2n c\u1ee7a m\u1ed9t kh\u00f4ng gian, m\u1ed9t th\u1eddi \u0111\u1ea1i, m\u1ed9t tri\u1ebft l\u00fd \u00e2m th\u1ea7m v\u1ec1 nh\u1eabn n\u1ea1i v\u00e0 chuy\u1ec3n \u0111\u1ed9ng.<\/p>\n<p>Nh\u1eefng \u0111\u01b0\u1eddng cong kim lo\u1ea1i \u0111\u01b0\u1ee3c u\u1ed1n t\u1ec9 m\u1ec9, nh\u01b0 c\u00e1nh tay c\u1ed1i \u0111\u00e1 \u0111ang nh\u1eb9 nh\u00e0ng \u00f4m l\u1ea5y l\u00f2ng ng\u01b0\u1eddi. B\u1ec1 m\u1eb7t k\u00ednh ph\u1ea3n chi\u1ebfu \u00e1nh s\u00e1ng \u00eam d\u1ecbu, g\u1ee3i l\u00ean h\u00ecnh \u1ea3nh l\u00e0n n\u01b0\u1edbc l\u0103n t\u0103n trong m\u1ed9t bu\u1ed5i chi\u1ec1u l\u1eb7ng gi\u00f3. M\u1ed7i b\u00e1nh xe kh\u00f4ng ch\u1ec9 \u0111\u1ec3 di chuy\u1ec3n m\u00e0 c\u00f2n t\u01b0\u1ee3ng tr\u01b0ng cho v\u00f2ng quay c\u1ee7a th\u1ebf s\u1ef1, nh\u01b0 m\u1ed9t l\u1eddi nh\u1eafc nh\u1edf v\u1ec1 s\u1ef1 chuy\u1ec3n m\u00ecnh kh\u00f4ng ng\u1eebng c\u1ee7a cu\u1ed9c s\u1ed1ng.<\/p>\n<p>Bar cart C\u1ed1i xay kh\u00f4ng ch\u1ec9 \u0111\u1ec3 tr\u01b0ng b\u00e0y m\u00e0 \u0111\u1ec3 k\u1ec3 chuy\u1ec7n, \u0111\u1ec3 l\u0103n b\u00e1nh k\u00fd \u1ee9c, \u0111\u1ec3 mang \u0111\u1ebfn m\u1ed9t th\u1ee9 ho\u00e0i c\u1ed5 bi\u1ebft n\u00e2ng niu, trong m\u1ed9t phong c\u00e1ch s\u1ed1ng hi\u1ec7n \u0111\u1ea1i, sung t\u00fac v\u00e0 \u0111\u1ea7y c\u1ea3m x\u00fac.<\/p>","protected":false},"featured_media":2528,"comment_status":"open","ping_status":"closed","template":"","meta":{"inline_featured_image":false},"product_brand":[],"product_cat":[133,93,128],"product_tag":[],"class_list":{"0":"post-2524","1":"product","2":"type-product","3":"status-publish","4":"has-post-thumbnail","6":"product_cat-coi-xay","7":"product_cat-san-pham-noi-that","8":"product_cat-xe-day-da-nang","10":"first","11":"instock","12":"shipping-taxable","13":"purchasable","14":"product-type-simple"},"acf":[],"yoast_head":"<!-- This site is optimized with the Yoast SEO Premium plugin v24.8 (Yoast SEO v24.8) - https:\/\/yoast.com\/wordpress\/plugins\/seo\/ -->\n<title>Bar Cart - C\u1ed1i Xoay - Dongson Artisanat<\/title>\n<meta name=\"robots\" content=\"index, follow, max-snippet:-1, max-image-preview:large, max-video-preview:-1\" \/>\n<link rel=\"canonical\" href=\"https:\/\/dongsonartisanat.vn\/en\/product\/bar-cart-coi-xoay\/\" \/>\n<meta property=\"og:locale\" content=\"en_US\" \/>\n<meta property=\"og:type\" content=\"article\" \/>\n<meta property=\"og:title\" content=\"Bar Cart - C\u1ed1i Xoay\" \/>\n<meta property=\"og:description\" content=\"C\u1ed1i xay, c\u00f4ng c\u1ee5 nghi\u1ec1n h\u1ea1t c\u1ee7a l\u00e0ng qu\u00ea x\u01b0a, kh\u00f4ng ch\u1ec9 l\u00e0 v\u1eadt d\u1ee5ng, m\u00e0 c\u00f2n l\u00e0 ch\u1ee9ng nh\u00e2n c\u1ee7a m\u1ed9t kh\u00f4ng gian, m\u1ed9t th\u1eddi \u0111\u1ea1i, m\u1ed9t tri\u1ebft l\u00fd \u00e2m th\u1ea7m v\u1ec1 nh\u1eabn n\u1ea1i v\u00e0 chuy\u1ec3n \u0111\u1ed9ng.  Nh\u1eefng \u0111\u01b0\u1eddng cong kim lo\u1ea1i \u0111\u01b0\u1ee3c u\u1ed1n t\u1ec9 m\u1ec9, nh\u01b0 c\u00e1nh tay c\u1ed1i \u0111\u00e1 \u0111ang nh\u1eb9 nh\u00e0ng \u00f4m l\u1ea5y l\u00f2ng ng\u01b0\u1eddi. B\u1ec1 m\u1eb7t k\u00ednh ph\u1ea3n chi\u1ebfu \u00e1nh s\u00e1ng \u00eam d\u1ecbu, g\u1ee3i l\u00ean h\u00ecnh \u1ea3nh l\u00e0n n\u01b0\u1edbc l\u0103n t\u0103n trong m\u1ed9t bu\u1ed5i chi\u1ec1u l\u1eb7ng gi\u00f3. M\u1ed7i b\u00e1nh xe kh\u00f4ng ch\u1ec9 \u0111\u1ec3 di chuy\u1ec3n m\u00e0 c\u00f2n t\u01b0\u1ee3ng tr\u01b0ng cho v\u00f2ng quay c\u1ee7a th\u1ebf s\u1ef1, nh\u01b0 m\u1ed9t l\u1eddi nh\u1eafc nh\u1edf v\u1ec1 s\u1ef1 chuy\u1ec3n m\u00ecnh kh\u00f4ng ng\u1eebng c\u1ee7a cu\u1ed9c s\u1ed1ng.  Bar cart C\u1ed1i xay kh\u00f4ng ch\u1ec9 \u0111\u1ec3 tr\u01b0ng b\u00e0y m\u00e0 \u0111\u1ec3 k\u1ec3 chuy\u1ec7n, \u0111\u1ec3 l\u0103n b\u00e1nh k\u00fd \u1ee9c, \u0111\u1ec3 mang \u0111\u1ebfn m\u1ed9t th\u1ee9 ho\u00e0i c\u1ed5 bi\u1ebft n\u00e2ng niu, trong m\u1ed9t phong c\u00e1ch s\u1ed1ng hi\u1ec7n \u0111\u1ea1i, sung t\u00fac v\u00e0 \u0111\u1ea7y c\u1ea3m x\u00fac.\" \/>\n<meta property=\"og:url\" content=\"https:\/\/dongsonartisanat.vn\/en\/product\/bar-cart-coi-xoay\/\" \/>\n<meta property=\"og:site_name\" content=\"Dongson Artisanat\" \/>\n<meta property=\"article:modified_time\" content=\"2026-04-08T10:31:02+00:00\" \/>\n<meta property=\"og:image\" content=\"https:\/\/dongsonartisanat.vn\/wp-content\/uploads\/2025\/08\/z6509519178705_917345065f774862705b417065dab966.jpg\" \/>\n\t<meta property=\"og:image:width\" content=\"1920\" \/>\n\t<meta property=\"og:image:height\" content=\"1920\" \/>\n\t<meta property=\"og:image:type\" content=\"image\/jpeg\" \/>\n<meta name=\"twitter:card\" content=\"summary_large_image\" \/>\n<meta name=\"twitter:label1\" content=\"Est. reading time\" \/>\n\t<meta name=\"twitter:data1\" content=\"1 minute\" \/>\n<script type=\"application\/ld+json\" class=\"yoast-schema-graph\">{\"@context\":\"https:\/\/schema.org\",\"@graph\":[{\"@type\":\"WebPage\",\"@id\":\"https:\/\/dongsonartisanat.vn\/san-pham\/bar-cart-coi-xoay\/\",\"url\":\"https:\/\/dongsonartisanat.vn\/san-pham\/bar-cart-coi-xoay\/\",\"name\":\"Bar Cart - C\u1ed1i Xoay - Dongson Artisanat\",\"isPartOf\":{\"@id\":\"https:\/\/dongsonartisanat.vn\/#website\"},\"primaryImageOfPage\":{\"@id\":\"https:\/\/dongsonartisanat.vn\/san-pham\/bar-cart-coi-xoay\/#primaryimage\"},\"image\":{\"@id\":\"https:\/\/dongsonartisanat.vn\/san-pham\/bar-cart-coi-xoay\/#primaryimage\"},\"thumbnailUrl\":\"https:\/\/dongsonartisanat.vn\/wp-content\/uploads\/2025\/08\/z6509519178705_917345065f774862705b417065dab966.jpg\",\"datePublished\":\"2025-08-16T08:54:35+00:00\",\"dateModified\":\"2026-04-08T10:31:02+00:00\",\"breadcrumb\":{\"@id\":\"https:\/\/dongsonartisanat.vn\/san-pham\/bar-cart-coi-xoay\/#breadcrumb\"},\"inLanguage\":\"en-US\",\"potentialAction\":[{\"@type\":\"ReadAction\",\"target\":[\"https:\/\/dongsonartisanat.vn\/san-pham\/bar-cart-coi-xoay\/\"]}]},{\"@type\":\"ImageObject\",\"inLanguage\":\"en-US\",\"@id\":\"https:\/\/dongsonartisanat.vn\/san-pham\/bar-cart-coi-xoay\/#primaryimage\",\"url\":\"https:\/\/dongsonartisanat.vn\/wp-content\/uploads\/2025\/08\/z6509519178705_917345065f774862705b417065dab966.jpg\",\"contentUrl\":\"https:\/\/dongsonartisanat.vn\/wp-content\/uploads\/2025\/08\/z6509519178705_917345065f774862705b417065dab966.jpg\",\"width\":1920,\"height\":1920,\"caption\":\"bar cart c\u1ed1i xoay\"},{\"@type\":\"BreadcrumbList\",\"@id\":\"https:\/\/dongsonartisanat.vn\/san-pham\/bar-cart-coi-xoay\/#breadcrumb\",\"itemListElement\":[{\"@type\":\"ListItem\",\"position\":1,\"name\":\"Home\",\"item\":\"https:\/\/dongsonartisanat.vn\/\"},{\"@type\":\"ListItem\",\"position\":2,\"name\":\"S\u1ea3n ph\u1ea9m\",\"item\":\"https:\/\/dongsonartisanat.vn\/san-pham\/\"},{\"@type\":\"ListItem\",\"position\":3,\"name\":\"Bar Cart &#8211; C\u1ed1i Xoay\"}]},{\"@type\":\"WebSite\",\"@id\":\"https:\/\/dongsonartisanat.vn\/#website\",\"url\":\"https:\/\/dongsonartisanat.vn\/\",\"name\":\"Dongson Artisanat\",\"description\":\"\",\"publisher\":{\"@id\":\"https:\/\/dongsonartisanat.vn\/#organization\"},\"potentialAction\":[{\"@type\":\"SearchAction\",\"target\":{\"@type\":\"EntryPoint\",\"urlTemplate\":\"https:\/\/dongsonartisanat.vn\/?s={search_term_string}\"},\"query-input\":{\"@type\":\"PropertyValueSpecification\",\"valueRequired\":true,\"valueName\":\"search_term_string\"}}],\"inLanguage\":\"en-US\"},{\"@type\":\"Organization\",\"@id\":\"https:\/\/dongsonartisanat.vn\/#organization\",\"name\":\"Dongson Artisanat\",\"url\":\"https:\/\/dongsonartisanat.vn\/\",\"logo\":{\"@type\":\"ImageObject\",\"inLanguage\":\"en-US\",\"@id\":\"https:\/\/dongsonartisanat.vn\/#\/schema\/logo\/image\/\",\"url\":\"https:\/\/dongsonartisanat.vn\/wp-content\/uploads\/2025\/06\/dong-son-logo.png\",\"contentUrl\":\"https:\/\/dongsonartisanat.vn\/wp-content\/uploads\/2025\/06\/dong-son-logo.png\",\"width\":824,\"height\":734,\"caption\":\"Dongson Artisanat\"},\"image\":{\"@id\":\"https:\/\/dongsonartisanat.vn\/#\/schema\/logo\/image\/\"}}]}<\/script>\n<!-- \/ Yoast SEO Premium plugin. -->","yoast_head_json":{"title":"Bar Cart - C\u1ed1i Xoay - Dongson Artisanat","robots":{"index":"index","follow":"follow","max-snippet":"max-snippet:-1","max-image-preview":"max-image-preview:large","max-video-preview":"max-video-preview:-1"},"canonical":"https:\/\/dongsonartisanat.vn\/en\/product\/bar-cart-coi-xoay\/","og_locale":"en_US","og_type":"article","og_title":"Bar Cart - C\u1ed1i Xoay","og_description":"C\u1ed1i xay, c\u00f4ng c\u1ee5 nghi\u1ec1n h\u1ea1t c\u1ee7a l\u00e0ng qu\u00ea x\u01b0a, kh\u00f4ng ch\u1ec9 l\u00e0 v\u1eadt d\u1ee5ng, m\u00e0 c\u00f2n l\u00e0 ch\u1ee9ng nh\u00e2n c\u1ee7a m\u1ed9t kh\u00f4ng gian, m\u1ed9t th\u1eddi \u0111\u1ea1i, m\u1ed9t tri\u1ebft l\u00fd \u00e2m th\u1ea7m v\u1ec1 nh\u1eabn n\u1ea1i v\u00e0 chuy\u1ec3n \u0111\u1ed9ng.  Nh\u1eefng \u0111\u01b0\u1eddng cong kim lo\u1ea1i \u0111\u01b0\u1ee3c u\u1ed1n t\u1ec9 m\u1ec9, nh\u01b0 c\u00e1nh tay c\u1ed1i \u0111\u00e1 \u0111ang nh\u1eb9 nh\u00e0ng \u00f4m l\u1ea5y l\u00f2ng ng\u01b0\u1eddi. B\u1ec1 m\u1eb7t k\u00ednh ph\u1ea3n chi\u1ebfu \u00e1nh s\u00e1ng \u00eam d\u1ecbu, g\u1ee3i l\u00ean h\u00ecnh \u1ea3nh l\u00e0n n\u01b0\u1edbc l\u0103n t\u0103n trong m\u1ed9t bu\u1ed5i chi\u1ec1u l\u1eb7ng gi\u00f3. M\u1ed7i b\u00e1nh xe kh\u00f4ng ch\u1ec9 \u0111\u1ec3 di chuy\u1ec3n m\u00e0 c\u00f2n t\u01b0\u1ee3ng tr\u01b0ng cho v\u00f2ng quay c\u1ee7a th\u1ebf s\u1ef1, nh\u01b0 m\u1ed9t l\u1eddi nh\u1eafc nh\u1edf v\u1ec1 s\u1ef1 chuy\u1ec3n m\u00ecnh kh\u00f4ng ng\u1eebng c\u1ee7a cu\u1ed9c s\u1ed1ng.  Bar cart C\u1ed1i xay kh\u00f4ng ch\u1ec9 \u0111\u1ec3 tr\u01b0ng b\u00e0y m\u00e0 \u0111\u1ec3 k\u1ec3 chuy\u1ec7n, \u0111\u1ec3 l\u0103n b\u00e1nh k\u00fd \u1ee9c, \u0111\u1ec3 mang \u0111\u1ebfn m\u1ed9t th\u1ee9 ho\u00e0i c\u1ed5 bi\u1ebft n\u00e2ng niu, trong m\u1ed9t phong c\u00e1ch s\u1ed1ng hi\u1ec7n \u0111\u1ea1i, sung t\u00fac v\u00e0 \u0111\u1ea7y c\u1ea3m x\u00fac.","og_url":"https:\/\/dongsonartisanat.vn\/en\/product\/bar-cart-coi-xoay\/","og_site_name":"Dongson Artisanat","article_modified_time":"2026-04-08T10:31:02+00:00","og_image":[{"width":1920,"height":1920,"url":"https:\/\/dongsonartisanat.vn\/wp-content\/uploads\/2025\/08\/z6509519178705_917345065f774862705b417065dab966.jpg","type":"image\/jpeg"}],"twitter_card":"summary_large_image","twitter_misc":{"Est. reading time":"1 minute"},"schema":{"@context":"https:\/\/schema.org","@graph":[{"@type":"WebPage","@id":"https:\/\/dongsonartisanat.vn\/san-pham\/bar-cart-coi-xoay\/","url":"https:\/\/dongsonartisanat.vn\/san-pham\/bar-cart-coi-xoay\/","name":"Bar Cart - C\u1ed1i Xoay - Dongson Artisanat","isPartOf":{"@id":"https:\/\/dongsonartisanat.vn\/#website"},"primaryImageOfPage":{"@id":"https:\/\/dongsonartisanat.vn\/san-pham\/bar-cart-coi-xoay\/#primaryimage"},"image":{"@id":"https:\/\/dongsonartisanat.vn\/san-pham\/bar-cart-coi-xoay\/#primaryimage"},"thumbnailUrl":"https:\/\/dongsonartisanat.vn\/wp-content\/uploads\/2025\/08\/z6509519178705_917345065f774862705b417065dab966.jpg","datePublished":"2025-08-16T08:54:35+00:00","dateModified":"2026-04-08T10:31:02+00:00","breadcrumb":{"@id":"https:\/\/dongsonartisanat.vn\/san-pham\/bar-cart-coi-xoay\/#breadcrumb"},"inLanguage":"en-US","potentialAction":[{"@type":"ReadAction","target":["https:\/\/dongsonartisanat.vn\/san-pham\/bar-cart-coi-xoay\/"]}]},{"@type":"ImageObject","inLanguage":"en-US","@id":"https:\/\/dongsonartisanat.vn\/san-pham\/bar-cart-coi-xoay\/#primaryimage","url":"https:\/\/dongsonartisanat.vn\/wp-content\/uploads\/2025\/08\/z6509519178705_917345065f774862705b417065dab966.jpg","contentUrl":"https:\/\/dongsonartisanat.vn\/wp-content\/uploads\/2025\/08\/z6509519178705_917345065f774862705b417065dab966.jpg","width":1920,"height":1920,"caption":"bar cart c\u1ed1i xoay"},{"@type":"BreadcrumbList","@id":"https:\/\/dongsonartisanat.vn\/san-pham\/bar-cart-coi-xoay\/#breadcrumb","itemListElement":[{"@type":"ListItem","position":1,"name":"Home","item":"https:\/\/dongsonartisanat.vn\/"},{"@type":"ListItem","position":2,"name":"S\u1ea3n ph\u1ea9m","item":"https:\/\/dongsonartisanat.vn\/san-pham\/"},{"@type":"ListItem","position":3,"name":"Bar Cart &#8211; C\u1ed1i Xoay"}]},{"@type":"WebSite","@id":"https:\/\/dongsonartisanat.vn\/#website","url":"https:\/\/dongsonartisanat.vn\/","name":"Dongson Artisanat","description":"","publisher":{"@id":"https:\/\/dongsonartisanat.vn\/#organization"},"potentialAction":[{"@type":"SearchAction","target":{"@type":"EntryPoint","urlTemplate":"https:\/\/dongsonartisanat.vn\/?s={search_term_string}"},"query-input":{"@type":"PropertyValueSpecification","valueRequired":true,"valueName":"search_term_string"}}],"inLanguage":"en-US"},{"@type":"Organization","@id":"https:\/\/dongsonartisanat.vn\/#organization","name":"Dongson Artisanat","url":"https:\/\/dongsonartisanat.vn\/","logo":{"@type":"ImageObject","inLanguage":"en-US","@id":"https:\/\/dongsonartisanat.vn\/#\/schema\/logo\/image\/","url":"https:\/\/dongsonartisanat.vn\/wp-content\/uploads\/2025\/06\/dong-son-logo.png","contentUrl":"https:\/\/dongsonartisanat.vn\/wp-content\/uploads\/2025\/06\/dong-son-logo.png","width":824,"height":734,"caption":"Dongson Artisanat"},"image":{"@id":"https:\/\/dongsonartisanat.vn\/#\/schema\/logo\/image\/"}}]}},"_links":{"self":[{"href":"https:\/\/dongsonartisanat.vn\/en\/wp-json\/wp\/v2\/product\/2524","targetHints":{"allow":["GET"]}}],"collection":[{"href":"https:\/\/dongsonartisanat.vn\/en\/wp-json\/wp\/v2\/product"}],"about":[{"href":"https:\/\/dongsonartisanat.vn\/en\/wp-json\/wp\/v2\/types\/product"}],"replies":[{"embeddable":true,"href":"https:\/\/dongsonartisanat.vn\/en\/wp-json\/wp\/v2\/comments?post=2524"}],"wp:featuredmedia":[{"embeddable":true,"href":"https:\/\/dongsonartisanat.vn\/en\/wp-json\/wp\/v2\/media\/2528"}],"wp:attachment":[{"href":"https:\/\/dongsonartisanat.vn\/en\/wp-json\/wp\/v2\/media?parent=2524"}],"wp:term":[{"taxonomy":"product_brand","embeddable":true,"href":"https:\/\/dongsonartisanat.vn\/en\/wp-json\/wp\/v2\/product_brand?post=2524"},{"taxonomy":"product_cat","embeddable":true,"href":"https:\/\/dongsonartisanat.vn\/en\/wp-json\/wp\/v2\/product_cat?post=2524"},{"taxonomy":"product_tag","embeddable":true,"href":"https:\/\/dongsonartisanat.vn\/en\/wp-json\/wp\/v2\/product_tag?post=2524"}],"curies":[{"name":"wp","href":"https:\/\/api.w.org\/{rel}","templated":true}]}}