{"id":2529,"date":"2025-08-16T16:07:52","date_gmt":"2025-08-16T09:07:52","guid":{"rendered":"https:\/\/dongsonartisanat.vn\/?post_type=product&#038;p=2529"},"modified":"2026-04-08T17:32:58","modified_gmt":"2026-04-08T10:32:58","slug":"bar-cart-tron","status":"publish","type":"product","link":"https:\/\/dongsonartisanat.vn\/en\/product\/bar-cart-tron\/","title":{"rendered":"Bar Cart &#8211; Tr\u00f2n"},"content":{"rendered":"","protected":false},"excerpt":{"rendered":"<p>Trong \u0111\u1eddi s\u1ed1ng v\u0103n ho\u00e1 Vi\u1ec7t, h\u00ecnh tr\u00f2n lu\u00f4n g\u1ee3i nh\u1eafc \u0111\u1ebfn s\u1ef1 kh\u00e9p k\u00edn, \u0111\u1ee7 \u0111\u1ea7y v\u00e0 vi\u00ean dung m\u1ed9t bi\u1ec3u t\u01b0\u1ee3ng c\u1ee7a t\u00ednh c\u1ed9ng \u0111\u1ed3ng, s\u1ef1 tr\u1ecdn v\u1eb9n trong t\u01b0 duy s\u1ed1ng h\u00e0i ho\u00e0 v\u1edbi t\u1ef1 nhi\u00ean.<\/p>\n<p>Mang h\u00ecnh d\u00e1ng t\u1ed1i gi\u1ea3n nh\u01b0ng \u0111\u1ea7y d\u1ee5ng \u00fd, Tr\u00f2n l\u00e0 s\u1ef1 k\u1ebft h\u1ee3p gi\u1eefa b\u1ec1 m\u1eb7t m\u00e2m tr\u00f2n v\u1edbi s\u1eafc \u0111en tuy\u1ec1n tr\u1ea7m t\u0129nh v\u00e0 nh\u1eefng th\u00e2n tre kim lo\u1ea1i s\u00e1ng b\u00f3ng v\u01b0\u01a1n l\u00ean thanh tho\u00e1t, m\u1ed9t b\u1ed1 c\u1ee5c \u0111\u1ed1i l\u1eadp m\u00e0 h\u00e0i h\u00f2a. T\u01b0\u01a1ng ph\u1ea3n \u00e1nh s\u00e1ng m\u00e0u s\u1eafc t\u1ea1o n\u00ean v\u1ebb duy\u00ean d\u00e1ng \u0111\u1ed9c \u0111\u00e1o, gi\u00fap Tr\u00f2n d\u1ec5 d\u00e0ng h\u00f2a h\u1ee3p nhi\u1ec1u kh\u00f4ng gian n\u1ed9i th\u1ea5t cao c\u1ea5p, t\u1eeb c\u1ed5 \u0111i\u1ec3n \u0111\u1ebfn hi\u1ec7n \u0111\u1ea1i.<\/p>\n<p>Tr\u00f2n l\u00e0 m\u1ed9t h\u00ecnh th\u00e1i m\u1edbi c\u1ee7a k\u00fd \u1ee9c, n\u01a1i b\u1ea3n s\u1eafc \u0111\u01b0\u1ee3c t\u00e1i hi\u1ec7n b\u1eb1ng ch\u1ea5t li\u1ec7u m\u1edbi, ng\u00f4n ng\u1eef m\u1edbi, nh\u01b0ng v\u1eabn gi\u1eef \u0111\u01b0\u1ee3c tinh th\u1ea7n Vi\u1ec7t, \u0111\u1ea7y m\u1ef9 c\u1ea3m v\u00e0 d\u1ee5ng t\u00e2m.<\/p>","protected":false},"featured_media":2533,"comment_status":"open","ping_status":"closed","template":"","meta":{"inline_featured_image":false},"product_brand":[],"product_cat":[93,144,128],"product_tag":[],"class_list":{"0":"post-2529","1":"product","2":"type-product","3":"status-publish","4":"has-post-thumbnail","6":"product_cat-san-pham-noi-that","7":"product_cat-tron","8":"product_cat-xe-day-da-nang","10":"first","11":"instock","12":"shipping-taxable","13":"purchasable","14":"product-type-simple"},"acf":[],"yoast_head":"<!-- This site is optimized with the Yoast SEO Premium plugin v24.8 (Yoast SEO v24.8) - https:\/\/yoast.com\/wordpress\/plugins\/seo\/ -->\n<title>Bar Cart - Tr\u00f2n - Dongson Artisanat<\/title>\n<meta name=\"robots\" content=\"index, follow, max-snippet:-1, max-image-preview:large, max-video-preview:-1\" \/>\n<link rel=\"canonical\" href=\"https:\/\/dongsonartisanat.vn\/en\/product\/bar-cart-tron\/\" \/>\n<meta property=\"og:locale\" content=\"en_US\" \/>\n<meta property=\"og:type\" content=\"article\" \/>\n<meta property=\"og:title\" content=\"Bar Cart - Tr\u00f2n\" \/>\n<meta property=\"og:description\" content=\"Trong \u0111\u1eddi s\u1ed1ng v\u0103n ho\u00e1 Vi\u1ec7t, h\u00ecnh tr\u00f2n lu\u00f4n g\u1ee3i nh\u1eafc \u0111\u1ebfn s\u1ef1 kh\u00e9p k\u00edn, \u0111\u1ee7 \u0111\u1ea7y v\u00e0 vi\u00ean dung m\u1ed9t bi\u1ec3u t\u01b0\u1ee3ng c\u1ee7a t\u00ednh c\u1ed9ng \u0111\u1ed3ng, s\u1ef1 tr\u1ecdn v\u1eb9n trong t\u01b0 duy s\u1ed1ng h\u00e0i ho\u00e0 v\u1edbi t\u1ef1 nhi\u00ean.  Mang h\u00ecnh d\u00e1ng t\u1ed1i gi\u1ea3n nh\u01b0ng \u0111\u1ea7y d\u1ee5ng \u00fd, Tr\u00f2n l\u00e0 s\u1ef1 k\u1ebft h\u1ee3p gi\u1eefa b\u1ec1 m\u1eb7t m\u00e2m tr\u00f2n v\u1edbi s\u1eafc \u0111en tuy\u1ec1n tr\u1ea7m t\u0129nh v\u00e0 nh\u1eefng th\u00e2n tre kim lo\u1ea1i s\u00e1ng b\u00f3ng v\u01b0\u01a1n l\u00ean thanh tho\u00e1t, m\u1ed9t b\u1ed1 c\u1ee5c \u0111\u1ed1i l\u1eadp m\u00e0 h\u00e0i h\u00f2a. T\u01b0\u01a1ng ph\u1ea3n \u00e1nh s\u00e1ng m\u00e0u s\u1eafc t\u1ea1o n\u00ean v\u1ebb duy\u00ean d\u00e1ng \u0111\u1ed9c \u0111\u00e1o, gi\u00fap Tr\u00f2n d\u1ec5 d\u00e0ng h\u00f2a h\u1ee3p nhi\u1ec1u kh\u00f4ng gian n\u1ed9i th\u1ea5t cao c\u1ea5p, t\u1eeb c\u1ed5 \u0111i\u1ec3n \u0111\u1ebfn hi\u1ec7n \u0111\u1ea1i.  Tr\u00f2n l\u00e0 m\u1ed9t h\u00ecnh th\u00e1i m\u1edbi c\u1ee7a k\u00fd \u1ee9c, n\u01a1i b\u1ea3n s\u1eafc \u0111\u01b0\u1ee3c t\u00e1i hi\u1ec7n b\u1eb1ng ch\u1ea5t li\u1ec7u m\u1edbi, ng\u00f4n ng\u1eef m\u1edbi, nh\u01b0ng v\u1eabn gi\u1eef \u0111\u01b0\u1ee3c tinh th\u1ea7n Vi\u1ec7t, \u0111\u1ea7y m\u1ef9 c\u1ea3m v\u00e0 d\u1ee5ng t\u00e2m.\" \/>\n<meta property=\"og:url\" content=\"https:\/\/dongsonartisanat.vn\/en\/product\/bar-cart-tron\/\" \/>\n<meta property=\"og:site_name\" content=\"Dongson Artisanat\" \/>\n<meta property=\"article:modified_time\" content=\"2026-04-08T10:32:58+00:00\" \/>\n<meta property=\"og:image\" content=\"https:\/\/dongsonartisanat.vn\/wp-content\/uploads\/2025\/08\/z6509519598058_9b67dcb4f945fa7b3cbc14928d729dbd.jpg\" \/>\n\t<meta property=\"og:image:width\" content=\"1920\" \/>\n\t<meta property=\"og:image:height\" content=\"1920\" \/>\n\t<meta property=\"og:image:type\" content=\"image\/jpeg\" \/>\n<meta name=\"twitter:card\" content=\"summary_large_image\" \/>\n<meta name=\"twitter:label1\" content=\"Est. reading time\" \/>\n\t<meta name=\"twitter:data1\" content=\"1 minute\" \/>\n<script type=\"application\/ld+json\" class=\"yoast-schema-graph\">{\"@context\":\"https:\/\/schema.org\",\"@graph\":[{\"@type\":\"WebPage\",\"@id\":\"https:\/\/dongsonartisanat.vn\/san-pham\/bar-cart-tron\/\",\"url\":\"https:\/\/dongsonartisanat.vn\/san-pham\/bar-cart-tron\/\",\"name\":\"Bar Cart - Tr\u00f2n - Dongson Artisanat\",\"isPartOf\":{\"@id\":\"https:\/\/dongsonartisanat.vn\/#website\"},\"primaryImageOfPage\":{\"@id\":\"https:\/\/dongsonartisanat.vn\/san-pham\/bar-cart-tron\/#primaryimage\"},\"image\":{\"@id\":\"https:\/\/dongsonartisanat.vn\/san-pham\/bar-cart-tron\/#primaryimage\"},\"thumbnailUrl\":\"https:\/\/dongsonartisanat.vn\/wp-content\/uploads\/2025\/08\/z6509519598058_9b67dcb4f945fa7b3cbc14928d729dbd.jpg\",\"datePublished\":\"2025-08-16T09:07:52+00:00\",\"dateModified\":\"2026-04-08T10:32:58+00:00\",\"breadcrumb\":{\"@id\":\"https:\/\/dongsonartisanat.vn\/san-pham\/bar-cart-tron\/#breadcrumb\"},\"inLanguage\":\"en-US\",\"potentialAction\":[{\"@type\":\"ReadAction\",\"target\":[\"https:\/\/dongsonartisanat.vn\/san-pham\/bar-cart-tron\/\"]}]},{\"@type\":\"ImageObject\",\"inLanguage\":\"en-US\",\"@id\":\"https:\/\/dongsonartisanat.vn\/san-pham\/bar-cart-tron\/#primaryimage\",\"url\":\"https:\/\/dongsonartisanat.vn\/wp-content\/uploads\/2025\/08\/z6509519598058_9b67dcb4f945fa7b3cbc14928d729dbd.jpg\",\"contentUrl\":\"https:\/\/dongsonartisanat.vn\/wp-content\/uploads\/2025\/08\/z6509519598058_9b67dcb4f945fa7b3cbc14928d729dbd.jpg\",\"width\":1920,\"height\":1920,\"caption\":\"Bar cart tr\u00f2n\"},{\"@type\":\"BreadcrumbList\",\"@id\":\"https:\/\/dongsonartisanat.vn\/san-pham\/bar-cart-tron\/#breadcrumb\",\"itemListElement\":[{\"@type\":\"ListItem\",\"position\":1,\"name\":\"Home\",\"item\":\"https:\/\/dongsonartisanat.vn\/\"},{\"@type\":\"ListItem\",\"position\":2,\"name\":\"S\u1ea3n ph\u1ea9m\",\"item\":\"https:\/\/dongsonartisanat.vn\/san-pham\/\"},{\"@type\":\"ListItem\",\"position\":3,\"name\":\"Bar Cart &#8211; Tr\u00f2n\"}]},{\"@type\":\"WebSite\",\"@id\":\"https:\/\/dongsonartisanat.vn\/#website\",\"url\":\"https:\/\/dongsonartisanat.vn\/\",\"name\":\"Dongson Artisanat\",\"description\":\"\",\"publisher\":{\"@id\":\"https:\/\/dongsonartisanat.vn\/#organization\"},\"potentialAction\":[{\"@type\":\"SearchAction\",\"target\":{\"@type\":\"EntryPoint\",\"urlTemplate\":\"https:\/\/dongsonartisanat.vn\/?s={search_term_string}\"},\"query-input\":{\"@type\":\"PropertyValueSpecification\",\"valueRequired\":true,\"valueName\":\"search_term_string\"}}],\"inLanguage\":\"en-US\"},{\"@type\":\"Organization\",\"@id\":\"https:\/\/dongsonartisanat.vn\/#organization\",\"name\":\"Dongson Artisanat\",\"url\":\"https:\/\/dongsonartisanat.vn\/\",\"logo\":{\"@type\":\"ImageObject\",\"inLanguage\":\"en-US\",\"@id\":\"https:\/\/dongsonartisanat.vn\/#\/schema\/logo\/image\/\",\"url\":\"https:\/\/dongsonartisanat.vn\/wp-content\/uploads\/2025\/06\/dong-son-logo.png\",\"contentUrl\":\"https:\/\/dongsonartisanat.vn\/wp-content\/uploads\/2025\/06\/dong-son-logo.png\",\"width\":824,\"height\":734,\"caption\":\"Dongson Artisanat\"},\"image\":{\"@id\":\"https:\/\/dongsonartisanat.vn\/#\/schema\/logo\/image\/\"}}]}<\/script>\n<!-- \/ Yoast SEO Premium plugin. -->","yoast_head_json":{"title":"Bar Cart - Tr\u00f2n - Dongson Artisanat","robots":{"index":"index","follow":"follow","max-snippet":"max-snippet:-1","max-image-preview":"max-image-preview:large","max-video-preview":"max-video-preview:-1"},"canonical":"https:\/\/dongsonartisanat.vn\/en\/product\/bar-cart-tron\/","og_locale":"en_US","og_type":"article","og_title":"Bar Cart - Tr\u00f2n","og_description":"Trong \u0111\u1eddi s\u1ed1ng v\u0103n ho\u00e1 Vi\u1ec7t, h\u00ecnh tr\u00f2n lu\u00f4n g\u1ee3i nh\u1eafc \u0111\u1ebfn s\u1ef1 kh\u00e9p k\u00edn, \u0111\u1ee7 \u0111\u1ea7y v\u00e0 vi\u00ean dung m\u1ed9t bi\u1ec3u t\u01b0\u1ee3ng c\u1ee7a t\u00ednh c\u1ed9ng \u0111\u1ed3ng, s\u1ef1 tr\u1ecdn v\u1eb9n trong t\u01b0 duy s\u1ed1ng h\u00e0i ho\u00e0 v\u1edbi t\u1ef1 nhi\u00ean.  Mang h\u00ecnh d\u00e1ng t\u1ed1i gi\u1ea3n nh\u01b0ng \u0111\u1ea7y d\u1ee5ng \u00fd, Tr\u00f2n l\u00e0 s\u1ef1 k\u1ebft h\u1ee3p gi\u1eefa b\u1ec1 m\u1eb7t m\u00e2m tr\u00f2n v\u1edbi s\u1eafc \u0111en tuy\u1ec1n tr\u1ea7m t\u0129nh v\u00e0 nh\u1eefng th\u00e2n tre kim lo\u1ea1i s\u00e1ng b\u00f3ng v\u01b0\u01a1n l\u00ean thanh tho\u00e1t, m\u1ed9t b\u1ed1 c\u1ee5c \u0111\u1ed1i l\u1eadp m\u00e0 h\u00e0i h\u00f2a. T\u01b0\u01a1ng ph\u1ea3n \u00e1nh s\u00e1ng m\u00e0u s\u1eafc t\u1ea1o n\u00ean v\u1ebb duy\u00ean d\u00e1ng \u0111\u1ed9c \u0111\u00e1o, gi\u00fap Tr\u00f2n d\u1ec5 d\u00e0ng h\u00f2a h\u1ee3p nhi\u1ec1u kh\u00f4ng gian n\u1ed9i th\u1ea5t cao c\u1ea5p, t\u1eeb c\u1ed5 \u0111i\u1ec3n \u0111\u1ebfn hi\u1ec7n \u0111\u1ea1i.  Tr\u00f2n l\u00e0 m\u1ed9t h\u00ecnh th\u00e1i m\u1edbi c\u1ee7a k\u00fd \u1ee9c, n\u01a1i b\u1ea3n s\u1eafc \u0111\u01b0\u1ee3c t\u00e1i hi\u1ec7n b\u1eb1ng ch\u1ea5t li\u1ec7u m\u1edbi, ng\u00f4n ng\u1eef m\u1edbi, nh\u01b0ng v\u1eabn gi\u1eef \u0111\u01b0\u1ee3c tinh th\u1ea7n Vi\u1ec7t, \u0111\u1ea7y m\u1ef9 c\u1ea3m v\u00e0 d\u1ee5ng t\u00e2m.","og_url":"https:\/\/dongsonartisanat.vn\/en\/product\/bar-cart-tron\/","og_site_name":"Dongson Artisanat","article_modified_time":"2026-04-08T10:32:58+00:00","og_image":[{"width":1920,"height":1920,"url":"https:\/\/dongsonartisanat.vn\/wp-content\/uploads\/2025\/08\/z6509519598058_9b67dcb4f945fa7b3cbc14928d729dbd.jpg","type":"image\/jpeg"}],"twitter_card":"summary_large_image","twitter_misc":{"Est. reading time":"1 minute"},"schema":{"@context":"https:\/\/schema.org","@graph":[{"@type":"WebPage","@id":"https:\/\/dongsonartisanat.vn\/san-pham\/bar-cart-tron\/","url":"https:\/\/dongsonartisanat.vn\/san-pham\/bar-cart-tron\/","name":"Bar Cart - Tr\u00f2n - Dongson Artisanat","isPartOf":{"@id":"https:\/\/dongsonartisanat.vn\/#website"},"primaryImageOfPage":{"@id":"https:\/\/dongsonartisanat.vn\/san-pham\/bar-cart-tron\/#primaryimage"},"image":{"@id":"https:\/\/dongsonartisanat.vn\/san-pham\/bar-cart-tron\/#primaryimage"},"thumbnailUrl":"https:\/\/dongsonartisanat.vn\/wp-content\/uploads\/2025\/08\/z6509519598058_9b67dcb4f945fa7b3cbc14928d729dbd.jpg","datePublished":"2025-08-16T09:07:52+00:00","dateModified":"2026-04-08T10:32:58+00:00","breadcrumb":{"@id":"https:\/\/dongsonartisanat.vn\/san-pham\/bar-cart-tron\/#breadcrumb"},"inLanguage":"en-US","potentialAction":[{"@type":"ReadAction","target":["https:\/\/dongsonartisanat.vn\/san-pham\/bar-cart-tron\/"]}]},{"@type":"ImageObject","inLanguage":"en-US","@id":"https:\/\/dongsonartisanat.vn\/san-pham\/bar-cart-tron\/#primaryimage","url":"https:\/\/dongsonartisanat.vn\/wp-content\/uploads\/2025\/08\/z6509519598058_9b67dcb4f945fa7b3cbc14928d729dbd.jpg","contentUrl":"https:\/\/dongsonartisanat.vn\/wp-content\/uploads\/2025\/08\/z6509519598058_9b67dcb4f945fa7b3cbc14928d729dbd.jpg","width":1920,"height":1920,"caption":"Bar cart tr\u00f2n"},{"@type":"BreadcrumbList","@id":"https:\/\/dongsonartisanat.vn\/san-pham\/bar-cart-tron\/#breadcrumb","itemListElement":[{"@type":"ListItem","position":1,"name":"Home","item":"https:\/\/dongsonartisanat.vn\/"},{"@type":"ListItem","position":2,"name":"S\u1ea3n ph\u1ea9m","item":"https:\/\/dongsonartisanat.vn\/san-pham\/"},{"@type":"ListItem","position":3,"name":"Bar Cart &#8211; Tr\u00f2n"}]},{"@type":"WebSite","@id":"https:\/\/dongsonartisanat.vn\/#website","url":"https:\/\/dongsonartisanat.vn\/","name":"Dongson Artisanat","description":"","publisher":{"@id":"https:\/\/dongsonartisanat.vn\/#organization"},"potentialAction":[{"@type":"SearchAction","target":{"@type":"EntryPoint","urlTemplate":"https:\/\/dongsonartisanat.vn\/?s={search_term_string}"},"query-input":{"@type":"PropertyValueSpecification","valueRequired":true,"valueName":"search_term_string"}}],"inLanguage":"en-US"},{"@type":"Organization","@id":"https:\/\/dongsonartisanat.vn\/#organization","name":"Dongson Artisanat","url":"https:\/\/dongsonartisanat.vn\/","logo":{"@type":"ImageObject","inLanguage":"en-US","@id":"https:\/\/dongsonartisanat.vn\/#\/schema\/logo\/image\/","url":"https:\/\/dongsonartisanat.vn\/wp-content\/uploads\/2025\/06\/dong-son-logo.png","contentUrl":"https:\/\/dongsonartisanat.vn\/wp-content\/uploads\/2025\/06\/dong-son-logo.png","width":824,"height":734,"caption":"Dongson Artisanat"},"image":{"@id":"https:\/\/dongsonartisanat.vn\/#\/schema\/logo\/image\/"}}]}},"_links":{"self":[{"href":"https:\/\/dongsonartisanat.vn\/en\/wp-json\/wp\/v2\/product\/2529","targetHints":{"allow":["GET"]}}],"collection":[{"href":"https:\/\/dongsonartisanat.vn\/en\/wp-json\/wp\/v2\/product"}],"about":[{"href":"https:\/\/dongsonartisanat.vn\/en\/wp-json\/wp\/v2\/types\/product"}],"replies":[{"embeddable":true,"href":"https:\/\/dongsonartisanat.vn\/en\/wp-json\/wp\/v2\/comments?post=2529"}],"wp:featuredmedia":[{"embeddable":true,"href":"https:\/\/dongsonartisanat.vn\/en\/wp-json\/wp\/v2\/media\/2533"}],"wp:attachment":[{"href":"https:\/\/dongsonartisanat.vn\/en\/wp-json\/wp\/v2\/media?parent=2529"}],"wp:term":[{"taxonomy":"product_brand","embeddable":true,"href":"https:\/\/dongsonartisanat.vn\/en\/wp-json\/wp\/v2\/product_brand?post=2529"},{"taxonomy":"product_cat","embeddable":true,"href":"https:\/\/dongsonartisanat.vn\/en\/wp-json\/wp\/v2\/product_cat?post=2529"},{"taxonomy":"product_tag","embeddable":true,"href":"https:\/\/dongsonartisanat.vn\/en\/wp-json\/wp\/v2\/product_tag?post=2529"}],"curies":[{"name":"wp","href":"https:\/\/api.w.org\/{rel}","templated":true}]}}