{"id":2557,"date":"2025-08-18T11:48:31","date_gmt":"2025-08-18T04:48:31","guid":{"rendered":"https:\/\/dongsonartisanat.vn\/?post_type=product&#038;p=2557"},"modified":"2026-04-08T17:28:01","modified_gmt":"2026-04-08T10:28:01","slug":"lighting-thai-binh","status":"publish","type":"product","link":"https:\/\/dongsonartisanat.vn\/en\/product\/lighting-thai-binh\/","title":{"rendered":"Lighting &#8211; Th\u00e1i B\u00ecnh"},"content":{"rendered":"","protected":false},"excerpt":{"rendered":"<p>\u0110\u00e8n Th\u00e1i B\u00ecnh l\u00e0 m\u1ed9t t\u00e1c ph\u1ea9m n\u1ed9i th\u1ea5t g\u1ee3i l\u00ean h\u00ecnh \u1ea3nh c\u1ee7a s\u1ef1 b\u00ecnh y\u00ean, s\u00e2u l\u1eafng, b\u00e0ng b\u1ea1c t\u00ecnh y\u00eau th\u01b0\u01a1ng, s\u1ef1 ch\u0103m s\u00f3c v\u00e0 hy sinh c\u1ee7a ng\u01b0\u1eddi ph\u1ee5 n\u1eef \u0111\u01b0\u1ee3c th\u1ec3 hi\u1ec7n m\u1ed9t c\u00e1ch th\u1ea7m l\u1eb7ng nh\u01b0ng \u0111\u1ea7y \u00fd ngh\u0129a.<\/p>\n<p>Ch\u00e2n \u0111\u00e8n \u0111\u01b0\u1ee3c c\u1ea5u th\u00e0nh t\u1eeb ba th\u00e2n tre kim lo\u1ea1i m\u00e0u v\u00e0ng \u0111\u1ed3ng thanh tho\u00e1t, v\u1eefng ch\u00e3i nh\u01b0ng chi ti\u1ebft v\u1eabn c\u00f3 s\u1ef1 m\u1ec1m m\u1ea1i, uy\u1ec3n chuy\u1ec3n. Chao \u0111\u00e8n l\u00e0 h\u00ecnh t\u01b0\u1ee3ng n\u00f3n l\u00e1 \u0111\u01b0\u1ee3c l\u00e0m b\u1eb1ng v\u1eadt li\u1ec7u tr\u00fac ch\u1ec9 ngh\u1ec7 thu\u1eadt k\u1ef3 c\u00f4ng, \u00e1nh s\u00e1ng truy\u1ec1n qua nh\u1eefng hoa v\u0103n, \u1ea9n hi\u1ec7n \u0111\u1ea7y ch\u1ea5t ngh\u1ec7 thu\u1eadt v\u00e0 huy\u1ec1n \u1ea3o.<\/p>\n<p>Th\u00f4ng \u0111i\u1ec7p m\u00e0 Th\u00e1i B\u00ecnh g\u1eedi g\u1eafm, ch\u1ee9a \u0111\u1ef1ng nh\u1eefng t\u1ea7ng ngh\u0129a s\u00e2u s\u1eafc, t\u00f4n vinh s\u1ef1 hi\u1ec7n di\u1ec7n c\u1ee7a ph\u1ee5 n\u1eef trong su\u1ed1t chi\u1ec1u d\u00e0i v\u0103n h\u00f3a l\u1ecbch s\u1eed c\u1ee7a d\u00e2n t\u1ed9c.<\/p>","protected":false},"featured_media":2559,"comment_status":"open","ping_status":"closed","template":"","meta":{"inline_featured_image":false},"product_brand":[],"product_cat":[68,110,93],"product_tag":[],"class_list":{"0":"post-2557","1":"product","2":"type-product","3":"status-publish","4":"has-post-thumbnail","6":"product_cat-den-chieu-sang","7":"product_cat-den-dung","8":"product_cat-san-pham-noi-that","10":"first","11":"instock","12":"downloadable","13":"shipping-taxable","14":"purchasable","15":"product-type-simple"},"acf":[],"yoast_head":"<!-- This site is optimized with the Yoast SEO Premium plugin v24.8 (Yoast SEO v24.8) - https:\/\/yoast.com\/wordpress\/plugins\/seo\/ -->\n<title>Lighting - Th\u00e1i B\u00ecnh - Dongson Artisanat<\/title>\n<meta name=\"robots\" content=\"index, follow, max-snippet:-1, max-image-preview:large, max-video-preview:-1\" \/>\n<link rel=\"canonical\" href=\"https:\/\/dongsonartisanat.vn\/en\/product\/lighting-thai-binh\/\" \/>\n<meta property=\"og:locale\" content=\"en_US\" \/>\n<meta property=\"og:type\" content=\"article\" \/>\n<meta property=\"og:title\" content=\"Lighting - Th\u00e1i B\u00ecnh\" \/>\n<meta property=\"og:description\" content=\"\u0110\u00e8n Th\u00e1i B\u00ecnh l\u00e0 m\u1ed9t t\u00e1c ph\u1ea9m n\u1ed9i th\u1ea5t g\u1ee3i l\u00ean h\u00ecnh \u1ea3nh c\u1ee7a s\u1ef1 b\u00ecnh y\u00ean, s\u00e2u l\u1eafng, b\u00e0ng b\u1ea1c t\u00ecnh y\u00eau th\u01b0\u01a1ng, s\u1ef1 ch\u0103m s\u00f3c v\u00e0 hy sinh c\u1ee7a ng\u01b0\u1eddi ph\u1ee5 n\u1eef \u0111\u01b0\u1ee3c th\u1ec3 hi\u1ec7n m\u1ed9t c\u00e1ch th\u1ea7m l\u1eb7ng nh\u01b0ng \u0111\u1ea7y \u00fd ngh\u0129a.  Ch\u00e2n \u0111\u00e8n \u0111\u01b0\u1ee3c c\u1ea5u th\u00e0nh t\u1eeb ba th\u00e2n tre kim lo\u1ea1i m\u00e0u v\u00e0ng \u0111\u1ed3ng thanh tho\u00e1t, v\u1eefng ch\u00e3i nh\u01b0ng chi ti\u1ebft v\u1eabn c\u00f3 s\u1ef1 m\u1ec1m m\u1ea1i, uy\u1ec3n chuy\u1ec3n. Chao \u0111\u00e8n l\u00e0 h\u00ecnh t\u01b0\u1ee3ng n\u00f3n l\u00e1 \u0111\u01b0\u1ee3c l\u00e0m b\u1eb1ng v\u1eadt li\u1ec7u tr\u00fac ch\u1ec9 ngh\u1ec7 thu\u1eadt k\u1ef3 c\u00f4ng, \u00e1nh s\u00e1ng truy\u1ec1n qua nh\u1eefng hoa v\u0103n, \u1ea9n hi\u1ec7n \u0111\u1ea7y ch\u1ea5t ngh\u1ec7 thu\u1eadt v\u00e0 huy\u1ec1n \u1ea3o.  Th\u00f4ng \u0111i\u1ec7p m\u00e0 Th\u00e1i B\u00ecnh g\u1eedi g\u1eafm, ch\u1ee9a \u0111\u1ef1ng nh\u1eefng t\u1ea7ng ngh\u0129a s\u00e2u s\u1eafc, t\u00f4n vinh s\u1ef1 hi\u1ec7n di\u1ec7n c\u1ee7a ph\u1ee5 n\u1eef trong su\u1ed1t chi\u1ec1u d\u00e0i v\u0103n h\u00f3a l\u1ecbch s\u1eed c\u1ee7a d\u00e2n t\u1ed9c.\" \/>\n<meta property=\"og:url\" content=\"https:\/\/dongsonartisanat.vn\/en\/product\/lighting-thai-binh\/\" \/>\n<meta property=\"og:site_name\" content=\"Dongson Artisanat\" \/>\n<meta property=\"article:modified_time\" content=\"2026-04-08T10:28:01+00:00\" \/>\n<meta property=\"og:image\" content=\"https:\/\/dongsonartisanat.vn\/wp-content\/uploads\/2025\/08\/LL8.png\" \/>\n\t<meta property=\"og:image:width\" content=\"2000\" \/>\n\t<meta property=\"og:image:height\" content=\"2000\" \/>\n\t<meta property=\"og:image:type\" content=\"image\/png\" \/>\n<meta name=\"twitter:card\" content=\"summary_large_image\" \/>\n<meta name=\"twitter:label1\" content=\"Est. reading time\" \/>\n\t<meta name=\"twitter:data1\" content=\"1 minute\" \/>\n<script type=\"application\/ld+json\" class=\"yoast-schema-graph\">{\"@context\":\"https:\/\/schema.org\",\"@graph\":[{\"@type\":\"WebPage\",\"@id\":\"https:\/\/dongsonartisanat.vn\/san-pham\/lighting-thai-binh\/\",\"url\":\"https:\/\/dongsonartisanat.vn\/san-pham\/lighting-thai-binh\/\",\"name\":\"Lighting - Th\u00e1i B\u00ecnh - Dongson Artisanat\",\"isPartOf\":{\"@id\":\"https:\/\/dongsonartisanat.vn\/#website\"},\"primaryImageOfPage\":{\"@id\":\"https:\/\/dongsonartisanat.vn\/san-pham\/lighting-thai-binh\/#primaryimage\"},\"image\":{\"@id\":\"https:\/\/dongsonartisanat.vn\/san-pham\/lighting-thai-binh\/#primaryimage\"},\"thumbnailUrl\":\"https:\/\/dongsonartisanat.vn\/wp-content\/uploads\/2025\/08\/LL8.png\",\"datePublished\":\"2025-08-18T04:48:31+00:00\",\"dateModified\":\"2026-04-08T10:28:01+00:00\",\"breadcrumb\":{\"@id\":\"https:\/\/dongsonartisanat.vn\/san-pham\/lighting-thai-binh\/#breadcrumb\"},\"inLanguage\":\"en-US\",\"potentialAction\":[{\"@type\":\"ReadAction\",\"target\":[\"https:\/\/dongsonartisanat.vn\/san-pham\/lighting-thai-binh\/\"]}]},{\"@type\":\"ImageObject\",\"inLanguage\":\"en-US\",\"@id\":\"https:\/\/dongsonartisanat.vn\/san-pham\/lighting-thai-binh\/#primaryimage\",\"url\":\"https:\/\/dongsonartisanat.vn\/wp-content\/uploads\/2025\/08\/LL8.png\",\"contentUrl\":\"https:\/\/dongsonartisanat.vn\/wp-content\/uploads\/2025\/08\/LL8.png\",\"width\":2000,\"height\":2000,\"caption\":\"lamp thai binh\"},{\"@type\":\"BreadcrumbList\",\"@id\":\"https:\/\/dongsonartisanat.vn\/san-pham\/lighting-thai-binh\/#breadcrumb\",\"itemListElement\":[{\"@type\":\"ListItem\",\"position\":1,\"name\":\"Home\",\"item\":\"https:\/\/dongsonartisanat.vn\/\"},{\"@type\":\"ListItem\",\"position\":2,\"name\":\"S\u1ea3n ph\u1ea9m\",\"item\":\"https:\/\/dongsonartisanat.vn\/san-pham\/\"},{\"@type\":\"ListItem\",\"position\":3,\"name\":\"Lighting &#8211; Th\u00e1i B\u00ecnh\"}]},{\"@type\":\"WebSite\",\"@id\":\"https:\/\/dongsonartisanat.vn\/#website\",\"url\":\"https:\/\/dongsonartisanat.vn\/\",\"name\":\"Dongson Artisanat\",\"description\":\"\",\"publisher\":{\"@id\":\"https:\/\/dongsonartisanat.vn\/#organization\"},\"potentialAction\":[{\"@type\":\"SearchAction\",\"target\":{\"@type\":\"EntryPoint\",\"urlTemplate\":\"https:\/\/dongsonartisanat.vn\/?s={search_term_string}\"},\"query-input\":{\"@type\":\"PropertyValueSpecification\",\"valueRequired\":true,\"valueName\":\"search_term_string\"}}],\"inLanguage\":\"en-US\"},{\"@type\":\"Organization\",\"@id\":\"https:\/\/dongsonartisanat.vn\/#organization\",\"name\":\"Dongson Artisanat\",\"url\":\"https:\/\/dongsonartisanat.vn\/\",\"logo\":{\"@type\":\"ImageObject\",\"inLanguage\":\"en-US\",\"@id\":\"https:\/\/dongsonartisanat.vn\/#\/schema\/logo\/image\/\",\"url\":\"https:\/\/dongsonartisanat.vn\/wp-content\/uploads\/2025\/06\/dong-son-logo.png\",\"contentUrl\":\"https:\/\/dongsonartisanat.vn\/wp-content\/uploads\/2025\/06\/dong-son-logo.png\",\"width\":824,\"height\":734,\"caption\":\"Dongson Artisanat\"},\"image\":{\"@id\":\"https:\/\/dongsonartisanat.vn\/#\/schema\/logo\/image\/\"}}]}<\/script>\n<!-- \/ Yoast SEO Premium plugin. -->","yoast_head_json":{"title":"Lighting - Th\u00e1i B\u00ecnh - Dongson Artisanat","robots":{"index":"index","follow":"follow","max-snippet":"max-snippet:-1","max-image-preview":"max-image-preview:large","max-video-preview":"max-video-preview:-1"},"canonical":"https:\/\/dongsonartisanat.vn\/en\/product\/lighting-thai-binh\/","og_locale":"en_US","og_type":"article","og_title":"Lighting - Th\u00e1i B\u00ecnh","og_description":"\u0110\u00e8n Th\u00e1i B\u00ecnh l\u00e0 m\u1ed9t t\u00e1c ph\u1ea9m n\u1ed9i th\u1ea5t g\u1ee3i l\u00ean h\u00ecnh \u1ea3nh c\u1ee7a s\u1ef1 b\u00ecnh y\u00ean, s\u00e2u l\u1eafng, b\u00e0ng b\u1ea1c t\u00ecnh y\u00eau th\u01b0\u01a1ng, s\u1ef1 ch\u0103m s\u00f3c v\u00e0 hy sinh c\u1ee7a ng\u01b0\u1eddi ph\u1ee5 n\u1eef \u0111\u01b0\u1ee3c th\u1ec3 hi\u1ec7n m\u1ed9t c\u00e1ch th\u1ea7m l\u1eb7ng nh\u01b0ng \u0111\u1ea7y \u00fd ngh\u0129a.  Ch\u00e2n \u0111\u00e8n \u0111\u01b0\u1ee3c c\u1ea5u th\u00e0nh t\u1eeb ba th\u00e2n tre kim lo\u1ea1i m\u00e0u v\u00e0ng \u0111\u1ed3ng thanh tho\u00e1t, v\u1eefng ch\u00e3i nh\u01b0ng chi ti\u1ebft v\u1eabn c\u00f3 s\u1ef1 m\u1ec1m m\u1ea1i, uy\u1ec3n chuy\u1ec3n. Chao \u0111\u00e8n l\u00e0 h\u00ecnh t\u01b0\u1ee3ng n\u00f3n l\u00e1 \u0111\u01b0\u1ee3c l\u00e0m b\u1eb1ng v\u1eadt li\u1ec7u tr\u00fac ch\u1ec9 ngh\u1ec7 thu\u1eadt k\u1ef3 c\u00f4ng, \u00e1nh s\u00e1ng truy\u1ec1n qua nh\u1eefng hoa v\u0103n, \u1ea9n hi\u1ec7n \u0111\u1ea7y ch\u1ea5t ngh\u1ec7 thu\u1eadt v\u00e0 huy\u1ec1n \u1ea3o.  Th\u00f4ng \u0111i\u1ec7p m\u00e0 Th\u00e1i B\u00ecnh g\u1eedi g\u1eafm, ch\u1ee9a \u0111\u1ef1ng nh\u1eefng t\u1ea7ng ngh\u0129a s\u00e2u s\u1eafc, t\u00f4n vinh s\u1ef1 hi\u1ec7n di\u1ec7n c\u1ee7a ph\u1ee5 n\u1eef trong su\u1ed1t chi\u1ec1u d\u00e0i v\u0103n h\u00f3a l\u1ecbch s\u1eed c\u1ee7a d\u00e2n t\u1ed9c.","og_url":"https:\/\/dongsonartisanat.vn\/en\/product\/lighting-thai-binh\/","og_site_name":"Dongson Artisanat","article_modified_time":"2026-04-08T10:28:01+00:00","og_image":[{"width":2000,"height":2000,"url":"https:\/\/dongsonartisanat.vn\/wp-content\/uploads\/2025\/08\/LL8.png","type":"image\/png"}],"twitter_card":"summary_large_image","twitter_misc":{"Est. reading time":"1 minute"},"schema":{"@context":"https:\/\/schema.org","@graph":[{"@type":"WebPage","@id":"https:\/\/dongsonartisanat.vn\/san-pham\/lighting-thai-binh\/","url":"https:\/\/dongsonartisanat.vn\/san-pham\/lighting-thai-binh\/","name":"Lighting - Th\u00e1i B\u00ecnh - Dongson Artisanat","isPartOf":{"@id":"https:\/\/dongsonartisanat.vn\/#website"},"primaryImageOfPage":{"@id":"https:\/\/dongsonartisanat.vn\/san-pham\/lighting-thai-binh\/#primaryimage"},"image":{"@id":"https:\/\/dongsonartisanat.vn\/san-pham\/lighting-thai-binh\/#primaryimage"},"thumbnailUrl":"https:\/\/dongsonartisanat.vn\/wp-content\/uploads\/2025\/08\/LL8.png","datePublished":"2025-08-18T04:48:31+00:00","dateModified":"2026-04-08T10:28:01+00:00","breadcrumb":{"@id":"https:\/\/dongsonartisanat.vn\/san-pham\/lighting-thai-binh\/#breadcrumb"},"inLanguage":"en-US","potentialAction":[{"@type":"ReadAction","target":["https:\/\/dongsonartisanat.vn\/san-pham\/lighting-thai-binh\/"]}]},{"@type":"ImageObject","inLanguage":"en-US","@id":"https:\/\/dongsonartisanat.vn\/san-pham\/lighting-thai-binh\/#primaryimage","url":"https:\/\/dongsonartisanat.vn\/wp-content\/uploads\/2025\/08\/LL8.png","contentUrl":"https:\/\/dongsonartisanat.vn\/wp-content\/uploads\/2025\/08\/LL8.png","width":2000,"height":2000,"caption":"lamp thai binh"},{"@type":"BreadcrumbList","@id":"https:\/\/dongsonartisanat.vn\/san-pham\/lighting-thai-binh\/#breadcrumb","itemListElement":[{"@type":"ListItem","position":1,"name":"Home","item":"https:\/\/dongsonartisanat.vn\/"},{"@type":"ListItem","position":2,"name":"S\u1ea3n ph\u1ea9m","item":"https:\/\/dongsonartisanat.vn\/san-pham\/"},{"@type":"ListItem","position":3,"name":"Lighting &#8211; Th\u00e1i B\u00ecnh"}]},{"@type":"WebSite","@id":"https:\/\/dongsonartisanat.vn\/#website","url":"https:\/\/dongsonartisanat.vn\/","name":"Dongson Artisanat","description":"","publisher":{"@id":"https:\/\/dongsonartisanat.vn\/#organization"},"potentialAction":[{"@type":"SearchAction","target":{"@type":"EntryPoint","urlTemplate":"https:\/\/dongsonartisanat.vn\/?s={search_term_string}"},"query-input":{"@type":"PropertyValueSpecification","valueRequired":true,"valueName":"search_term_string"}}],"inLanguage":"en-US"},{"@type":"Organization","@id":"https:\/\/dongsonartisanat.vn\/#organization","name":"Dongson Artisanat","url":"https:\/\/dongsonartisanat.vn\/","logo":{"@type":"ImageObject","inLanguage":"en-US","@id":"https:\/\/dongsonartisanat.vn\/#\/schema\/logo\/image\/","url":"https:\/\/dongsonartisanat.vn\/wp-content\/uploads\/2025\/06\/dong-son-logo.png","contentUrl":"https:\/\/dongsonartisanat.vn\/wp-content\/uploads\/2025\/06\/dong-son-logo.png","width":824,"height":734,"caption":"Dongson Artisanat"},"image":{"@id":"https:\/\/dongsonartisanat.vn\/#\/schema\/logo\/image\/"}}]}},"_links":{"self":[{"href":"https:\/\/dongsonartisanat.vn\/en\/wp-json\/wp\/v2\/product\/2557","targetHints":{"allow":["GET"]}}],"collection":[{"href":"https:\/\/dongsonartisanat.vn\/en\/wp-json\/wp\/v2\/product"}],"about":[{"href":"https:\/\/dongsonartisanat.vn\/en\/wp-json\/wp\/v2\/types\/product"}],"replies":[{"embeddable":true,"href":"https:\/\/dongsonartisanat.vn\/en\/wp-json\/wp\/v2\/comments?post=2557"}],"wp:featuredmedia":[{"embeddable":true,"href":"https:\/\/dongsonartisanat.vn\/en\/wp-json\/wp\/v2\/media\/2559"}],"wp:attachment":[{"href":"https:\/\/dongsonartisanat.vn\/en\/wp-json\/wp\/v2\/media?parent=2557"}],"wp:term":[{"taxonomy":"product_brand","embeddable":true,"href":"https:\/\/dongsonartisanat.vn\/en\/wp-json\/wp\/v2\/product_brand?post=2557"},{"taxonomy":"product_cat","embeddable":true,"href":"https:\/\/dongsonartisanat.vn\/en\/wp-json\/wp\/v2\/product_cat?post=2557"},{"taxonomy":"product_tag","embeddable":true,"href":"https:\/\/dongsonartisanat.vn\/en\/wp-json\/wp\/v2\/product_tag?post=2557"}],"curies":[{"name":"wp","href":"https:\/\/api.w.org\/{rel}","templated":true}]}}