{"id":2568,"date":"2025-08-18T13:02:59","date_gmt":"2025-08-18T06:02:59","guid":{"rendered":"https:\/\/dongsonartisanat.vn\/?post_type=product&#038;p=2568"},"modified":"2026-04-08T17:27:28","modified_gmt":"2026-04-08T10:27:28","slug":"lighting-thai-son","status":"publish","type":"product","link":"https:\/\/dongsonartisanat.vn\/en\/product\/lighting-thai-son\/","title":{"rendered":"Lighting &#8211; Th\u00e1i S\u01a1n"},"content":{"rendered":"","protected":false},"excerpt":{"rendered":"<p>\u0110\u00e8n b\u00e0n Th\u00e1i S\u01a1n l\u00e0 m\u1ed9t v\u1eadt trang tr\u00ed mang trong m\u00ecnh c\u00e2u chuy\u1ec7n v\u1ec1 s\u1ee9c m\u1ea1nh v\u00e0 t\u00ednh ki\u00ean \u0111\u1ecbnh. C\u00e1i t\u00ean Th\u00e1i S\u01a1n bi\u1ec3u t\u01b0\u1ee3ng cho h\u00ecnh \u1ea3nh ng\u1ecdn n\u00fai v\u1eefng ch\u00e3i, \u0111\u1ea1i di\u1ec7n cho ng\u01b0\u1eddi \u0111\u00e0n \u00f4ng &#8211; tr\u1ee5 c\u1ed9t c\u1ee7a gia \u0111\u00ecnh, ng\u01b0\u1eddi g\u00e1nh v\u00e1c v\u00e0 che ch\u1edf cho b\u1ea5t k\u1ef3 ai thu\u1edf thi\u1ebfu th\u1eddi.<\/p>\n<p>S\u1ef1 k\u1ebft h\u1ee3p c\u1ee7a c\u1ee5m ba th\u00e2n tre kh\u1ecfe kho\u1eafn v\u01b0\u01a1n l\u00ean, t\u1ea1o th\u00e0nh th\u1ebf tr\u1ee5 c\u1ed9t ch\u1eafc ch\u1eafn cho c\u1ea3 chi\u1ebfc \u0111\u00e8n. Ph\u1ea7n chao \u0111\u00e8n \u0111\u01b0\u1ee3c thi\u1ebft k\u1ebf m\u00f4 ph\u1ecfng h\u00ecnh \u1ea3nh chi\u1ebfc n\u00f3n l\u00e1 quen thu\u1ed9c, l\u00e0m t\u00f4n l\u00ean v\u1ebb \u0111\u1eb9p truy\u1ec1n th\u1ed1ng, dung d\u1ecb. Th\u00e1i S\u01a1n l\u00e0 s\u1ea3n ph\u1ea9m trang tr\u00ed mang \u0111\u1ebfn ngu\u1ed3n s\u00e1ng nhu\u1eadn s\u1eafc, d\u1ecbu \u00eam cho kh\u00f4ng gian s\u1ed1ng \u0111\u1ed3ng th\u1eddi mang trong m\u00ecnh bi\u1ec3u t\u01b0\u1ee3ng v\u0103n h\u00f3a thu\u1ea7n h\u1eadu.<\/p>","protected":false},"featured_media":2566,"comment_status":"open","ping_status":"closed","template":"","meta":{"inline_featured_image":false},"product_brand":[],"product_cat":[109,68,93],"product_tag":[],"class_list":{"0":"post-2568","1":"product","2":"type-product","3":"status-publish","4":"has-post-thumbnail","6":"product_cat-den-ban","7":"product_cat-den-chieu-sang","8":"product_cat-san-pham-noi-that","10":"first","11":"instock","12":"shipping-taxable","13":"purchasable","14":"product-type-simple"},"acf":[],"yoast_head":"<!-- This site is optimized with the Yoast SEO Premium plugin v24.8 (Yoast SEO v24.8) - https:\/\/yoast.com\/wordpress\/plugins\/seo\/ -->\n<title>Lighting - Th\u00e1i S\u01a1n - Dongson Artisanat<\/title>\n<meta name=\"robots\" content=\"index, follow, max-snippet:-1, max-image-preview:large, max-video-preview:-1\" \/>\n<link rel=\"canonical\" href=\"https:\/\/dongsonartisanat.vn\/en\/product\/lighting-thai-son\/\" \/>\n<meta property=\"og:locale\" content=\"en_US\" \/>\n<meta property=\"og:type\" content=\"article\" \/>\n<meta property=\"og:title\" content=\"Lighting - Th\u00e1i S\u01a1n\" \/>\n<meta property=\"og:description\" content=\"\u0110\u00e8n b\u00e0n Th\u00e1i S\u01a1n l\u00e0 m\u1ed9t v\u1eadt trang tr\u00ed mang trong m\u00ecnh c\u00e2u chuy\u1ec7n v\u1ec1 s\u1ee9c m\u1ea1nh v\u00e0 t\u00ednh ki\u00ean \u0111\u1ecbnh. C\u00e1i t\u00ean Th\u00e1i S\u01a1n bi\u1ec3u t\u01b0\u1ee3ng cho h\u00ecnh \u1ea3nh ng\u1ecdn n\u00fai v\u1eefng ch\u00e3i, \u0111\u1ea1i di\u1ec7n cho ng\u01b0\u1eddi \u0111\u00e0n \u00f4ng - tr\u1ee5 c\u1ed9t c\u1ee7a gia \u0111\u00ecnh, ng\u01b0\u1eddi g\u00e1nh v\u00e1c v\u00e0 che ch\u1edf cho b\u1ea5t k\u1ef3 ai thu\u1edf thi\u1ebfu th\u1eddi.  S\u1ef1 k\u1ebft h\u1ee3p c\u1ee7a c\u1ee5m ba th\u00e2n tre kh\u1ecfe kho\u1eafn v\u01b0\u01a1n l\u00ean, t\u1ea1o th\u00e0nh th\u1ebf tr\u1ee5 c\u1ed9t ch\u1eafc ch\u1eafn cho c\u1ea3 chi\u1ebfc \u0111\u00e8n. Ph\u1ea7n chao \u0111\u00e8n \u0111\u01b0\u1ee3c thi\u1ebft k\u1ebf m\u00f4 ph\u1ecfng h\u00ecnh \u1ea3nh chi\u1ebfc n\u00f3n l\u00e1 quen thu\u1ed9c, l\u00e0m t\u00f4n l\u00ean v\u1ebb \u0111\u1eb9p truy\u1ec1n th\u1ed1ng, dung d\u1ecb. Th\u00e1i S\u01a1n l\u00e0 s\u1ea3n ph\u1ea9m trang tr\u00ed mang \u0111\u1ebfn ngu\u1ed3n s\u00e1ng nhu\u1eadn s\u1eafc, d\u1ecbu \u00eam cho kh\u00f4ng gian s\u1ed1ng \u0111\u1ed3ng th\u1eddi mang trong m\u00ecnh bi\u1ec3u t\u01b0\u1ee3ng v\u0103n h\u00f3a thu\u1ea7n h\u1eadu.\" \/>\n<meta property=\"og:url\" content=\"https:\/\/dongsonartisanat.vn\/en\/product\/lighting-thai-son\/\" \/>\n<meta property=\"og:site_name\" content=\"Dongson Artisanat\" \/>\n<meta property=\"article:modified_time\" content=\"2026-04-08T10:27:28+00:00\" \/>\n<meta property=\"og:image\" content=\"https:\/\/dongsonartisanat.vn\/wp-content\/uploads\/2025\/08\/z6918687644075_39e2ae0d3c0fe7ba5eff18eea1d16662.jpg\" \/>\n\t<meta property=\"og:image:width\" content=\"1920\" \/>\n\t<meta property=\"og:image:height\" content=\"1920\" \/>\n\t<meta property=\"og:image:type\" content=\"image\/jpeg\" \/>\n<meta name=\"twitter:card\" content=\"summary_large_image\" \/>\n<meta name=\"twitter:label1\" content=\"Est. reading time\" \/>\n\t<meta name=\"twitter:data1\" content=\"1 minute\" \/>\n<script type=\"application\/ld+json\" class=\"yoast-schema-graph\">{\"@context\":\"https:\/\/schema.org\",\"@graph\":[{\"@type\":\"WebPage\",\"@id\":\"https:\/\/dongsonartisanat.vn\/san-pham\/lighting-thai-son\/\",\"url\":\"https:\/\/dongsonartisanat.vn\/san-pham\/lighting-thai-son\/\",\"name\":\"Lighting - Th\u00e1i S\u01a1n - Dongson Artisanat\",\"isPartOf\":{\"@id\":\"https:\/\/dongsonartisanat.vn\/#website\"},\"primaryImageOfPage\":{\"@id\":\"https:\/\/dongsonartisanat.vn\/san-pham\/lighting-thai-son\/#primaryimage\"},\"image\":{\"@id\":\"https:\/\/dongsonartisanat.vn\/san-pham\/lighting-thai-son\/#primaryimage\"},\"thumbnailUrl\":\"https:\/\/dongsonartisanat.vn\/wp-content\/uploads\/2025\/08\/z6918687644075_39e2ae0d3c0fe7ba5eff18eea1d16662.jpg\",\"datePublished\":\"2025-08-18T06:02:59+00:00\",\"dateModified\":\"2026-04-08T10:27:28+00:00\",\"breadcrumb\":{\"@id\":\"https:\/\/dongsonartisanat.vn\/san-pham\/lighting-thai-son\/#breadcrumb\"},\"inLanguage\":\"en-US\",\"potentialAction\":[{\"@type\":\"ReadAction\",\"target\":[\"https:\/\/dongsonartisanat.vn\/san-pham\/lighting-thai-son\/\"]}]},{\"@type\":\"ImageObject\",\"inLanguage\":\"en-US\",\"@id\":\"https:\/\/dongsonartisanat.vn\/san-pham\/lighting-thai-son\/#primaryimage\",\"url\":\"https:\/\/dongsonartisanat.vn\/wp-content\/uploads\/2025\/08\/z6918687644075_39e2ae0d3c0fe7ba5eff18eea1d16662.jpg\",\"contentUrl\":\"https:\/\/dongsonartisanat.vn\/wp-content\/uploads\/2025\/08\/z6918687644075_39e2ae0d3c0fe7ba5eff18eea1d16662.jpg\",\"width\":1920,\"height\":1920,\"caption\":\"lamp thai son\"},{\"@type\":\"BreadcrumbList\",\"@id\":\"https:\/\/dongsonartisanat.vn\/san-pham\/lighting-thai-son\/#breadcrumb\",\"itemListElement\":[{\"@type\":\"ListItem\",\"position\":1,\"name\":\"Home\",\"item\":\"https:\/\/dongsonartisanat.vn\/\"},{\"@type\":\"ListItem\",\"position\":2,\"name\":\"S\u1ea3n ph\u1ea9m\",\"item\":\"https:\/\/dongsonartisanat.vn\/san-pham\/\"},{\"@type\":\"ListItem\",\"position\":3,\"name\":\"Lighting &#8211; Th\u00e1i S\u01a1n\"}]},{\"@type\":\"WebSite\",\"@id\":\"https:\/\/dongsonartisanat.vn\/#website\",\"url\":\"https:\/\/dongsonartisanat.vn\/\",\"name\":\"Dongson Artisanat\",\"description\":\"\",\"publisher\":{\"@id\":\"https:\/\/dongsonartisanat.vn\/#organization\"},\"potentialAction\":[{\"@type\":\"SearchAction\",\"target\":{\"@type\":\"EntryPoint\",\"urlTemplate\":\"https:\/\/dongsonartisanat.vn\/?s={search_term_string}\"},\"query-input\":{\"@type\":\"PropertyValueSpecification\",\"valueRequired\":true,\"valueName\":\"search_term_string\"}}],\"inLanguage\":\"en-US\"},{\"@type\":\"Organization\",\"@id\":\"https:\/\/dongsonartisanat.vn\/#organization\",\"name\":\"Dongson Artisanat\",\"url\":\"https:\/\/dongsonartisanat.vn\/\",\"logo\":{\"@type\":\"ImageObject\",\"inLanguage\":\"en-US\",\"@id\":\"https:\/\/dongsonartisanat.vn\/#\/schema\/logo\/image\/\",\"url\":\"https:\/\/dongsonartisanat.vn\/wp-content\/uploads\/2025\/06\/dong-son-logo.png\",\"contentUrl\":\"https:\/\/dongsonartisanat.vn\/wp-content\/uploads\/2025\/06\/dong-son-logo.png\",\"width\":824,\"height\":734,\"caption\":\"Dongson Artisanat\"},\"image\":{\"@id\":\"https:\/\/dongsonartisanat.vn\/#\/schema\/logo\/image\/\"}}]}<\/script>\n<!-- \/ Yoast SEO Premium plugin. -->","yoast_head_json":{"title":"Lighting - Th\u00e1i S\u01a1n - Dongson Artisanat","robots":{"index":"index","follow":"follow","max-snippet":"max-snippet:-1","max-image-preview":"max-image-preview:large","max-video-preview":"max-video-preview:-1"},"canonical":"https:\/\/dongsonartisanat.vn\/en\/product\/lighting-thai-son\/","og_locale":"en_US","og_type":"article","og_title":"Lighting - Th\u00e1i S\u01a1n","og_description":"\u0110\u00e8n b\u00e0n Th\u00e1i S\u01a1n l\u00e0 m\u1ed9t v\u1eadt trang tr\u00ed mang trong m\u00ecnh c\u00e2u chuy\u1ec7n v\u1ec1 s\u1ee9c m\u1ea1nh v\u00e0 t\u00ednh ki\u00ean \u0111\u1ecbnh. C\u00e1i t\u00ean Th\u00e1i S\u01a1n bi\u1ec3u t\u01b0\u1ee3ng cho h\u00ecnh \u1ea3nh ng\u1ecdn n\u00fai v\u1eefng ch\u00e3i, \u0111\u1ea1i di\u1ec7n cho ng\u01b0\u1eddi \u0111\u00e0n \u00f4ng - tr\u1ee5 c\u1ed9t c\u1ee7a gia \u0111\u00ecnh, ng\u01b0\u1eddi g\u00e1nh v\u00e1c v\u00e0 che ch\u1edf cho b\u1ea5t k\u1ef3 ai thu\u1edf thi\u1ebfu th\u1eddi.  S\u1ef1 k\u1ebft h\u1ee3p c\u1ee7a c\u1ee5m ba th\u00e2n tre kh\u1ecfe kho\u1eafn v\u01b0\u01a1n l\u00ean, t\u1ea1o th\u00e0nh th\u1ebf tr\u1ee5 c\u1ed9t ch\u1eafc ch\u1eafn cho c\u1ea3 chi\u1ebfc \u0111\u00e8n. Ph\u1ea7n chao \u0111\u00e8n \u0111\u01b0\u1ee3c thi\u1ebft k\u1ebf m\u00f4 ph\u1ecfng h\u00ecnh \u1ea3nh chi\u1ebfc n\u00f3n l\u00e1 quen thu\u1ed9c, l\u00e0m t\u00f4n l\u00ean v\u1ebb \u0111\u1eb9p truy\u1ec1n th\u1ed1ng, dung d\u1ecb. Th\u00e1i S\u01a1n l\u00e0 s\u1ea3n ph\u1ea9m trang tr\u00ed mang \u0111\u1ebfn ngu\u1ed3n s\u00e1ng nhu\u1eadn s\u1eafc, d\u1ecbu \u00eam cho kh\u00f4ng gian s\u1ed1ng \u0111\u1ed3ng th\u1eddi mang trong m\u00ecnh bi\u1ec3u t\u01b0\u1ee3ng v\u0103n h\u00f3a thu\u1ea7n h\u1eadu.","og_url":"https:\/\/dongsonartisanat.vn\/en\/product\/lighting-thai-son\/","og_site_name":"Dongson Artisanat","article_modified_time":"2026-04-08T10:27:28+00:00","og_image":[{"width":1920,"height":1920,"url":"https:\/\/dongsonartisanat.vn\/wp-content\/uploads\/2025\/08\/z6918687644075_39e2ae0d3c0fe7ba5eff18eea1d16662.jpg","type":"image\/jpeg"}],"twitter_card":"summary_large_image","twitter_misc":{"Est. reading time":"1 minute"},"schema":{"@context":"https:\/\/schema.org","@graph":[{"@type":"WebPage","@id":"https:\/\/dongsonartisanat.vn\/san-pham\/lighting-thai-son\/","url":"https:\/\/dongsonartisanat.vn\/san-pham\/lighting-thai-son\/","name":"Lighting - Th\u00e1i S\u01a1n - Dongson Artisanat","isPartOf":{"@id":"https:\/\/dongsonartisanat.vn\/#website"},"primaryImageOfPage":{"@id":"https:\/\/dongsonartisanat.vn\/san-pham\/lighting-thai-son\/#primaryimage"},"image":{"@id":"https:\/\/dongsonartisanat.vn\/san-pham\/lighting-thai-son\/#primaryimage"},"thumbnailUrl":"https:\/\/dongsonartisanat.vn\/wp-content\/uploads\/2025\/08\/z6918687644075_39e2ae0d3c0fe7ba5eff18eea1d16662.jpg","datePublished":"2025-08-18T06:02:59+00:00","dateModified":"2026-04-08T10:27:28+00:00","breadcrumb":{"@id":"https:\/\/dongsonartisanat.vn\/san-pham\/lighting-thai-son\/#breadcrumb"},"inLanguage":"en-US","potentialAction":[{"@type":"ReadAction","target":["https:\/\/dongsonartisanat.vn\/san-pham\/lighting-thai-son\/"]}]},{"@type":"ImageObject","inLanguage":"en-US","@id":"https:\/\/dongsonartisanat.vn\/san-pham\/lighting-thai-son\/#primaryimage","url":"https:\/\/dongsonartisanat.vn\/wp-content\/uploads\/2025\/08\/z6918687644075_39e2ae0d3c0fe7ba5eff18eea1d16662.jpg","contentUrl":"https:\/\/dongsonartisanat.vn\/wp-content\/uploads\/2025\/08\/z6918687644075_39e2ae0d3c0fe7ba5eff18eea1d16662.jpg","width":1920,"height":1920,"caption":"lamp thai son"},{"@type":"BreadcrumbList","@id":"https:\/\/dongsonartisanat.vn\/san-pham\/lighting-thai-son\/#breadcrumb","itemListElement":[{"@type":"ListItem","position":1,"name":"Home","item":"https:\/\/dongsonartisanat.vn\/"},{"@type":"ListItem","position":2,"name":"S\u1ea3n ph\u1ea9m","item":"https:\/\/dongsonartisanat.vn\/san-pham\/"},{"@type":"ListItem","position":3,"name":"Lighting &#8211; Th\u00e1i S\u01a1n"}]},{"@type":"WebSite","@id":"https:\/\/dongsonartisanat.vn\/#website","url":"https:\/\/dongsonartisanat.vn\/","name":"Dongson Artisanat","description":"","publisher":{"@id":"https:\/\/dongsonartisanat.vn\/#organization"},"potentialAction":[{"@type":"SearchAction","target":{"@type":"EntryPoint","urlTemplate":"https:\/\/dongsonartisanat.vn\/?s={search_term_string}"},"query-input":{"@type":"PropertyValueSpecification","valueRequired":true,"valueName":"search_term_string"}}],"inLanguage":"en-US"},{"@type":"Organization","@id":"https:\/\/dongsonartisanat.vn\/#organization","name":"Dongson Artisanat","url":"https:\/\/dongsonartisanat.vn\/","logo":{"@type":"ImageObject","inLanguage":"en-US","@id":"https:\/\/dongsonartisanat.vn\/#\/schema\/logo\/image\/","url":"https:\/\/dongsonartisanat.vn\/wp-content\/uploads\/2025\/06\/dong-son-logo.png","contentUrl":"https:\/\/dongsonartisanat.vn\/wp-content\/uploads\/2025\/06\/dong-son-logo.png","width":824,"height":734,"caption":"Dongson Artisanat"},"image":{"@id":"https:\/\/dongsonartisanat.vn\/#\/schema\/logo\/image\/"}}]}},"_links":{"self":[{"href":"https:\/\/dongsonartisanat.vn\/en\/wp-json\/wp\/v2\/product\/2568","targetHints":{"allow":["GET"]}}],"collection":[{"href":"https:\/\/dongsonartisanat.vn\/en\/wp-json\/wp\/v2\/product"}],"about":[{"href":"https:\/\/dongsonartisanat.vn\/en\/wp-json\/wp\/v2\/types\/product"}],"replies":[{"embeddable":true,"href":"https:\/\/dongsonartisanat.vn\/en\/wp-json\/wp\/v2\/comments?post=2568"}],"wp:featuredmedia":[{"embeddable":true,"href":"https:\/\/dongsonartisanat.vn\/en\/wp-json\/wp\/v2\/media\/2566"}],"wp:attachment":[{"href":"https:\/\/dongsonartisanat.vn\/en\/wp-json\/wp\/v2\/media?parent=2568"}],"wp:term":[{"taxonomy":"product_brand","embeddable":true,"href":"https:\/\/dongsonartisanat.vn\/en\/wp-json\/wp\/v2\/product_brand?post=2568"},{"taxonomy":"product_cat","embeddable":true,"href":"https:\/\/dongsonartisanat.vn\/en\/wp-json\/wp\/v2\/product_cat?post=2568"},{"taxonomy":"product_tag","embeddable":true,"href":"https:\/\/dongsonartisanat.vn\/en\/wp-json\/wp\/v2\/product_tag?post=2568"}],"curies":[{"name":"wp","href":"https:\/\/api.w.org\/{rel}","templated":true}]}}