{"id":2882,"date":"2025-08-28T14:38:39","date_gmt":"2025-08-28T07:38:39","guid":{"rendered":"https:\/\/dongsonartisanat.vn\/?post_type=product&#038;p=2882"},"modified":"2026-04-08T10:02:19","modified_gmt":"2026-04-08T03:02:19","slug":"khung-tranh-the-tranquil","status":"publish","type":"product","link":"https:\/\/dongsonartisanat.vn\/en\/product\/khung-tranh-the-tranquil\/","title":{"rendered":"The Tranquil picture frame"},"content":{"rendered":"<div class=\"x14z9mp xat24cr x1lziwak x1vvkbs xtlvy1s x126k92a\">\n<div dir=\"auto\">Like metal bars tracing the axes of vision, the slender yet steadfast frame extends from floor to ceiling, giving the impression of the artwork floating in midair light, yet with aesthetic weight. This \u2018detachment from the wall\u2019 liberates the piece from traditional confines, allowing each work to be illuminated, viewed, and engaged with as an autonomous presence within the space.<\/div>\n<\/div>","protected":false},"excerpt":{"rendered":"<p>Like metal bars tracing the axes of vision, the slender yet steadfast frame extends from floor to ceiling, giving the impression of the artwork floating in midair light, yet with aesthetic weight. This \u2018detachment from the wall\u2019 liberates the piece from traditional confines, allowing each work to be illuminated, viewed, and engaged with as an autonomous presence within the space.<\/p>","protected":false},"featured_media":2883,"comment_status":"open","ping_status":"closed","template":"","meta":{"inline_featured_image":false},"product_brand":[],"product_cat":[94,142,143],"product_tag":[],"class_list":{"0":"post-2882","1":"product","2":"type-product","3":"status-publish","4":"has-post-thumbnail","6":"product_cat-gallery-art","7":"product_cat-khung-tranh","8":"product_cat-khung-tranh-metalix","10":"first","11":"instock","12":"shipping-taxable","13":"purchasable","14":"product-type-simple"},"acf":[],"yoast_head":"<!-- This site is optimized with the Yoast SEO Premium plugin v24.8 (Yoast SEO v24.8) - https:\/\/yoast.com\/wordpress\/plugins\/seo\/ -->\n<title>Khung tranh The Tranquil - Dongson Artisanat<\/title>\n<meta name=\"robots\" content=\"index, follow, max-snippet:-1, max-image-preview:large, max-video-preview:-1\" \/>\n<link rel=\"canonical\" href=\"https:\/\/dongsonartisanat.vn\/en\/product\/khung-tranh-the-tranquil\/\" \/>\n<meta property=\"og:locale\" content=\"en_US\" \/>\n<meta property=\"og:type\" content=\"article\" \/>\n<meta property=\"og:title\" content=\"Khung tranh The Tranquil\" \/>\n<meta property=\"og:description\" content=\"T\u1ef1a nh\u01b0 nh\u1eefng thanh kim lo\u1ea1i v\u1ebd n\u00ean tr\u1ee5c t\u1ecda \u0111\u1ed9 c\u1ee7a th\u1ecb gi\u00e1c, h\u1ec7 khung m\u1ea3nh mai m\u00e0 ki\u00ean \u0111\u1ecbnh, k\u00e9o d\u00e0i t\u1eeb s\u00e0n \u0111\u1ebfn tr\u1ea7n, t\u1ea1o n\u00ean c\u1ea3m gi\u00e1c tranh treo l\u1eedng gi\u1eefa kh\u00f4ng trung, nh\u1eb9 nh\u00e0ng m\u00e0 v\u1eabn c\u00f3 tr\u1ecdng l\u1ef1c th\u1ea9m m\u1ef9. Ch\u00ednh s\u1ef1 &quot;r\u1eddi xa b\u1ee9c t\u01b0\u1eddng&quot; \u1ea5y, \u0111\u00e3 gi\u1ea3i ph\u00f3ng tranh kh\u1ecfi gi\u1edbi h\u1ea1n truy\u1ec1n th\u1ed1ng \u0111\u1ec3 m\u1ed7i t\u00e1c ph\u1ea9m \u0111\u01b0\u1ee3c chi\u1ebfu s\u00e1ng, ng\u1eafm nh\u00ecn v\u00e0 \u0111\u1ed1i tho\u1ea1i trong kh\u00f4ng gian nh\u01b0 m\u1ed9t sinh th\u1ec3 t\u1ef1 ch\u1ee7.\" \/>\n<meta property=\"og:url\" content=\"https:\/\/dongsonartisanat.vn\/en\/product\/khung-tranh-the-tranquil\/\" \/>\n<meta property=\"og:site_name\" content=\"Dongson Artisanat\" \/>\n<meta property=\"article:modified_time\" content=\"2026-04-08T03:02:19+00:00\" \/>\n<meta property=\"og:image\" content=\"https:\/\/dongsonartisanat.vn\/wp-content\/uploads\/2025\/08\/Untitled-1-1.png\" \/>\n\t<meta property=\"og:image:width\" content=\"1920\" \/>\n\t<meta property=\"og:image:height\" content=\"1920\" \/>\n\t<meta property=\"og:image:type\" content=\"image\/png\" \/>\n<meta name=\"twitter:card\" content=\"summary_large_image\" \/>\n<meta name=\"twitter:label1\" content=\"Est. reading time\" \/>\n\t<meta name=\"twitter:data1\" content=\"1 minute\" \/>\n<script type=\"application\/ld+json\" class=\"yoast-schema-graph\">{\"@context\":\"https:\/\/schema.org\",\"@graph\":[{\"@type\":\"WebPage\",\"@id\":\"https:\/\/dongsonartisanat.vn\/san-pham\/khung-tranh-the-tranquil\/\",\"url\":\"https:\/\/dongsonartisanat.vn\/san-pham\/khung-tranh-the-tranquil\/\",\"name\":\"Khung tranh The Tranquil - Dongson Artisanat\",\"isPartOf\":{\"@id\":\"https:\/\/dongsonartisanat.vn\/#website\"},\"primaryImageOfPage\":{\"@id\":\"https:\/\/dongsonartisanat.vn\/san-pham\/khung-tranh-the-tranquil\/#primaryimage\"},\"image\":{\"@id\":\"https:\/\/dongsonartisanat.vn\/san-pham\/khung-tranh-the-tranquil\/#primaryimage\"},\"thumbnailUrl\":\"https:\/\/dongsonartisanat.vn\/wp-content\/uploads\/2025\/08\/Untitled-1-1.png\",\"datePublished\":\"2025-08-28T07:38:39+00:00\",\"dateModified\":\"2026-04-08T03:02:19+00:00\",\"breadcrumb\":{\"@id\":\"https:\/\/dongsonartisanat.vn\/san-pham\/khung-tranh-the-tranquil\/#breadcrumb\"},\"inLanguage\":\"en-US\",\"potentialAction\":[{\"@type\":\"ReadAction\",\"target\":[\"https:\/\/dongsonartisanat.vn\/san-pham\/khung-tranh-the-tranquil\/\"]}]},{\"@type\":\"ImageObject\",\"inLanguage\":\"en-US\",\"@id\":\"https:\/\/dongsonartisanat.vn\/san-pham\/khung-tranh-the-tranquil\/#primaryimage\",\"url\":\"https:\/\/dongsonartisanat.vn\/wp-content\/uploads\/2025\/08\/Untitled-1-1.png\",\"contentUrl\":\"https:\/\/dongsonartisanat.vn\/wp-content\/uploads\/2025\/08\/Untitled-1-1.png\",\"width\":1920,\"height\":1920,\"caption\":\"Khung tranh Metalix\"},{\"@type\":\"BreadcrumbList\",\"@id\":\"https:\/\/dongsonartisanat.vn\/san-pham\/khung-tranh-the-tranquil\/#breadcrumb\",\"itemListElement\":[{\"@type\":\"ListItem\",\"position\":1,\"name\":\"Home\",\"item\":\"https:\/\/dongsonartisanat.vn\/\"},{\"@type\":\"ListItem\",\"position\":2,\"name\":\"S\u1ea3n ph\u1ea9m\",\"item\":\"https:\/\/dongsonartisanat.vn\/san-pham\/\"},{\"@type\":\"ListItem\",\"position\":3,\"name\":\"Khung tranh The Tranquil\"}]},{\"@type\":\"WebSite\",\"@id\":\"https:\/\/dongsonartisanat.vn\/#website\",\"url\":\"https:\/\/dongsonartisanat.vn\/\",\"name\":\"Dongson Artisanat\",\"description\":\"\",\"publisher\":{\"@id\":\"https:\/\/dongsonartisanat.vn\/#organization\"},\"potentialAction\":[{\"@type\":\"SearchAction\",\"target\":{\"@type\":\"EntryPoint\",\"urlTemplate\":\"https:\/\/dongsonartisanat.vn\/?s={search_term_string}\"},\"query-input\":{\"@type\":\"PropertyValueSpecification\",\"valueRequired\":true,\"valueName\":\"search_term_string\"}}],\"inLanguage\":\"en-US\"},{\"@type\":\"Organization\",\"@id\":\"https:\/\/dongsonartisanat.vn\/#organization\",\"name\":\"Dongson Artisanat\",\"url\":\"https:\/\/dongsonartisanat.vn\/\",\"logo\":{\"@type\":\"ImageObject\",\"inLanguage\":\"en-US\",\"@id\":\"https:\/\/dongsonartisanat.vn\/#\/schema\/logo\/image\/\",\"url\":\"https:\/\/dongsonartisanat.vn\/wp-content\/uploads\/2025\/06\/dong-son-logo.png\",\"contentUrl\":\"https:\/\/dongsonartisanat.vn\/wp-content\/uploads\/2025\/06\/dong-son-logo.png\",\"width\":824,\"height\":734,\"caption\":\"Dongson Artisanat\"},\"image\":{\"@id\":\"https:\/\/dongsonartisanat.vn\/#\/schema\/logo\/image\/\"}}]}<\/script>\n<!-- \/ Yoast SEO Premium plugin. -->","yoast_head_json":{"title":"Khung tranh The Tranquil - Dongson Artisanat","robots":{"index":"index","follow":"follow","max-snippet":"max-snippet:-1","max-image-preview":"max-image-preview:large","max-video-preview":"max-video-preview:-1"},"canonical":"https:\/\/dongsonartisanat.vn\/en\/product\/khung-tranh-the-tranquil\/","og_locale":"en_US","og_type":"article","og_title":"Khung tranh The Tranquil","og_description":"T\u1ef1a nh\u01b0 nh\u1eefng thanh kim lo\u1ea1i v\u1ebd n\u00ean tr\u1ee5c t\u1ecda \u0111\u1ed9 c\u1ee7a th\u1ecb gi\u00e1c, h\u1ec7 khung m\u1ea3nh mai m\u00e0 ki\u00ean \u0111\u1ecbnh, k\u00e9o d\u00e0i t\u1eeb s\u00e0n \u0111\u1ebfn tr\u1ea7n, t\u1ea1o n\u00ean c\u1ea3m gi\u00e1c tranh treo l\u1eedng gi\u1eefa kh\u00f4ng trung, nh\u1eb9 nh\u00e0ng m\u00e0 v\u1eabn c\u00f3 tr\u1ecdng l\u1ef1c th\u1ea9m m\u1ef9. Ch\u00ednh s\u1ef1 \"r\u1eddi xa b\u1ee9c t\u01b0\u1eddng\" \u1ea5y, \u0111\u00e3 gi\u1ea3i ph\u00f3ng tranh kh\u1ecfi gi\u1edbi h\u1ea1n truy\u1ec1n th\u1ed1ng \u0111\u1ec3 m\u1ed7i t\u00e1c ph\u1ea9m \u0111\u01b0\u1ee3c chi\u1ebfu s\u00e1ng, ng\u1eafm nh\u00ecn v\u00e0 \u0111\u1ed1i tho\u1ea1i trong kh\u00f4ng gian nh\u01b0 m\u1ed9t sinh th\u1ec3 t\u1ef1 ch\u1ee7.","og_url":"https:\/\/dongsonartisanat.vn\/en\/product\/khung-tranh-the-tranquil\/","og_site_name":"Dongson Artisanat","article_modified_time":"2026-04-08T03:02:19+00:00","og_image":[{"width":1920,"height":1920,"url":"https:\/\/dongsonartisanat.vn\/wp-content\/uploads\/2025\/08\/Untitled-1-1.png","type":"image\/png"}],"twitter_card":"summary_large_image","twitter_misc":{"Est. reading time":"1 minute"},"schema":{"@context":"https:\/\/schema.org","@graph":[{"@type":"WebPage","@id":"https:\/\/dongsonartisanat.vn\/san-pham\/khung-tranh-the-tranquil\/","url":"https:\/\/dongsonartisanat.vn\/san-pham\/khung-tranh-the-tranquil\/","name":"Khung tranh The Tranquil - Dongson Artisanat","isPartOf":{"@id":"https:\/\/dongsonartisanat.vn\/#website"},"primaryImageOfPage":{"@id":"https:\/\/dongsonartisanat.vn\/san-pham\/khung-tranh-the-tranquil\/#primaryimage"},"image":{"@id":"https:\/\/dongsonartisanat.vn\/san-pham\/khung-tranh-the-tranquil\/#primaryimage"},"thumbnailUrl":"https:\/\/dongsonartisanat.vn\/wp-content\/uploads\/2025\/08\/Untitled-1-1.png","datePublished":"2025-08-28T07:38:39+00:00","dateModified":"2026-04-08T03:02:19+00:00","breadcrumb":{"@id":"https:\/\/dongsonartisanat.vn\/san-pham\/khung-tranh-the-tranquil\/#breadcrumb"},"inLanguage":"en-US","potentialAction":[{"@type":"ReadAction","target":["https:\/\/dongsonartisanat.vn\/san-pham\/khung-tranh-the-tranquil\/"]}]},{"@type":"ImageObject","inLanguage":"en-US","@id":"https:\/\/dongsonartisanat.vn\/san-pham\/khung-tranh-the-tranquil\/#primaryimage","url":"https:\/\/dongsonartisanat.vn\/wp-content\/uploads\/2025\/08\/Untitled-1-1.png","contentUrl":"https:\/\/dongsonartisanat.vn\/wp-content\/uploads\/2025\/08\/Untitled-1-1.png","width":1920,"height":1920,"caption":"Khung tranh Metalix"},{"@type":"BreadcrumbList","@id":"https:\/\/dongsonartisanat.vn\/san-pham\/khung-tranh-the-tranquil\/#breadcrumb","itemListElement":[{"@type":"ListItem","position":1,"name":"Home","item":"https:\/\/dongsonartisanat.vn\/"},{"@type":"ListItem","position":2,"name":"S\u1ea3n ph\u1ea9m","item":"https:\/\/dongsonartisanat.vn\/san-pham\/"},{"@type":"ListItem","position":3,"name":"Khung tranh The Tranquil"}]},{"@type":"WebSite","@id":"https:\/\/dongsonartisanat.vn\/#website","url":"https:\/\/dongsonartisanat.vn\/","name":"Dongson Artisanat","description":"","publisher":{"@id":"https:\/\/dongsonartisanat.vn\/#organization"},"potentialAction":[{"@type":"SearchAction","target":{"@type":"EntryPoint","urlTemplate":"https:\/\/dongsonartisanat.vn\/?s={search_term_string}"},"query-input":{"@type":"PropertyValueSpecification","valueRequired":true,"valueName":"search_term_string"}}],"inLanguage":"en-US"},{"@type":"Organization","@id":"https:\/\/dongsonartisanat.vn\/#organization","name":"Dongson Artisanat","url":"https:\/\/dongsonartisanat.vn\/","logo":{"@type":"ImageObject","inLanguage":"en-US","@id":"https:\/\/dongsonartisanat.vn\/#\/schema\/logo\/image\/","url":"https:\/\/dongsonartisanat.vn\/wp-content\/uploads\/2025\/06\/dong-son-logo.png","contentUrl":"https:\/\/dongsonartisanat.vn\/wp-content\/uploads\/2025\/06\/dong-son-logo.png","width":824,"height":734,"caption":"Dongson Artisanat"},"image":{"@id":"https:\/\/dongsonartisanat.vn\/#\/schema\/logo\/image\/"}}]}},"_links":{"self":[{"href":"https:\/\/dongsonartisanat.vn\/en\/wp-json\/wp\/v2\/product\/2882","targetHints":{"allow":["GET"]}}],"collection":[{"href":"https:\/\/dongsonartisanat.vn\/en\/wp-json\/wp\/v2\/product"}],"about":[{"href":"https:\/\/dongsonartisanat.vn\/en\/wp-json\/wp\/v2\/types\/product"}],"replies":[{"embeddable":true,"href":"https:\/\/dongsonartisanat.vn\/en\/wp-json\/wp\/v2\/comments?post=2882"}],"wp:featuredmedia":[{"embeddable":true,"href":"https:\/\/dongsonartisanat.vn\/en\/wp-json\/wp\/v2\/media\/2883"}],"wp:attachment":[{"href":"https:\/\/dongsonartisanat.vn\/en\/wp-json\/wp\/v2\/media?parent=2882"}],"wp:term":[{"taxonomy":"product_brand","embeddable":true,"href":"https:\/\/dongsonartisanat.vn\/en\/wp-json\/wp\/v2\/product_brand?post=2882"},{"taxonomy":"product_cat","embeddable":true,"href":"https:\/\/dongsonartisanat.vn\/en\/wp-json\/wp\/v2\/product_cat?post=2882"},{"taxonomy":"product_tag","embeddable":true,"href":"https:\/\/dongsonartisanat.vn\/en\/wp-json\/wp\/v2\/product_tag?post=2882"}],"curies":[{"name":"wp","href":"https:\/\/api.w.org\/{rel}","templated":true}]}}