{"id":2888,"date":"2025-08-28T14:51:10","date_gmt":"2025-08-28T07:51:10","guid":{"rendered":"https:\/\/dongsonartisanat.vn\/?post_type=product&#038;p=2888"},"modified":"2026-04-08T10:02:45","modified_gmt":"2026-04-08T03:02:45","slug":"khung-tranh-the-harmony","status":"publish","type":"product","link":"https:\/\/dongsonartisanat.vn\/en\/product\/khung-tranh-the-harmony\/","title":{"rendered":"The Harmony picture frame"},"content":{"rendered":"<div class=\"x14z9mp xat24cr x1lziwak x1vvkbs xtlvy1s x126k92a\">\n<div dir=\"auto\">\n<div class=\"x14z9mp xat24cr x1lziwak x1vvkbs xtlvy1s x126k92a\">\n<div dir=\"auto\">\n<div class=\"x14z9mp xat24cr x1lziwak x1vvkbs xtlvy1s x126k92a\">\n<div dir=\"auto\">Khung tranh Metalix \u0111\u01b0\u1ee3c thi\u1ebft k\u1ebf nh\u01b0 m\u1ed9t c\u1ea5u tr\u00fac tr\u01b0ng b\u00e0y chu\u1ea9n m\u1ef1c, m\u1ed7i t\u00e1c ph\u1ea9m \u0111\u01b0\u1ee3c \u0111\u1ecbnh v\u1ecb ch\u00ednh x\u00e1c tr\u00ean tr\u1ee5c th\u1ecb gi\u00e1c, tr\u1ee5c \u00e1nh s\u00e1ng v\u00e0 tr\u1ee5c c\u1ea3m x\u00fac. V\u1edbi h\u1ec7 khung b\u1eb1ng kim lo\u1ea1i ho\u00e0n thi\u1ec7n m\u1ea1 PVD, Metalix mang \u0111\u1ebfn s\u1ef1 c\u00e2n b\u1eb1ng gi\u1eefa k\u1ef9 thu\u1eadt v\u00e0 th\u1ea9m m\u1ef9. Nh\u1eefng thanh kim lo\u1ea1i kh\u00f4ng ch\u1ec9 \u0111\u00f3ng vai tr\u00f2 n\u00e2ng \u0111\u1ee1, m\u00e0 c\u00f2n l\u00e0 \u0111\u01b0\u1eddng d\u1eabn th\u1ecb gi\u00e1c gi\u00fap ng\u01b0\u1eddi xem t\u1eadp trung v\u00e0o c\u00e1i \u0111\u1eb9p, kh\u00f4ng b\u1ecb ph\u00e2n t\u00e1n b\u1edfi nh\u1eefng y\u1ebfu t\u1ed1 nhi\u1ec5u lo\u1ea1n.<\/div>\n<\/div>\n<\/div>\n<\/div>\n<\/div>\n<\/div>","protected":false},"excerpt":{"rendered":"<p>With its metal frame finished in PVD coating, Metalix achieves a balance between technique and aesthetics. The metal bars not only provide support but also serve as visual guides, directing the viewer\u2019s attention to the beauty itself, free from distracting elements.<\/p>","protected":false},"featured_media":2889,"comment_status":"open","ping_status":"closed","template":"","meta":{"inline_featured_image":false},"product_brand":[],"product_cat":[94,142,143],"product_tag":[],"class_list":{"0":"post-2888","1":"product","2":"type-product","3":"status-publish","4":"has-post-thumbnail","6":"product_cat-gallery-art","7":"product_cat-khung-tranh","8":"product_cat-khung-tranh-metalix","10":"first","11":"instock","12":"shipping-taxable","13":"purchasable","14":"product-type-simple"},"acf":[],"yoast_head":"<!-- This site is optimized with the Yoast SEO Premium plugin v24.8 (Yoast SEO v24.8) - https:\/\/yoast.com\/wordpress\/plugins\/seo\/ -->\n<title>Khung tranh The Harmony - Dongson Artisanat<\/title>\n<meta name=\"robots\" content=\"index, follow, max-snippet:-1, max-image-preview:large, max-video-preview:-1\" \/>\n<link rel=\"canonical\" href=\"https:\/\/dongsonartisanat.vn\/en\/product\/khung-tranh-the-harmony\/\" \/>\n<meta property=\"og:locale\" content=\"en_US\" \/>\n<meta property=\"og:type\" content=\"article\" \/>\n<meta property=\"og:title\" content=\"Khung tranh The Harmony\" \/>\n<meta property=\"og:description\" content=\"V\u1edbi h\u1ec7 khung b\u1eb1ng kim lo\u1ea1i ho\u00e0n thi\u1ec7n m\u1ea1 PVD, Metalix mang \u0111\u1ebfn s\u1ef1 c\u00e2n b\u1eb1ng gi\u1eefa k\u1ef9 thu\u1eadt v\u00e0 th\u1ea9m m\u1ef9. Nh\u1eefng thanh kim lo\u1ea1i kh\u00f4ng ch\u1ec9 \u0111\u00f3ng vai tr\u00f2 n\u00e2ng \u0111\u1ee1, m\u00e0 c\u00f2n l\u00e0 \u0111\u01b0\u1eddng d\u1eabn th\u1ecb gi\u00e1c gi\u00fap ng\u01b0\u1eddi xem t\u1eadp trung v\u00e0o c\u00e1i \u0111\u1eb9p, kh\u00f4ng b\u1ecb ph\u00e2n t\u00e1n b\u1edfi nh\u1eefng y\u1ebfu t\u1ed1 nhi\u1ec5u lo\u1ea1n.\" \/>\n<meta property=\"og:url\" content=\"https:\/\/dongsonartisanat.vn\/en\/product\/khung-tranh-the-harmony\/\" \/>\n<meta property=\"og:site_name\" content=\"Dongson Artisanat\" \/>\n<meta property=\"article:modified_time\" content=\"2026-04-08T03:02:45+00:00\" \/>\n<meta property=\"og:image\" content=\"https:\/\/dongsonartisanat.vn\/wp-content\/uploads\/2025\/08\/khung-1-1024x1024.png\" \/>\n\t<meta property=\"og:image:width\" content=\"1024\" \/>\n\t<meta property=\"og:image:height\" content=\"1024\" \/>\n\t<meta property=\"og:image:type\" content=\"image\/png\" \/>\n<meta name=\"twitter:card\" content=\"summary_large_image\" \/>\n<meta name=\"twitter:label1\" content=\"Est. reading time\" \/>\n\t<meta name=\"twitter:data1\" content=\"1 minute\" \/>\n<script type=\"application\/ld+json\" class=\"yoast-schema-graph\">{\"@context\":\"https:\/\/schema.org\",\"@graph\":[{\"@type\":\"WebPage\",\"@id\":\"https:\/\/dongsonartisanat.vn\/san-pham\/khung-tranh-the-harmony\/\",\"url\":\"https:\/\/dongsonartisanat.vn\/san-pham\/khung-tranh-the-harmony\/\",\"name\":\"Khung tranh The Harmony - Dongson Artisanat\",\"isPartOf\":{\"@id\":\"https:\/\/dongsonartisanat.vn\/#website\"},\"primaryImageOfPage\":{\"@id\":\"https:\/\/dongsonartisanat.vn\/san-pham\/khung-tranh-the-harmony\/#primaryimage\"},\"image\":{\"@id\":\"https:\/\/dongsonartisanat.vn\/san-pham\/khung-tranh-the-harmony\/#primaryimage\"},\"thumbnailUrl\":\"https:\/\/dongsonartisanat.vn\/wp-content\/uploads\/2025\/08\/khung-1.png\",\"datePublished\":\"2025-08-28T07:51:10+00:00\",\"dateModified\":\"2026-04-08T03:02:45+00:00\",\"breadcrumb\":{\"@id\":\"https:\/\/dongsonartisanat.vn\/san-pham\/khung-tranh-the-harmony\/#breadcrumb\"},\"inLanguage\":\"en-US\",\"potentialAction\":[{\"@type\":\"ReadAction\",\"target\":[\"https:\/\/dongsonartisanat.vn\/san-pham\/khung-tranh-the-harmony\/\"]}]},{\"@type\":\"ImageObject\",\"inLanguage\":\"en-US\",\"@id\":\"https:\/\/dongsonartisanat.vn\/san-pham\/khung-tranh-the-harmony\/#primaryimage\",\"url\":\"https:\/\/dongsonartisanat.vn\/wp-content\/uploads\/2025\/08\/khung-1.png\",\"contentUrl\":\"https:\/\/dongsonartisanat.vn\/wp-content\/uploads\/2025\/08\/khung-1.png\",\"width\":1920,\"height\":1920,\"caption\":\"Khung tranh Metalix\"},{\"@type\":\"BreadcrumbList\",\"@id\":\"https:\/\/dongsonartisanat.vn\/san-pham\/khung-tranh-the-harmony\/#breadcrumb\",\"itemListElement\":[{\"@type\":\"ListItem\",\"position\":1,\"name\":\"Home\",\"item\":\"https:\/\/dongsonartisanat.vn\/\"},{\"@type\":\"ListItem\",\"position\":2,\"name\":\"S\u1ea3n ph\u1ea9m\",\"item\":\"https:\/\/dongsonartisanat.vn\/san-pham\/\"},{\"@type\":\"ListItem\",\"position\":3,\"name\":\"Khung tranh The Harmony\"}]},{\"@type\":\"WebSite\",\"@id\":\"https:\/\/dongsonartisanat.vn\/#website\",\"url\":\"https:\/\/dongsonartisanat.vn\/\",\"name\":\"Dongson Artisanat\",\"description\":\"\",\"publisher\":{\"@id\":\"https:\/\/dongsonartisanat.vn\/#organization\"},\"potentialAction\":[{\"@type\":\"SearchAction\",\"target\":{\"@type\":\"EntryPoint\",\"urlTemplate\":\"https:\/\/dongsonartisanat.vn\/?s={search_term_string}\"},\"query-input\":{\"@type\":\"PropertyValueSpecification\",\"valueRequired\":true,\"valueName\":\"search_term_string\"}}],\"inLanguage\":\"en-US\"},{\"@type\":\"Organization\",\"@id\":\"https:\/\/dongsonartisanat.vn\/#organization\",\"name\":\"Dongson Artisanat\",\"url\":\"https:\/\/dongsonartisanat.vn\/\",\"logo\":{\"@type\":\"ImageObject\",\"inLanguage\":\"en-US\",\"@id\":\"https:\/\/dongsonartisanat.vn\/#\/schema\/logo\/image\/\",\"url\":\"https:\/\/dongsonartisanat.vn\/wp-content\/uploads\/2025\/06\/dong-son-logo.png\",\"contentUrl\":\"https:\/\/dongsonartisanat.vn\/wp-content\/uploads\/2025\/06\/dong-son-logo.png\",\"width\":824,\"height\":734,\"caption\":\"Dongson Artisanat\"},\"image\":{\"@id\":\"https:\/\/dongsonartisanat.vn\/#\/schema\/logo\/image\/\"}}]}<\/script>\n<!-- \/ Yoast SEO Premium plugin. -->","yoast_head_json":{"title":"Khung tranh The Harmony - Dongson Artisanat","robots":{"index":"index","follow":"follow","max-snippet":"max-snippet:-1","max-image-preview":"max-image-preview:large","max-video-preview":"max-video-preview:-1"},"canonical":"https:\/\/dongsonartisanat.vn\/en\/product\/khung-tranh-the-harmony\/","og_locale":"en_US","og_type":"article","og_title":"Khung tranh The Harmony","og_description":"V\u1edbi h\u1ec7 khung b\u1eb1ng kim lo\u1ea1i ho\u00e0n thi\u1ec7n m\u1ea1 PVD, Metalix mang \u0111\u1ebfn s\u1ef1 c\u00e2n b\u1eb1ng gi\u1eefa k\u1ef9 thu\u1eadt v\u00e0 th\u1ea9m m\u1ef9. Nh\u1eefng thanh kim lo\u1ea1i kh\u00f4ng ch\u1ec9 \u0111\u00f3ng vai tr\u00f2 n\u00e2ng \u0111\u1ee1, m\u00e0 c\u00f2n l\u00e0 \u0111\u01b0\u1eddng d\u1eabn th\u1ecb gi\u00e1c gi\u00fap ng\u01b0\u1eddi xem t\u1eadp trung v\u00e0o c\u00e1i \u0111\u1eb9p, kh\u00f4ng b\u1ecb ph\u00e2n t\u00e1n b\u1edfi nh\u1eefng y\u1ebfu t\u1ed1 nhi\u1ec5u lo\u1ea1n.","og_url":"https:\/\/dongsonartisanat.vn\/en\/product\/khung-tranh-the-harmony\/","og_site_name":"Dongson Artisanat","article_modified_time":"2026-04-08T03:02:45+00:00","og_image":[{"width":1024,"height":1024,"url":"https:\/\/dongsonartisanat.vn\/wp-content\/uploads\/2025\/08\/khung-1-1024x1024.png","type":"image\/png"}],"twitter_card":"summary_large_image","twitter_misc":{"Est. reading time":"1 minute"},"schema":{"@context":"https:\/\/schema.org","@graph":[{"@type":"WebPage","@id":"https:\/\/dongsonartisanat.vn\/san-pham\/khung-tranh-the-harmony\/","url":"https:\/\/dongsonartisanat.vn\/san-pham\/khung-tranh-the-harmony\/","name":"Khung tranh The Harmony - Dongson Artisanat","isPartOf":{"@id":"https:\/\/dongsonartisanat.vn\/#website"},"primaryImageOfPage":{"@id":"https:\/\/dongsonartisanat.vn\/san-pham\/khung-tranh-the-harmony\/#primaryimage"},"image":{"@id":"https:\/\/dongsonartisanat.vn\/san-pham\/khung-tranh-the-harmony\/#primaryimage"},"thumbnailUrl":"https:\/\/dongsonartisanat.vn\/wp-content\/uploads\/2025\/08\/khung-1.png","datePublished":"2025-08-28T07:51:10+00:00","dateModified":"2026-04-08T03:02:45+00:00","breadcrumb":{"@id":"https:\/\/dongsonartisanat.vn\/san-pham\/khung-tranh-the-harmony\/#breadcrumb"},"inLanguage":"en-US","potentialAction":[{"@type":"ReadAction","target":["https:\/\/dongsonartisanat.vn\/san-pham\/khung-tranh-the-harmony\/"]}]},{"@type":"ImageObject","inLanguage":"en-US","@id":"https:\/\/dongsonartisanat.vn\/san-pham\/khung-tranh-the-harmony\/#primaryimage","url":"https:\/\/dongsonartisanat.vn\/wp-content\/uploads\/2025\/08\/khung-1.png","contentUrl":"https:\/\/dongsonartisanat.vn\/wp-content\/uploads\/2025\/08\/khung-1.png","width":1920,"height":1920,"caption":"Khung tranh Metalix"},{"@type":"BreadcrumbList","@id":"https:\/\/dongsonartisanat.vn\/san-pham\/khung-tranh-the-harmony\/#breadcrumb","itemListElement":[{"@type":"ListItem","position":1,"name":"Home","item":"https:\/\/dongsonartisanat.vn\/"},{"@type":"ListItem","position":2,"name":"S\u1ea3n ph\u1ea9m","item":"https:\/\/dongsonartisanat.vn\/san-pham\/"},{"@type":"ListItem","position":3,"name":"Khung tranh The Harmony"}]},{"@type":"WebSite","@id":"https:\/\/dongsonartisanat.vn\/#website","url":"https:\/\/dongsonartisanat.vn\/","name":"Dongson Artisanat","description":"","publisher":{"@id":"https:\/\/dongsonartisanat.vn\/#organization"},"potentialAction":[{"@type":"SearchAction","target":{"@type":"EntryPoint","urlTemplate":"https:\/\/dongsonartisanat.vn\/?s={search_term_string}"},"query-input":{"@type":"PropertyValueSpecification","valueRequired":true,"valueName":"search_term_string"}}],"inLanguage":"en-US"},{"@type":"Organization","@id":"https:\/\/dongsonartisanat.vn\/#organization","name":"Dongson Artisanat","url":"https:\/\/dongsonartisanat.vn\/","logo":{"@type":"ImageObject","inLanguage":"en-US","@id":"https:\/\/dongsonartisanat.vn\/#\/schema\/logo\/image\/","url":"https:\/\/dongsonartisanat.vn\/wp-content\/uploads\/2025\/06\/dong-son-logo.png","contentUrl":"https:\/\/dongsonartisanat.vn\/wp-content\/uploads\/2025\/06\/dong-son-logo.png","width":824,"height":734,"caption":"Dongson Artisanat"},"image":{"@id":"https:\/\/dongsonartisanat.vn\/#\/schema\/logo\/image\/"}}]}},"_links":{"self":[{"href":"https:\/\/dongsonartisanat.vn\/en\/wp-json\/wp\/v2\/product\/2888","targetHints":{"allow":["GET"]}}],"collection":[{"href":"https:\/\/dongsonartisanat.vn\/en\/wp-json\/wp\/v2\/product"}],"about":[{"href":"https:\/\/dongsonartisanat.vn\/en\/wp-json\/wp\/v2\/types\/product"}],"replies":[{"embeddable":true,"href":"https:\/\/dongsonartisanat.vn\/en\/wp-json\/wp\/v2\/comments?post=2888"}],"wp:featuredmedia":[{"embeddable":true,"href":"https:\/\/dongsonartisanat.vn\/en\/wp-json\/wp\/v2\/media\/2889"}],"wp:attachment":[{"href":"https:\/\/dongsonartisanat.vn\/en\/wp-json\/wp\/v2\/media?parent=2888"}],"wp:term":[{"taxonomy":"product_brand","embeddable":true,"href":"https:\/\/dongsonartisanat.vn\/en\/wp-json\/wp\/v2\/product_brand?post=2888"},{"taxonomy":"product_cat","embeddable":true,"href":"https:\/\/dongsonartisanat.vn\/en\/wp-json\/wp\/v2\/product_cat?post=2888"},{"taxonomy":"product_tag","embeddable":true,"href":"https:\/\/dongsonartisanat.vn\/en\/wp-json\/wp\/v2\/product_tag?post=2888"}],"curies":[{"name":"wp","href":"https:\/\/api.w.org\/{rel}","templated":true}]}}