{"id":2892,"date":"2025-08-28T15:16:57","date_gmt":"2025-08-28T08:16:57","guid":{"rendered":"https:\/\/dongsonartisanat.vn\/?post_type=product&#038;p=2892"},"modified":"2026-04-08T10:03:24","modified_gmt":"2026-04-08T03:03:24","slug":"khung-tranh-the-essence","status":"publish","type":"product","link":"https:\/\/dongsonartisanat.vn\/en\/product\/khung-tranh-the-essence\/","title":{"rendered":"The Essence picture frame"},"content":{"rendered":"<div class=\"x14z9mp xat24cr x1lziwak x1vvkbs xtlvy1s x126k92a\">\n<div dir=\"auto\">\n<div class=\"x14z9mp xat24cr x1lziwak x1vvkbs xtlvy1s x126k92a\">\n<div dir=\"auto\">The Metalix picture frame is a standard display system featuring a deep bronze metal frame, an open structure, and sleek support bars. Everything is designed to position the artwork at the perfect eye level, under optimal lighting, highlighting its essence without ostentation quiet yet profound.<\/div>\n<\/div>\n<\/div>\n<\/div>","protected":false},"excerpt":{"rendered":"<p>The Metalix picture frame is a standard display system featuring a deep bronze metal frame, an open structure, and sleek support bars. Everything is designed to position the artwork at the perfect eye level, under optimal lighting, highlighting its essence without ostentation quiet yet profound.<\/p>","protected":false},"featured_media":2895,"comment_status":"open","ping_status":"closed","template":"","meta":{"inline_featured_image":false},"product_brand":[],"product_cat":[94,142,143],"product_tag":[],"class_list":{"0":"post-2892","1":"product","2":"type-product","3":"status-publish","4":"has-post-thumbnail","6":"product_cat-gallery-art","7":"product_cat-khung-tranh","8":"product_cat-khung-tranh-metalix","10":"first","11":"instock","12":"shipping-taxable","13":"purchasable","14":"product-type-simple"},"acf":[],"yoast_head":"<!-- This site is optimized with the Yoast SEO Premium plugin v24.8 (Yoast SEO v24.8) - https:\/\/yoast.com\/wordpress\/plugins\/seo\/ -->\n<title>Khung tranh The Essence - Dongson Artisanat<\/title>\n<meta name=\"robots\" content=\"index, follow, max-snippet:-1, max-image-preview:large, max-video-preview:-1\" \/>\n<link rel=\"canonical\" href=\"https:\/\/dongsonartisanat.vn\/en\/product\/khung-tranh-the-essence\/\" \/>\n<meta property=\"og:locale\" content=\"en_US\" \/>\n<meta property=\"og:type\" content=\"article\" \/>\n<meta property=\"og:title\" content=\"Khung tranh The Essence\" \/>\n<meta property=\"og:description\" content=\"Khung tranh Metalix l\u00e0 m\u1ed9t h\u1ec7 tr\u01b0ng b\u00e0y chu\u1ea9n m\u1ef1c v\u1edbi khung kim lo\u1ea1i \u00e1nh \u0111\u1ed3ng tr\u1ea7m t\u0129nh, c\u1ea5u tr\u00fac m\u1edf v\u00e0 thanh \u0111\u1ee1 nh\u1ecf tinh g\u1ecdn. T\u1ea5t c\u1ea3 \u0111\u01b0\u1ee3c thi\u1ebft k\u1ebf \u0111\u1ec3 b\u1ee9c tranh \u0111\u01b0\u1ee3c \u0111\u1eb7t \u0111\u00fang t\u1ea7m nh\u00ecn, \u0111\u00fang \u00e1nh s\u00e1ng, \u0111\u00fang tinh th\u1ea7n n\u1ed5i b\u1eadt nh\u01b0ng kh\u00f4ng ph\u00f4 tr\u01b0\u01a1ng, l\u1eb7ng l\u1ebd nh\u01b0ng c\u00f3 chi\u1ec1u s\u00e2u.\" \/>\n<meta property=\"og:url\" content=\"https:\/\/dongsonartisanat.vn\/en\/product\/khung-tranh-the-essence\/\" \/>\n<meta property=\"og:site_name\" content=\"Dongson Artisanat\" \/>\n<meta property=\"article:modified_time\" content=\"2026-04-08T03:03:24+00:00\" \/>\n<meta property=\"og:image\" content=\"https:\/\/dongsonartisanat.vn\/wp-content\/uploads\/2025\/08\/LLL4-1024x1024.png\" \/>\n\t<meta property=\"og:image:width\" content=\"1024\" \/>\n\t<meta property=\"og:image:height\" content=\"1024\" \/>\n\t<meta property=\"og:image:type\" content=\"image\/png\" \/>\n<meta name=\"twitter:card\" content=\"summary_large_image\" \/>\n<meta name=\"twitter:label1\" content=\"Est. reading time\" \/>\n\t<meta name=\"twitter:data1\" content=\"1 minute\" \/>\n<script type=\"application\/ld+json\" class=\"yoast-schema-graph\">{\"@context\":\"https:\/\/schema.org\",\"@graph\":[{\"@type\":\"WebPage\",\"@id\":\"https:\/\/dongsonartisanat.vn\/san-pham\/khung-tranh-the-essence\/\",\"url\":\"https:\/\/dongsonartisanat.vn\/san-pham\/khung-tranh-the-essence\/\",\"name\":\"Khung tranh The Essence - Dongson Artisanat\",\"isPartOf\":{\"@id\":\"https:\/\/dongsonartisanat.vn\/#website\"},\"primaryImageOfPage\":{\"@id\":\"https:\/\/dongsonartisanat.vn\/san-pham\/khung-tranh-the-essence\/#primaryimage\"},\"image\":{\"@id\":\"https:\/\/dongsonartisanat.vn\/san-pham\/khung-tranh-the-essence\/#primaryimage\"},\"thumbnailUrl\":\"https:\/\/dongsonartisanat.vn\/wp-content\/uploads\/2025\/08\/LLL4.png\",\"datePublished\":\"2025-08-28T08:16:57+00:00\",\"dateModified\":\"2026-04-08T03:03:24+00:00\",\"breadcrumb\":{\"@id\":\"https:\/\/dongsonartisanat.vn\/san-pham\/khung-tranh-the-essence\/#breadcrumb\"},\"inLanguage\":\"en-US\",\"potentialAction\":[{\"@type\":\"ReadAction\",\"target\":[\"https:\/\/dongsonartisanat.vn\/san-pham\/khung-tranh-the-essence\/\"]}]},{\"@type\":\"ImageObject\",\"inLanguage\":\"en-US\",\"@id\":\"https:\/\/dongsonartisanat.vn\/san-pham\/khung-tranh-the-essence\/#primaryimage\",\"url\":\"https:\/\/dongsonartisanat.vn\/wp-content\/uploads\/2025\/08\/LLL4.png\",\"contentUrl\":\"https:\/\/dongsonartisanat.vn\/wp-content\/uploads\/2025\/08\/LLL4.png\",\"width\":1920,\"height\":1920,\"caption\":\"Khung tranh Metalix\"},{\"@type\":\"BreadcrumbList\",\"@id\":\"https:\/\/dongsonartisanat.vn\/san-pham\/khung-tranh-the-essence\/#breadcrumb\",\"itemListElement\":[{\"@type\":\"ListItem\",\"position\":1,\"name\":\"Home\",\"item\":\"https:\/\/dongsonartisanat.vn\/\"},{\"@type\":\"ListItem\",\"position\":2,\"name\":\"S\u1ea3n ph\u1ea9m\",\"item\":\"https:\/\/dongsonartisanat.vn\/san-pham\/\"},{\"@type\":\"ListItem\",\"position\":3,\"name\":\"Khung tranh The Essence\"}]},{\"@type\":\"WebSite\",\"@id\":\"https:\/\/dongsonartisanat.vn\/#website\",\"url\":\"https:\/\/dongsonartisanat.vn\/\",\"name\":\"Dongson Artisanat\",\"description\":\"\",\"publisher\":{\"@id\":\"https:\/\/dongsonartisanat.vn\/#organization\"},\"potentialAction\":[{\"@type\":\"SearchAction\",\"target\":{\"@type\":\"EntryPoint\",\"urlTemplate\":\"https:\/\/dongsonartisanat.vn\/?s={search_term_string}\"},\"query-input\":{\"@type\":\"PropertyValueSpecification\",\"valueRequired\":true,\"valueName\":\"search_term_string\"}}],\"inLanguage\":\"en-US\"},{\"@type\":\"Organization\",\"@id\":\"https:\/\/dongsonartisanat.vn\/#organization\",\"name\":\"Dongson Artisanat\",\"url\":\"https:\/\/dongsonartisanat.vn\/\",\"logo\":{\"@type\":\"ImageObject\",\"inLanguage\":\"en-US\",\"@id\":\"https:\/\/dongsonartisanat.vn\/#\/schema\/logo\/image\/\",\"url\":\"https:\/\/dongsonartisanat.vn\/wp-content\/uploads\/2025\/06\/dong-son-logo.png\",\"contentUrl\":\"https:\/\/dongsonartisanat.vn\/wp-content\/uploads\/2025\/06\/dong-son-logo.png\",\"width\":824,\"height\":734,\"caption\":\"Dongson Artisanat\"},\"image\":{\"@id\":\"https:\/\/dongsonartisanat.vn\/#\/schema\/logo\/image\/\"}}]}<\/script>\n<!-- \/ Yoast SEO Premium plugin. -->","yoast_head_json":{"title":"Khung tranh The Essence - Dongson Artisanat","robots":{"index":"index","follow":"follow","max-snippet":"max-snippet:-1","max-image-preview":"max-image-preview:large","max-video-preview":"max-video-preview:-1"},"canonical":"https:\/\/dongsonartisanat.vn\/en\/product\/khung-tranh-the-essence\/","og_locale":"en_US","og_type":"article","og_title":"Khung tranh The Essence","og_description":"Khung tranh Metalix l\u00e0 m\u1ed9t h\u1ec7 tr\u01b0ng b\u00e0y chu\u1ea9n m\u1ef1c v\u1edbi khung kim lo\u1ea1i \u00e1nh \u0111\u1ed3ng tr\u1ea7m t\u0129nh, c\u1ea5u tr\u00fac m\u1edf v\u00e0 thanh \u0111\u1ee1 nh\u1ecf tinh g\u1ecdn. T\u1ea5t c\u1ea3 \u0111\u01b0\u1ee3c thi\u1ebft k\u1ebf \u0111\u1ec3 b\u1ee9c tranh \u0111\u01b0\u1ee3c \u0111\u1eb7t \u0111\u00fang t\u1ea7m nh\u00ecn, \u0111\u00fang \u00e1nh s\u00e1ng, \u0111\u00fang tinh th\u1ea7n n\u1ed5i b\u1eadt nh\u01b0ng kh\u00f4ng ph\u00f4 tr\u01b0\u01a1ng, l\u1eb7ng l\u1ebd nh\u01b0ng c\u00f3 chi\u1ec1u s\u00e2u.","og_url":"https:\/\/dongsonartisanat.vn\/en\/product\/khung-tranh-the-essence\/","og_site_name":"Dongson Artisanat","article_modified_time":"2026-04-08T03:03:24+00:00","og_image":[{"width":1024,"height":1024,"url":"https:\/\/dongsonartisanat.vn\/wp-content\/uploads\/2025\/08\/LLL4-1024x1024.png","type":"image\/png"}],"twitter_card":"summary_large_image","twitter_misc":{"Est. reading time":"1 minute"},"schema":{"@context":"https:\/\/schema.org","@graph":[{"@type":"WebPage","@id":"https:\/\/dongsonartisanat.vn\/san-pham\/khung-tranh-the-essence\/","url":"https:\/\/dongsonartisanat.vn\/san-pham\/khung-tranh-the-essence\/","name":"Khung tranh The Essence - Dongson Artisanat","isPartOf":{"@id":"https:\/\/dongsonartisanat.vn\/#website"},"primaryImageOfPage":{"@id":"https:\/\/dongsonartisanat.vn\/san-pham\/khung-tranh-the-essence\/#primaryimage"},"image":{"@id":"https:\/\/dongsonartisanat.vn\/san-pham\/khung-tranh-the-essence\/#primaryimage"},"thumbnailUrl":"https:\/\/dongsonartisanat.vn\/wp-content\/uploads\/2025\/08\/LLL4.png","datePublished":"2025-08-28T08:16:57+00:00","dateModified":"2026-04-08T03:03:24+00:00","breadcrumb":{"@id":"https:\/\/dongsonartisanat.vn\/san-pham\/khung-tranh-the-essence\/#breadcrumb"},"inLanguage":"en-US","potentialAction":[{"@type":"ReadAction","target":["https:\/\/dongsonartisanat.vn\/san-pham\/khung-tranh-the-essence\/"]}]},{"@type":"ImageObject","inLanguage":"en-US","@id":"https:\/\/dongsonartisanat.vn\/san-pham\/khung-tranh-the-essence\/#primaryimage","url":"https:\/\/dongsonartisanat.vn\/wp-content\/uploads\/2025\/08\/LLL4.png","contentUrl":"https:\/\/dongsonartisanat.vn\/wp-content\/uploads\/2025\/08\/LLL4.png","width":1920,"height":1920,"caption":"Khung tranh Metalix"},{"@type":"BreadcrumbList","@id":"https:\/\/dongsonartisanat.vn\/san-pham\/khung-tranh-the-essence\/#breadcrumb","itemListElement":[{"@type":"ListItem","position":1,"name":"Home","item":"https:\/\/dongsonartisanat.vn\/"},{"@type":"ListItem","position":2,"name":"S\u1ea3n ph\u1ea9m","item":"https:\/\/dongsonartisanat.vn\/san-pham\/"},{"@type":"ListItem","position":3,"name":"Khung tranh The Essence"}]},{"@type":"WebSite","@id":"https:\/\/dongsonartisanat.vn\/#website","url":"https:\/\/dongsonartisanat.vn\/","name":"Dongson Artisanat","description":"","publisher":{"@id":"https:\/\/dongsonartisanat.vn\/#organization"},"potentialAction":[{"@type":"SearchAction","target":{"@type":"EntryPoint","urlTemplate":"https:\/\/dongsonartisanat.vn\/?s={search_term_string}"},"query-input":{"@type":"PropertyValueSpecification","valueRequired":true,"valueName":"search_term_string"}}],"inLanguage":"en-US"},{"@type":"Organization","@id":"https:\/\/dongsonartisanat.vn\/#organization","name":"Dongson Artisanat","url":"https:\/\/dongsonartisanat.vn\/","logo":{"@type":"ImageObject","inLanguage":"en-US","@id":"https:\/\/dongsonartisanat.vn\/#\/schema\/logo\/image\/","url":"https:\/\/dongsonartisanat.vn\/wp-content\/uploads\/2025\/06\/dong-son-logo.png","contentUrl":"https:\/\/dongsonartisanat.vn\/wp-content\/uploads\/2025\/06\/dong-son-logo.png","width":824,"height":734,"caption":"Dongson Artisanat"},"image":{"@id":"https:\/\/dongsonartisanat.vn\/#\/schema\/logo\/image\/"}}]}},"_links":{"self":[{"href":"https:\/\/dongsonartisanat.vn\/en\/wp-json\/wp\/v2\/product\/2892","targetHints":{"allow":["GET"]}}],"collection":[{"href":"https:\/\/dongsonartisanat.vn\/en\/wp-json\/wp\/v2\/product"}],"about":[{"href":"https:\/\/dongsonartisanat.vn\/en\/wp-json\/wp\/v2\/types\/product"}],"replies":[{"embeddable":true,"href":"https:\/\/dongsonartisanat.vn\/en\/wp-json\/wp\/v2\/comments?post=2892"}],"wp:featuredmedia":[{"embeddable":true,"href":"https:\/\/dongsonartisanat.vn\/en\/wp-json\/wp\/v2\/media\/2895"}],"wp:attachment":[{"href":"https:\/\/dongsonartisanat.vn\/en\/wp-json\/wp\/v2\/media?parent=2892"}],"wp:term":[{"taxonomy":"product_brand","embeddable":true,"href":"https:\/\/dongsonartisanat.vn\/en\/wp-json\/wp\/v2\/product_brand?post=2892"},{"taxonomy":"product_cat","embeddable":true,"href":"https:\/\/dongsonartisanat.vn\/en\/wp-json\/wp\/v2\/product_cat?post=2892"},{"taxonomy":"product_tag","embeddable":true,"href":"https:\/\/dongsonartisanat.vn\/en\/wp-json\/wp\/v2\/product_tag?post=2892"}],"curies":[{"name":"wp","href":"https:\/\/api.w.org\/{rel}","templated":true}]}}