{"id":2897,"date":"2025-08-28T15:29:46","date_gmt":"2025-08-28T08:29:46","guid":{"rendered":"https:\/\/dongsonartisanat.vn\/?post_type=product&#038;p=2897"},"modified":"2026-04-08T10:03:57","modified_gmt":"2026-04-08T03:03:57","slug":"khung-tranh-the-timeless","status":"publish","type":"product","link":"https:\/\/dongsonartisanat.vn\/en\/product\/khung-tranh-the-timeless\/","title":{"rendered":"The Timeless picture frame"},"content":{"rendered":"<div class=\"x14z9mp xat24cr x1lziwak x1vvkbs xtlvy1s x126k92a\">\n<div dir=\"auto\">\n<div class=\"x14z9mp xat24cr x1lziwak x1vvkbs xtlvy1s x126k92a\">\n<div dir=\"auto\">Khung tranh kim lo\u1ea1i \u0111\u01b0\u1ee3c thi\u1ebft k\u1ebf \u0111\u1ec3 kh\u00f4ng l\u1ea5n \u00e1t, nh\u01b0ng \u0111\u1ee7 ch\u00ednh x\u00e1c \u0111\u1ec3 gi\u1eef m\u1ecdi th\u1ee9 \u1edf v\u1ecb tr\u00ed x\u1ee9ng \u0111\u00e1ng. T\u1eebng \u0111\u01b0\u1eddng vi\u1ec1n, t\u1eebng g\u00f3c bo, t\u1eebng \u0111i\u1ec3m treo t\u1ea5t c\u1ea3 \u0111\u1ec1u ph\u1ee5c v\u1ee5 cho m\u1ed9t m\u1ee5c \u0111\u00edch: \u0111\u1ec3 c\u00e1i \u0111\u1eb9p kh\u00f4ng b\u1ecb ng\u1eaft qu\u00e3ng, \u0111\u1ec3 khi\u1ebfn gia ch\u1ee7 ti\u1ebfn g\u1ea7n, s\u1ed1ng ch\u1eadm l\u1ea1i v\u00e0 t\u1eadn h\u01b0\u1edfng nh\u1eefng m\u1ef9 c\u1ea3m l\u00e2ng l\u00e2ng \u0111ong \u0111\u1ea7y c\u1ea3m x\u00fac trong m\u1ed9t kh\u00f4ng gian ngh\u1ec7 thu\u1eadt c\u1ee7a c\u00e1 nh\u00e2n.<\/div>\n<\/div>\n<\/div>\n<\/div>","protected":false},"excerpt":{"rendered":"<p>Sometimes, what makes a work of art resonate with the viewer is not the image itself, but how it is positioned. The metal frame is designed to never overpower, yet precise enough to hold everything in its rightful place. Every edge, every rounded corner, every hanging point serves one purpose: to let beauty remain uninterrupted, allowing the owner to draw near, slow down, and savor the delicate emotions overflowing in their personal art space.<\/p>","protected":false},"featured_media":2898,"comment_status":"open","ping_status":"closed","template":"","meta":{"inline_featured_image":false},"product_brand":[],"product_cat":[94,142,143],"product_tag":[],"class_list":{"0":"post-2897","1":"product","2":"type-product","3":"status-publish","4":"has-post-thumbnail","6":"product_cat-gallery-art","7":"product_cat-khung-tranh","8":"product_cat-khung-tranh-metalix","10":"first","11":"instock","12":"shipping-taxable","13":"purchasable","14":"product-type-simple"},"acf":[],"yoast_head":"<!-- This site is optimized with the Yoast SEO Premium plugin v24.8 (Yoast SEO v24.8) - https:\/\/yoast.com\/wordpress\/plugins\/seo\/ -->\n<title>Khung tranh The Timeless - Dongson Artisanat<\/title>\n<meta name=\"robots\" content=\"index, follow, max-snippet:-1, max-image-preview:large, max-video-preview:-1\" \/>\n<link rel=\"canonical\" href=\"https:\/\/dongsonartisanat.vn\/en\/product\/khung-tranh-the-timeless\/\" \/>\n<meta property=\"og:locale\" content=\"en_US\" \/>\n<meta property=\"og:type\" content=\"article\" \/>\n<meta property=\"og:title\" content=\"Khung tranh The Timeless\" \/>\n<meta property=\"og:description\" content=\"\u0110\u00f4i khi, \u0111i\u1ec1u khi\u1ebfn m\u1ed9t t\u00e1c ph\u1ea9m ch\u1ea1m \u0111\u1ebfn ng\u01b0\u1eddi xem kh\u00f4ng n\u1eb1m \u1edf h\u00ecnh \u1ea3nh m\u00e0 \u1edf c\u00e1ch n\u00f3 \u0111\u01b0\u1ee3c \u0111\u1eb7t \u0111\u1ec3. Khung tranh kim lo\u1ea1i \u0111\u01b0\u1ee3c thi\u1ebft k\u1ebf \u0111\u1ec3 kh\u00f4ng l\u1ea5n \u00e1t, nh\u01b0ng \u0111\u1ee7 ch\u00ednh x\u00e1c \u0111\u1ec3 gi\u1eef m\u1ecdi th\u1ee9 \u1edf v\u1ecb tr\u00ed x\u1ee9ng \u0111\u00e1ng. T\u1eebng \u0111\u01b0\u1eddng vi\u1ec1n, t\u1eebng g\u00f3c bo, t\u1eebng \u0111i\u1ec3m treo t\u1ea5t c\u1ea3 \u0111\u1ec1u ph\u1ee5c v\u1ee5 cho m\u1ed9t m\u1ee5c \u0111\u00edch: \u0111\u1ec3 c\u00e1i \u0111\u1eb9p kh\u00f4ng b\u1ecb ng\u1eaft qu\u00e3ng, \u0111\u1ec3 khi\u1ebfn gia ch\u1ee7 ti\u1ebfn g\u1ea7n, s\u1ed1ng ch\u1eadm l\u1ea1i v\u00e0 t\u1eadn h\u01b0\u1edfng nh\u1eefng m\u1ef9 c\u1ea3m l\u00e2ng l\u00e2ng \u0111ong \u0111\u1ea7y c\u1ea3m x\u00fac trong m\u1ed9t kh\u00f4ng gian ngh\u1ec7 thu\u1eadt c\u1ee7a c\u00e1 nh\u00e2n.\" \/>\n<meta property=\"og:url\" content=\"https:\/\/dongsonartisanat.vn\/en\/product\/khung-tranh-the-timeless\/\" \/>\n<meta property=\"og:site_name\" content=\"Dongson Artisanat\" \/>\n<meta property=\"article:modified_time\" content=\"2026-04-08T03:03:57+00:00\" \/>\n<meta property=\"og:image\" content=\"https:\/\/dongsonartisanat.vn\/wp-content\/uploads\/2025\/08\/A1-1024x1024.png\" \/>\n\t<meta property=\"og:image:width\" content=\"1024\" \/>\n\t<meta property=\"og:image:height\" content=\"1024\" \/>\n\t<meta property=\"og:image:type\" content=\"image\/png\" \/>\n<meta name=\"twitter:card\" content=\"summary_large_image\" \/>\n<meta name=\"twitter:label1\" content=\"Est. reading time\" \/>\n\t<meta name=\"twitter:data1\" content=\"1 minute\" \/>\n<script type=\"application\/ld+json\" class=\"yoast-schema-graph\">{\"@context\":\"https:\/\/schema.org\",\"@graph\":[{\"@type\":\"WebPage\",\"@id\":\"https:\/\/dongsonartisanat.vn\/san-pham\/khung-tranh-the-timeless\/\",\"url\":\"https:\/\/dongsonartisanat.vn\/san-pham\/khung-tranh-the-timeless\/\",\"name\":\"Khung tranh The Timeless - Dongson Artisanat\",\"isPartOf\":{\"@id\":\"https:\/\/dongsonartisanat.vn\/#website\"},\"primaryImageOfPage\":{\"@id\":\"https:\/\/dongsonartisanat.vn\/san-pham\/khung-tranh-the-timeless\/#primaryimage\"},\"image\":{\"@id\":\"https:\/\/dongsonartisanat.vn\/san-pham\/khung-tranh-the-timeless\/#primaryimage\"},\"thumbnailUrl\":\"https:\/\/dongsonartisanat.vn\/wp-content\/uploads\/2025\/08\/A1.png\",\"datePublished\":\"2025-08-28T08:29:46+00:00\",\"dateModified\":\"2026-04-08T03:03:57+00:00\",\"breadcrumb\":{\"@id\":\"https:\/\/dongsonartisanat.vn\/san-pham\/khung-tranh-the-timeless\/#breadcrumb\"},\"inLanguage\":\"en-US\",\"potentialAction\":[{\"@type\":\"ReadAction\",\"target\":[\"https:\/\/dongsonartisanat.vn\/san-pham\/khung-tranh-the-timeless\/\"]}]},{\"@type\":\"ImageObject\",\"inLanguage\":\"en-US\",\"@id\":\"https:\/\/dongsonartisanat.vn\/san-pham\/khung-tranh-the-timeless\/#primaryimage\",\"url\":\"https:\/\/dongsonartisanat.vn\/wp-content\/uploads\/2025\/08\/A1.png\",\"contentUrl\":\"https:\/\/dongsonartisanat.vn\/wp-content\/uploads\/2025\/08\/A1.png\",\"width\":1920,\"height\":1920,\"caption\":\"Khung tranh Metalix\"},{\"@type\":\"BreadcrumbList\",\"@id\":\"https:\/\/dongsonartisanat.vn\/san-pham\/khung-tranh-the-timeless\/#breadcrumb\",\"itemListElement\":[{\"@type\":\"ListItem\",\"position\":1,\"name\":\"Home\",\"item\":\"https:\/\/dongsonartisanat.vn\/\"},{\"@type\":\"ListItem\",\"position\":2,\"name\":\"S\u1ea3n ph\u1ea9m\",\"item\":\"https:\/\/dongsonartisanat.vn\/san-pham\/\"},{\"@type\":\"ListItem\",\"position\":3,\"name\":\"Khung tranh The Timeless\"}]},{\"@type\":\"WebSite\",\"@id\":\"https:\/\/dongsonartisanat.vn\/#website\",\"url\":\"https:\/\/dongsonartisanat.vn\/\",\"name\":\"Dongson Artisanat\",\"description\":\"\",\"publisher\":{\"@id\":\"https:\/\/dongsonartisanat.vn\/#organization\"},\"potentialAction\":[{\"@type\":\"SearchAction\",\"target\":{\"@type\":\"EntryPoint\",\"urlTemplate\":\"https:\/\/dongsonartisanat.vn\/?s={search_term_string}\"},\"query-input\":{\"@type\":\"PropertyValueSpecification\",\"valueRequired\":true,\"valueName\":\"search_term_string\"}}],\"inLanguage\":\"en-US\"},{\"@type\":\"Organization\",\"@id\":\"https:\/\/dongsonartisanat.vn\/#organization\",\"name\":\"Dongson Artisanat\",\"url\":\"https:\/\/dongsonartisanat.vn\/\",\"logo\":{\"@type\":\"ImageObject\",\"inLanguage\":\"en-US\",\"@id\":\"https:\/\/dongsonartisanat.vn\/#\/schema\/logo\/image\/\",\"url\":\"https:\/\/dongsonartisanat.vn\/wp-content\/uploads\/2025\/06\/dong-son-logo.png\",\"contentUrl\":\"https:\/\/dongsonartisanat.vn\/wp-content\/uploads\/2025\/06\/dong-son-logo.png\",\"width\":824,\"height\":734,\"caption\":\"Dongson Artisanat\"},\"image\":{\"@id\":\"https:\/\/dongsonartisanat.vn\/#\/schema\/logo\/image\/\"}}]}<\/script>\n<!-- \/ Yoast SEO Premium plugin. -->","yoast_head_json":{"title":"Khung tranh The Timeless - Dongson Artisanat","robots":{"index":"index","follow":"follow","max-snippet":"max-snippet:-1","max-image-preview":"max-image-preview:large","max-video-preview":"max-video-preview:-1"},"canonical":"https:\/\/dongsonartisanat.vn\/en\/product\/khung-tranh-the-timeless\/","og_locale":"en_US","og_type":"article","og_title":"Khung tranh The Timeless","og_description":"\u0110\u00f4i khi, \u0111i\u1ec1u khi\u1ebfn m\u1ed9t t\u00e1c ph\u1ea9m ch\u1ea1m \u0111\u1ebfn ng\u01b0\u1eddi xem kh\u00f4ng n\u1eb1m \u1edf h\u00ecnh \u1ea3nh m\u00e0 \u1edf c\u00e1ch n\u00f3 \u0111\u01b0\u1ee3c \u0111\u1eb7t \u0111\u1ec3. Khung tranh kim lo\u1ea1i \u0111\u01b0\u1ee3c thi\u1ebft k\u1ebf \u0111\u1ec3 kh\u00f4ng l\u1ea5n \u00e1t, nh\u01b0ng \u0111\u1ee7 ch\u00ednh x\u00e1c \u0111\u1ec3 gi\u1eef m\u1ecdi th\u1ee9 \u1edf v\u1ecb tr\u00ed x\u1ee9ng \u0111\u00e1ng. T\u1eebng \u0111\u01b0\u1eddng vi\u1ec1n, t\u1eebng g\u00f3c bo, t\u1eebng \u0111i\u1ec3m treo t\u1ea5t c\u1ea3 \u0111\u1ec1u ph\u1ee5c v\u1ee5 cho m\u1ed9t m\u1ee5c \u0111\u00edch: \u0111\u1ec3 c\u00e1i \u0111\u1eb9p kh\u00f4ng b\u1ecb ng\u1eaft qu\u00e3ng, \u0111\u1ec3 khi\u1ebfn gia ch\u1ee7 ti\u1ebfn g\u1ea7n, s\u1ed1ng ch\u1eadm l\u1ea1i v\u00e0 t\u1eadn h\u01b0\u1edfng nh\u1eefng m\u1ef9 c\u1ea3m l\u00e2ng l\u00e2ng \u0111ong \u0111\u1ea7y c\u1ea3m x\u00fac trong m\u1ed9t kh\u00f4ng gian ngh\u1ec7 thu\u1eadt c\u1ee7a c\u00e1 nh\u00e2n.","og_url":"https:\/\/dongsonartisanat.vn\/en\/product\/khung-tranh-the-timeless\/","og_site_name":"Dongson Artisanat","article_modified_time":"2026-04-08T03:03:57+00:00","og_image":[{"width":1024,"height":1024,"url":"https:\/\/dongsonartisanat.vn\/wp-content\/uploads\/2025\/08\/A1-1024x1024.png","type":"image\/png"}],"twitter_card":"summary_large_image","twitter_misc":{"Est. reading time":"1 minute"},"schema":{"@context":"https:\/\/schema.org","@graph":[{"@type":"WebPage","@id":"https:\/\/dongsonartisanat.vn\/san-pham\/khung-tranh-the-timeless\/","url":"https:\/\/dongsonartisanat.vn\/san-pham\/khung-tranh-the-timeless\/","name":"Khung tranh The Timeless - Dongson Artisanat","isPartOf":{"@id":"https:\/\/dongsonartisanat.vn\/#website"},"primaryImageOfPage":{"@id":"https:\/\/dongsonartisanat.vn\/san-pham\/khung-tranh-the-timeless\/#primaryimage"},"image":{"@id":"https:\/\/dongsonartisanat.vn\/san-pham\/khung-tranh-the-timeless\/#primaryimage"},"thumbnailUrl":"https:\/\/dongsonartisanat.vn\/wp-content\/uploads\/2025\/08\/A1.png","datePublished":"2025-08-28T08:29:46+00:00","dateModified":"2026-04-08T03:03:57+00:00","breadcrumb":{"@id":"https:\/\/dongsonartisanat.vn\/san-pham\/khung-tranh-the-timeless\/#breadcrumb"},"inLanguage":"en-US","potentialAction":[{"@type":"ReadAction","target":["https:\/\/dongsonartisanat.vn\/san-pham\/khung-tranh-the-timeless\/"]}]},{"@type":"ImageObject","inLanguage":"en-US","@id":"https:\/\/dongsonartisanat.vn\/san-pham\/khung-tranh-the-timeless\/#primaryimage","url":"https:\/\/dongsonartisanat.vn\/wp-content\/uploads\/2025\/08\/A1.png","contentUrl":"https:\/\/dongsonartisanat.vn\/wp-content\/uploads\/2025\/08\/A1.png","width":1920,"height":1920,"caption":"Khung tranh Metalix"},{"@type":"BreadcrumbList","@id":"https:\/\/dongsonartisanat.vn\/san-pham\/khung-tranh-the-timeless\/#breadcrumb","itemListElement":[{"@type":"ListItem","position":1,"name":"Home","item":"https:\/\/dongsonartisanat.vn\/"},{"@type":"ListItem","position":2,"name":"S\u1ea3n ph\u1ea9m","item":"https:\/\/dongsonartisanat.vn\/san-pham\/"},{"@type":"ListItem","position":3,"name":"Khung tranh The Timeless"}]},{"@type":"WebSite","@id":"https:\/\/dongsonartisanat.vn\/#website","url":"https:\/\/dongsonartisanat.vn\/","name":"Dongson Artisanat","description":"","publisher":{"@id":"https:\/\/dongsonartisanat.vn\/#organization"},"potentialAction":[{"@type":"SearchAction","target":{"@type":"EntryPoint","urlTemplate":"https:\/\/dongsonartisanat.vn\/?s={search_term_string}"},"query-input":{"@type":"PropertyValueSpecification","valueRequired":true,"valueName":"search_term_string"}}],"inLanguage":"en-US"},{"@type":"Organization","@id":"https:\/\/dongsonartisanat.vn\/#organization","name":"Dongson Artisanat","url":"https:\/\/dongsonartisanat.vn\/","logo":{"@type":"ImageObject","inLanguage":"en-US","@id":"https:\/\/dongsonartisanat.vn\/#\/schema\/logo\/image\/","url":"https:\/\/dongsonartisanat.vn\/wp-content\/uploads\/2025\/06\/dong-son-logo.png","contentUrl":"https:\/\/dongsonartisanat.vn\/wp-content\/uploads\/2025\/06\/dong-son-logo.png","width":824,"height":734,"caption":"Dongson Artisanat"},"image":{"@id":"https:\/\/dongsonartisanat.vn\/#\/schema\/logo\/image\/"}}]}},"_links":{"self":[{"href":"https:\/\/dongsonartisanat.vn\/en\/wp-json\/wp\/v2\/product\/2897","targetHints":{"allow":["GET"]}}],"collection":[{"href":"https:\/\/dongsonartisanat.vn\/en\/wp-json\/wp\/v2\/product"}],"about":[{"href":"https:\/\/dongsonartisanat.vn\/en\/wp-json\/wp\/v2\/types\/product"}],"replies":[{"embeddable":true,"href":"https:\/\/dongsonartisanat.vn\/en\/wp-json\/wp\/v2\/comments?post=2897"}],"wp:featuredmedia":[{"embeddable":true,"href":"https:\/\/dongsonartisanat.vn\/en\/wp-json\/wp\/v2\/media\/2898"}],"wp:attachment":[{"href":"https:\/\/dongsonartisanat.vn\/en\/wp-json\/wp\/v2\/media?parent=2897"}],"wp:term":[{"taxonomy":"product_brand","embeddable":true,"href":"https:\/\/dongsonartisanat.vn\/en\/wp-json\/wp\/v2\/product_brand?post=2897"},{"taxonomy":"product_cat","embeddable":true,"href":"https:\/\/dongsonartisanat.vn\/en\/wp-json\/wp\/v2\/product_cat?post=2897"},{"taxonomy":"product_tag","embeddable":true,"href":"https:\/\/dongsonartisanat.vn\/en\/wp-json\/wp\/v2\/product_tag?post=2897"}],"curies":[{"name":"wp","href":"https:\/\/api.w.org\/{rel}","templated":true}]}}