{"id":3001,"date":"2025-09-12T10:34:42","date_gmt":"2025-09-12T03:34:42","guid":{"rendered":"https:\/\/dongsonartisanat.vn\/?post_type=product&#038;p=3001"},"modified":"2026-04-08T17:10:19","modified_gmt":"2026-04-08T10:10:19","slug":"cabinet-huyen-cac","status":"publish","type":"product","link":"https:\/\/dongsonartisanat.vn\/en\/product\/cabinet-huyen-cac\/","title":{"rendered":"Cabinet Huy\u1ec1n C\u00e1c"},"content":{"rendered":"","protected":false},"excerpt":{"rendered":"<p>Huy\u1ec1n C\u00e1c gi\u1ed1ng nh\u01b0 m\u1ed9t chi\u1ebfc h\u1ed9p ch\u1ee9a \u0111\u1ef1ng huy\u1ec1n vi, n\u01a1i c\u1ea5t gi\u1eef nh\u1eefng g\u00ec qu\u00fd gi\u00e1 nh\u1ea5t c\u1ee7a cu\u1ed9c s\u1ed1ng con ng\u01b0\u1eddi.<\/p>\n<p>H\u1ec7 khung bao b\u1eb1ng nh\u1eefng thanh kim lo\u1ea1i g\u1ee3i th\u00e2n tre t\u1ea1o c\u1ea3m gi\u00e1c v\u1eeba k\u00edn v\u1eeba m\u1edf, nh\u01b0 k\u00fd \u1ee9c l\u00fac \u0111\u00f3ng m\u1edf theo nh\u1ecbp s\u1ed1ng th\u1eddi gian. G\u1ed7, kim lo\u1ea1i v\u00e0 chi ti\u1ebft tay n\u1eafm UV Enamel g\u1eb7p nhau trong m\u1ed9t nh\u1ecbp \u0111i\u1ec7u tinh t\u1ebf, khi\u1ebfn n\u00f3 gi\u1ed1ng m\u1ed9t n\u01a1i c\u1ea5t gi\u1eef nh\u1eefng g\u00ec qu\u00fd gi\u00e1, ch\u1ee9a c\u1ea3 huy\u1ec1n vi.<\/p>\n<p>Huy\u1ec1n C\u00e1t d\u00e0nh cho nh\u1eefng kh\u00f4ng gian sang tr\u1ecdng c\u00f3 n\u1ed9i h\u00e0m, n\u01a1i m\u1ed7i m\u00f3n \u0111\u1ed3 kh\u00f4ng ch\u1ec9 \u0111\u01b0\u1ee3c s\u1eafp \u0111\u1eb7t, m\u00e0 c\u00f2n \u0111\u01b0\u1ee3c \u0111\u1ed1i x\u1eed nh\u01b0 m\u1ed9t ph\u1ea7n c\u1ee7a \u0111\u1eddi s\u1ed1ng tinh th\u1ea7n c\u1ee7a gia ch\u1ee7.<\/p>","protected":false},"featured_media":3008,"comment_status":"open","ping_status":"closed","template":"","meta":{"inline_featured_image":false},"product_brand":[],"product_cat":[139,93,140],"product_tag":[],"class_list":{"0":"post-3001","1":"product","2":"type-product","3":"status-publish","4":"has-post-thumbnail","6":"product_cat-luu-tru","7":"product_cat-san-pham-noi-that","8":"product_cat-tu","10":"first","11":"instock","12":"shipping-taxable","13":"purchasable","14":"product-type-simple"},"acf":[],"yoast_head":"<!-- This site is optimized with the Yoast SEO Premium plugin v24.8 (Yoast SEO v24.8) - https:\/\/yoast.com\/wordpress\/plugins\/seo\/ -->\n<title>Cabinet Huy\u1ec1n C\u00e1c - Dongson Artisanat<\/title>\n<meta name=\"robots\" content=\"index, follow, max-snippet:-1, max-image-preview:large, max-video-preview:-1\" \/>\n<link rel=\"canonical\" href=\"https:\/\/dongsonartisanat.vn\/en\/product\/cabinet-huyen-cac\/\" \/>\n<meta property=\"og:locale\" content=\"en_US\" \/>\n<meta property=\"og:type\" content=\"article\" \/>\n<meta property=\"og:title\" content=\"Cabinet Huy\u1ec1n C\u00e1c\" \/>\n<meta property=\"og:description\" content=\"Huy\u1ec1n C\u00e1c gi\u1ed1ng nh\u01b0 m\u1ed9t chi\u1ebfc h\u1ed9p ch\u1ee9a \u0111\u1ef1ng huy\u1ec1n vi, n\u01a1i c\u1ea5t gi\u1eef nh\u1eefng g\u00ec qu\u00fd gi\u00e1 nh\u1ea5t c\u1ee7a cu\u1ed9c s\u1ed1ng con ng\u01b0\u1eddi.  H\u1ec7 khung bao b\u1eb1ng nh\u1eefng thanh kim lo\u1ea1i g\u1ee3i th\u00e2n tre t\u1ea1o c\u1ea3m gi\u00e1c v\u1eeba k\u00edn v\u1eeba m\u1edf, nh\u01b0 k\u00fd \u1ee9c l\u00fac \u0111\u00f3ng m\u1edf theo nh\u1ecbp s\u1ed1ng th\u1eddi gian. G\u1ed7, kim lo\u1ea1i v\u00e0 chi ti\u1ebft tay n\u1eafm UV Enamel g\u1eb7p nhau trong m\u1ed9t nh\u1ecbp \u0111i\u1ec7u tinh t\u1ebf, khi\u1ebfn n\u00f3 gi\u1ed1ng m\u1ed9t n\u01a1i c\u1ea5t gi\u1eef nh\u1eefng g\u00ec qu\u00fd gi\u00e1, ch\u1ee9a c\u1ea3 huy\u1ec1n vi.  Huy\u1ec1n C\u00e1t d\u00e0nh cho nh\u1eefng kh\u00f4ng gian sang tr\u1ecdng c\u00f3 n\u1ed9i h\u00e0m, n\u01a1i m\u1ed7i m\u00f3n \u0111\u1ed3 kh\u00f4ng ch\u1ec9 \u0111\u01b0\u1ee3c s\u1eafp \u0111\u1eb7t, m\u00e0 c\u00f2n \u0111\u01b0\u1ee3c \u0111\u1ed1i x\u1eed nh\u01b0 m\u1ed9t ph\u1ea7n c\u1ee7a \u0111\u1eddi s\u1ed1ng tinh th\u1ea7n c\u1ee7a gia ch\u1ee7.\" \/>\n<meta property=\"og:url\" content=\"https:\/\/dongsonartisanat.vn\/en\/product\/cabinet-huyen-cac\/\" \/>\n<meta property=\"og:site_name\" content=\"Dongson Artisanat\" \/>\n<meta property=\"article:modified_time\" content=\"2026-04-08T10:10:19+00:00\" \/>\n<meta property=\"og:image\" content=\"https:\/\/dongsonartisanat.vn\/wp-content\/uploads\/2025\/09\/IMG_9023.jpg\" \/>\n\t<meta property=\"og:image:width\" content=\"1920\" \/>\n\t<meta property=\"og:image:height\" content=\"1920\" \/>\n\t<meta property=\"og:image:type\" content=\"image\/jpeg\" \/>\n<meta name=\"twitter:card\" content=\"summary_large_image\" \/>\n<meta name=\"twitter:label1\" content=\"Est. reading time\" \/>\n\t<meta name=\"twitter:data1\" content=\"1 minute\" \/>\n<script type=\"application\/ld+json\" class=\"yoast-schema-graph\">{\"@context\":\"https:\/\/schema.org\",\"@graph\":[{\"@type\":\"WebPage\",\"@id\":\"https:\/\/dongsonartisanat.vn\/san-pham\/cabinet-huyen-cac\/\",\"url\":\"https:\/\/dongsonartisanat.vn\/san-pham\/cabinet-huyen-cac\/\",\"name\":\"Cabinet Huy\u1ec1n C\u00e1c - Dongson Artisanat\",\"isPartOf\":{\"@id\":\"https:\/\/dongsonartisanat.vn\/#website\"},\"primaryImageOfPage\":{\"@id\":\"https:\/\/dongsonartisanat.vn\/san-pham\/cabinet-huyen-cac\/#primaryimage\"},\"image\":{\"@id\":\"https:\/\/dongsonartisanat.vn\/san-pham\/cabinet-huyen-cac\/#primaryimage\"},\"thumbnailUrl\":\"https:\/\/dongsonartisanat.vn\/wp-content\/uploads\/2025\/09\/IMG_9023.jpg\",\"datePublished\":\"2025-09-12T03:34:42+00:00\",\"dateModified\":\"2026-04-08T10:10:19+00:00\",\"breadcrumb\":{\"@id\":\"https:\/\/dongsonartisanat.vn\/san-pham\/cabinet-huyen-cac\/#breadcrumb\"},\"inLanguage\":\"en-US\",\"potentialAction\":[{\"@type\":\"ReadAction\",\"target\":[\"https:\/\/dongsonartisanat.vn\/san-pham\/cabinet-huyen-cac\/\"]}]},{\"@type\":\"ImageObject\",\"inLanguage\":\"en-US\",\"@id\":\"https:\/\/dongsonartisanat.vn\/san-pham\/cabinet-huyen-cac\/#primaryimage\",\"url\":\"https:\/\/dongsonartisanat.vn\/wp-content\/uploads\/2025\/09\/IMG_9023.jpg\",\"contentUrl\":\"https:\/\/dongsonartisanat.vn\/wp-content\/uploads\/2025\/09\/IMG_9023.jpg\",\"width\":1920,\"height\":1920,\"caption\":\"cabinet C\u1ea5t gi\u1eef\"},{\"@type\":\"BreadcrumbList\",\"@id\":\"https:\/\/dongsonartisanat.vn\/san-pham\/cabinet-huyen-cac\/#breadcrumb\",\"itemListElement\":[{\"@type\":\"ListItem\",\"position\":1,\"name\":\"Home\",\"item\":\"https:\/\/dongsonartisanat.vn\/\"},{\"@type\":\"ListItem\",\"position\":2,\"name\":\"S\u1ea3n ph\u1ea9m\",\"item\":\"https:\/\/dongsonartisanat.vn\/san-pham\/\"},{\"@type\":\"ListItem\",\"position\":3,\"name\":\"Cabinet Huy\u1ec1n C\u00e1c\"}]},{\"@type\":\"WebSite\",\"@id\":\"https:\/\/dongsonartisanat.vn\/#website\",\"url\":\"https:\/\/dongsonartisanat.vn\/\",\"name\":\"Dongson Artisanat\",\"description\":\"\",\"publisher\":{\"@id\":\"https:\/\/dongsonartisanat.vn\/#organization\"},\"potentialAction\":[{\"@type\":\"SearchAction\",\"target\":{\"@type\":\"EntryPoint\",\"urlTemplate\":\"https:\/\/dongsonartisanat.vn\/?s={search_term_string}\"},\"query-input\":{\"@type\":\"PropertyValueSpecification\",\"valueRequired\":true,\"valueName\":\"search_term_string\"}}],\"inLanguage\":\"en-US\"},{\"@type\":\"Organization\",\"@id\":\"https:\/\/dongsonartisanat.vn\/#organization\",\"name\":\"Dongson Artisanat\",\"url\":\"https:\/\/dongsonartisanat.vn\/\",\"logo\":{\"@type\":\"ImageObject\",\"inLanguage\":\"en-US\",\"@id\":\"https:\/\/dongsonartisanat.vn\/#\/schema\/logo\/image\/\",\"url\":\"https:\/\/dongsonartisanat.vn\/wp-content\/uploads\/2025\/06\/dong-son-logo.png\",\"contentUrl\":\"https:\/\/dongsonartisanat.vn\/wp-content\/uploads\/2025\/06\/dong-son-logo.png\",\"width\":824,\"height\":734,\"caption\":\"Dongson Artisanat\"},\"image\":{\"@id\":\"https:\/\/dongsonartisanat.vn\/#\/schema\/logo\/image\/\"}}]}<\/script>\n<!-- \/ Yoast SEO Premium plugin. -->","yoast_head_json":{"title":"Cabinet Huy\u1ec1n C\u00e1c - Dongson Artisanat","robots":{"index":"index","follow":"follow","max-snippet":"max-snippet:-1","max-image-preview":"max-image-preview:large","max-video-preview":"max-video-preview:-1"},"canonical":"https:\/\/dongsonartisanat.vn\/en\/product\/cabinet-huyen-cac\/","og_locale":"en_US","og_type":"article","og_title":"Cabinet Huy\u1ec1n C\u00e1c","og_description":"Huy\u1ec1n C\u00e1c gi\u1ed1ng nh\u01b0 m\u1ed9t chi\u1ebfc h\u1ed9p ch\u1ee9a \u0111\u1ef1ng huy\u1ec1n vi, n\u01a1i c\u1ea5t gi\u1eef nh\u1eefng g\u00ec qu\u00fd gi\u00e1 nh\u1ea5t c\u1ee7a cu\u1ed9c s\u1ed1ng con ng\u01b0\u1eddi.  H\u1ec7 khung bao b\u1eb1ng nh\u1eefng thanh kim lo\u1ea1i g\u1ee3i th\u00e2n tre t\u1ea1o c\u1ea3m gi\u00e1c v\u1eeba k\u00edn v\u1eeba m\u1edf, nh\u01b0 k\u00fd \u1ee9c l\u00fac \u0111\u00f3ng m\u1edf theo nh\u1ecbp s\u1ed1ng th\u1eddi gian. G\u1ed7, kim lo\u1ea1i v\u00e0 chi ti\u1ebft tay n\u1eafm UV Enamel g\u1eb7p nhau trong m\u1ed9t nh\u1ecbp \u0111i\u1ec7u tinh t\u1ebf, khi\u1ebfn n\u00f3 gi\u1ed1ng m\u1ed9t n\u01a1i c\u1ea5t gi\u1eef nh\u1eefng g\u00ec qu\u00fd gi\u00e1, ch\u1ee9a c\u1ea3 huy\u1ec1n vi.  Huy\u1ec1n C\u00e1t d\u00e0nh cho nh\u1eefng kh\u00f4ng gian sang tr\u1ecdng c\u00f3 n\u1ed9i h\u00e0m, n\u01a1i m\u1ed7i m\u00f3n \u0111\u1ed3 kh\u00f4ng ch\u1ec9 \u0111\u01b0\u1ee3c s\u1eafp \u0111\u1eb7t, m\u00e0 c\u00f2n \u0111\u01b0\u1ee3c \u0111\u1ed1i x\u1eed nh\u01b0 m\u1ed9t ph\u1ea7n c\u1ee7a \u0111\u1eddi s\u1ed1ng tinh th\u1ea7n c\u1ee7a gia ch\u1ee7.","og_url":"https:\/\/dongsonartisanat.vn\/en\/product\/cabinet-huyen-cac\/","og_site_name":"Dongson Artisanat","article_modified_time":"2026-04-08T10:10:19+00:00","og_image":[{"width":1920,"height":1920,"url":"https:\/\/dongsonartisanat.vn\/wp-content\/uploads\/2025\/09\/IMG_9023.jpg","type":"image\/jpeg"}],"twitter_card":"summary_large_image","twitter_misc":{"Est. reading time":"1 minute"},"schema":{"@context":"https:\/\/schema.org","@graph":[{"@type":"WebPage","@id":"https:\/\/dongsonartisanat.vn\/san-pham\/cabinet-huyen-cac\/","url":"https:\/\/dongsonartisanat.vn\/san-pham\/cabinet-huyen-cac\/","name":"Cabinet Huy\u1ec1n C\u00e1c - Dongson Artisanat","isPartOf":{"@id":"https:\/\/dongsonartisanat.vn\/#website"},"primaryImageOfPage":{"@id":"https:\/\/dongsonartisanat.vn\/san-pham\/cabinet-huyen-cac\/#primaryimage"},"image":{"@id":"https:\/\/dongsonartisanat.vn\/san-pham\/cabinet-huyen-cac\/#primaryimage"},"thumbnailUrl":"https:\/\/dongsonartisanat.vn\/wp-content\/uploads\/2025\/09\/IMG_9023.jpg","datePublished":"2025-09-12T03:34:42+00:00","dateModified":"2026-04-08T10:10:19+00:00","breadcrumb":{"@id":"https:\/\/dongsonartisanat.vn\/san-pham\/cabinet-huyen-cac\/#breadcrumb"},"inLanguage":"en-US","potentialAction":[{"@type":"ReadAction","target":["https:\/\/dongsonartisanat.vn\/san-pham\/cabinet-huyen-cac\/"]}]},{"@type":"ImageObject","inLanguage":"en-US","@id":"https:\/\/dongsonartisanat.vn\/san-pham\/cabinet-huyen-cac\/#primaryimage","url":"https:\/\/dongsonartisanat.vn\/wp-content\/uploads\/2025\/09\/IMG_9023.jpg","contentUrl":"https:\/\/dongsonartisanat.vn\/wp-content\/uploads\/2025\/09\/IMG_9023.jpg","width":1920,"height":1920,"caption":"cabinet C\u1ea5t gi\u1eef"},{"@type":"BreadcrumbList","@id":"https:\/\/dongsonartisanat.vn\/san-pham\/cabinet-huyen-cac\/#breadcrumb","itemListElement":[{"@type":"ListItem","position":1,"name":"Home","item":"https:\/\/dongsonartisanat.vn\/"},{"@type":"ListItem","position":2,"name":"S\u1ea3n ph\u1ea9m","item":"https:\/\/dongsonartisanat.vn\/san-pham\/"},{"@type":"ListItem","position":3,"name":"Cabinet Huy\u1ec1n C\u00e1c"}]},{"@type":"WebSite","@id":"https:\/\/dongsonartisanat.vn\/#website","url":"https:\/\/dongsonartisanat.vn\/","name":"Dongson Artisanat","description":"","publisher":{"@id":"https:\/\/dongsonartisanat.vn\/#organization"},"potentialAction":[{"@type":"SearchAction","target":{"@type":"EntryPoint","urlTemplate":"https:\/\/dongsonartisanat.vn\/?s={search_term_string}"},"query-input":{"@type":"PropertyValueSpecification","valueRequired":true,"valueName":"search_term_string"}}],"inLanguage":"en-US"},{"@type":"Organization","@id":"https:\/\/dongsonartisanat.vn\/#organization","name":"Dongson Artisanat","url":"https:\/\/dongsonartisanat.vn\/","logo":{"@type":"ImageObject","inLanguage":"en-US","@id":"https:\/\/dongsonartisanat.vn\/#\/schema\/logo\/image\/","url":"https:\/\/dongsonartisanat.vn\/wp-content\/uploads\/2025\/06\/dong-son-logo.png","contentUrl":"https:\/\/dongsonartisanat.vn\/wp-content\/uploads\/2025\/06\/dong-son-logo.png","width":824,"height":734,"caption":"Dongson Artisanat"},"image":{"@id":"https:\/\/dongsonartisanat.vn\/#\/schema\/logo\/image\/"}}]}},"_links":{"self":[{"href":"https:\/\/dongsonartisanat.vn\/en\/wp-json\/wp\/v2\/product\/3001","targetHints":{"allow":["GET"]}}],"collection":[{"href":"https:\/\/dongsonartisanat.vn\/en\/wp-json\/wp\/v2\/product"}],"about":[{"href":"https:\/\/dongsonartisanat.vn\/en\/wp-json\/wp\/v2\/types\/product"}],"replies":[{"embeddable":true,"href":"https:\/\/dongsonartisanat.vn\/en\/wp-json\/wp\/v2\/comments?post=3001"}],"wp:featuredmedia":[{"embeddable":true,"href":"https:\/\/dongsonartisanat.vn\/en\/wp-json\/wp\/v2\/media\/3008"}],"wp:attachment":[{"href":"https:\/\/dongsonartisanat.vn\/en\/wp-json\/wp\/v2\/media?parent=3001"}],"wp:term":[{"taxonomy":"product_brand","embeddable":true,"href":"https:\/\/dongsonartisanat.vn\/en\/wp-json\/wp\/v2\/product_brand?post=3001"},{"taxonomy":"product_cat","embeddable":true,"href":"https:\/\/dongsonartisanat.vn\/en\/wp-json\/wp\/v2\/product_cat?post=3001"},{"taxonomy":"product_tag","embeddable":true,"href":"https:\/\/dongsonartisanat.vn\/en\/wp-json\/wp\/v2\/product_tag?post=3001"}],"curies":[{"name":"wp","href":"https:\/\/api.w.org\/{rel}","templated":true}]}}