{"id":3011,"date":"2025-09-12T11:37:44","date_gmt":"2025-09-12T04:37:44","guid":{"rendered":"https:\/\/dongsonartisanat.vn\/?post_type=product&#038;p=3011"},"modified":"2026-04-08T17:11:37","modified_gmt":"2026-04-08T10:11:37","slug":"console-truong-thoi","status":"publish","type":"product","link":"https:\/\/dongsonartisanat.vn\/en\/product\/console-truong-thoi\/","title":{"rendered":"Console Tr\u01b0\u1eddng Th\u1eddi"},"content":{"rendered":"","protected":false},"excerpt":{"rendered":"<p>Tr\u01b0\u1eddng Th\u1eddi l\u00e0 hi\u1ec7n th\u00e2n c\u1ee7a d\u00f2ng th\u1eddi gian xuy\u00ean su\u1ed1t, l\u00e0 v\u00f9ng bi\u00ean \u0111\u1ecba m\u1ec1m m\u1ea1i gi\u1eefa hi\u1ec7n t\u1ea1i v\u00e0 h\u1ed3i \u1ee9c. D\u00e1ng b\u00e0n console thanh d\u00e0i, c\u00f9ng h\u1ecda ti\u1ebft tr\u00e1ng men Bauhaus \u0111i\u1ec3m xuy\u1ebfn t\u1ef1a h\u1ed3 nh\u01b0 m\u1ed9t n\u1ebfp hi\u00ean, m\u1ed9t kho\u1ea3ng h\u00e0nh lang, m\u1ed9t s\u1ef1 di chuy\u1ec3n c\u1ee7a m\u1eb7t tr\u1eddi, m\u1eb7t tr\u0103ng, nh\u1eefng th\u1ee9 th\u00e2n thu\u1ed9c m\u1ed7i ng\u00e0y m\u00e0 ch\u00fang ta kh\u00f4ng hay bi\u1ebft ch\u00ednh nh\u1eefng \u0111i\u1ec1u l\u1eb7ng l\u1ebd \u1ea5y m\u1edbi l\u00e0 th\u1ee9 \u1edf l\u1ea1i l\u00e2u nh\u1ea5t.<\/p>\n<p>Tr\u01b0\u1eddng Th\u1eddi v\u00ec th\u1ebf kh\u00f4ng ch\u1ec9 l\u00e0 m\u1ed9t m\u00f3n n\u1ed9i th\u1ea5t trang tr\u00ed, m\u00e0 l\u00e0 m\u1ed9t v\u1ec7t th\u1eddi gian \u0111\u01b0\u1ee3c \u0111\u1eb7t v\u00e0o kh\u00f4ng gian \u0111\u01b0\u01a1ng \u0111\u1ea1i.<\/p>","protected":false},"featured_media":3002,"comment_status":"open","ping_status":"closed","template":"","meta":{"inline_featured_image":false},"product_brand":[],"product_cat":[62,78,93],"product_tag":[],"class_list":{"0":"post-3011","1":"product","2":"type-product","3":"status-publish","4":"has-post-thumbnail","6":"product_cat-ban","7":"product_cat-ban-console","8":"product_cat-san-pham-noi-that","10":"first","11":"instock","12":"shipping-taxable","13":"purchasable","14":"product-type-simple"},"acf":[],"yoast_head":"<!-- This site is optimized with the Yoast SEO Premium plugin v24.8 (Yoast SEO v24.8) - https:\/\/yoast.com\/wordpress\/plugins\/seo\/ -->\n<title>Console Tr\u01b0\u1eddng Th\u1eddi - Dongson Artisanat<\/title>\n<meta name=\"robots\" content=\"index, follow, max-snippet:-1, max-image-preview:large, max-video-preview:-1\" \/>\n<link rel=\"canonical\" href=\"https:\/\/dongsonartisanat.vn\/en\/product\/console-truong-thoi\/\" \/>\n<meta property=\"og:locale\" content=\"en_US\" \/>\n<meta property=\"og:type\" content=\"article\" \/>\n<meta property=\"og:title\" content=\"Console Tr\u01b0\u1eddng Th\u1eddi\" \/>\n<meta property=\"og:description\" content=\"Tr\u01b0\u1eddng Th\u1eddi l\u00e0 hi\u1ec7n th\u00e2n c\u1ee7a d\u00f2ng th\u1eddi gian xuy\u00ean su\u1ed1t, l\u00e0 v\u00f9ng bi\u00ean \u0111\u1ecba m\u1ec1m m\u1ea1i gi\u1eefa hi\u1ec7n t\u1ea1i v\u00e0 h\u1ed3i \u1ee9c. D\u00e1ng b\u00e0n console thanh d\u00e0i, c\u00f9ng h\u1ecda ti\u1ebft tr\u00e1ng men Bauhaus \u0111i\u1ec3m xuy\u1ebfn t\u1ef1a h\u1ed3 nh\u01b0 m\u1ed9t n\u1ebfp hi\u00ean, m\u1ed9t kho\u1ea3ng h\u00e0nh lang, m\u1ed9t s\u1ef1 di chuy\u1ec3n c\u1ee7a m\u1eb7t tr\u1eddi, m\u1eb7t tr\u0103ng, nh\u1eefng th\u1ee9 th\u00e2n thu\u1ed9c m\u1ed7i ng\u00e0y m\u00e0 ch\u00fang ta kh\u00f4ng hay bi\u1ebft ch\u00ednh nh\u1eefng \u0111i\u1ec1u l\u1eb7ng l\u1ebd \u1ea5y m\u1edbi l\u00e0 th\u1ee9 \u1edf l\u1ea1i l\u00e2u nh\u1ea5t.  Tr\u01b0\u1eddng Th\u1eddi v\u00ec th\u1ebf kh\u00f4ng ch\u1ec9 l\u00e0 m\u1ed9t m\u00f3n n\u1ed9i th\u1ea5t trang tr\u00ed, m\u00e0 l\u00e0 m\u1ed9t v\u1ec7t th\u1eddi gian \u0111\u01b0\u1ee3c \u0111\u1eb7t v\u00e0o kh\u00f4ng gian \u0111\u01b0\u01a1ng \u0111\u1ea1i.\" \/>\n<meta property=\"og:url\" content=\"https:\/\/dongsonartisanat.vn\/en\/product\/console-truong-thoi\/\" \/>\n<meta property=\"og:site_name\" content=\"Dongson Artisanat\" \/>\n<meta property=\"article:modified_time\" content=\"2026-04-08T10:11:37+00:00\" \/>\n<meta property=\"og:image\" content=\"https:\/\/dongsonartisanat.vn\/wp-content\/uploads\/2025\/09\/IMG_9019.jpg\" \/>\n\t<meta property=\"og:image:width\" content=\"1920\" \/>\n\t<meta property=\"og:image:height\" content=\"1920\" \/>\n\t<meta property=\"og:image:type\" content=\"image\/jpeg\" \/>\n<meta name=\"twitter:card\" content=\"summary_large_image\" \/>\n<meta name=\"twitter:label1\" content=\"Est. reading time\" \/>\n\t<meta name=\"twitter:data1\" content=\"1 minute\" \/>\n<script type=\"application\/ld+json\" class=\"yoast-schema-graph\">{\"@context\":\"https:\/\/schema.org\",\"@graph\":[{\"@type\":\"WebPage\",\"@id\":\"https:\/\/dongsonartisanat.vn\/san-pham\/console-truong-thoi\/\",\"url\":\"https:\/\/dongsonartisanat.vn\/san-pham\/console-truong-thoi\/\",\"name\":\"Console Tr\u01b0\u1eddng Th\u1eddi - Dongson Artisanat\",\"isPartOf\":{\"@id\":\"https:\/\/dongsonartisanat.vn\/#website\"},\"primaryImageOfPage\":{\"@id\":\"https:\/\/dongsonartisanat.vn\/san-pham\/console-truong-thoi\/#primaryimage\"},\"image\":{\"@id\":\"https:\/\/dongsonartisanat.vn\/san-pham\/console-truong-thoi\/#primaryimage\"},\"thumbnailUrl\":\"https:\/\/dongsonartisanat.vn\/wp-content\/uploads\/2025\/09\/IMG_9019.jpg\",\"datePublished\":\"2025-09-12T04:37:44+00:00\",\"dateModified\":\"2026-04-08T10:11:37+00:00\",\"breadcrumb\":{\"@id\":\"https:\/\/dongsonartisanat.vn\/san-pham\/console-truong-thoi\/#breadcrumb\"},\"inLanguage\":\"en-US\",\"potentialAction\":[{\"@type\":\"ReadAction\",\"target\":[\"https:\/\/dongsonartisanat.vn\/san-pham\/console-truong-thoi\/\"]}]},{\"@type\":\"ImageObject\",\"inLanguage\":\"en-US\",\"@id\":\"https:\/\/dongsonartisanat.vn\/san-pham\/console-truong-thoi\/#primaryimage\",\"url\":\"https:\/\/dongsonartisanat.vn\/wp-content\/uploads\/2025\/09\/IMG_9019.jpg\",\"contentUrl\":\"https:\/\/dongsonartisanat.vn\/wp-content\/uploads\/2025\/09\/IMG_9019.jpg\",\"width\":1920,\"height\":1920,\"caption\":\"Console Ng\u00f5 nh\u1ecf\"},{\"@type\":\"BreadcrumbList\",\"@id\":\"https:\/\/dongsonartisanat.vn\/san-pham\/console-truong-thoi\/#breadcrumb\",\"itemListElement\":[{\"@type\":\"ListItem\",\"position\":1,\"name\":\"Home\",\"item\":\"https:\/\/dongsonartisanat.vn\/\"},{\"@type\":\"ListItem\",\"position\":2,\"name\":\"S\u1ea3n ph\u1ea9m\",\"item\":\"https:\/\/dongsonartisanat.vn\/san-pham\/\"},{\"@type\":\"ListItem\",\"position\":3,\"name\":\"Console Tr\u01b0\u1eddng Th\u1eddi\"}]},{\"@type\":\"WebSite\",\"@id\":\"https:\/\/dongsonartisanat.vn\/#website\",\"url\":\"https:\/\/dongsonartisanat.vn\/\",\"name\":\"Dongson Artisanat\",\"description\":\"\",\"publisher\":{\"@id\":\"https:\/\/dongsonartisanat.vn\/#organization\"},\"potentialAction\":[{\"@type\":\"SearchAction\",\"target\":{\"@type\":\"EntryPoint\",\"urlTemplate\":\"https:\/\/dongsonartisanat.vn\/?s={search_term_string}\"},\"query-input\":{\"@type\":\"PropertyValueSpecification\",\"valueRequired\":true,\"valueName\":\"search_term_string\"}}],\"inLanguage\":\"en-US\"},{\"@type\":\"Organization\",\"@id\":\"https:\/\/dongsonartisanat.vn\/#organization\",\"name\":\"Dongson Artisanat\",\"url\":\"https:\/\/dongsonartisanat.vn\/\",\"logo\":{\"@type\":\"ImageObject\",\"inLanguage\":\"en-US\",\"@id\":\"https:\/\/dongsonartisanat.vn\/#\/schema\/logo\/image\/\",\"url\":\"https:\/\/dongsonartisanat.vn\/wp-content\/uploads\/2025\/06\/dong-son-logo.png\",\"contentUrl\":\"https:\/\/dongsonartisanat.vn\/wp-content\/uploads\/2025\/06\/dong-son-logo.png\",\"width\":824,\"height\":734,\"caption\":\"Dongson Artisanat\"},\"image\":{\"@id\":\"https:\/\/dongsonartisanat.vn\/#\/schema\/logo\/image\/\"}}]}<\/script>\n<!-- \/ Yoast SEO Premium plugin. -->","yoast_head_json":{"title":"Console Tr\u01b0\u1eddng Th\u1eddi - Dongson Artisanat","robots":{"index":"index","follow":"follow","max-snippet":"max-snippet:-1","max-image-preview":"max-image-preview:large","max-video-preview":"max-video-preview:-1"},"canonical":"https:\/\/dongsonartisanat.vn\/en\/product\/console-truong-thoi\/","og_locale":"en_US","og_type":"article","og_title":"Console Tr\u01b0\u1eddng Th\u1eddi","og_description":"Tr\u01b0\u1eddng Th\u1eddi l\u00e0 hi\u1ec7n th\u00e2n c\u1ee7a d\u00f2ng th\u1eddi gian xuy\u00ean su\u1ed1t, l\u00e0 v\u00f9ng bi\u00ean \u0111\u1ecba m\u1ec1m m\u1ea1i gi\u1eefa hi\u1ec7n t\u1ea1i v\u00e0 h\u1ed3i \u1ee9c. D\u00e1ng b\u00e0n console thanh d\u00e0i, c\u00f9ng h\u1ecda ti\u1ebft tr\u00e1ng men Bauhaus \u0111i\u1ec3m xuy\u1ebfn t\u1ef1a h\u1ed3 nh\u01b0 m\u1ed9t n\u1ebfp hi\u00ean, m\u1ed9t kho\u1ea3ng h\u00e0nh lang, m\u1ed9t s\u1ef1 di chuy\u1ec3n c\u1ee7a m\u1eb7t tr\u1eddi, m\u1eb7t tr\u0103ng, nh\u1eefng th\u1ee9 th\u00e2n thu\u1ed9c m\u1ed7i ng\u00e0y m\u00e0 ch\u00fang ta kh\u00f4ng hay bi\u1ebft ch\u00ednh nh\u1eefng \u0111i\u1ec1u l\u1eb7ng l\u1ebd \u1ea5y m\u1edbi l\u00e0 th\u1ee9 \u1edf l\u1ea1i l\u00e2u nh\u1ea5t.  Tr\u01b0\u1eddng Th\u1eddi v\u00ec th\u1ebf kh\u00f4ng ch\u1ec9 l\u00e0 m\u1ed9t m\u00f3n n\u1ed9i th\u1ea5t trang tr\u00ed, m\u00e0 l\u00e0 m\u1ed9t v\u1ec7t th\u1eddi gian \u0111\u01b0\u1ee3c \u0111\u1eb7t v\u00e0o kh\u00f4ng gian \u0111\u01b0\u01a1ng \u0111\u1ea1i.","og_url":"https:\/\/dongsonartisanat.vn\/en\/product\/console-truong-thoi\/","og_site_name":"Dongson Artisanat","article_modified_time":"2026-04-08T10:11:37+00:00","og_image":[{"width":1920,"height":1920,"url":"https:\/\/dongsonartisanat.vn\/wp-content\/uploads\/2025\/09\/IMG_9019.jpg","type":"image\/jpeg"}],"twitter_card":"summary_large_image","twitter_misc":{"Est. reading time":"1 minute"},"schema":{"@context":"https:\/\/schema.org","@graph":[{"@type":"WebPage","@id":"https:\/\/dongsonartisanat.vn\/san-pham\/console-truong-thoi\/","url":"https:\/\/dongsonartisanat.vn\/san-pham\/console-truong-thoi\/","name":"Console Tr\u01b0\u1eddng Th\u1eddi - Dongson Artisanat","isPartOf":{"@id":"https:\/\/dongsonartisanat.vn\/#website"},"primaryImageOfPage":{"@id":"https:\/\/dongsonartisanat.vn\/san-pham\/console-truong-thoi\/#primaryimage"},"image":{"@id":"https:\/\/dongsonartisanat.vn\/san-pham\/console-truong-thoi\/#primaryimage"},"thumbnailUrl":"https:\/\/dongsonartisanat.vn\/wp-content\/uploads\/2025\/09\/IMG_9019.jpg","datePublished":"2025-09-12T04:37:44+00:00","dateModified":"2026-04-08T10:11:37+00:00","breadcrumb":{"@id":"https:\/\/dongsonartisanat.vn\/san-pham\/console-truong-thoi\/#breadcrumb"},"inLanguage":"en-US","potentialAction":[{"@type":"ReadAction","target":["https:\/\/dongsonartisanat.vn\/san-pham\/console-truong-thoi\/"]}]},{"@type":"ImageObject","inLanguage":"en-US","@id":"https:\/\/dongsonartisanat.vn\/san-pham\/console-truong-thoi\/#primaryimage","url":"https:\/\/dongsonartisanat.vn\/wp-content\/uploads\/2025\/09\/IMG_9019.jpg","contentUrl":"https:\/\/dongsonartisanat.vn\/wp-content\/uploads\/2025\/09\/IMG_9019.jpg","width":1920,"height":1920,"caption":"Console Ng\u00f5 nh\u1ecf"},{"@type":"BreadcrumbList","@id":"https:\/\/dongsonartisanat.vn\/san-pham\/console-truong-thoi\/#breadcrumb","itemListElement":[{"@type":"ListItem","position":1,"name":"Home","item":"https:\/\/dongsonartisanat.vn\/"},{"@type":"ListItem","position":2,"name":"S\u1ea3n ph\u1ea9m","item":"https:\/\/dongsonartisanat.vn\/san-pham\/"},{"@type":"ListItem","position":3,"name":"Console Tr\u01b0\u1eddng Th\u1eddi"}]},{"@type":"WebSite","@id":"https:\/\/dongsonartisanat.vn\/#website","url":"https:\/\/dongsonartisanat.vn\/","name":"Dongson Artisanat","description":"","publisher":{"@id":"https:\/\/dongsonartisanat.vn\/#organization"},"potentialAction":[{"@type":"SearchAction","target":{"@type":"EntryPoint","urlTemplate":"https:\/\/dongsonartisanat.vn\/?s={search_term_string}"},"query-input":{"@type":"PropertyValueSpecification","valueRequired":true,"valueName":"search_term_string"}}],"inLanguage":"en-US"},{"@type":"Organization","@id":"https:\/\/dongsonartisanat.vn\/#organization","name":"Dongson Artisanat","url":"https:\/\/dongsonartisanat.vn\/","logo":{"@type":"ImageObject","inLanguage":"en-US","@id":"https:\/\/dongsonartisanat.vn\/#\/schema\/logo\/image\/","url":"https:\/\/dongsonartisanat.vn\/wp-content\/uploads\/2025\/06\/dong-son-logo.png","contentUrl":"https:\/\/dongsonartisanat.vn\/wp-content\/uploads\/2025\/06\/dong-son-logo.png","width":824,"height":734,"caption":"Dongson Artisanat"},"image":{"@id":"https:\/\/dongsonartisanat.vn\/#\/schema\/logo\/image\/"}}]}},"_links":{"self":[{"href":"https:\/\/dongsonartisanat.vn\/en\/wp-json\/wp\/v2\/product\/3011","targetHints":{"allow":["GET"]}}],"collection":[{"href":"https:\/\/dongsonartisanat.vn\/en\/wp-json\/wp\/v2\/product"}],"about":[{"href":"https:\/\/dongsonartisanat.vn\/en\/wp-json\/wp\/v2\/types\/product"}],"replies":[{"embeddable":true,"href":"https:\/\/dongsonartisanat.vn\/en\/wp-json\/wp\/v2\/comments?post=3011"}],"wp:featuredmedia":[{"embeddable":true,"href":"https:\/\/dongsonartisanat.vn\/en\/wp-json\/wp\/v2\/media\/3002"}],"wp:attachment":[{"href":"https:\/\/dongsonartisanat.vn\/en\/wp-json\/wp\/v2\/media?parent=3011"}],"wp:term":[{"taxonomy":"product_brand","embeddable":true,"href":"https:\/\/dongsonartisanat.vn\/en\/wp-json\/wp\/v2\/product_brand?post=3011"},{"taxonomy":"product_cat","embeddable":true,"href":"https:\/\/dongsonartisanat.vn\/en\/wp-json\/wp\/v2\/product_cat?post=3011"},{"taxonomy":"product_tag","embeddable":true,"href":"https:\/\/dongsonartisanat.vn\/en\/wp-json\/wp\/v2\/product_tag?post=3011"}],"curies":[{"name":"wp","href":"https:\/\/api.w.org\/{rel}","templated":true}]}}