{"id":3022,"date":"2025-09-12T13:06:27","date_gmt":"2025-09-12T06:06:27","guid":{"rendered":"https:\/\/dongsonartisanat.vn\/?post_type=product&#038;p=3022"},"modified":"2026-04-08T17:13:26","modified_gmt":"2026-04-08T10:13:26","slug":"dining-chair-nguyet-y","status":"publish","type":"product","link":"https:\/\/dongsonartisanat.vn\/en\/product\/dining-chair-nguyet-y\/","title":{"rendered":"Dining Chair Nguy\u1ec7t \u1ef6"},"content":{"rendered":"","protected":false},"excerpt":{"rendered":"<p>Nguy\u1ec7t \u1ef6 l\u00e0 chi\u1ebfc gh\u1ebf m\u01b0\u1ee3n nh\u1eefng \u0111\u01b0\u1eddng cong uy\u1ec3n chuy\u1ec3n c\u1ee7a m\u1eb7t tr\u0103ng. \u0110\u01b0\u1eddng cong t\u1ef1a l\u01b0ng m\u1ec1m m\u1ea1i v\u00e0 d\u00e1ng gh\u1ebf thanh tho\u00e1t g\u1ee3i n\u00ean c\u1ea3m gi\u00e1c c\u1ee7a m\u1ed9t b\u1eefa t\u1ed1i \u0111\u1ea7m \u1ea5m, hoan h\u1ec9.<\/p>\n<p>Nguy\u1ec7t \u1ef6 ch\u1ecdn ch\u1ea1m \u0111\u1ebfn c\u1ea3m x\u00fac b\u1eb1ng ch\u00ednh s\u1ef1 ti\u1ebft ch\u1ebf c\u1ee7a h\u00ecnh d\u00e1ng v\u00e0 s\u1ef1 tinh t\u1ebf c\u1ee7a t\u1ef7 l\u1ec7. \u0110\u00f3 l\u00e0 v\u1ebb \u0111\u1eb9p r\u1ea5t kh\u00f3 di\u1ec5n t\u1ea3 b\u1eb1ng ng\u00f4n ng\u1eef m\u00f4 t\u1ea3, n\u00f3 \u0111\u1ee7 hi\u1ec7n \u0111\u1ea1i \u0111\u1ec3 s\u1ed1ng c\u00f9ng h\u00f4m nay nh\u01b0ng v\u1eabn g\u1ee3i l\u00ean m\u1ed9t c\u1ea3m gi\u00e1c th\u00e2n thu\u1ed9c nh\u01b0 \u0111\u00e3 t\u1eebng hi\u1ec7n di\u1ec7n t\u1eeb r\u1ea5t l\u00e2u.<\/p>","protected":false},"featured_media":3024,"comment_status":"open","ping_status":"closed","template":"","meta":{"inline_featured_image":false},"product_brand":[],"product_cat":[95,104,93],"product_tag":[],"class_list":{"0":"post-3022","1":"product","2":"type-product","3":"status-publish","4":"has-post-thumbnail","6":"product_cat-ghe","7":"product_cat-ghe-an","8":"product_cat-san-pham-noi-that","10":"first","11":"instock","12":"shipping-taxable","13":"purchasable","14":"product-type-simple"},"acf":[],"yoast_head":"<!-- This site is optimized with the Yoast SEO Premium plugin v24.8 (Yoast SEO v24.8) - https:\/\/yoast.com\/wordpress\/plugins\/seo\/ -->\n<title>Dining Chair Nguy\u1ec7t \u1ef6 - Dongson Artisanat<\/title>\n<meta name=\"robots\" content=\"index, follow, max-snippet:-1, max-image-preview:large, max-video-preview:-1\" \/>\n<link rel=\"canonical\" href=\"https:\/\/dongsonartisanat.vn\/en\/product\/dining-chair-nguyet-y\/\" \/>\n<meta property=\"og:locale\" content=\"en_US\" \/>\n<meta property=\"og:type\" content=\"article\" \/>\n<meta property=\"og:title\" content=\"Dining Chair Nguy\u1ec7t \u1ef6\" \/>\n<meta property=\"og:description\" content=\"Nguy\u1ec7t \u1ef6 l\u00e0 chi\u1ebfc gh\u1ebf m\u01b0\u1ee3n nh\u1eefng \u0111\u01b0\u1eddng cong uy\u1ec3n chuy\u1ec3n c\u1ee7a m\u1eb7t tr\u0103ng. \u0110\u01b0\u1eddng cong t\u1ef1a l\u01b0ng m\u1ec1m m\u1ea1i v\u00e0 d\u00e1ng gh\u1ebf thanh tho\u00e1t g\u1ee3i n\u00ean c\u1ea3m gi\u00e1c c\u1ee7a m\u1ed9t b\u1eefa t\u1ed1i \u0111\u1ea7m \u1ea5m, hoan h\u1ec9.  Nguy\u1ec7t \u1ef6 ch\u1ecdn ch\u1ea1m \u0111\u1ebfn c\u1ea3m x\u00fac b\u1eb1ng ch\u00ednh s\u1ef1 ti\u1ebft ch\u1ebf c\u1ee7a h\u00ecnh d\u00e1ng v\u00e0 s\u1ef1 tinh t\u1ebf c\u1ee7a t\u1ef7 l\u1ec7. \u0110\u00f3 l\u00e0 v\u1ebb \u0111\u1eb9p r\u1ea5t kh\u00f3 di\u1ec5n t\u1ea3 b\u1eb1ng ng\u00f4n ng\u1eef m\u00f4 t\u1ea3, n\u00f3 \u0111\u1ee7 hi\u1ec7n \u0111\u1ea1i \u0111\u1ec3 s\u1ed1ng c\u00f9ng h\u00f4m nay nh\u01b0ng v\u1eabn g\u1ee3i l\u00ean m\u1ed9t c\u1ea3m gi\u00e1c th\u00e2n thu\u1ed9c nh\u01b0 \u0111\u00e3 t\u1eebng hi\u1ec7n di\u1ec7n t\u1eeb r\u1ea5t l\u00e2u.\" \/>\n<meta property=\"og:url\" content=\"https:\/\/dongsonartisanat.vn\/en\/product\/dining-chair-nguyet-y\/\" \/>\n<meta property=\"og:site_name\" content=\"Dongson Artisanat\" \/>\n<meta property=\"article:modified_time\" content=\"2026-04-08T10:13:26+00:00\" \/>\n<meta property=\"og:image\" content=\"https:\/\/dongsonartisanat.vn\/wp-content\/uploads\/2025\/09\/d073a192b19105cf5c80.jpg\" \/>\n\t<meta property=\"og:image:width\" content=\"1920\" \/>\n\t<meta property=\"og:image:height\" content=\"1920\" \/>\n\t<meta property=\"og:image:type\" content=\"image\/jpeg\" \/>\n<meta name=\"twitter:card\" content=\"summary_large_image\" \/>\n<meta name=\"twitter:label1\" content=\"Est. reading time\" \/>\n\t<meta name=\"twitter:data1\" content=\"1 minute\" \/>\n<script type=\"application\/ld+json\" class=\"yoast-schema-graph\">{\"@context\":\"https:\/\/schema.org\",\"@graph\":[{\"@type\":\"WebPage\",\"@id\":\"https:\/\/dongsonartisanat.vn\/san-pham\/dining-chair-nguyet-y\/\",\"url\":\"https:\/\/dongsonartisanat.vn\/san-pham\/dining-chair-nguyet-y\/\",\"name\":\"Dining Chair Nguy\u1ec7t \u1ef6 - Dongson Artisanat\",\"isPartOf\":{\"@id\":\"https:\/\/dongsonartisanat.vn\/#website\"},\"primaryImageOfPage\":{\"@id\":\"https:\/\/dongsonartisanat.vn\/san-pham\/dining-chair-nguyet-y\/#primaryimage\"},\"image\":{\"@id\":\"https:\/\/dongsonartisanat.vn\/san-pham\/dining-chair-nguyet-y\/#primaryimage\"},\"thumbnailUrl\":\"https:\/\/dongsonartisanat.vn\/wp-content\/uploads\/2025\/09\/d073a192b19105cf5c80.jpg\",\"datePublished\":\"2025-09-12T06:06:27+00:00\",\"dateModified\":\"2026-04-08T10:13:26+00:00\",\"breadcrumb\":{\"@id\":\"https:\/\/dongsonartisanat.vn\/san-pham\/dining-chair-nguyet-y\/#breadcrumb\"},\"inLanguage\":\"en-US\",\"potentialAction\":[{\"@type\":\"ReadAction\",\"target\":[\"https:\/\/dongsonartisanat.vn\/san-pham\/dining-chair-nguyet-y\/\"]}]},{\"@type\":\"ImageObject\",\"inLanguage\":\"en-US\",\"@id\":\"https:\/\/dongsonartisanat.vn\/san-pham\/dining-chair-nguyet-y\/#primaryimage\",\"url\":\"https:\/\/dongsonartisanat.vn\/wp-content\/uploads\/2025\/09\/d073a192b19105cf5c80.jpg\",\"contentUrl\":\"https:\/\/dongsonartisanat.vn\/wp-content\/uploads\/2025\/09\/d073a192b19105cf5c80.jpg\",\"width\":1920,\"height\":1920,\"caption\":\"Dining Chair T\u1ef1a nh\u1eb9\"},{\"@type\":\"BreadcrumbList\",\"@id\":\"https:\/\/dongsonartisanat.vn\/san-pham\/dining-chair-nguyet-y\/#breadcrumb\",\"itemListElement\":[{\"@type\":\"ListItem\",\"position\":1,\"name\":\"Home\",\"item\":\"https:\/\/dongsonartisanat.vn\/\"},{\"@type\":\"ListItem\",\"position\":2,\"name\":\"S\u1ea3n ph\u1ea9m\",\"item\":\"https:\/\/dongsonartisanat.vn\/san-pham\/\"},{\"@type\":\"ListItem\",\"position\":3,\"name\":\"Dining Chair Nguy\u1ec7t \u1ef6\"}]},{\"@type\":\"WebSite\",\"@id\":\"https:\/\/dongsonartisanat.vn\/#website\",\"url\":\"https:\/\/dongsonartisanat.vn\/\",\"name\":\"Dongson Artisanat\",\"description\":\"\",\"publisher\":{\"@id\":\"https:\/\/dongsonartisanat.vn\/#organization\"},\"potentialAction\":[{\"@type\":\"SearchAction\",\"target\":{\"@type\":\"EntryPoint\",\"urlTemplate\":\"https:\/\/dongsonartisanat.vn\/?s={search_term_string}\"},\"query-input\":{\"@type\":\"PropertyValueSpecification\",\"valueRequired\":true,\"valueName\":\"search_term_string\"}}],\"inLanguage\":\"en-US\"},{\"@type\":\"Organization\",\"@id\":\"https:\/\/dongsonartisanat.vn\/#organization\",\"name\":\"Dongson Artisanat\",\"url\":\"https:\/\/dongsonartisanat.vn\/\",\"logo\":{\"@type\":\"ImageObject\",\"inLanguage\":\"en-US\",\"@id\":\"https:\/\/dongsonartisanat.vn\/#\/schema\/logo\/image\/\",\"url\":\"https:\/\/dongsonartisanat.vn\/wp-content\/uploads\/2025\/06\/dong-son-logo.png\",\"contentUrl\":\"https:\/\/dongsonartisanat.vn\/wp-content\/uploads\/2025\/06\/dong-son-logo.png\",\"width\":824,\"height\":734,\"caption\":\"Dongson Artisanat\"},\"image\":{\"@id\":\"https:\/\/dongsonartisanat.vn\/#\/schema\/logo\/image\/\"}}]}<\/script>\n<!-- \/ Yoast SEO Premium plugin. -->","yoast_head_json":{"title":"Dining Chair Nguy\u1ec7t \u1ef6 - Dongson Artisanat","robots":{"index":"index","follow":"follow","max-snippet":"max-snippet:-1","max-image-preview":"max-image-preview:large","max-video-preview":"max-video-preview:-1"},"canonical":"https:\/\/dongsonartisanat.vn\/en\/product\/dining-chair-nguyet-y\/","og_locale":"en_US","og_type":"article","og_title":"Dining Chair Nguy\u1ec7t \u1ef6","og_description":"Nguy\u1ec7t \u1ef6 l\u00e0 chi\u1ebfc gh\u1ebf m\u01b0\u1ee3n nh\u1eefng \u0111\u01b0\u1eddng cong uy\u1ec3n chuy\u1ec3n c\u1ee7a m\u1eb7t tr\u0103ng. \u0110\u01b0\u1eddng cong t\u1ef1a l\u01b0ng m\u1ec1m m\u1ea1i v\u00e0 d\u00e1ng gh\u1ebf thanh tho\u00e1t g\u1ee3i n\u00ean c\u1ea3m gi\u00e1c c\u1ee7a m\u1ed9t b\u1eefa t\u1ed1i \u0111\u1ea7m \u1ea5m, hoan h\u1ec9.  Nguy\u1ec7t \u1ef6 ch\u1ecdn ch\u1ea1m \u0111\u1ebfn c\u1ea3m x\u00fac b\u1eb1ng ch\u00ednh s\u1ef1 ti\u1ebft ch\u1ebf c\u1ee7a h\u00ecnh d\u00e1ng v\u00e0 s\u1ef1 tinh t\u1ebf c\u1ee7a t\u1ef7 l\u1ec7. \u0110\u00f3 l\u00e0 v\u1ebb \u0111\u1eb9p r\u1ea5t kh\u00f3 di\u1ec5n t\u1ea3 b\u1eb1ng ng\u00f4n ng\u1eef m\u00f4 t\u1ea3, n\u00f3 \u0111\u1ee7 hi\u1ec7n \u0111\u1ea1i \u0111\u1ec3 s\u1ed1ng c\u00f9ng h\u00f4m nay nh\u01b0ng v\u1eabn g\u1ee3i l\u00ean m\u1ed9t c\u1ea3m gi\u00e1c th\u00e2n thu\u1ed9c nh\u01b0 \u0111\u00e3 t\u1eebng hi\u1ec7n di\u1ec7n t\u1eeb r\u1ea5t l\u00e2u.","og_url":"https:\/\/dongsonartisanat.vn\/en\/product\/dining-chair-nguyet-y\/","og_site_name":"Dongson Artisanat","article_modified_time":"2026-04-08T10:13:26+00:00","og_image":[{"width":1920,"height":1920,"url":"https:\/\/dongsonartisanat.vn\/wp-content\/uploads\/2025\/09\/d073a192b19105cf5c80.jpg","type":"image\/jpeg"}],"twitter_card":"summary_large_image","twitter_misc":{"Est. reading time":"1 minute"},"schema":{"@context":"https:\/\/schema.org","@graph":[{"@type":"WebPage","@id":"https:\/\/dongsonartisanat.vn\/san-pham\/dining-chair-nguyet-y\/","url":"https:\/\/dongsonartisanat.vn\/san-pham\/dining-chair-nguyet-y\/","name":"Dining Chair Nguy\u1ec7t \u1ef6 - Dongson Artisanat","isPartOf":{"@id":"https:\/\/dongsonartisanat.vn\/#website"},"primaryImageOfPage":{"@id":"https:\/\/dongsonartisanat.vn\/san-pham\/dining-chair-nguyet-y\/#primaryimage"},"image":{"@id":"https:\/\/dongsonartisanat.vn\/san-pham\/dining-chair-nguyet-y\/#primaryimage"},"thumbnailUrl":"https:\/\/dongsonartisanat.vn\/wp-content\/uploads\/2025\/09\/d073a192b19105cf5c80.jpg","datePublished":"2025-09-12T06:06:27+00:00","dateModified":"2026-04-08T10:13:26+00:00","breadcrumb":{"@id":"https:\/\/dongsonartisanat.vn\/san-pham\/dining-chair-nguyet-y\/#breadcrumb"},"inLanguage":"en-US","potentialAction":[{"@type":"ReadAction","target":["https:\/\/dongsonartisanat.vn\/san-pham\/dining-chair-nguyet-y\/"]}]},{"@type":"ImageObject","inLanguage":"en-US","@id":"https:\/\/dongsonartisanat.vn\/san-pham\/dining-chair-nguyet-y\/#primaryimage","url":"https:\/\/dongsonartisanat.vn\/wp-content\/uploads\/2025\/09\/d073a192b19105cf5c80.jpg","contentUrl":"https:\/\/dongsonartisanat.vn\/wp-content\/uploads\/2025\/09\/d073a192b19105cf5c80.jpg","width":1920,"height":1920,"caption":"Dining Chair T\u1ef1a nh\u1eb9"},{"@type":"BreadcrumbList","@id":"https:\/\/dongsonartisanat.vn\/san-pham\/dining-chair-nguyet-y\/#breadcrumb","itemListElement":[{"@type":"ListItem","position":1,"name":"Home","item":"https:\/\/dongsonartisanat.vn\/"},{"@type":"ListItem","position":2,"name":"S\u1ea3n ph\u1ea9m","item":"https:\/\/dongsonartisanat.vn\/san-pham\/"},{"@type":"ListItem","position":3,"name":"Dining Chair Nguy\u1ec7t \u1ef6"}]},{"@type":"WebSite","@id":"https:\/\/dongsonartisanat.vn\/#website","url":"https:\/\/dongsonartisanat.vn\/","name":"Dongson Artisanat","description":"","publisher":{"@id":"https:\/\/dongsonartisanat.vn\/#organization"},"potentialAction":[{"@type":"SearchAction","target":{"@type":"EntryPoint","urlTemplate":"https:\/\/dongsonartisanat.vn\/?s={search_term_string}"},"query-input":{"@type":"PropertyValueSpecification","valueRequired":true,"valueName":"search_term_string"}}],"inLanguage":"en-US"},{"@type":"Organization","@id":"https:\/\/dongsonartisanat.vn\/#organization","name":"Dongson Artisanat","url":"https:\/\/dongsonartisanat.vn\/","logo":{"@type":"ImageObject","inLanguage":"en-US","@id":"https:\/\/dongsonartisanat.vn\/#\/schema\/logo\/image\/","url":"https:\/\/dongsonartisanat.vn\/wp-content\/uploads\/2025\/06\/dong-son-logo.png","contentUrl":"https:\/\/dongsonartisanat.vn\/wp-content\/uploads\/2025\/06\/dong-son-logo.png","width":824,"height":734,"caption":"Dongson Artisanat"},"image":{"@id":"https:\/\/dongsonartisanat.vn\/#\/schema\/logo\/image\/"}}]}},"_links":{"self":[{"href":"https:\/\/dongsonartisanat.vn\/en\/wp-json\/wp\/v2\/product\/3022","targetHints":{"allow":["GET"]}}],"collection":[{"href":"https:\/\/dongsonartisanat.vn\/en\/wp-json\/wp\/v2\/product"}],"about":[{"href":"https:\/\/dongsonartisanat.vn\/en\/wp-json\/wp\/v2\/types\/product"}],"replies":[{"embeddable":true,"href":"https:\/\/dongsonartisanat.vn\/en\/wp-json\/wp\/v2\/comments?post=3022"}],"wp:featuredmedia":[{"embeddable":true,"href":"https:\/\/dongsonartisanat.vn\/en\/wp-json\/wp\/v2\/media\/3024"}],"wp:attachment":[{"href":"https:\/\/dongsonartisanat.vn\/en\/wp-json\/wp\/v2\/media?parent=3022"}],"wp:term":[{"taxonomy":"product_brand","embeddable":true,"href":"https:\/\/dongsonartisanat.vn\/en\/wp-json\/wp\/v2\/product_brand?post=3022"},{"taxonomy":"product_cat","embeddable":true,"href":"https:\/\/dongsonartisanat.vn\/en\/wp-json\/wp\/v2\/product_cat?post=3022"},{"taxonomy":"product_tag","embeddable":true,"href":"https:\/\/dongsonartisanat.vn\/en\/wp-json\/wp\/v2\/product_tag?post=3022"}],"curies":[{"name":"wp","href":"https:\/\/api.w.org\/{rel}","templated":true}]}}