{"id":3027,"date":"2025-09-12T13:20:40","date_gmt":"2025-09-12T06:20:40","guid":{"rendered":"https:\/\/dongsonartisanat.vn\/?post_type=product&#038;p=3027"},"modified":"2026-04-08T17:14:06","modified_gmt":"2026-04-08T10:14:06","slug":"dining-table-da-yen","status":"publish","type":"product","link":"https:\/\/dongsonartisanat.vn\/en\/product\/dining-table-da-yen\/","title":{"rendered":"Dining Table D\u1ea1 Y\u1ebfn"},"content":{"rendered":"","protected":false},"excerpt":{"rendered":"<p>D\u1ea1 Y\u1ebfn l\u00e0 l\u1eddi m\u1eddi g\u1ecdi c\u1ee7a nh\u1eefng b\u1eefa ti\u1ec7c \u0111\u00e1ng nh\u1edb. D\u00e1ng b\u00e0n d\u00e0i, c\u1ee5m nh\u1ecbp ch\u00e2n b\u00e0n th\u00e2n tre kh\u1ebd xuy\u00ean qua \u0111\u1ec3 \u201cn\u1edf hoa\u201d h\u1ecda ti\u1ebft tr\u00e1ng men tr\u00ean b\u1ec1 m\u1eb7t \u0111\u1ea7y tinh t\u1ebf, thanh nh\u00e3 v\u00e0 v\u1eefng ch\u00e3i.<\/p>\n<p>Nh\u1eefng hoa h\u1ecda ti\u1ebft v\u1edbi nh\u1ecbp h\u00ecnh h\u1ecdc Bauhaus xu\u1ea5t hi\u1ec7n tr\u00ean b\u1ec1 m\u1eb7t nh\u01b0 \u0111i\u1ec3m h\u1ed9i t\u1ee5 c\u1ee7a \u00e1nh s\u00e1ng, c\u1ee7a ti\u1ebfng ch\u1ea1m ly, c\u1ee7a cu\u1ed9c tr\u00f2 chuy\u1ec7n r\u00f4m r\u1ea3 ch\u01b0a h\u1ed3i d\u1ee9t. Chi\u1ebfc b\u00e0n v\u1eabn hi\u1ec7n di\u1ec7n \u1edf \u0111\u00f3 trong nh\u1ecbp \u0111i\u1ec7u c\u1ee7a th\u1eddi \u0111\u1ea1i b\u1eb1ng s\u1ef1 tr\u1ea7m t\u0129nh, v\u1eefng ch\u00e3i v\u00e0 c\u00e2u chuy\u1ec7n m\u00e0 n\u00f3 mang trong m\u00ecnh.<\/p>","protected":false},"featured_media":3028,"comment_status":"open","ping_status":"closed","template":"","meta":{"inline_featured_image":false},"product_brand":[],"product_cat":[62,105,93],"product_tag":[],"class_list":{"0":"post-3027","1":"product","2":"type-product","3":"status-publish","4":"has-post-thumbnail","6":"product_cat-ban","7":"product_cat-ban-an","8":"product_cat-san-pham-noi-that","10":"first","11":"instock","12":"shipping-taxable","13":"purchasable","14":"product-type-simple"},"acf":[],"yoast_head":"<!-- This site is optimized with the Yoast SEO Premium plugin v24.8 (Yoast SEO v24.8) - https:\/\/yoast.com\/wordpress\/plugins\/seo\/ -->\n<title>Dining Table D\u1ea1 Y\u1ebfn - Dongson Artisanat<\/title>\n<meta name=\"robots\" content=\"index, follow, max-snippet:-1, max-image-preview:large, max-video-preview:-1\" \/>\n<link rel=\"canonical\" href=\"https:\/\/dongsonartisanat.vn\/en\/product\/dining-table-da-yen\/\" \/>\n<meta property=\"og:locale\" content=\"en_US\" \/>\n<meta property=\"og:type\" content=\"article\" \/>\n<meta property=\"og:title\" content=\"Dining Table D\u1ea1 Y\u1ebfn\" \/>\n<meta property=\"og:description\" content=\"D\u1ea1 Y\u1ebfn l\u00e0 l\u1eddi m\u1eddi g\u1ecdi c\u1ee7a nh\u1eefng b\u1eefa ti\u1ec7c \u0111\u00e1ng nh\u1edb. D\u00e1ng b\u00e0n d\u00e0i, c\u1ee5m nh\u1ecbp ch\u00e2n b\u00e0n th\u00e2n tre kh\u1ebd xuy\u00ean qua \u0111\u1ec3 \u201cn\u1edf hoa\u201d h\u1ecda ti\u1ebft tr\u00e1ng men tr\u00ean b\u1ec1 m\u1eb7t \u0111\u1ea7y tinh t\u1ebf, thanh nh\u00e3 v\u00e0 v\u1eefng ch\u00e3i.  Nh\u1eefng hoa h\u1ecda ti\u1ebft v\u1edbi nh\u1ecbp h\u00ecnh h\u1ecdc Bauhaus xu\u1ea5t hi\u1ec7n tr\u00ean b\u1ec1 m\u1eb7t nh\u01b0 \u0111i\u1ec3m h\u1ed9i t\u1ee5 c\u1ee7a \u00e1nh s\u00e1ng, c\u1ee7a ti\u1ebfng ch\u1ea1m ly, c\u1ee7a cu\u1ed9c tr\u00f2 chuy\u1ec7n r\u00f4m r\u1ea3 ch\u01b0a h\u1ed3i d\u1ee9t. Chi\u1ebfc b\u00e0n v\u1eabn hi\u1ec7n di\u1ec7n \u1edf \u0111\u00f3 trong nh\u1ecbp \u0111i\u1ec7u c\u1ee7a th\u1eddi \u0111\u1ea1i b\u1eb1ng s\u1ef1 tr\u1ea7m t\u0129nh, v\u1eefng ch\u00e3i v\u00e0 c\u00e2u chuy\u1ec7n m\u00e0 n\u00f3 mang trong m\u00ecnh.\" \/>\n<meta property=\"og:url\" content=\"https:\/\/dongsonartisanat.vn\/en\/product\/dining-table-da-yen\/\" \/>\n<meta property=\"og:site_name\" content=\"Dongson Artisanat\" \/>\n<meta property=\"article:modified_time\" content=\"2026-04-08T10:14:06+00:00\" \/>\n<meta property=\"og:image\" content=\"https:\/\/dongsonartisanat.vn\/wp-content\/uploads\/2025\/09\/e7158bde82a136ff6fb0.jpg\" \/>\n\t<meta property=\"og:image:width\" content=\"1920\" \/>\n\t<meta property=\"og:image:height\" content=\"1920\" \/>\n\t<meta property=\"og:image:type\" content=\"image\/jpeg\" \/>\n<meta name=\"twitter:card\" content=\"summary_large_image\" \/>\n<meta name=\"twitter:label1\" content=\"Est. reading time\" \/>\n\t<meta name=\"twitter:data1\" content=\"1 minute\" \/>\n<script type=\"application\/ld+json\" class=\"yoast-schema-graph\">{\"@context\":\"https:\/\/schema.org\",\"@graph\":[{\"@type\":\"WebPage\",\"@id\":\"https:\/\/dongsonartisanat.vn\/san-pham\/dining-table-da-yen\/\",\"url\":\"https:\/\/dongsonartisanat.vn\/san-pham\/dining-table-da-yen\/\",\"name\":\"Dining Table D\u1ea1 Y\u1ebfn - Dongson Artisanat\",\"isPartOf\":{\"@id\":\"https:\/\/dongsonartisanat.vn\/#website\"},\"primaryImageOfPage\":{\"@id\":\"https:\/\/dongsonartisanat.vn\/san-pham\/dining-table-da-yen\/#primaryimage\"},\"image\":{\"@id\":\"https:\/\/dongsonartisanat.vn\/san-pham\/dining-table-da-yen\/#primaryimage\"},\"thumbnailUrl\":\"https:\/\/dongsonartisanat.vn\/wp-content\/uploads\/2025\/09\/e7158bde82a136ff6fb0.jpg\",\"datePublished\":\"2025-09-12T06:20:40+00:00\",\"dateModified\":\"2026-04-08T10:14:06+00:00\",\"breadcrumb\":{\"@id\":\"https:\/\/dongsonartisanat.vn\/san-pham\/dining-table-da-yen\/#breadcrumb\"},\"inLanguage\":\"en-US\",\"potentialAction\":[{\"@type\":\"ReadAction\",\"target\":[\"https:\/\/dongsonartisanat.vn\/san-pham\/dining-table-da-yen\/\"]}]},{\"@type\":\"ImageObject\",\"inLanguage\":\"en-US\",\"@id\":\"https:\/\/dongsonartisanat.vn\/san-pham\/dining-table-da-yen\/#primaryimage\",\"url\":\"https:\/\/dongsonartisanat.vn\/wp-content\/uploads\/2025\/09\/e7158bde82a136ff6fb0.jpg\",\"contentUrl\":\"https:\/\/dongsonartisanat.vn\/wp-content\/uploads\/2025\/09\/e7158bde82a136ff6fb0.jpg\",\"width\":1920,\"height\":1920,\"caption\":\"dining chair mam xoi\"},{\"@type\":\"BreadcrumbList\",\"@id\":\"https:\/\/dongsonartisanat.vn\/san-pham\/dining-table-da-yen\/#breadcrumb\",\"itemListElement\":[{\"@type\":\"ListItem\",\"position\":1,\"name\":\"Home\",\"item\":\"https:\/\/dongsonartisanat.vn\/\"},{\"@type\":\"ListItem\",\"position\":2,\"name\":\"S\u1ea3n ph\u1ea9m\",\"item\":\"https:\/\/dongsonartisanat.vn\/san-pham\/\"},{\"@type\":\"ListItem\",\"position\":3,\"name\":\"Dining Table D\u1ea1 Y\u1ebfn\"}]},{\"@type\":\"WebSite\",\"@id\":\"https:\/\/dongsonartisanat.vn\/#website\",\"url\":\"https:\/\/dongsonartisanat.vn\/\",\"name\":\"Dongson Artisanat\",\"description\":\"\",\"publisher\":{\"@id\":\"https:\/\/dongsonartisanat.vn\/#organization\"},\"potentialAction\":[{\"@type\":\"SearchAction\",\"target\":{\"@type\":\"EntryPoint\",\"urlTemplate\":\"https:\/\/dongsonartisanat.vn\/?s={search_term_string}\"},\"query-input\":{\"@type\":\"PropertyValueSpecification\",\"valueRequired\":true,\"valueName\":\"search_term_string\"}}],\"inLanguage\":\"en-US\"},{\"@type\":\"Organization\",\"@id\":\"https:\/\/dongsonartisanat.vn\/#organization\",\"name\":\"Dongson Artisanat\",\"url\":\"https:\/\/dongsonartisanat.vn\/\",\"logo\":{\"@type\":\"ImageObject\",\"inLanguage\":\"en-US\",\"@id\":\"https:\/\/dongsonartisanat.vn\/#\/schema\/logo\/image\/\",\"url\":\"https:\/\/dongsonartisanat.vn\/wp-content\/uploads\/2025\/06\/dong-son-logo.png\",\"contentUrl\":\"https:\/\/dongsonartisanat.vn\/wp-content\/uploads\/2025\/06\/dong-son-logo.png\",\"width\":824,\"height\":734,\"caption\":\"Dongson Artisanat\"},\"image\":{\"@id\":\"https:\/\/dongsonartisanat.vn\/#\/schema\/logo\/image\/\"}}]}<\/script>\n<!-- \/ Yoast SEO Premium plugin. -->","yoast_head_json":{"title":"Dining Table D\u1ea1 Y\u1ebfn - Dongson Artisanat","robots":{"index":"index","follow":"follow","max-snippet":"max-snippet:-1","max-image-preview":"max-image-preview:large","max-video-preview":"max-video-preview:-1"},"canonical":"https:\/\/dongsonartisanat.vn\/en\/product\/dining-table-da-yen\/","og_locale":"en_US","og_type":"article","og_title":"Dining Table D\u1ea1 Y\u1ebfn","og_description":"D\u1ea1 Y\u1ebfn l\u00e0 l\u1eddi m\u1eddi g\u1ecdi c\u1ee7a nh\u1eefng b\u1eefa ti\u1ec7c \u0111\u00e1ng nh\u1edb. D\u00e1ng b\u00e0n d\u00e0i, c\u1ee5m nh\u1ecbp ch\u00e2n b\u00e0n th\u00e2n tre kh\u1ebd xuy\u00ean qua \u0111\u1ec3 \u201cn\u1edf hoa\u201d h\u1ecda ti\u1ebft tr\u00e1ng men tr\u00ean b\u1ec1 m\u1eb7t \u0111\u1ea7y tinh t\u1ebf, thanh nh\u00e3 v\u00e0 v\u1eefng ch\u00e3i.  Nh\u1eefng hoa h\u1ecda ti\u1ebft v\u1edbi nh\u1ecbp h\u00ecnh h\u1ecdc Bauhaus xu\u1ea5t hi\u1ec7n tr\u00ean b\u1ec1 m\u1eb7t nh\u01b0 \u0111i\u1ec3m h\u1ed9i t\u1ee5 c\u1ee7a \u00e1nh s\u00e1ng, c\u1ee7a ti\u1ebfng ch\u1ea1m ly, c\u1ee7a cu\u1ed9c tr\u00f2 chuy\u1ec7n r\u00f4m r\u1ea3 ch\u01b0a h\u1ed3i d\u1ee9t. Chi\u1ebfc b\u00e0n v\u1eabn hi\u1ec7n di\u1ec7n \u1edf \u0111\u00f3 trong nh\u1ecbp \u0111i\u1ec7u c\u1ee7a th\u1eddi \u0111\u1ea1i b\u1eb1ng s\u1ef1 tr\u1ea7m t\u0129nh, v\u1eefng ch\u00e3i v\u00e0 c\u00e2u chuy\u1ec7n m\u00e0 n\u00f3 mang trong m\u00ecnh.","og_url":"https:\/\/dongsonartisanat.vn\/en\/product\/dining-table-da-yen\/","og_site_name":"Dongson Artisanat","article_modified_time":"2026-04-08T10:14:06+00:00","og_image":[{"width":1920,"height":1920,"url":"https:\/\/dongsonartisanat.vn\/wp-content\/uploads\/2025\/09\/e7158bde82a136ff6fb0.jpg","type":"image\/jpeg"}],"twitter_card":"summary_large_image","twitter_misc":{"Est. reading time":"1 minute"},"schema":{"@context":"https:\/\/schema.org","@graph":[{"@type":"WebPage","@id":"https:\/\/dongsonartisanat.vn\/san-pham\/dining-table-da-yen\/","url":"https:\/\/dongsonartisanat.vn\/san-pham\/dining-table-da-yen\/","name":"Dining Table D\u1ea1 Y\u1ebfn - Dongson Artisanat","isPartOf":{"@id":"https:\/\/dongsonartisanat.vn\/#website"},"primaryImageOfPage":{"@id":"https:\/\/dongsonartisanat.vn\/san-pham\/dining-table-da-yen\/#primaryimage"},"image":{"@id":"https:\/\/dongsonartisanat.vn\/san-pham\/dining-table-da-yen\/#primaryimage"},"thumbnailUrl":"https:\/\/dongsonartisanat.vn\/wp-content\/uploads\/2025\/09\/e7158bde82a136ff6fb0.jpg","datePublished":"2025-09-12T06:20:40+00:00","dateModified":"2026-04-08T10:14:06+00:00","breadcrumb":{"@id":"https:\/\/dongsonartisanat.vn\/san-pham\/dining-table-da-yen\/#breadcrumb"},"inLanguage":"en-US","potentialAction":[{"@type":"ReadAction","target":["https:\/\/dongsonartisanat.vn\/san-pham\/dining-table-da-yen\/"]}]},{"@type":"ImageObject","inLanguage":"en-US","@id":"https:\/\/dongsonartisanat.vn\/san-pham\/dining-table-da-yen\/#primaryimage","url":"https:\/\/dongsonartisanat.vn\/wp-content\/uploads\/2025\/09\/e7158bde82a136ff6fb0.jpg","contentUrl":"https:\/\/dongsonartisanat.vn\/wp-content\/uploads\/2025\/09\/e7158bde82a136ff6fb0.jpg","width":1920,"height":1920,"caption":"dining chair mam xoi"},{"@type":"BreadcrumbList","@id":"https:\/\/dongsonartisanat.vn\/san-pham\/dining-table-da-yen\/#breadcrumb","itemListElement":[{"@type":"ListItem","position":1,"name":"Home","item":"https:\/\/dongsonartisanat.vn\/"},{"@type":"ListItem","position":2,"name":"S\u1ea3n ph\u1ea9m","item":"https:\/\/dongsonartisanat.vn\/san-pham\/"},{"@type":"ListItem","position":3,"name":"Dining Table D\u1ea1 Y\u1ebfn"}]},{"@type":"WebSite","@id":"https:\/\/dongsonartisanat.vn\/#website","url":"https:\/\/dongsonartisanat.vn\/","name":"Dongson Artisanat","description":"","publisher":{"@id":"https:\/\/dongsonartisanat.vn\/#organization"},"potentialAction":[{"@type":"SearchAction","target":{"@type":"EntryPoint","urlTemplate":"https:\/\/dongsonartisanat.vn\/?s={search_term_string}"},"query-input":{"@type":"PropertyValueSpecification","valueRequired":true,"valueName":"search_term_string"}}],"inLanguage":"en-US"},{"@type":"Organization","@id":"https:\/\/dongsonartisanat.vn\/#organization","name":"Dongson Artisanat","url":"https:\/\/dongsonartisanat.vn\/","logo":{"@type":"ImageObject","inLanguage":"en-US","@id":"https:\/\/dongsonartisanat.vn\/#\/schema\/logo\/image\/","url":"https:\/\/dongsonartisanat.vn\/wp-content\/uploads\/2025\/06\/dong-son-logo.png","contentUrl":"https:\/\/dongsonartisanat.vn\/wp-content\/uploads\/2025\/06\/dong-son-logo.png","width":824,"height":734,"caption":"Dongson Artisanat"},"image":{"@id":"https:\/\/dongsonartisanat.vn\/#\/schema\/logo\/image\/"}}]}},"_links":{"self":[{"href":"https:\/\/dongsonartisanat.vn\/en\/wp-json\/wp\/v2\/product\/3027","targetHints":{"allow":["GET"]}}],"collection":[{"href":"https:\/\/dongsonartisanat.vn\/en\/wp-json\/wp\/v2\/product"}],"about":[{"href":"https:\/\/dongsonartisanat.vn\/en\/wp-json\/wp\/v2\/types\/product"}],"replies":[{"embeddable":true,"href":"https:\/\/dongsonartisanat.vn\/en\/wp-json\/wp\/v2\/comments?post=3027"}],"wp:featuredmedia":[{"embeddable":true,"href":"https:\/\/dongsonartisanat.vn\/en\/wp-json\/wp\/v2\/media\/3028"}],"wp:attachment":[{"href":"https:\/\/dongsonartisanat.vn\/en\/wp-json\/wp\/v2\/media?parent=3027"}],"wp:term":[{"taxonomy":"product_brand","embeddable":true,"href":"https:\/\/dongsonartisanat.vn\/en\/wp-json\/wp\/v2\/product_brand?post=3027"},{"taxonomy":"product_cat","embeddable":true,"href":"https:\/\/dongsonartisanat.vn\/en\/wp-json\/wp\/v2\/product_cat?post=3027"},{"taxonomy":"product_tag","embeddable":true,"href":"https:\/\/dongsonartisanat.vn\/en\/wp-json\/wp\/v2\/product_tag?post=3027"}],"curies":[{"name":"wp","href":"https:\/\/api.w.org\/{rel}","templated":true}]}}