{"id":3032,"date":"2025-09-12T13:28:59","date_gmt":"2025-09-12T06:28:59","guid":{"rendered":"https:\/\/dongsonartisanat.vn\/?post_type=product&#038;p=3032"},"modified":"2026-04-08T17:14:41","modified_gmt":"2026-04-08T10:14:41","slug":"ottoman-tinh-toa","status":"publish","type":"product","link":"https:\/\/dongsonartisanat.vn\/en\/product\/ottoman-tinh-toa\/","title":{"rendered":"Ottoman T\u0129nh T\u1ecda"},"content":{"rendered":"","protected":false},"excerpt":{"rendered":"<p>T\u1ecda bi\u1ec3u tr\u01b0ng cho tinh th\u1ea7n ng\u1ee3i ca s\u1ed1ng ch\u1eadm.<\/p>\n<p>Gi\u1eefa m\u1ed9t \u0111\u1eddi s\u1ed1ng lu\u00f4n chuy\u1ec3n \u0111\u1ed9ng bi\u1ebfn chuy\u1ec3n, c\u00f3 nh\u1eefng k\u00fd \u1ee9c ch\u1ec9 tr\u1edf v\u1ec1 khi ta ch\u1eadm l\u1ea1i \u0111\u1ec3 l\u1eafng l\u00f2ng qu\u00e1n s\u00e1t. T\u0129nh T\u1ecda g\u1ee3i c\u1ea3m gi\u00e1c c\u00f4 \u0111\u1ecdng, g\u1ecdn gh\u1ebd v\u00e0 ri\u00eang t\u01b0; H\u1ef7 T\u1ecda th\u00ec r\u1ed9ng m\u1edf v\u00e0 c\u00f3 t\u00ednh chia s\u1ebb h\u01a1n. Kh\u00f4ng c\u1ea7n \u0111\u1ebfn h\u1ecda ti\u1ebft, s\u1ea3n ph\u1ea9m n\u00e0y ch\u1ea1m v\u00e0o ng\u01b0\u1eddi d\u00f9ng b\u1eb1ng c\u00f4ng n\u0103ng th\u01b0\u1eddng nh\u1eadt, ch\u1ea5t li\u1ec7u \u00eam \u00e1i v\u00e0 v\u1ebb thanh l\u1ecbch c\u1ee7a khung tre kim lo\u1ea1i.<\/p>\n<p>T\u1ecda nh\u1eafc r\u1eb1ng \u0111\u00f4i khi, s\u1ef1 xa x\u1ec9 \u0111\u00edch th\u1ef1c ch\u1ec9 l\u00e0 c\u00f3 m\u1ed9t n\u01a1i \u0111\u1ee7 \u00a0an y\u00ean \u0111\u1ec3 c\u01a1 th\u1ec3 \u0111\u01b0\u1ee3c ngh\u1ec9, v\u00e0 t\u00e2m tr\u00ed \u0111\u01b0\u1ee3c tr\u1edf v\u1ec1 v\u1edbi nh\u1eefng suy ngh\u0129 t\u1eeb qu\u00e1 kh\u1ee9.<\/p>","protected":false},"featured_media":3034,"comment_status":"open","ping_status":"closed","template":"","meta":{"inline_featured_image":false},"product_brand":[],"product_cat":[95,137,93],"product_tag":[],"class_list":{"0":"post-3032","1":"product","2":"type-product","3":"status-publish","4":"has-post-thumbnail","6":"product_cat-ghe","7":"product_cat-ghe-don","8":"product_cat-san-pham-noi-that","10":"first","11":"instock","12":"shipping-taxable","13":"purchasable","14":"product-type-simple"},"acf":[],"yoast_head":"<!-- This site is optimized with the Yoast SEO Premium plugin v24.8 (Yoast SEO v24.8) - https:\/\/yoast.com\/wordpress\/plugins\/seo\/ -->\n<title>Ottoman T\u0129nh T\u1ecda - Dongson Artisanat<\/title>\n<meta name=\"robots\" content=\"index, follow, max-snippet:-1, max-image-preview:large, max-video-preview:-1\" \/>\n<link rel=\"canonical\" href=\"https:\/\/dongsonartisanat.vn\/en\/product\/ottoman-tinh-toa\/\" \/>\n<meta property=\"og:locale\" content=\"en_US\" \/>\n<meta property=\"og:type\" content=\"article\" \/>\n<meta property=\"og:title\" content=\"Ottoman T\u0129nh T\u1ecda\" \/>\n<meta property=\"og:description\" content=\"T\u1ecda bi\u1ec3u tr\u01b0ng cho tinh th\u1ea7n ng\u1ee3i ca s\u1ed1ng ch\u1eadm.  Gi\u1eefa m\u1ed9t \u0111\u1eddi s\u1ed1ng lu\u00f4n chuy\u1ec3n \u0111\u1ed9ng bi\u1ebfn chuy\u1ec3n, c\u00f3 nh\u1eefng k\u00fd \u1ee9c ch\u1ec9 tr\u1edf v\u1ec1 khi ta ch\u1eadm l\u1ea1i \u0111\u1ec3 l\u1eafng l\u00f2ng qu\u00e1n s\u00e1t. T\u0129nh T\u1ecda g\u1ee3i c\u1ea3m gi\u00e1c c\u00f4 \u0111\u1ecdng, g\u1ecdn gh\u1ebd v\u00e0 ri\u00eang t\u01b0; H\u1ef7 T\u1ecda th\u00ec r\u1ed9ng m\u1edf v\u00e0 c\u00f3 t\u00ednh chia s\u1ebb h\u01a1n. Kh\u00f4ng c\u1ea7n \u0111\u1ebfn h\u1ecda ti\u1ebft, s\u1ea3n ph\u1ea9m n\u00e0y ch\u1ea1m v\u00e0o ng\u01b0\u1eddi d\u00f9ng b\u1eb1ng c\u00f4ng n\u0103ng th\u01b0\u1eddng nh\u1eadt, ch\u1ea5t li\u1ec7u \u00eam \u00e1i v\u00e0 v\u1ebb thanh l\u1ecbch c\u1ee7a khung tre kim lo\u1ea1i.  T\u1ecda nh\u1eafc r\u1eb1ng \u0111\u00f4i khi, s\u1ef1 xa x\u1ec9 \u0111\u00edch th\u1ef1c ch\u1ec9 l\u00e0 c\u00f3 m\u1ed9t n\u01a1i \u0111\u1ee7 \u00a0an y\u00ean \u0111\u1ec3 c\u01a1 th\u1ec3 \u0111\u01b0\u1ee3c ngh\u1ec9, v\u00e0 t\u00e2m tr\u00ed \u0111\u01b0\u1ee3c tr\u1edf v\u1ec1 v\u1edbi nh\u1eefng suy ngh\u0129 t\u1eeb qu\u00e1 kh\u1ee9.\" \/>\n<meta property=\"og:url\" content=\"https:\/\/dongsonartisanat.vn\/en\/product\/ottoman-tinh-toa\/\" \/>\n<meta property=\"og:site_name\" content=\"Dongson Artisanat\" \/>\n<meta property=\"article:modified_time\" content=\"2026-04-08T10:14:41+00:00\" \/>\n<meta property=\"og:image\" content=\"https:\/\/dongsonartisanat.vn\/wp-content\/uploads\/2025\/09\/vuong-2-4.png\" \/>\n\t<meta property=\"og:image:width\" content=\"1920\" \/>\n\t<meta property=\"og:image:height\" content=\"1920\" \/>\n\t<meta property=\"og:image:type\" content=\"image\/png\" \/>\n<meta name=\"twitter:card\" content=\"summary_large_image\" \/>\n<meta name=\"twitter:label1\" content=\"Est. reading time\" \/>\n\t<meta name=\"twitter:data1\" content=\"1 minute\" \/>\n<script type=\"application\/ld+json\" class=\"yoast-schema-graph\">{\"@context\":\"https:\/\/schema.org\",\"@graph\":[{\"@type\":\"WebPage\",\"@id\":\"https:\/\/dongsonartisanat.vn\/san-pham\/ottoman-tinh-toa\/\",\"url\":\"https:\/\/dongsonartisanat.vn\/san-pham\/ottoman-tinh-toa\/\",\"name\":\"Ottoman T\u0129nh T\u1ecda - Dongson Artisanat\",\"isPartOf\":{\"@id\":\"https:\/\/dongsonartisanat.vn\/#website\"},\"primaryImageOfPage\":{\"@id\":\"https:\/\/dongsonartisanat.vn\/san-pham\/ottoman-tinh-toa\/#primaryimage\"},\"image\":{\"@id\":\"https:\/\/dongsonartisanat.vn\/san-pham\/ottoman-tinh-toa\/#primaryimage\"},\"thumbnailUrl\":\"https:\/\/dongsonartisanat.vn\/wp-content\/uploads\/2025\/09\/vuong-2-4.png\",\"datePublished\":\"2025-09-12T06:28:59+00:00\",\"dateModified\":\"2026-04-08T10:14:41+00:00\",\"breadcrumb\":{\"@id\":\"https:\/\/dongsonartisanat.vn\/san-pham\/ottoman-tinh-toa\/#breadcrumb\"},\"inLanguage\":\"en-US\",\"potentialAction\":[{\"@type\":\"ReadAction\",\"target\":[\"https:\/\/dongsonartisanat.vn\/san-pham\/ottoman-tinh-toa\/\"]}]},{\"@type\":\"ImageObject\",\"inLanguage\":\"en-US\",\"@id\":\"https:\/\/dongsonartisanat.vn\/san-pham\/ottoman-tinh-toa\/#primaryimage\",\"url\":\"https:\/\/dongsonartisanat.vn\/wp-content\/uploads\/2025\/09\/vuong-2-4.png\",\"contentUrl\":\"https:\/\/dongsonartisanat.vn\/wp-content\/uploads\/2025\/09\/vuong-2-4.png\",\"width\":1920,\"height\":1920,\"caption\":\"Ottoman g\u00e1c nh\u1eb9 tr\u01b0a\"},{\"@type\":\"BreadcrumbList\",\"@id\":\"https:\/\/dongsonartisanat.vn\/san-pham\/ottoman-tinh-toa\/#breadcrumb\",\"itemListElement\":[{\"@type\":\"ListItem\",\"position\":1,\"name\":\"Home\",\"item\":\"https:\/\/dongsonartisanat.vn\/\"},{\"@type\":\"ListItem\",\"position\":2,\"name\":\"S\u1ea3n ph\u1ea9m\",\"item\":\"https:\/\/dongsonartisanat.vn\/san-pham\/\"},{\"@type\":\"ListItem\",\"position\":3,\"name\":\"Ottoman T\u0129nh T\u1ecda\"}]},{\"@type\":\"WebSite\",\"@id\":\"https:\/\/dongsonartisanat.vn\/#website\",\"url\":\"https:\/\/dongsonartisanat.vn\/\",\"name\":\"Dongson Artisanat\",\"description\":\"\",\"publisher\":{\"@id\":\"https:\/\/dongsonartisanat.vn\/#organization\"},\"potentialAction\":[{\"@type\":\"SearchAction\",\"target\":{\"@type\":\"EntryPoint\",\"urlTemplate\":\"https:\/\/dongsonartisanat.vn\/?s={search_term_string}\"},\"query-input\":{\"@type\":\"PropertyValueSpecification\",\"valueRequired\":true,\"valueName\":\"search_term_string\"}}],\"inLanguage\":\"en-US\"},{\"@type\":\"Organization\",\"@id\":\"https:\/\/dongsonartisanat.vn\/#organization\",\"name\":\"Dongson Artisanat\",\"url\":\"https:\/\/dongsonartisanat.vn\/\",\"logo\":{\"@type\":\"ImageObject\",\"inLanguage\":\"en-US\",\"@id\":\"https:\/\/dongsonartisanat.vn\/#\/schema\/logo\/image\/\",\"url\":\"https:\/\/dongsonartisanat.vn\/wp-content\/uploads\/2025\/06\/dong-son-logo.png\",\"contentUrl\":\"https:\/\/dongsonartisanat.vn\/wp-content\/uploads\/2025\/06\/dong-son-logo.png\",\"width\":824,\"height\":734,\"caption\":\"Dongson Artisanat\"},\"image\":{\"@id\":\"https:\/\/dongsonartisanat.vn\/#\/schema\/logo\/image\/\"}}]}<\/script>\n<!-- \/ Yoast SEO Premium plugin. -->","yoast_head_json":{"title":"Ottoman T\u0129nh T\u1ecda - Dongson Artisanat","robots":{"index":"index","follow":"follow","max-snippet":"max-snippet:-1","max-image-preview":"max-image-preview:large","max-video-preview":"max-video-preview:-1"},"canonical":"https:\/\/dongsonartisanat.vn\/en\/product\/ottoman-tinh-toa\/","og_locale":"en_US","og_type":"article","og_title":"Ottoman T\u0129nh T\u1ecda","og_description":"T\u1ecda bi\u1ec3u tr\u01b0ng cho tinh th\u1ea7n ng\u1ee3i ca s\u1ed1ng ch\u1eadm.  Gi\u1eefa m\u1ed9t \u0111\u1eddi s\u1ed1ng lu\u00f4n chuy\u1ec3n \u0111\u1ed9ng bi\u1ebfn chuy\u1ec3n, c\u00f3 nh\u1eefng k\u00fd \u1ee9c ch\u1ec9 tr\u1edf v\u1ec1 khi ta ch\u1eadm l\u1ea1i \u0111\u1ec3 l\u1eafng l\u00f2ng qu\u00e1n s\u00e1t. T\u0129nh T\u1ecda g\u1ee3i c\u1ea3m gi\u00e1c c\u00f4 \u0111\u1ecdng, g\u1ecdn gh\u1ebd v\u00e0 ri\u00eang t\u01b0; H\u1ef7 T\u1ecda th\u00ec r\u1ed9ng m\u1edf v\u00e0 c\u00f3 t\u00ednh chia s\u1ebb h\u01a1n. Kh\u00f4ng c\u1ea7n \u0111\u1ebfn h\u1ecda ti\u1ebft, s\u1ea3n ph\u1ea9m n\u00e0y ch\u1ea1m v\u00e0o ng\u01b0\u1eddi d\u00f9ng b\u1eb1ng c\u00f4ng n\u0103ng th\u01b0\u1eddng nh\u1eadt, ch\u1ea5t li\u1ec7u \u00eam \u00e1i v\u00e0 v\u1ebb thanh l\u1ecbch c\u1ee7a khung tre kim lo\u1ea1i.  T\u1ecda nh\u1eafc r\u1eb1ng \u0111\u00f4i khi, s\u1ef1 xa x\u1ec9 \u0111\u00edch th\u1ef1c ch\u1ec9 l\u00e0 c\u00f3 m\u1ed9t n\u01a1i \u0111\u1ee7 \u00a0an y\u00ean \u0111\u1ec3 c\u01a1 th\u1ec3 \u0111\u01b0\u1ee3c ngh\u1ec9, v\u00e0 t\u00e2m tr\u00ed \u0111\u01b0\u1ee3c tr\u1edf v\u1ec1 v\u1edbi nh\u1eefng suy ngh\u0129 t\u1eeb qu\u00e1 kh\u1ee9.","og_url":"https:\/\/dongsonartisanat.vn\/en\/product\/ottoman-tinh-toa\/","og_site_name":"Dongson Artisanat","article_modified_time":"2026-04-08T10:14:41+00:00","og_image":[{"width":1920,"height":1920,"url":"https:\/\/dongsonartisanat.vn\/wp-content\/uploads\/2025\/09\/vuong-2-4.png","type":"image\/png"}],"twitter_card":"summary_large_image","twitter_misc":{"Est. reading time":"1 minute"},"schema":{"@context":"https:\/\/schema.org","@graph":[{"@type":"WebPage","@id":"https:\/\/dongsonartisanat.vn\/san-pham\/ottoman-tinh-toa\/","url":"https:\/\/dongsonartisanat.vn\/san-pham\/ottoman-tinh-toa\/","name":"Ottoman T\u0129nh T\u1ecda - Dongson Artisanat","isPartOf":{"@id":"https:\/\/dongsonartisanat.vn\/#website"},"primaryImageOfPage":{"@id":"https:\/\/dongsonartisanat.vn\/san-pham\/ottoman-tinh-toa\/#primaryimage"},"image":{"@id":"https:\/\/dongsonartisanat.vn\/san-pham\/ottoman-tinh-toa\/#primaryimage"},"thumbnailUrl":"https:\/\/dongsonartisanat.vn\/wp-content\/uploads\/2025\/09\/vuong-2-4.png","datePublished":"2025-09-12T06:28:59+00:00","dateModified":"2026-04-08T10:14:41+00:00","breadcrumb":{"@id":"https:\/\/dongsonartisanat.vn\/san-pham\/ottoman-tinh-toa\/#breadcrumb"},"inLanguage":"en-US","potentialAction":[{"@type":"ReadAction","target":["https:\/\/dongsonartisanat.vn\/san-pham\/ottoman-tinh-toa\/"]}]},{"@type":"ImageObject","inLanguage":"en-US","@id":"https:\/\/dongsonartisanat.vn\/san-pham\/ottoman-tinh-toa\/#primaryimage","url":"https:\/\/dongsonartisanat.vn\/wp-content\/uploads\/2025\/09\/vuong-2-4.png","contentUrl":"https:\/\/dongsonartisanat.vn\/wp-content\/uploads\/2025\/09\/vuong-2-4.png","width":1920,"height":1920,"caption":"Ottoman g\u00e1c nh\u1eb9 tr\u01b0a"},{"@type":"BreadcrumbList","@id":"https:\/\/dongsonartisanat.vn\/san-pham\/ottoman-tinh-toa\/#breadcrumb","itemListElement":[{"@type":"ListItem","position":1,"name":"Home","item":"https:\/\/dongsonartisanat.vn\/"},{"@type":"ListItem","position":2,"name":"S\u1ea3n ph\u1ea9m","item":"https:\/\/dongsonartisanat.vn\/san-pham\/"},{"@type":"ListItem","position":3,"name":"Ottoman T\u0129nh T\u1ecda"}]},{"@type":"WebSite","@id":"https:\/\/dongsonartisanat.vn\/#website","url":"https:\/\/dongsonartisanat.vn\/","name":"Dongson Artisanat","description":"","publisher":{"@id":"https:\/\/dongsonartisanat.vn\/#organization"},"potentialAction":[{"@type":"SearchAction","target":{"@type":"EntryPoint","urlTemplate":"https:\/\/dongsonartisanat.vn\/?s={search_term_string}"},"query-input":{"@type":"PropertyValueSpecification","valueRequired":true,"valueName":"search_term_string"}}],"inLanguage":"en-US"},{"@type":"Organization","@id":"https:\/\/dongsonartisanat.vn\/#organization","name":"Dongson Artisanat","url":"https:\/\/dongsonartisanat.vn\/","logo":{"@type":"ImageObject","inLanguage":"en-US","@id":"https:\/\/dongsonartisanat.vn\/#\/schema\/logo\/image\/","url":"https:\/\/dongsonartisanat.vn\/wp-content\/uploads\/2025\/06\/dong-son-logo.png","contentUrl":"https:\/\/dongsonartisanat.vn\/wp-content\/uploads\/2025\/06\/dong-son-logo.png","width":824,"height":734,"caption":"Dongson Artisanat"},"image":{"@id":"https:\/\/dongsonartisanat.vn\/#\/schema\/logo\/image\/"}}]}},"_links":{"self":[{"href":"https:\/\/dongsonartisanat.vn\/en\/wp-json\/wp\/v2\/product\/3032","targetHints":{"allow":["GET"]}}],"collection":[{"href":"https:\/\/dongsonartisanat.vn\/en\/wp-json\/wp\/v2\/product"}],"about":[{"href":"https:\/\/dongsonartisanat.vn\/en\/wp-json\/wp\/v2\/types\/product"}],"replies":[{"embeddable":true,"href":"https:\/\/dongsonartisanat.vn\/en\/wp-json\/wp\/v2\/comments?post=3032"}],"wp:featuredmedia":[{"embeddable":true,"href":"https:\/\/dongsonartisanat.vn\/en\/wp-json\/wp\/v2\/media\/3034"}],"wp:attachment":[{"href":"https:\/\/dongsonartisanat.vn\/en\/wp-json\/wp\/v2\/media?parent=3032"}],"wp:term":[{"taxonomy":"product_brand","embeddable":true,"href":"https:\/\/dongsonartisanat.vn\/en\/wp-json\/wp\/v2\/product_brand?post=3032"},{"taxonomy":"product_cat","embeddable":true,"href":"https:\/\/dongsonartisanat.vn\/en\/wp-json\/wp\/v2\/product_cat?post=3032"},{"taxonomy":"product_tag","embeddable":true,"href":"https:\/\/dongsonartisanat.vn\/en\/wp-json\/wp\/v2\/product_tag?post=3032"}],"curies":[{"name":"wp","href":"https:\/\/api.w.org\/{rel}","templated":true}]}}