{"id":3049,"date":"2025-09-12T14:05:03","date_gmt":"2025-09-12T07:05:03","guid":{"rendered":"https:\/\/dongsonartisanat.vn\/?post_type=product&#038;p=3049"},"modified":"2026-04-08T17:16:17","modified_gmt":"2026-04-08T10:16:17","slug":"armchair-dai-phong","status":"publish","type":"product","link":"https:\/\/dongsonartisanat.vn\/en\/product\/armchair-dai-phong\/","title":{"rendered":"Armchair \u0110\u00e0i Phong"},"content":{"rendered":"","protected":false},"excerpt":{"rendered":"<p>Th\u01b0\u01a1ng \u0110\u00e0i l\u00e0 chi\u1ebfc gh\u1ebf b\u00e0nh v\u1edbi c\u00e1i t\u00ean l\u1ea5y c\u1ea3m h\u1ee9ng t\u1eeb v\u1ebb \u0111\u1eb9p \u00eam d\u1ecbu, \u0111\u1ea7y ho\u00e0i ni\u1ec7m c\u1ee7a nh\u1eefng \u0111\u00e1m r\u00eau phong ph\u1ee7 k\u00edn nh\u1eefng m\u1ea3ng t\u01b0\u1eddng x\u01b0a.<\/p>\n<p>D\u00e1ng gh\u1ebf \u00f4m l\u1ea5y c\u01a1 th\u1ec3 b\u1eb1ng nh\u1eefng \u0111\u01b0\u1eddng cong ti\u1ebft ch\u1ebf, k\u1ebft h\u1ee3p h\u1ec7 khung \u0111\u01b0\u1ee3c t\u1ea1o h\u00ecnh t\u1eeb th\u00e2n tre \u0111\u1ec3 t\u1ea1o n\u00ean m\u1ed9t v\u1ebb \u0111\u1eb9p v\u1eeba nh\u1eb9 nh\u00e0ng v\u1eeba s\u00e2u l\u1eafng, v\u1eeba thanh nh\u00e3 v\u1eeba sang tr\u1ecdng.<\/p>\n<p>\u0110\u00e0i Phong g\u1ee3i c\u1ea3m gi\u00e1c tao nh\u00e3; \u0110\u00e0i V\u0103n tr\u1ea7m t\u0129nh. Th\u01b0\u01a1ng \u0110\u00e0i kh\u00f4ng t\u00ecm c\u00e1ch g\u00e2y \u1ea5n t\u01b0\u1ee3ng t\u1ee9c th\u1eddi; n\u00f3 c\u00f4 \u0111\u1ecdng c\u1ea3m x\u00fac b\u1eb1ng c\u1ea3m gi\u00e1c \u0111\u01b0\u1ee3c n\u00e2ng \u0111\u1ee1, \u0111\u01b0\u1ee3c ch\u1edf che, v\u00e0 \u0111\u01b0\u1ee3c s\u1ed1ng ch\u1eadm h\u01a1n m\u1ed9t nh\u1ecbp gi\u1eefa th\u1ebf gi\u1edbi bi\u1ebfn chuy\u1ec3n v\u00e0 v\u1ed9i v\u00e3.<\/p>","protected":false},"featured_media":3050,"comment_status":"open","ping_status":"closed","template":"","meta":{"inline_featured_image":false},"product_brand":[],"product_cat":[95,135,93],"product_tag":[],"class_list":{"0":"post-3049","1":"product","2":"type-product","3":"status-publish","4":"has-post-thumbnail","6":"product_cat-ghe","7":"product_cat-ghe-thu-gian","8":"product_cat-san-pham-noi-that","10":"first","11":"instock","12":"shipping-taxable","13":"purchasable","14":"product-type-simple"},"acf":[],"yoast_head":"<!-- This site is optimized with the Yoast SEO Premium plugin v24.8 (Yoast SEO v24.8) - https:\/\/yoast.com\/wordpress\/plugins\/seo\/ -->\n<title>Armchair \u0110\u00e0i Phong - Dongson Artisanat<\/title>\n<meta name=\"robots\" content=\"index, follow, max-snippet:-1, max-image-preview:large, max-video-preview:-1\" \/>\n<link rel=\"canonical\" href=\"https:\/\/dongsonartisanat.vn\/en\/product\/armchair-dai-phong\/\" \/>\n<meta property=\"og:locale\" content=\"en_US\" \/>\n<meta property=\"og:type\" content=\"article\" \/>\n<meta property=\"og:title\" content=\"Armchair \u0110\u00e0i Phong\" \/>\n<meta property=\"og:description\" content=\"Th\u01b0\u01a1ng \u0110\u00e0i l\u00e0 chi\u1ebfc gh\u1ebf b\u00e0nh v\u1edbi c\u00e1i t\u00ean l\u1ea5y c\u1ea3m h\u1ee9ng t\u1eeb v\u1ebb \u0111\u1eb9p \u00eam d\u1ecbu, \u0111\u1ea7y ho\u00e0i ni\u1ec7m c\u1ee7a nh\u1eefng \u0111\u00e1m r\u00eau phong ph\u1ee7 k\u00edn nh\u1eefng m\u1ea3ng t\u01b0\u1eddng x\u01b0a.  D\u00e1ng gh\u1ebf \u00f4m l\u1ea5y c\u01a1 th\u1ec3 b\u1eb1ng nh\u1eefng \u0111\u01b0\u1eddng cong ti\u1ebft ch\u1ebf, k\u1ebft h\u1ee3p h\u1ec7 khung \u0111\u01b0\u1ee3c t\u1ea1o h\u00ecnh t\u1eeb th\u00e2n tre \u0111\u1ec3 t\u1ea1o n\u00ean m\u1ed9t v\u1ebb \u0111\u1eb9p v\u1eeba nh\u1eb9 nh\u00e0ng v\u1eeba s\u00e2u l\u1eafng, v\u1eeba thanh nh\u00e3 v\u1eeba sang tr\u1ecdng.  \u0110\u00e0i Phong g\u1ee3i c\u1ea3m gi\u00e1c tao nh\u00e3; \u0110\u00e0i V\u0103n tr\u1ea7m t\u0129nh. Th\u01b0\u01a1ng \u0110\u00e0i kh\u00f4ng t\u00ecm c\u00e1ch g\u00e2y \u1ea5n t\u01b0\u1ee3ng t\u1ee9c th\u1eddi; n\u00f3 c\u00f4 \u0111\u1ecdng c\u1ea3m x\u00fac b\u1eb1ng c\u1ea3m gi\u00e1c \u0111\u01b0\u1ee3c n\u00e2ng \u0111\u1ee1, \u0111\u01b0\u1ee3c ch\u1edf che, v\u00e0 \u0111\u01b0\u1ee3c s\u1ed1ng ch\u1eadm h\u01a1n m\u1ed9t nh\u1ecbp gi\u1eefa th\u1ebf gi\u1edbi bi\u1ebfn chuy\u1ec3n v\u00e0 v\u1ed9i v\u00e3.\" \/>\n<meta property=\"og:url\" content=\"https:\/\/dongsonartisanat.vn\/en\/product\/armchair-dai-phong\/\" \/>\n<meta property=\"og:site_name\" content=\"Dongson Artisanat\" \/>\n<meta property=\"article:modified_time\" content=\"2026-04-08T10:16:17+00:00\" \/>\n<meta property=\"og:image\" content=\"https:\/\/dongsonartisanat.vn\/wp-content\/uploads\/2025\/09\/1a4c4efc4883fcdda592.jpg\" \/>\n\t<meta property=\"og:image:width\" content=\"1920\" \/>\n\t<meta property=\"og:image:height\" content=\"1920\" \/>\n\t<meta property=\"og:image:type\" content=\"image\/jpeg\" \/>\n<meta name=\"twitter:card\" content=\"summary_large_image\" \/>\n<meta name=\"twitter:label1\" content=\"Est. reading time\" \/>\n\t<meta name=\"twitter:data1\" content=\"1 minute\" \/>\n<script type=\"application\/ld+json\" class=\"yoast-schema-graph\">{\"@context\":\"https:\/\/schema.org\",\"@graph\":[{\"@type\":\"WebPage\",\"@id\":\"https:\/\/dongsonartisanat.vn\/san-pham\/armchair-dai-phong\/\",\"url\":\"https:\/\/dongsonartisanat.vn\/san-pham\/armchair-dai-phong\/\",\"name\":\"Armchair \u0110\u00e0i Phong - Dongson Artisanat\",\"isPartOf\":{\"@id\":\"https:\/\/dongsonartisanat.vn\/#website\"},\"primaryImageOfPage\":{\"@id\":\"https:\/\/dongsonartisanat.vn\/san-pham\/armchair-dai-phong\/#primaryimage\"},\"image\":{\"@id\":\"https:\/\/dongsonartisanat.vn\/san-pham\/armchair-dai-phong\/#primaryimage\"},\"thumbnailUrl\":\"https:\/\/dongsonartisanat.vn\/wp-content\/uploads\/2025\/09\/1a4c4efc4883fcdda592.jpg\",\"datePublished\":\"2025-09-12T07:05:03+00:00\",\"dateModified\":\"2026-04-08T10:16:17+00:00\",\"breadcrumb\":{\"@id\":\"https:\/\/dongsonartisanat.vn\/san-pham\/armchair-dai-phong\/#breadcrumb\"},\"inLanguage\":\"en-US\",\"potentialAction\":[{\"@type\":\"ReadAction\",\"target\":[\"https:\/\/dongsonartisanat.vn\/san-pham\/armchair-dai-phong\/\"]}]},{\"@type\":\"ImageObject\",\"inLanguage\":\"en-US\",\"@id\":\"https:\/\/dongsonartisanat.vn\/san-pham\/armchair-dai-phong\/#primaryimage\",\"url\":\"https:\/\/dongsonartisanat.vn\/wp-content\/uploads\/2025\/09\/1a4c4efc4883fcdda592.jpg\",\"contentUrl\":\"https:\/\/dongsonartisanat.vn\/wp-content\/uploads\/2025\/09\/1a4c4efc4883fcdda592.jpg\",\"width\":1920,\"height\":1920,\"caption\":\"Armchair D\u00f2ng Nh\u1edb \u00cam\"},{\"@type\":\"BreadcrumbList\",\"@id\":\"https:\/\/dongsonartisanat.vn\/san-pham\/armchair-dai-phong\/#breadcrumb\",\"itemListElement\":[{\"@type\":\"ListItem\",\"position\":1,\"name\":\"Home\",\"item\":\"https:\/\/dongsonartisanat.vn\/\"},{\"@type\":\"ListItem\",\"position\":2,\"name\":\"S\u1ea3n ph\u1ea9m\",\"item\":\"https:\/\/dongsonartisanat.vn\/san-pham\/\"},{\"@type\":\"ListItem\",\"position\":3,\"name\":\"Armchair \u0110\u00e0i Phong\"}]},{\"@type\":\"WebSite\",\"@id\":\"https:\/\/dongsonartisanat.vn\/#website\",\"url\":\"https:\/\/dongsonartisanat.vn\/\",\"name\":\"Dongson Artisanat\",\"description\":\"\",\"publisher\":{\"@id\":\"https:\/\/dongsonartisanat.vn\/#organization\"},\"potentialAction\":[{\"@type\":\"SearchAction\",\"target\":{\"@type\":\"EntryPoint\",\"urlTemplate\":\"https:\/\/dongsonartisanat.vn\/?s={search_term_string}\"},\"query-input\":{\"@type\":\"PropertyValueSpecification\",\"valueRequired\":true,\"valueName\":\"search_term_string\"}}],\"inLanguage\":\"en-US\"},{\"@type\":\"Organization\",\"@id\":\"https:\/\/dongsonartisanat.vn\/#organization\",\"name\":\"Dongson Artisanat\",\"url\":\"https:\/\/dongsonartisanat.vn\/\",\"logo\":{\"@type\":\"ImageObject\",\"inLanguage\":\"en-US\",\"@id\":\"https:\/\/dongsonartisanat.vn\/#\/schema\/logo\/image\/\",\"url\":\"https:\/\/dongsonartisanat.vn\/wp-content\/uploads\/2025\/06\/dong-son-logo.png\",\"contentUrl\":\"https:\/\/dongsonartisanat.vn\/wp-content\/uploads\/2025\/06\/dong-son-logo.png\",\"width\":824,\"height\":734,\"caption\":\"Dongson Artisanat\"},\"image\":{\"@id\":\"https:\/\/dongsonartisanat.vn\/#\/schema\/logo\/image\/\"}}]}<\/script>\n<!-- \/ Yoast SEO Premium plugin. -->","yoast_head_json":{"title":"Armchair \u0110\u00e0i Phong - Dongson Artisanat","robots":{"index":"index","follow":"follow","max-snippet":"max-snippet:-1","max-image-preview":"max-image-preview:large","max-video-preview":"max-video-preview:-1"},"canonical":"https:\/\/dongsonartisanat.vn\/en\/product\/armchair-dai-phong\/","og_locale":"en_US","og_type":"article","og_title":"Armchair \u0110\u00e0i Phong","og_description":"Th\u01b0\u01a1ng \u0110\u00e0i l\u00e0 chi\u1ebfc gh\u1ebf b\u00e0nh v\u1edbi c\u00e1i t\u00ean l\u1ea5y c\u1ea3m h\u1ee9ng t\u1eeb v\u1ebb \u0111\u1eb9p \u00eam d\u1ecbu, \u0111\u1ea7y ho\u00e0i ni\u1ec7m c\u1ee7a nh\u1eefng \u0111\u00e1m r\u00eau phong ph\u1ee7 k\u00edn nh\u1eefng m\u1ea3ng t\u01b0\u1eddng x\u01b0a.  D\u00e1ng gh\u1ebf \u00f4m l\u1ea5y c\u01a1 th\u1ec3 b\u1eb1ng nh\u1eefng \u0111\u01b0\u1eddng cong ti\u1ebft ch\u1ebf, k\u1ebft h\u1ee3p h\u1ec7 khung \u0111\u01b0\u1ee3c t\u1ea1o h\u00ecnh t\u1eeb th\u00e2n tre \u0111\u1ec3 t\u1ea1o n\u00ean m\u1ed9t v\u1ebb \u0111\u1eb9p v\u1eeba nh\u1eb9 nh\u00e0ng v\u1eeba s\u00e2u l\u1eafng, v\u1eeba thanh nh\u00e3 v\u1eeba sang tr\u1ecdng.  \u0110\u00e0i Phong g\u1ee3i c\u1ea3m gi\u00e1c tao nh\u00e3; \u0110\u00e0i V\u0103n tr\u1ea7m t\u0129nh. Th\u01b0\u01a1ng \u0110\u00e0i kh\u00f4ng t\u00ecm c\u00e1ch g\u00e2y \u1ea5n t\u01b0\u1ee3ng t\u1ee9c th\u1eddi; n\u00f3 c\u00f4 \u0111\u1ecdng c\u1ea3m x\u00fac b\u1eb1ng c\u1ea3m gi\u00e1c \u0111\u01b0\u1ee3c n\u00e2ng \u0111\u1ee1, \u0111\u01b0\u1ee3c ch\u1edf che, v\u00e0 \u0111\u01b0\u1ee3c s\u1ed1ng ch\u1eadm h\u01a1n m\u1ed9t nh\u1ecbp gi\u1eefa th\u1ebf gi\u1edbi bi\u1ebfn chuy\u1ec3n v\u00e0 v\u1ed9i v\u00e3.","og_url":"https:\/\/dongsonartisanat.vn\/en\/product\/armchair-dai-phong\/","og_site_name":"Dongson Artisanat","article_modified_time":"2026-04-08T10:16:17+00:00","og_image":[{"width":1920,"height":1920,"url":"https:\/\/dongsonartisanat.vn\/wp-content\/uploads\/2025\/09\/1a4c4efc4883fcdda592.jpg","type":"image\/jpeg"}],"twitter_card":"summary_large_image","twitter_misc":{"Est. reading time":"1 minute"},"schema":{"@context":"https:\/\/schema.org","@graph":[{"@type":"WebPage","@id":"https:\/\/dongsonartisanat.vn\/san-pham\/armchair-dai-phong\/","url":"https:\/\/dongsonartisanat.vn\/san-pham\/armchair-dai-phong\/","name":"Armchair \u0110\u00e0i Phong - Dongson Artisanat","isPartOf":{"@id":"https:\/\/dongsonartisanat.vn\/#website"},"primaryImageOfPage":{"@id":"https:\/\/dongsonartisanat.vn\/san-pham\/armchair-dai-phong\/#primaryimage"},"image":{"@id":"https:\/\/dongsonartisanat.vn\/san-pham\/armchair-dai-phong\/#primaryimage"},"thumbnailUrl":"https:\/\/dongsonartisanat.vn\/wp-content\/uploads\/2025\/09\/1a4c4efc4883fcdda592.jpg","datePublished":"2025-09-12T07:05:03+00:00","dateModified":"2026-04-08T10:16:17+00:00","breadcrumb":{"@id":"https:\/\/dongsonartisanat.vn\/san-pham\/armchair-dai-phong\/#breadcrumb"},"inLanguage":"en-US","potentialAction":[{"@type":"ReadAction","target":["https:\/\/dongsonartisanat.vn\/san-pham\/armchair-dai-phong\/"]}]},{"@type":"ImageObject","inLanguage":"en-US","@id":"https:\/\/dongsonartisanat.vn\/san-pham\/armchair-dai-phong\/#primaryimage","url":"https:\/\/dongsonartisanat.vn\/wp-content\/uploads\/2025\/09\/1a4c4efc4883fcdda592.jpg","contentUrl":"https:\/\/dongsonartisanat.vn\/wp-content\/uploads\/2025\/09\/1a4c4efc4883fcdda592.jpg","width":1920,"height":1920,"caption":"Armchair D\u00f2ng Nh\u1edb \u00cam"},{"@type":"BreadcrumbList","@id":"https:\/\/dongsonartisanat.vn\/san-pham\/armchair-dai-phong\/#breadcrumb","itemListElement":[{"@type":"ListItem","position":1,"name":"Home","item":"https:\/\/dongsonartisanat.vn\/"},{"@type":"ListItem","position":2,"name":"S\u1ea3n ph\u1ea9m","item":"https:\/\/dongsonartisanat.vn\/san-pham\/"},{"@type":"ListItem","position":3,"name":"Armchair \u0110\u00e0i Phong"}]},{"@type":"WebSite","@id":"https:\/\/dongsonartisanat.vn\/#website","url":"https:\/\/dongsonartisanat.vn\/","name":"Dongson Artisanat","description":"","publisher":{"@id":"https:\/\/dongsonartisanat.vn\/#organization"},"potentialAction":[{"@type":"SearchAction","target":{"@type":"EntryPoint","urlTemplate":"https:\/\/dongsonartisanat.vn\/?s={search_term_string}"},"query-input":{"@type":"PropertyValueSpecification","valueRequired":true,"valueName":"search_term_string"}}],"inLanguage":"en-US"},{"@type":"Organization","@id":"https:\/\/dongsonartisanat.vn\/#organization","name":"Dongson Artisanat","url":"https:\/\/dongsonartisanat.vn\/","logo":{"@type":"ImageObject","inLanguage":"en-US","@id":"https:\/\/dongsonartisanat.vn\/#\/schema\/logo\/image\/","url":"https:\/\/dongsonartisanat.vn\/wp-content\/uploads\/2025\/06\/dong-son-logo.png","contentUrl":"https:\/\/dongsonartisanat.vn\/wp-content\/uploads\/2025\/06\/dong-son-logo.png","width":824,"height":734,"caption":"Dongson Artisanat"},"image":{"@id":"https:\/\/dongsonartisanat.vn\/#\/schema\/logo\/image\/"}}]}},"_links":{"self":[{"href":"https:\/\/dongsonartisanat.vn\/en\/wp-json\/wp\/v2\/product\/3049","targetHints":{"allow":["GET"]}}],"collection":[{"href":"https:\/\/dongsonartisanat.vn\/en\/wp-json\/wp\/v2\/product"}],"about":[{"href":"https:\/\/dongsonartisanat.vn\/en\/wp-json\/wp\/v2\/types\/product"}],"replies":[{"embeddable":true,"href":"https:\/\/dongsonartisanat.vn\/en\/wp-json\/wp\/v2\/comments?post=3049"}],"wp:featuredmedia":[{"embeddable":true,"href":"https:\/\/dongsonartisanat.vn\/en\/wp-json\/wp\/v2\/media\/3050"}],"wp:attachment":[{"href":"https:\/\/dongsonartisanat.vn\/en\/wp-json\/wp\/v2\/media?parent=3049"}],"wp:term":[{"taxonomy":"product_brand","embeddable":true,"href":"https:\/\/dongsonartisanat.vn\/en\/wp-json\/wp\/v2\/product_brand?post=3049"},{"taxonomy":"product_cat","embeddable":true,"href":"https:\/\/dongsonartisanat.vn\/en\/wp-json\/wp\/v2\/product_cat?post=3049"},{"taxonomy":"product_tag","embeddable":true,"href":"https:\/\/dongsonartisanat.vn\/en\/wp-json\/wp\/v2\/product_tag?post=3049"}],"curies":[{"name":"wp","href":"https:\/\/api.w.org\/{rel}","templated":true}]}}