{"id":3131,"date":"2025-10-30T15:21:24","date_gmt":"2025-10-30T08:21:24","guid":{"rendered":"https:\/\/dongsonartisanat.vn\/?post_type=product&#038;p=3131"},"modified":"2026-04-08T17:16:59","modified_gmt":"2026-04-08T10:16:59","slug":"buc-binh-phong-thai-hoa","status":"publish","type":"product","link":"https:\/\/dongsonartisanat.vn\/en\/product\/buc-binh-phong-thai-hoa\/","title":{"rendered":"B\u1ee9c B\u00ecnh Phong Th\u00e1i H\u00f2a"},"content":{"rendered":"","protected":false},"excerpt":{"rendered":"<p data-pm-slice=\"0 0 []\">Th\u00e1i H\u00f2a l\u1ea5y c\u1ea3m h\u1ee9ng t\u1eeb m\u00e1i ng\u00f3i \u00c2m D\u01b0\u01a1ng trong ki\u1ebfn tr\u00fac Vi\u1ec7t, chuy\u1ec3n h\u00f3a tinh th\u1ea7n di s\u1ea3n th\u00e0nh m\u1ed9t thi\u1ebft k\u1ebf \u0111\u01b0\u01a1ng \u0111\u1ea1i, thanh l\u1ecbch v\u00e0 gi\u00e0u chi\u1ec1u s\u00e2u. Nh\u1eefng \u0111\u01b0\u1eddng cong g\u1ee3i h\u00ecnh ng\u00f3i \u00e2m \u2013 ng\u00f3i d\u01b0\u01a1ng bi\u1ec3u tr\u01b0ng cho s\u1ef1 c\u00e2n b\u1eb1ng, b\u1ec1n v\u1eefng v\u00e0 h\u00e0i h\u00f2a. Khung kim lo\u1ea1i t\u1ea1o h\u00ecnh th\u00e2n tre k\u1ebft h\u1ee3p c\u00f9ng b\u1ec1 m\u1eb7t l\u01b0\u1edbi \u0111an tinh x\u1ea3o gi\u00fap Th\u00e1i H\u00f2a v\u1eeba ph\u00e2n t\u00e1ch kh\u00f4ng gian, v\u1eeba gi\u1eef \u0111\u01b0\u1ee3c s\u1ef1 m\u1ec1m m\u1ea1i v\u00e0 c\u1edfi m\u1edf. Kh\u00f4ng ch\u1ec9 l\u00e0 m\u1ed9t b\u1ee9c b\u00ecnh phong, Th\u00e1i H\u00f2a c\u00f2n l\u00e0 nh\u1ecbp c\u1ea7u n\u1ed1i gi\u1eefa truy\u1ec1n th\u1ed1ng v\u00e0 hi\u1ec7n \u0111\u1ea1i b\u1eb1ng ng\u00f4n ng\u1eef thi\u1ebft k\u1ebf sang tr\u1ecdng, tinh t\u1ebf.<\/p>","protected":false},"featured_media":3126,"comment_status":"open","ping_status":"closed","template":"","meta":{"inline_featured_image":false},"product_brand":[],"product_cat":[150,95,93,151],"product_tag":[],"class_list":{"0":"post-3131","1":"product","2":"type-product","3":"status-publish","4":"has-post-thumbnail","6":"product_cat-buc-binh-phong","7":"product_cat-ghe","8":"product_cat-san-pham-noi-that","9":"product_cat-thai-hoa","11":"first","12":"instock","13":"shipping-taxable","14":"purchasable","15":"product-type-simple"},"acf":[],"yoast_head":"<!-- This site is optimized with the Yoast SEO Premium plugin v24.8 (Yoast SEO v24.8) - https:\/\/yoast.com\/wordpress\/plugins\/seo\/ -->\n<title>B\u1ee9c B\u00ecnh Phong Th\u00e1i H\u00f2a - Dongson Artisanat<\/title>\n<meta name=\"robots\" content=\"index, follow, max-snippet:-1, max-image-preview:large, max-video-preview:-1\" \/>\n<link rel=\"canonical\" href=\"https:\/\/dongsonartisanat.vn\/en\/product\/buc-binh-phong-thai-hoa\/\" \/>\n<meta property=\"og:locale\" content=\"en_US\" \/>\n<meta property=\"og:type\" content=\"article\" \/>\n<meta property=\"og:title\" content=\"B\u1ee9c B\u00ecnh Phong Th\u00e1i H\u00f2a\" \/>\n<meta property=\"og:description\" content=\"Th\u00e1i H\u00f2a l\u1ea5y c\u1ea3m h\u1ee9ng t\u1eeb m\u00e1i ng\u00f3i \u00c2m D\u01b0\u01a1ng trong ki\u1ebfn tr\u00fac Vi\u1ec7t, chuy\u1ec3n h\u00f3a tinh th\u1ea7n di s\u1ea3n th\u00e0nh m\u1ed9t thi\u1ebft k\u1ebf \u0111\u01b0\u01a1ng \u0111\u1ea1i, thanh l\u1ecbch v\u00e0 gi\u00e0u chi\u1ec1u s\u00e2u. Nh\u1eefng \u0111\u01b0\u1eddng cong g\u1ee3i h\u00ecnh ng\u00f3i \u00e2m \u2013 ng\u00f3i d\u01b0\u01a1ng bi\u1ec3u tr\u01b0ng cho s\u1ef1 c\u00e2n b\u1eb1ng, b\u1ec1n v\u1eefng v\u00e0 h\u00e0i h\u00f2a. Khung kim lo\u1ea1i t\u1ea1o h\u00ecnh th\u00e2n tre k\u1ebft h\u1ee3p c\u00f9ng b\u1ec1 m\u1eb7t l\u01b0\u1edbi \u0111an tinh x\u1ea3o gi\u00fap Th\u00e1i H\u00f2a v\u1eeba ph\u00e2n t\u00e1ch kh\u00f4ng gian, v\u1eeba gi\u1eef \u0111\u01b0\u1ee3c s\u1ef1 m\u1ec1m m\u1ea1i v\u00e0 c\u1edfi m\u1edf. Kh\u00f4ng ch\u1ec9 l\u00e0 m\u1ed9t b\u1ee9c b\u00ecnh phong, Th\u00e1i H\u00f2a c\u00f2n l\u00e0 nh\u1ecbp c\u1ea7u n\u1ed1i gi\u1eefa truy\u1ec1n th\u1ed1ng v\u00e0 hi\u1ec7n \u0111\u1ea1i b\u1eb1ng ng\u00f4n ng\u1eef thi\u1ebft k\u1ebf sang tr\u1ecdng, tinh t\u1ebf.\" \/>\n<meta property=\"og:url\" content=\"https:\/\/dongsonartisanat.vn\/en\/product\/buc-binh-phong-thai-hoa\/\" \/>\n<meta property=\"og:site_name\" content=\"Dongson Artisanat\" \/>\n<meta property=\"article:modified_time\" content=\"2026-04-08T10:16:59+00:00\" \/>\n<meta property=\"og:image\" content=\"https:\/\/dongsonartisanat.vn\/wp-content\/uploads\/2025\/10\/z7167986892257_8c90c381ec4792a2cb6f7675aa7926fd.jpg\" \/>\n\t<meta property=\"og:image:width\" content=\"1920\" \/>\n\t<meta property=\"og:image:height\" content=\"1920\" \/>\n\t<meta property=\"og:image:type\" content=\"image\/jpeg\" \/>\n<meta name=\"twitter:card\" content=\"summary_large_image\" \/>\n<meta name=\"twitter:label1\" content=\"Est. reading time\" \/>\n\t<meta name=\"twitter:data1\" content=\"1 minute\" \/>\n<script type=\"application\/ld+json\" class=\"yoast-schema-graph\">{\"@context\":\"https:\/\/schema.org\",\"@graph\":[{\"@type\":\"WebPage\",\"@id\":\"https:\/\/dongsonartisanat.vn\/san-pham\/buc-binh-phong-thai-hoa\/\",\"url\":\"https:\/\/dongsonartisanat.vn\/san-pham\/buc-binh-phong-thai-hoa\/\",\"name\":\"B\u1ee9c B\u00ecnh Phong Th\u00e1i H\u00f2a - Dongson Artisanat\",\"isPartOf\":{\"@id\":\"https:\/\/dongsonartisanat.vn\/#website\"},\"primaryImageOfPage\":{\"@id\":\"https:\/\/dongsonartisanat.vn\/san-pham\/buc-binh-phong-thai-hoa\/#primaryimage\"},\"image\":{\"@id\":\"https:\/\/dongsonartisanat.vn\/san-pham\/buc-binh-phong-thai-hoa\/#primaryimage\"},\"thumbnailUrl\":\"https:\/\/dongsonartisanat.vn\/wp-content\/uploads\/2025\/10\/z7167986892257_8c90c381ec4792a2cb6f7675aa7926fd.jpg\",\"datePublished\":\"2025-10-30T08:21:24+00:00\",\"dateModified\":\"2026-04-08T10:16:59+00:00\",\"breadcrumb\":{\"@id\":\"https:\/\/dongsonartisanat.vn\/san-pham\/buc-binh-phong-thai-hoa\/#breadcrumb\"},\"inLanguage\":\"en-US\",\"potentialAction\":[{\"@type\":\"ReadAction\",\"target\":[\"https:\/\/dongsonartisanat.vn\/san-pham\/buc-binh-phong-thai-hoa\/\"]}]},{\"@type\":\"ImageObject\",\"inLanguage\":\"en-US\",\"@id\":\"https:\/\/dongsonartisanat.vn\/san-pham\/buc-binh-phong-thai-hoa\/#primaryimage\",\"url\":\"https:\/\/dongsonartisanat.vn\/wp-content\/uploads\/2025\/10\/z7167986892257_8c90c381ec4792a2cb6f7675aa7926fd.jpg\",\"contentUrl\":\"https:\/\/dongsonartisanat.vn\/wp-content\/uploads\/2025\/10\/z7167986892257_8c90c381ec4792a2cb6f7675aa7926fd.jpg\",\"width\":1920,\"height\":1920,\"caption\":\"b\u1ee9c b\u00ecnh phong\"},{\"@type\":\"BreadcrumbList\",\"@id\":\"https:\/\/dongsonartisanat.vn\/san-pham\/buc-binh-phong-thai-hoa\/#breadcrumb\",\"itemListElement\":[{\"@type\":\"ListItem\",\"position\":1,\"name\":\"Home\",\"item\":\"https:\/\/dongsonartisanat.vn\/\"},{\"@type\":\"ListItem\",\"position\":2,\"name\":\"S\u1ea3n ph\u1ea9m\",\"item\":\"https:\/\/dongsonartisanat.vn\/san-pham\/\"},{\"@type\":\"ListItem\",\"position\":3,\"name\":\"B\u1ee9c B\u00ecnh Phong Th\u00e1i H\u00f2a\"}]},{\"@type\":\"WebSite\",\"@id\":\"https:\/\/dongsonartisanat.vn\/#website\",\"url\":\"https:\/\/dongsonartisanat.vn\/\",\"name\":\"Dongson Artisanat\",\"description\":\"\",\"publisher\":{\"@id\":\"https:\/\/dongsonartisanat.vn\/#organization\"},\"potentialAction\":[{\"@type\":\"SearchAction\",\"target\":{\"@type\":\"EntryPoint\",\"urlTemplate\":\"https:\/\/dongsonartisanat.vn\/?s={search_term_string}\"},\"query-input\":{\"@type\":\"PropertyValueSpecification\",\"valueRequired\":true,\"valueName\":\"search_term_string\"}}],\"inLanguage\":\"en-US\"},{\"@type\":\"Organization\",\"@id\":\"https:\/\/dongsonartisanat.vn\/#organization\",\"name\":\"Dongson Artisanat\",\"url\":\"https:\/\/dongsonartisanat.vn\/\",\"logo\":{\"@type\":\"ImageObject\",\"inLanguage\":\"en-US\",\"@id\":\"https:\/\/dongsonartisanat.vn\/#\/schema\/logo\/image\/\",\"url\":\"https:\/\/dongsonartisanat.vn\/wp-content\/uploads\/2025\/06\/dong-son-logo.png\",\"contentUrl\":\"https:\/\/dongsonartisanat.vn\/wp-content\/uploads\/2025\/06\/dong-son-logo.png\",\"width\":824,\"height\":734,\"caption\":\"Dongson Artisanat\"},\"image\":{\"@id\":\"https:\/\/dongsonartisanat.vn\/#\/schema\/logo\/image\/\"}}]}<\/script>\n<!-- \/ Yoast SEO Premium plugin. -->","yoast_head_json":{"title":"B\u1ee9c B\u00ecnh Phong Th\u00e1i H\u00f2a - Dongson Artisanat","robots":{"index":"index","follow":"follow","max-snippet":"max-snippet:-1","max-image-preview":"max-image-preview:large","max-video-preview":"max-video-preview:-1"},"canonical":"https:\/\/dongsonartisanat.vn\/en\/product\/buc-binh-phong-thai-hoa\/","og_locale":"en_US","og_type":"article","og_title":"B\u1ee9c B\u00ecnh Phong Th\u00e1i H\u00f2a","og_description":"Th\u00e1i H\u00f2a l\u1ea5y c\u1ea3m h\u1ee9ng t\u1eeb m\u00e1i ng\u00f3i \u00c2m D\u01b0\u01a1ng trong ki\u1ebfn tr\u00fac Vi\u1ec7t, chuy\u1ec3n h\u00f3a tinh th\u1ea7n di s\u1ea3n th\u00e0nh m\u1ed9t thi\u1ebft k\u1ebf \u0111\u01b0\u01a1ng \u0111\u1ea1i, thanh l\u1ecbch v\u00e0 gi\u00e0u chi\u1ec1u s\u00e2u. Nh\u1eefng \u0111\u01b0\u1eddng cong g\u1ee3i h\u00ecnh ng\u00f3i \u00e2m \u2013 ng\u00f3i d\u01b0\u01a1ng bi\u1ec3u tr\u01b0ng cho s\u1ef1 c\u00e2n b\u1eb1ng, b\u1ec1n v\u1eefng v\u00e0 h\u00e0i h\u00f2a. Khung kim lo\u1ea1i t\u1ea1o h\u00ecnh th\u00e2n tre k\u1ebft h\u1ee3p c\u00f9ng b\u1ec1 m\u1eb7t l\u01b0\u1edbi \u0111an tinh x\u1ea3o gi\u00fap Th\u00e1i H\u00f2a v\u1eeba ph\u00e2n t\u00e1ch kh\u00f4ng gian, v\u1eeba gi\u1eef \u0111\u01b0\u1ee3c s\u1ef1 m\u1ec1m m\u1ea1i v\u00e0 c\u1edfi m\u1edf. Kh\u00f4ng ch\u1ec9 l\u00e0 m\u1ed9t b\u1ee9c b\u00ecnh phong, Th\u00e1i H\u00f2a c\u00f2n l\u00e0 nh\u1ecbp c\u1ea7u n\u1ed1i gi\u1eefa truy\u1ec1n th\u1ed1ng v\u00e0 hi\u1ec7n \u0111\u1ea1i b\u1eb1ng ng\u00f4n ng\u1eef thi\u1ebft k\u1ebf sang tr\u1ecdng, tinh t\u1ebf.","og_url":"https:\/\/dongsonartisanat.vn\/en\/product\/buc-binh-phong-thai-hoa\/","og_site_name":"Dongson Artisanat","article_modified_time":"2026-04-08T10:16:59+00:00","og_image":[{"width":1920,"height":1920,"url":"https:\/\/dongsonartisanat.vn\/wp-content\/uploads\/2025\/10\/z7167986892257_8c90c381ec4792a2cb6f7675aa7926fd.jpg","type":"image\/jpeg"}],"twitter_card":"summary_large_image","twitter_misc":{"Est. reading time":"1 minute"},"schema":{"@context":"https:\/\/schema.org","@graph":[{"@type":"WebPage","@id":"https:\/\/dongsonartisanat.vn\/san-pham\/buc-binh-phong-thai-hoa\/","url":"https:\/\/dongsonartisanat.vn\/san-pham\/buc-binh-phong-thai-hoa\/","name":"B\u1ee9c B\u00ecnh Phong Th\u00e1i H\u00f2a - Dongson Artisanat","isPartOf":{"@id":"https:\/\/dongsonartisanat.vn\/#website"},"primaryImageOfPage":{"@id":"https:\/\/dongsonartisanat.vn\/san-pham\/buc-binh-phong-thai-hoa\/#primaryimage"},"image":{"@id":"https:\/\/dongsonartisanat.vn\/san-pham\/buc-binh-phong-thai-hoa\/#primaryimage"},"thumbnailUrl":"https:\/\/dongsonartisanat.vn\/wp-content\/uploads\/2025\/10\/z7167986892257_8c90c381ec4792a2cb6f7675aa7926fd.jpg","datePublished":"2025-10-30T08:21:24+00:00","dateModified":"2026-04-08T10:16:59+00:00","breadcrumb":{"@id":"https:\/\/dongsonartisanat.vn\/san-pham\/buc-binh-phong-thai-hoa\/#breadcrumb"},"inLanguage":"en-US","potentialAction":[{"@type":"ReadAction","target":["https:\/\/dongsonartisanat.vn\/san-pham\/buc-binh-phong-thai-hoa\/"]}]},{"@type":"ImageObject","inLanguage":"en-US","@id":"https:\/\/dongsonartisanat.vn\/san-pham\/buc-binh-phong-thai-hoa\/#primaryimage","url":"https:\/\/dongsonartisanat.vn\/wp-content\/uploads\/2025\/10\/z7167986892257_8c90c381ec4792a2cb6f7675aa7926fd.jpg","contentUrl":"https:\/\/dongsonartisanat.vn\/wp-content\/uploads\/2025\/10\/z7167986892257_8c90c381ec4792a2cb6f7675aa7926fd.jpg","width":1920,"height":1920,"caption":"b\u1ee9c b\u00ecnh phong"},{"@type":"BreadcrumbList","@id":"https:\/\/dongsonartisanat.vn\/san-pham\/buc-binh-phong-thai-hoa\/#breadcrumb","itemListElement":[{"@type":"ListItem","position":1,"name":"Home","item":"https:\/\/dongsonartisanat.vn\/"},{"@type":"ListItem","position":2,"name":"S\u1ea3n ph\u1ea9m","item":"https:\/\/dongsonartisanat.vn\/san-pham\/"},{"@type":"ListItem","position":3,"name":"B\u1ee9c B\u00ecnh Phong Th\u00e1i H\u00f2a"}]},{"@type":"WebSite","@id":"https:\/\/dongsonartisanat.vn\/#website","url":"https:\/\/dongsonartisanat.vn\/","name":"Dongson Artisanat","description":"","publisher":{"@id":"https:\/\/dongsonartisanat.vn\/#organization"},"potentialAction":[{"@type":"SearchAction","target":{"@type":"EntryPoint","urlTemplate":"https:\/\/dongsonartisanat.vn\/?s={search_term_string}"},"query-input":{"@type":"PropertyValueSpecification","valueRequired":true,"valueName":"search_term_string"}}],"inLanguage":"en-US"},{"@type":"Organization","@id":"https:\/\/dongsonartisanat.vn\/#organization","name":"Dongson Artisanat","url":"https:\/\/dongsonartisanat.vn\/","logo":{"@type":"ImageObject","inLanguage":"en-US","@id":"https:\/\/dongsonartisanat.vn\/#\/schema\/logo\/image\/","url":"https:\/\/dongsonartisanat.vn\/wp-content\/uploads\/2025\/06\/dong-son-logo.png","contentUrl":"https:\/\/dongsonartisanat.vn\/wp-content\/uploads\/2025\/06\/dong-son-logo.png","width":824,"height":734,"caption":"Dongson Artisanat"},"image":{"@id":"https:\/\/dongsonartisanat.vn\/#\/schema\/logo\/image\/"}}]}},"_links":{"self":[{"href":"https:\/\/dongsonartisanat.vn\/en\/wp-json\/wp\/v2\/product\/3131","targetHints":{"allow":["GET"]}}],"collection":[{"href":"https:\/\/dongsonartisanat.vn\/en\/wp-json\/wp\/v2\/product"}],"about":[{"href":"https:\/\/dongsonartisanat.vn\/en\/wp-json\/wp\/v2\/types\/product"}],"replies":[{"embeddable":true,"href":"https:\/\/dongsonartisanat.vn\/en\/wp-json\/wp\/v2\/comments?post=3131"}],"wp:featuredmedia":[{"embeddable":true,"href":"https:\/\/dongsonartisanat.vn\/en\/wp-json\/wp\/v2\/media\/3126"}],"wp:attachment":[{"href":"https:\/\/dongsonartisanat.vn\/en\/wp-json\/wp\/v2\/media?parent=3131"}],"wp:term":[{"taxonomy":"product_brand","embeddable":true,"href":"https:\/\/dongsonartisanat.vn\/en\/wp-json\/wp\/v2\/product_brand?post=3131"},{"taxonomy":"product_cat","embeddable":true,"href":"https:\/\/dongsonartisanat.vn\/en\/wp-json\/wp\/v2\/product_cat?post=3131"},{"taxonomy":"product_tag","embeddable":true,"href":"https:\/\/dongsonartisanat.vn\/en\/wp-json\/wp\/v2\/product_tag?post=3131"}],"curies":[{"name":"wp","href":"https:\/\/api.w.org\/{rel}","templated":true}]}}