{"id":3132,"date":"2025-10-30T15:26:15","date_gmt":"2025-10-30T08:26:15","guid":{"rendered":"https:\/\/dongsonartisanat.vn\/?post_type=product&#038;p=3132"},"modified":"2026-04-08T17:34:52","modified_gmt":"2026-04-08T10:34:52","slug":"bar-cart-tinh-vien-chua-co-banh-phu","status":"publish","type":"product","link":"https:\/\/dongsonartisanat.vn\/en\/product\/bar-cart-tinh-vien-chua-co-banh-phu\/","title":{"rendered":"Bar Cart T\u1ecbnh Vi\u00ean ( Ch\u01b0a c\u00f3 b\u00e1nh ph\u1ee5 )"},"content":{"rendered":"","protected":false},"excerpt":{"rendered":"<p>Mang trong m\u00ecnh c\u00e2u chuy\u1ec7n c\u1ea3m h\u1ee9ng t\u1eeb nh\u1eefng chi\u1ebfc c\u1ed9 h\u00e0ng rong thu\u1edf x\u01b0a, nh\u01b0ng kh\u00f4ng t\u00e1i hi\u1ec7n r\u1eadp khu\u00f4n, barcart T\u1ecbnh Vi\u00ean hi\u1ec7n di\u1ec7n v\u1edbi h\u00ecnh h\u00e0i \u0111\u01b0\u01a1ng \u0111\u1ea1i \u0111\u1ea7y s\u00e1ng t\u1ea1o, sang tr\u1ecdng v\u00e0 kh\u00fac chi\u1ebft. C\u00e1c chi ti\u1ebft tinh t\u1ebf lu\u00f4n bi\u1ebft k\u1ec3 c\u00e2u chuy\u1ec7n c\u1ee7a m\u00ecnh, v\u1eeba l\u00e0 s\u1ef1 dung h\u00f2a gi\u1eefa th\u1ea9m m\u1ef9 d\u00e2n t\u1ed9c v\u1edbi c\u00f4ng n\u0103ng n\u1ed9i th\u1ea5t v\u1eeba th\u1ec3 hi\u1ec7n t\u00e0i ngh\u1ec7 th\u1ee7 c\u00f4ng Vi\u1ec7t trong th\u1eddi \u0111\u1ea1i m\u1edbi.<\/p>\n<p>M\u1ed9t s\u1ef1 chuy\u1ec3n h\u00f3a c\u00e2u chuy\u1ec7n tinh th\u1ea7n lao \u0111\u1ed9ng v\u00e0o hi\u1ec7n th\u1ef1c v\u1edbi h\u00ecnh h\u00e0i \u0111\u01b0\u01a1ng \u0111\u1ea1i pha l\u1eabn n\u00e9t di s\u1ea3n x\u01b0a. T\u1ecbnh Vi\u00ean l\u00e0 b\u00e0i ca ca ng\u1ee3i lao \u0111\u1ed9ng, l\u00e0 n\u00e9t tre v\u1edbi phong c\u00e1ch t\u1ed1i gi\u1ea3n nh\u01b0ng sang tr\u1ecdng, l\u00e0 s\u1ef1 dung h\u00f2a gi\u1eefa ngh\u1ec7 thu\u1eadt t\u1ea1o h\u00ecnh s\u00e1ng t\u1ea1o v\u1edbi ngh\u1ec7 thu\u1eadt n\u1ed9i th\u1ea5t \u1ee9ng d\u1ee5ng.<\/p>","protected":false},"featured_media":3133,"comment_status":"open","ping_status":"closed","template":"","meta":{"inline_featured_image":false},"product_brand":[],"product_cat":[93,154,128],"product_tag":[],"class_list":{"0":"post-3132","1":"product","2":"type-product","3":"status-publish","4":"has-post-thumbnail","6":"product_cat-san-pham-noi-that","7":"product_cat-tinh-vien","8":"product_cat-xe-day-da-nang","10":"first","11":"instock","12":"shipping-taxable","13":"purchasable","14":"product-type-simple"},"acf":[],"yoast_head":"<!-- This site is optimized with the Yoast SEO Premium plugin v24.8 (Yoast SEO v24.8) - https:\/\/yoast.com\/wordpress\/plugins\/seo\/ -->\n<title>Bar Cart T\u1ecbnh Vi\u00ean ( Ch\u01b0a c\u00f3 b\u00e1nh ph\u1ee5 ) - Dongson Artisanat<\/title>\n<meta name=\"robots\" content=\"index, follow, max-snippet:-1, max-image-preview:large, max-video-preview:-1\" \/>\n<link rel=\"canonical\" href=\"https:\/\/dongsonartisanat.vn\/en\/product\/bar-cart-tinh-vien-chua-co-banh-phu\/\" \/>\n<meta property=\"og:locale\" content=\"en_US\" \/>\n<meta property=\"og:type\" content=\"article\" \/>\n<meta property=\"og:title\" content=\"Bar Cart T\u1ecbnh Vi\u00ean ( Ch\u01b0a c\u00f3 b\u00e1nh ph\u1ee5 )\" \/>\n<meta property=\"og:description\" content=\"Mang trong m\u00ecnh c\u00e2u chuy\u1ec7n c\u1ea3m h\u1ee9ng t\u1eeb nh\u1eefng chi\u1ebfc c\u1ed9 h\u00e0ng rong thu\u1edf x\u01b0a, nh\u01b0ng kh\u00f4ng t\u00e1i hi\u1ec7n r\u1eadp khu\u00f4n, barcart T\u1ecbnh Vi\u00ean hi\u1ec7n di\u1ec7n v\u1edbi h\u00ecnh h\u00e0i \u0111\u01b0\u01a1ng \u0111\u1ea1i \u0111\u1ea7y s\u00e1ng t\u1ea1o, sang tr\u1ecdng v\u00e0 kh\u00fac chi\u1ebft. C\u00e1c chi ti\u1ebft tinh t\u1ebf lu\u00f4n bi\u1ebft k\u1ec3 c\u00e2u chuy\u1ec7n c\u1ee7a m\u00ecnh, v\u1eeba l\u00e0 s\u1ef1 dung h\u00f2a gi\u1eefa th\u1ea9m m\u1ef9 d\u00e2n t\u1ed9c v\u1edbi c\u00f4ng n\u0103ng n\u1ed9i th\u1ea5t v\u1eeba th\u1ec3 hi\u1ec7n t\u00e0i ngh\u1ec7 th\u1ee7 c\u00f4ng Vi\u1ec7t trong th\u1eddi \u0111\u1ea1i m\u1edbi.  M\u1ed9t s\u1ef1 chuy\u1ec3n h\u00f3a c\u00e2u chuy\u1ec7n tinh th\u1ea7n lao \u0111\u1ed9ng v\u00e0o hi\u1ec7n th\u1ef1c v\u1edbi h\u00ecnh h\u00e0i \u0111\u01b0\u01a1ng \u0111\u1ea1i pha l\u1eabn n\u00e9t di s\u1ea3n x\u01b0a. T\u1ecbnh Vi\u00ean l\u00e0 b\u00e0i ca ca ng\u1ee3i lao \u0111\u1ed9ng, l\u00e0 n\u00e9t tre v\u1edbi phong c\u00e1ch t\u1ed1i gi\u1ea3n nh\u01b0ng sang tr\u1ecdng, l\u00e0 s\u1ef1 dung h\u00f2a gi\u1eefa ngh\u1ec7 thu\u1eadt t\u1ea1o h\u00ecnh s\u00e1ng t\u1ea1o v\u1edbi ngh\u1ec7 thu\u1eadt n\u1ed9i th\u1ea5t \u1ee9ng d\u1ee5ng.\" \/>\n<meta property=\"og:url\" content=\"https:\/\/dongsonartisanat.vn\/en\/product\/bar-cart-tinh-vien-chua-co-banh-phu\/\" \/>\n<meta property=\"og:site_name\" content=\"Dongson Artisanat\" \/>\n<meta property=\"article:modified_time\" content=\"2026-04-08T10:34:52+00:00\" \/>\n<meta property=\"og:image\" content=\"https:\/\/dongsonartisanat.vn\/wp-content\/uploads\/2025\/10\/z7156335434955_cd21e5e14fa4fdf94a254d2d3953474b.jpg\" \/>\n\t<meta property=\"og:image:width\" content=\"1920\" \/>\n\t<meta property=\"og:image:height\" content=\"1920\" \/>\n\t<meta property=\"og:image:type\" content=\"image\/jpeg\" \/>\n<meta name=\"twitter:card\" content=\"summary_large_image\" \/>\n<meta name=\"twitter:label1\" content=\"Est. reading time\" \/>\n\t<meta name=\"twitter:data1\" content=\"1 minute\" \/>\n<script type=\"application\/ld+json\" class=\"yoast-schema-graph\">{\"@context\":\"https:\/\/schema.org\",\"@graph\":[{\"@type\":\"WebPage\",\"@id\":\"https:\/\/dongsonartisanat.vn\/san-pham\/bar-cart-tinh-vien-chua-co-banh-phu\/\",\"url\":\"https:\/\/dongsonartisanat.vn\/san-pham\/bar-cart-tinh-vien-chua-co-banh-phu\/\",\"name\":\"Bar Cart T\u1ecbnh Vi\u00ean ( Ch\u01b0a c\u00f3 b\u00e1nh ph\u1ee5 ) - Dongson Artisanat\",\"isPartOf\":{\"@id\":\"https:\/\/dongsonartisanat.vn\/#website\"},\"primaryImageOfPage\":{\"@id\":\"https:\/\/dongsonartisanat.vn\/san-pham\/bar-cart-tinh-vien-chua-co-banh-phu\/#primaryimage\"},\"image\":{\"@id\":\"https:\/\/dongsonartisanat.vn\/san-pham\/bar-cart-tinh-vien-chua-co-banh-phu\/#primaryimage\"},\"thumbnailUrl\":\"https:\/\/dongsonartisanat.vn\/wp-content\/uploads\/2025\/10\/z7156335434955_cd21e5e14fa4fdf94a254d2d3953474b.jpg\",\"datePublished\":\"2025-10-30T08:26:15+00:00\",\"dateModified\":\"2026-04-08T10:34:52+00:00\",\"breadcrumb\":{\"@id\":\"https:\/\/dongsonartisanat.vn\/san-pham\/bar-cart-tinh-vien-chua-co-banh-phu\/#breadcrumb\"},\"inLanguage\":\"en-US\",\"potentialAction\":[{\"@type\":\"ReadAction\",\"target\":[\"https:\/\/dongsonartisanat.vn\/san-pham\/bar-cart-tinh-vien-chua-co-banh-phu\/\"]}]},{\"@type\":\"ImageObject\",\"inLanguage\":\"en-US\",\"@id\":\"https:\/\/dongsonartisanat.vn\/san-pham\/bar-cart-tinh-vien-chua-co-banh-phu\/#primaryimage\",\"url\":\"https:\/\/dongsonartisanat.vn\/wp-content\/uploads\/2025\/10\/z7156335434955_cd21e5e14fa4fdf94a254d2d3953474b.jpg\",\"contentUrl\":\"https:\/\/dongsonartisanat.vn\/wp-content\/uploads\/2025\/10\/z7156335434955_cd21e5e14fa4fdf94a254d2d3953474b.jpg\",\"width\":1920,\"height\":1920,\"caption\":\"bar cart ch\u01b0a c\u00f3 b\u00e1nh ph\u1ee5\"},{\"@type\":\"BreadcrumbList\",\"@id\":\"https:\/\/dongsonartisanat.vn\/san-pham\/bar-cart-tinh-vien-chua-co-banh-phu\/#breadcrumb\",\"itemListElement\":[{\"@type\":\"ListItem\",\"position\":1,\"name\":\"Home\",\"item\":\"https:\/\/dongsonartisanat.vn\/\"},{\"@type\":\"ListItem\",\"position\":2,\"name\":\"S\u1ea3n ph\u1ea9m\",\"item\":\"https:\/\/dongsonartisanat.vn\/san-pham\/\"},{\"@type\":\"ListItem\",\"position\":3,\"name\":\"Bar Cart T\u1ecbnh Vi\u00ean ( Ch\u01b0a c\u00f3 b\u00e1nh ph\u1ee5 )\"}]},{\"@type\":\"WebSite\",\"@id\":\"https:\/\/dongsonartisanat.vn\/#website\",\"url\":\"https:\/\/dongsonartisanat.vn\/\",\"name\":\"Dongson Artisanat\",\"description\":\"\",\"publisher\":{\"@id\":\"https:\/\/dongsonartisanat.vn\/#organization\"},\"potentialAction\":[{\"@type\":\"SearchAction\",\"target\":{\"@type\":\"EntryPoint\",\"urlTemplate\":\"https:\/\/dongsonartisanat.vn\/?s={search_term_string}\"},\"query-input\":{\"@type\":\"PropertyValueSpecification\",\"valueRequired\":true,\"valueName\":\"search_term_string\"}}],\"inLanguage\":\"en-US\"},{\"@type\":\"Organization\",\"@id\":\"https:\/\/dongsonartisanat.vn\/#organization\",\"name\":\"Dongson Artisanat\",\"url\":\"https:\/\/dongsonartisanat.vn\/\",\"logo\":{\"@type\":\"ImageObject\",\"inLanguage\":\"en-US\",\"@id\":\"https:\/\/dongsonartisanat.vn\/#\/schema\/logo\/image\/\",\"url\":\"https:\/\/dongsonartisanat.vn\/wp-content\/uploads\/2025\/06\/dong-son-logo.png\",\"contentUrl\":\"https:\/\/dongsonartisanat.vn\/wp-content\/uploads\/2025\/06\/dong-son-logo.png\",\"width\":824,\"height\":734,\"caption\":\"Dongson Artisanat\"},\"image\":{\"@id\":\"https:\/\/dongsonartisanat.vn\/#\/schema\/logo\/image\/\"}}]}<\/script>\n<!-- \/ Yoast SEO Premium plugin. -->","yoast_head_json":{"title":"Bar Cart T\u1ecbnh Vi\u00ean ( Ch\u01b0a c\u00f3 b\u00e1nh ph\u1ee5 ) - Dongson Artisanat","robots":{"index":"index","follow":"follow","max-snippet":"max-snippet:-1","max-image-preview":"max-image-preview:large","max-video-preview":"max-video-preview:-1"},"canonical":"https:\/\/dongsonartisanat.vn\/en\/product\/bar-cart-tinh-vien-chua-co-banh-phu\/","og_locale":"en_US","og_type":"article","og_title":"Bar Cart T\u1ecbnh Vi\u00ean ( Ch\u01b0a c\u00f3 b\u00e1nh ph\u1ee5 )","og_description":"Mang trong m\u00ecnh c\u00e2u chuy\u1ec7n c\u1ea3m h\u1ee9ng t\u1eeb nh\u1eefng chi\u1ebfc c\u1ed9 h\u00e0ng rong thu\u1edf x\u01b0a, nh\u01b0ng kh\u00f4ng t\u00e1i hi\u1ec7n r\u1eadp khu\u00f4n, barcart T\u1ecbnh Vi\u00ean hi\u1ec7n di\u1ec7n v\u1edbi h\u00ecnh h\u00e0i \u0111\u01b0\u01a1ng \u0111\u1ea1i \u0111\u1ea7y s\u00e1ng t\u1ea1o, sang tr\u1ecdng v\u00e0 kh\u00fac chi\u1ebft. C\u00e1c chi ti\u1ebft tinh t\u1ebf lu\u00f4n bi\u1ebft k\u1ec3 c\u00e2u chuy\u1ec7n c\u1ee7a m\u00ecnh, v\u1eeba l\u00e0 s\u1ef1 dung h\u00f2a gi\u1eefa th\u1ea9m m\u1ef9 d\u00e2n t\u1ed9c v\u1edbi c\u00f4ng n\u0103ng n\u1ed9i th\u1ea5t v\u1eeba th\u1ec3 hi\u1ec7n t\u00e0i ngh\u1ec7 th\u1ee7 c\u00f4ng Vi\u1ec7t trong th\u1eddi \u0111\u1ea1i m\u1edbi.  M\u1ed9t s\u1ef1 chuy\u1ec3n h\u00f3a c\u00e2u chuy\u1ec7n tinh th\u1ea7n lao \u0111\u1ed9ng v\u00e0o hi\u1ec7n th\u1ef1c v\u1edbi h\u00ecnh h\u00e0i \u0111\u01b0\u01a1ng \u0111\u1ea1i pha l\u1eabn n\u00e9t di s\u1ea3n x\u01b0a. T\u1ecbnh Vi\u00ean l\u00e0 b\u00e0i ca ca ng\u1ee3i lao \u0111\u1ed9ng, l\u00e0 n\u00e9t tre v\u1edbi phong c\u00e1ch t\u1ed1i gi\u1ea3n nh\u01b0ng sang tr\u1ecdng, l\u00e0 s\u1ef1 dung h\u00f2a gi\u1eefa ngh\u1ec7 thu\u1eadt t\u1ea1o h\u00ecnh s\u00e1ng t\u1ea1o v\u1edbi ngh\u1ec7 thu\u1eadt n\u1ed9i th\u1ea5t \u1ee9ng d\u1ee5ng.","og_url":"https:\/\/dongsonartisanat.vn\/en\/product\/bar-cart-tinh-vien-chua-co-banh-phu\/","og_site_name":"Dongson Artisanat","article_modified_time":"2026-04-08T10:34:52+00:00","og_image":[{"width":1920,"height":1920,"url":"https:\/\/dongsonartisanat.vn\/wp-content\/uploads\/2025\/10\/z7156335434955_cd21e5e14fa4fdf94a254d2d3953474b.jpg","type":"image\/jpeg"}],"twitter_card":"summary_large_image","twitter_misc":{"Est. reading time":"1 minute"},"schema":{"@context":"https:\/\/schema.org","@graph":[{"@type":"WebPage","@id":"https:\/\/dongsonartisanat.vn\/san-pham\/bar-cart-tinh-vien-chua-co-banh-phu\/","url":"https:\/\/dongsonartisanat.vn\/san-pham\/bar-cart-tinh-vien-chua-co-banh-phu\/","name":"Bar Cart T\u1ecbnh Vi\u00ean ( Ch\u01b0a c\u00f3 b\u00e1nh ph\u1ee5 ) - Dongson Artisanat","isPartOf":{"@id":"https:\/\/dongsonartisanat.vn\/#website"},"primaryImageOfPage":{"@id":"https:\/\/dongsonartisanat.vn\/san-pham\/bar-cart-tinh-vien-chua-co-banh-phu\/#primaryimage"},"image":{"@id":"https:\/\/dongsonartisanat.vn\/san-pham\/bar-cart-tinh-vien-chua-co-banh-phu\/#primaryimage"},"thumbnailUrl":"https:\/\/dongsonartisanat.vn\/wp-content\/uploads\/2025\/10\/z7156335434955_cd21e5e14fa4fdf94a254d2d3953474b.jpg","datePublished":"2025-10-30T08:26:15+00:00","dateModified":"2026-04-08T10:34:52+00:00","breadcrumb":{"@id":"https:\/\/dongsonartisanat.vn\/san-pham\/bar-cart-tinh-vien-chua-co-banh-phu\/#breadcrumb"},"inLanguage":"en-US","potentialAction":[{"@type":"ReadAction","target":["https:\/\/dongsonartisanat.vn\/san-pham\/bar-cart-tinh-vien-chua-co-banh-phu\/"]}]},{"@type":"ImageObject","inLanguage":"en-US","@id":"https:\/\/dongsonartisanat.vn\/san-pham\/bar-cart-tinh-vien-chua-co-banh-phu\/#primaryimage","url":"https:\/\/dongsonartisanat.vn\/wp-content\/uploads\/2025\/10\/z7156335434955_cd21e5e14fa4fdf94a254d2d3953474b.jpg","contentUrl":"https:\/\/dongsonartisanat.vn\/wp-content\/uploads\/2025\/10\/z7156335434955_cd21e5e14fa4fdf94a254d2d3953474b.jpg","width":1920,"height":1920,"caption":"bar cart ch\u01b0a c\u00f3 b\u00e1nh ph\u1ee5"},{"@type":"BreadcrumbList","@id":"https:\/\/dongsonartisanat.vn\/san-pham\/bar-cart-tinh-vien-chua-co-banh-phu\/#breadcrumb","itemListElement":[{"@type":"ListItem","position":1,"name":"Home","item":"https:\/\/dongsonartisanat.vn\/"},{"@type":"ListItem","position":2,"name":"S\u1ea3n ph\u1ea9m","item":"https:\/\/dongsonartisanat.vn\/san-pham\/"},{"@type":"ListItem","position":3,"name":"Bar Cart T\u1ecbnh Vi\u00ean ( Ch\u01b0a c\u00f3 b\u00e1nh ph\u1ee5 )"}]},{"@type":"WebSite","@id":"https:\/\/dongsonartisanat.vn\/#website","url":"https:\/\/dongsonartisanat.vn\/","name":"Dongson Artisanat","description":"","publisher":{"@id":"https:\/\/dongsonartisanat.vn\/#organization"},"potentialAction":[{"@type":"SearchAction","target":{"@type":"EntryPoint","urlTemplate":"https:\/\/dongsonartisanat.vn\/?s={search_term_string}"},"query-input":{"@type":"PropertyValueSpecification","valueRequired":true,"valueName":"search_term_string"}}],"inLanguage":"en-US"},{"@type":"Organization","@id":"https:\/\/dongsonartisanat.vn\/#organization","name":"Dongson Artisanat","url":"https:\/\/dongsonartisanat.vn\/","logo":{"@type":"ImageObject","inLanguage":"en-US","@id":"https:\/\/dongsonartisanat.vn\/#\/schema\/logo\/image\/","url":"https:\/\/dongsonartisanat.vn\/wp-content\/uploads\/2025\/06\/dong-son-logo.png","contentUrl":"https:\/\/dongsonartisanat.vn\/wp-content\/uploads\/2025\/06\/dong-son-logo.png","width":824,"height":734,"caption":"Dongson Artisanat"},"image":{"@id":"https:\/\/dongsonartisanat.vn\/#\/schema\/logo\/image\/"}}]}},"_links":{"self":[{"href":"https:\/\/dongsonartisanat.vn\/en\/wp-json\/wp\/v2\/product\/3132","targetHints":{"allow":["GET"]}}],"collection":[{"href":"https:\/\/dongsonartisanat.vn\/en\/wp-json\/wp\/v2\/product"}],"about":[{"href":"https:\/\/dongsonartisanat.vn\/en\/wp-json\/wp\/v2\/types\/product"}],"replies":[{"embeddable":true,"href":"https:\/\/dongsonartisanat.vn\/en\/wp-json\/wp\/v2\/comments?post=3132"}],"wp:featuredmedia":[{"embeddable":true,"href":"https:\/\/dongsonartisanat.vn\/en\/wp-json\/wp\/v2\/media\/3133"}],"wp:attachment":[{"href":"https:\/\/dongsonartisanat.vn\/en\/wp-json\/wp\/v2\/media?parent=3132"}],"wp:term":[{"taxonomy":"product_brand","embeddable":true,"href":"https:\/\/dongsonartisanat.vn\/en\/wp-json\/wp\/v2\/product_brand?post=3132"},{"taxonomy":"product_cat","embeddable":true,"href":"https:\/\/dongsonartisanat.vn\/en\/wp-json\/wp\/v2\/product_cat?post=3132"},{"taxonomy":"product_tag","embeddable":true,"href":"https:\/\/dongsonartisanat.vn\/en\/wp-json\/wp\/v2\/product_tag?post=3132"}],"curies":[{"name":"wp","href":"https:\/\/api.w.org\/{rel}","templated":true}]}}