{"id":3147,"date":"2025-10-30T16:20:49","date_gmt":"2025-10-30T09:20:49","guid":{"rendered":"https:\/\/dongsonartisanat.vn\/?post_type=product&#038;p=3147"},"modified":"2026-04-08T17:18:12","modified_gmt":"2026-04-08T10:18:12","slug":"khung-tranh-dongson","status":"publish","type":"product","link":"https:\/\/dongsonartisanat.vn\/en\/product\/khung-tranh-dongson\/","title":{"rendered":"N\u00e9t X\u01b0a ( Phi\u00ean b\u1ea3n Vu\u00f4ng )"},"content":{"rendered":"","protected":false},"excerpt":{"rendered":"<p>C\u00f3 m\u1ed9t kh\u00f4ng gian phi th\u1eddi trong ng\u00f4i nh\u00e0, n\u01a1i th\u1eddi gian ng\u01b0ng \u0111\u1ecdng l\u1ea1i b\u1edfi nh\u1eefng k\u00fd \u1ee9c, ho\u00e0i ni\u1ec7m \u0111\u1eb9p \u0111\u1ebd nh\u1ea5t m\u00e0 gia ch\u1ee7 mong mu\u1ed1n l\u01b0u gi\u1eef, \u0111\u00f3 l\u00e0 c\u00e1ch n\u00f3i \u0111\u1ea7y t\u00ednh \u1ea9n d\u1ee5 v\u1ec1 khung \u1ea3nh N\u00e9t X\u01b0a, m\u1ed9t v\u1eadt ph\u1ea9m h\u00e0i h\u00f2a gi\u1eefa ngh\u1ec7 thu\u1eadt ch\u1ebf t\u00e1c th\u1ee7 c\u00f4ng, bi\u1ec3u t\u01b0\u1ee3ng h\u1ed3n c\u1ed1t c\u1ee7a d\u00e2n t\u1ed9c v\u00e0 t\u00ednh s\u00e1ng t\u1ea1o c\u1ee7a th\u1eddi \u0111\u1ea1i.<\/p>","protected":false},"featured_media":3150,"comment_status":"open","ping_status":"closed","template":"","meta":{"inline_featured_image":false},"product_brand":[],"product_cat":[94,155,156],"product_tag":[],"class_list":{"0":"post-3147","1":"product","2":"type-product","3":"status-publish","4":"has-post-thumbnail","6":"product_cat-gallery-art","7":"product_cat-khung-anh","8":"product_cat-khung-anh-net-xua","10":"first","11":"instock","12":"shipping-taxable","13":"purchasable","14":"product-type-simple"},"acf":[],"yoast_head":"<!-- This site is optimized with the Yoast SEO Premium plugin v24.8 (Yoast SEO v24.8) - https:\/\/yoast.com\/wordpress\/plugins\/seo\/ -->\n<title>N\u00e9t X\u01b0a ( Phi\u00ean b\u1ea3n Vu\u00f4ng ) - Dongson Artisanat<\/title>\n<meta name=\"robots\" content=\"index, follow, max-snippet:-1, max-image-preview:large, max-video-preview:-1\" \/>\n<link rel=\"canonical\" href=\"https:\/\/dongsonartisanat.vn\/en\/product\/khung-tranh-dongson\/\" \/>\n<meta property=\"og:locale\" content=\"en_US\" \/>\n<meta property=\"og:type\" content=\"article\" \/>\n<meta property=\"og:title\" content=\"N\u00e9t X\u01b0a ( Phi\u00ean b\u1ea3n Vu\u00f4ng )\" \/>\n<meta property=\"og:description\" content=\"C\u00f3 m\u1ed9t kh\u00f4ng gian phi th\u1eddi trong ng\u00f4i nh\u00e0, n\u01a1i th\u1eddi gian ng\u01b0ng \u0111\u1ecdng l\u1ea1i b\u1edfi nh\u1eefng k\u00fd \u1ee9c, ho\u00e0i ni\u1ec7m \u0111\u1eb9p \u0111\u1ebd nh\u1ea5t m\u00e0 gia ch\u1ee7 mong mu\u1ed1n l\u01b0u gi\u1eef, \u0111\u00f3 l\u00e0 c\u00e1ch n\u00f3i \u0111\u1ea7y t\u00ednh \u1ea9n d\u1ee5 v\u1ec1 khung \u1ea3nh N\u00e9t X\u01b0a, m\u1ed9t v\u1eadt ph\u1ea9m h\u00e0i h\u00f2a gi\u1eefa ngh\u1ec7 thu\u1eadt ch\u1ebf t\u00e1c th\u1ee7 c\u00f4ng, bi\u1ec3u t\u01b0\u1ee3ng h\u1ed3n c\u1ed1t c\u1ee7a d\u00e2n t\u1ed9c v\u00e0 t\u00ednh s\u00e1ng t\u1ea1o c\u1ee7a th\u1eddi \u0111\u1ea1i.\" \/>\n<meta property=\"og:url\" content=\"https:\/\/dongsonartisanat.vn\/en\/product\/khung-tranh-dongson\/\" \/>\n<meta property=\"og:site_name\" content=\"Dongson Artisanat\" \/>\n<meta property=\"article:modified_time\" content=\"2026-04-08T10:18:12+00:00\" \/>\n<meta property=\"og:image\" content=\"https:\/\/dongsonartisanat.vn\/wp-content\/uploads\/2025\/10\/z7156333916355_b4a52b6729a4df4aa8e37d830d3a7929.jpg\" \/>\n\t<meta property=\"og:image:width\" content=\"1920\" \/>\n\t<meta property=\"og:image:height\" content=\"1920\" \/>\n\t<meta property=\"og:image:type\" content=\"image\/jpeg\" \/>\n<meta name=\"twitter:card\" content=\"summary_large_image\" \/>\n<meta name=\"twitter:label1\" content=\"Est. reading time\" \/>\n\t<meta name=\"twitter:data1\" content=\"1 minute\" \/>\n<script type=\"application\/ld+json\" class=\"yoast-schema-graph\">{\"@context\":\"https:\/\/schema.org\",\"@graph\":[{\"@type\":\"WebPage\",\"@id\":\"https:\/\/dongsonartisanat.vn\/san-pham\/khung-tranh-dongson\/\",\"url\":\"https:\/\/dongsonartisanat.vn\/san-pham\/khung-tranh-dongson\/\",\"name\":\"N\u00e9t X\u01b0a ( Phi\u00ean b\u1ea3n Vu\u00f4ng ) - Dongson Artisanat\",\"isPartOf\":{\"@id\":\"https:\/\/dongsonartisanat.vn\/#website\"},\"primaryImageOfPage\":{\"@id\":\"https:\/\/dongsonartisanat.vn\/san-pham\/khung-tranh-dongson\/#primaryimage\"},\"image\":{\"@id\":\"https:\/\/dongsonartisanat.vn\/san-pham\/khung-tranh-dongson\/#primaryimage\"},\"thumbnailUrl\":\"https:\/\/dongsonartisanat.vn\/wp-content\/uploads\/2025\/10\/z7156333916355_b4a52b6729a4df4aa8e37d830d3a7929.jpg\",\"datePublished\":\"2025-10-30T09:20:49+00:00\",\"dateModified\":\"2026-04-08T10:18:12+00:00\",\"breadcrumb\":{\"@id\":\"https:\/\/dongsonartisanat.vn\/san-pham\/khung-tranh-dongson\/#breadcrumb\"},\"inLanguage\":\"en-US\",\"potentialAction\":[{\"@type\":\"ReadAction\",\"target\":[\"https:\/\/dongsonartisanat.vn\/san-pham\/khung-tranh-dongson\/\"]}]},{\"@type\":\"ImageObject\",\"inLanguage\":\"en-US\",\"@id\":\"https:\/\/dongsonartisanat.vn\/san-pham\/khung-tranh-dongson\/#primaryimage\",\"url\":\"https:\/\/dongsonartisanat.vn\/wp-content\/uploads\/2025\/10\/z7156333916355_b4a52b6729a4df4aa8e37d830d3a7929.jpg\",\"contentUrl\":\"https:\/\/dongsonartisanat.vn\/wp-content\/uploads\/2025\/10\/z7156333916355_b4a52b6729a4df4aa8e37d830d3a7929.jpg\",\"width\":1920,\"height\":1920,\"caption\":\"khung tranh dongson\"},{\"@type\":\"BreadcrumbList\",\"@id\":\"https:\/\/dongsonartisanat.vn\/san-pham\/khung-tranh-dongson\/#breadcrumb\",\"itemListElement\":[{\"@type\":\"ListItem\",\"position\":1,\"name\":\"Home\",\"item\":\"https:\/\/dongsonartisanat.vn\/\"},{\"@type\":\"ListItem\",\"position\":2,\"name\":\"S\u1ea3n ph\u1ea9m\",\"item\":\"https:\/\/dongsonartisanat.vn\/san-pham\/\"},{\"@type\":\"ListItem\",\"position\":3,\"name\":\"N\u00e9t X\u01b0a ( Phi\u00ean b\u1ea3n Vu\u00f4ng )\"}]},{\"@type\":\"WebSite\",\"@id\":\"https:\/\/dongsonartisanat.vn\/#website\",\"url\":\"https:\/\/dongsonartisanat.vn\/\",\"name\":\"Dongson Artisanat\",\"description\":\"\",\"publisher\":{\"@id\":\"https:\/\/dongsonartisanat.vn\/#organization\"},\"potentialAction\":[{\"@type\":\"SearchAction\",\"target\":{\"@type\":\"EntryPoint\",\"urlTemplate\":\"https:\/\/dongsonartisanat.vn\/?s={search_term_string}\"},\"query-input\":{\"@type\":\"PropertyValueSpecification\",\"valueRequired\":true,\"valueName\":\"search_term_string\"}}],\"inLanguage\":\"en-US\"},{\"@type\":\"Organization\",\"@id\":\"https:\/\/dongsonartisanat.vn\/#organization\",\"name\":\"Dongson Artisanat\",\"url\":\"https:\/\/dongsonartisanat.vn\/\",\"logo\":{\"@type\":\"ImageObject\",\"inLanguage\":\"en-US\",\"@id\":\"https:\/\/dongsonartisanat.vn\/#\/schema\/logo\/image\/\",\"url\":\"https:\/\/dongsonartisanat.vn\/wp-content\/uploads\/2025\/06\/dong-son-logo.png\",\"contentUrl\":\"https:\/\/dongsonartisanat.vn\/wp-content\/uploads\/2025\/06\/dong-son-logo.png\",\"width\":824,\"height\":734,\"caption\":\"Dongson Artisanat\"},\"image\":{\"@id\":\"https:\/\/dongsonartisanat.vn\/#\/schema\/logo\/image\/\"}}]}<\/script>\n<!-- \/ Yoast SEO Premium plugin. -->","yoast_head_json":{"title":"N\u00e9t X\u01b0a ( Phi\u00ean b\u1ea3n Vu\u00f4ng ) - Dongson Artisanat","robots":{"index":"index","follow":"follow","max-snippet":"max-snippet:-1","max-image-preview":"max-image-preview:large","max-video-preview":"max-video-preview:-1"},"canonical":"https:\/\/dongsonartisanat.vn\/en\/product\/khung-tranh-dongson\/","og_locale":"en_US","og_type":"article","og_title":"N\u00e9t X\u01b0a ( Phi\u00ean b\u1ea3n Vu\u00f4ng )","og_description":"C\u00f3 m\u1ed9t kh\u00f4ng gian phi th\u1eddi trong ng\u00f4i nh\u00e0, n\u01a1i th\u1eddi gian ng\u01b0ng \u0111\u1ecdng l\u1ea1i b\u1edfi nh\u1eefng k\u00fd \u1ee9c, ho\u00e0i ni\u1ec7m \u0111\u1eb9p \u0111\u1ebd nh\u1ea5t m\u00e0 gia ch\u1ee7 mong mu\u1ed1n l\u01b0u gi\u1eef, \u0111\u00f3 l\u00e0 c\u00e1ch n\u00f3i \u0111\u1ea7y t\u00ednh \u1ea9n d\u1ee5 v\u1ec1 khung \u1ea3nh N\u00e9t X\u01b0a, m\u1ed9t v\u1eadt ph\u1ea9m h\u00e0i h\u00f2a gi\u1eefa ngh\u1ec7 thu\u1eadt ch\u1ebf t\u00e1c th\u1ee7 c\u00f4ng, bi\u1ec3u t\u01b0\u1ee3ng h\u1ed3n c\u1ed1t c\u1ee7a d\u00e2n t\u1ed9c v\u00e0 t\u00ednh s\u00e1ng t\u1ea1o c\u1ee7a th\u1eddi \u0111\u1ea1i.","og_url":"https:\/\/dongsonartisanat.vn\/en\/product\/khung-tranh-dongson\/","og_site_name":"Dongson Artisanat","article_modified_time":"2026-04-08T10:18:12+00:00","og_image":[{"width":1920,"height":1920,"url":"https:\/\/dongsonartisanat.vn\/wp-content\/uploads\/2025\/10\/z7156333916355_b4a52b6729a4df4aa8e37d830d3a7929.jpg","type":"image\/jpeg"}],"twitter_card":"summary_large_image","twitter_misc":{"Est. reading time":"1 minute"},"schema":{"@context":"https:\/\/schema.org","@graph":[{"@type":"WebPage","@id":"https:\/\/dongsonartisanat.vn\/san-pham\/khung-tranh-dongson\/","url":"https:\/\/dongsonartisanat.vn\/san-pham\/khung-tranh-dongson\/","name":"N\u00e9t X\u01b0a ( Phi\u00ean b\u1ea3n Vu\u00f4ng ) - Dongson Artisanat","isPartOf":{"@id":"https:\/\/dongsonartisanat.vn\/#website"},"primaryImageOfPage":{"@id":"https:\/\/dongsonartisanat.vn\/san-pham\/khung-tranh-dongson\/#primaryimage"},"image":{"@id":"https:\/\/dongsonartisanat.vn\/san-pham\/khung-tranh-dongson\/#primaryimage"},"thumbnailUrl":"https:\/\/dongsonartisanat.vn\/wp-content\/uploads\/2025\/10\/z7156333916355_b4a52b6729a4df4aa8e37d830d3a7929.jpg","datePublished":"2025-10-30T09:20:49+00:00","dateModified":"2026-04-08T10:18:12+00:00","breadcrumb":{"@id":"https:\/\/dongsonartisanat.vn\/san-pham\/khung-tranh-dongson\/#breadcrumb"},"inLanguage":"en-US","potentialAction":[{"@type":"ReadAction","target":["https:\/\/dongsonartisanat.vn\/san-pham\/khung-tranh-dongson\/"]}]},{"@type":"ImageObject","inLanguage":"en-US","@id":"https:\/\/dongsonartisanat.vn\/san-pham\/khung-tranh-dongson\/#primaryimage","url":"https:\/\/dongsonartisanat.vn\/wp-content\/uploads\/2025\/10\/z7156333916355_b4a52b6729a4df4aa8e37d830d3a7929.jpg","contentUrl":"https:\/\/dongsonartisanat.vn\/wp-content\/uploads\/2025\/10\/z7156333916355_b4a52b6729a4df4aa8e37d830d3a7929.jpg","width":1920,"height":1920,"caption":"khung tranh dongson"},{"@type":"BreadcrumbList","@id":"https:\/\/dongsonartisanat.vn\/san-pham\/khung-tranh-dongson\/#breadcrumb","itemListElement":[{"@type":"ListItem","position":1,"name":"Home","item":"https:\/\/dongsonartisanat.vn\/"},{"@type":"ListItem","position":2,"name":"S\u1ea3n ph\u1ea9m","item":"https:\/\/dongsonartisanat.vn\/san-pham\/"},{"@type":"ListItem","position":3,"name":"N\u00e9t X\u01b0a ( Phi\u00ean b\u1ea3n Vu\u00f4ng )"}]},{"@type":"WebSite","@id":"https:\/\/dongsonartisanat.vn\/#website","url":"https:\/\/dongsonartisanat.vn\/","name":"Dongson Artisanat","description":"","publisher":{"@id":"https:\/\/dongsonartisanat.vn\/#organization"},"potentialAction":[{"@type":"SearchAction","target":{"@type":"EntryPoint","urlTemplate":"https:\/\/dongsonartisanat.vn\/?s={search_term_string}"},"query-input":{"@type":"PropertyValueSpecification","valueRequired":true,"valueName":"search_term_string"}}],"inLanguage":"en-US"},{"@type":"Organization","@id":"https:\/\/dongsonartisanat.vn\/#organization","name":"Dongson Artisanat","url":"https:\/\/dongsonartisanat.vn\/","logo":{"@type":"ImageObject","inLanguage":"en-US","@id":"https:\/\/dongsonartisanat.vn\/#\/schema\/logo\/image\/","url":"https:\/\/dongsonartisanat.vn\/wp-content\/uploads\/2025\/06\/dong-son-logo.png","contentUrl":"https:\/\/dongsonartisanat.vn\/wp-content\/uploads\/2025\/06\/dong-son-logo.png","width":824,"height":734,"caption":"Dongson Artisanat"},"image":{"@id":"https:\/\/dongsonartisanat.vn\/#\/schema\/logo\/image\/"}}]}},"_links":{"self":[{"href":"https:\/\/dongsonartisanat.vn\/en\/wp-json\/wp\/v2\/product\/3147","targetHints":{"allow":["GET"]}}],"collection":[{"href":"https:\/\/dongsonartisanat.vn\/en\/wp-json\/wp\/v2\/product"}],"about":[{"href":"https:\/\/dongsonartisanat.vn\/en\/wp-json\/wp\/v2\/types\/product"}],"replies":[{"embeddable":true,"href":"https:\/\/dongsonartisanat.vn\/en\/wp-json\/wp\/v2\/comments?post=3147"}],"wp:featuredmedia":[{"embeddable":true,"href":"https:\/\/dongsonartisanat.vn\/en\/wp-json\/wp\/v2\/media\/3150"}],"wp:attachment":[{"href":"https:\/\/dongsonartisanat.vn\/en\/wp-json\/wp\/v2\/media?parent=3147"}],"wp:term":[{"taxonomy":"product_brand","embeddable":true,"href":"https:\/\/dongsonartisanat.vn\/en\/wp-json\/wp\/v2\/product_brand?post=3147"},{"taxonomy":"product_cat","embeddable":true,"href":"https:\/\/dongsonartisanat.vn\/en\/wp-json\/wp\/v2\/product_cat?post=3147"},{"taxonomy":"product_tag","embeddable":true,"href":"https:\/\/dongsonartisanat.vn\/en\/wp-json\/wp\/v2\/product_tag?post=3147"}],"curies":[{"name":"wp","href":"https:\/\/api.w.org\/{rel}","templated":true}]}}