{"id":3290,"date":"2026-04-08T11:06:42","date_gmt":"2026-04-08T04:06:42","guid":{"rendered":"https:\/\/dongsonartisanat.vn\/?post_type=product&#038;p=3290"},"modified":"2026-04-08T17:20:16","modified_gmt":"2026-04-08T10:20:16","slug":"nesting-table-lai","status":"publish","type":"product","link":"https:\/\/dongsonartisanat.vn\/en\/product\/nesting-table-lai\/","title":{"rendered":"Nesting table Lai"},"content":{"rendered":"<div class=\"x14z9mp xat24cr x1lziwak x1vvkbs xtlvy1s x126k92a\">\n<div dir=\"auto\">\n<div class=\"x14z9mp xat24cr x1lziwak x1vvkbs xtlvy1s x126k92a\">\n<div dir=\"auto\"><\/div>\n<\/div>\n<div class=\"x14z9mp xat24cr x1lziwak x1vvkbs xtlvy1s x126k92a\">\n<div dir=\"auto\"><\/div>\n<\/div>\n<\/div>\n<\/div>","protected":false},"excerpt":{"rendered":"<p>Tam Th\u1ebf l\u00e0 l\u1eddi t\u1ef1 s\u1ef1 v\u1ec1 th\u1eddi gian, kh\u00f4ng ph\u1ea3i th\u1eddi gian thu\u1ea7n l\u00fd t\u00ednh, m\u00e0 l\u00e0 th\u1eddi gian con ng\u01b0\u1eddi mang trong k\u00fd \u1ee9c. Ba m\u1eb7t b\u00e0n Kh\u1ee9, \u0110\u01b0\u01a1ng, Lai \u0111\u1ee9ng c\u1ea1nh nhau nh\u01b0 ba l\u00e1t c\u1eaft c\u1ee7a \u0111\u1eddi s\u1ed1ng: \u0111i\u1ec1u \u0111\u00e3 qua, \u0111i\u1ec1u \u0111ang hi\u1ec7n h\u1eefu, v\u00e0 \u0111i\u1ec1u c\u00f2n ch\u1edd tr\u1edf th\u00e0nh h\u1ed3i \u1ee9c.<\/p>\n<p>Tr\u00ean n\u1ec1n kim lo\u1ea1i sang tr\u1ecdng, nh\u1eefng chi ti\u1ebft UV Enamel v\u1edbi nh\u1ecbp \u0111i\u1ec7u Bauhaus hi\u1ec7n l\u00ean nh\u01b0 nh\u1eefng m\u1ea3ng \u1ee9c \u0111\u1ecba \u0111\u01b0\u1ee3c gi\u1eef l\u1ea1i b\u1eb1ng m\u00e0u s\u1eafc v\u00e0 \u00e1nh s\u00e1ng, v\u1eeba c\u01a1 l\u00fd v\u1eeba x\u00fac c\u1ea3m.<\/p>\n<p>Tam Th\u1ebf v\u00ec th\u1ebf kh\u00f4ng ch\u1ec9 l\u00e0 m\u1ed9t t\u1ed5 h\u1ee3p b\u00e0n x\u1ebfp ch\u1ed3ng, m\u00e0 l\u00e0 m\u1ed9t h\u00ecnh dung tinh t\u1ebf v\u1ec1 c\u00e1ch con ng\u01b0\u1eddi s\u1ed1ng gi\u1eefa hi\u1ec7n t\u1ea1i m\u00e0 lu\u00f4n mang theo hai t\u1ea7ng th\u1eddi gian c\u00f2n l\u1ea1i.<\/p>","protected":false},"featured_media":3280,"comment_status":"open","ping_status":"closed","template":"","meta":{"inline_featured_image":false},"product_brand":[],"product_cat":[62,107,93],"product_tag":[],"class_list":{"0":"post-3290","1":"product","2":"type-product","3":"status-publish","4":"has-post-thumbnail","6":"product_cat-ban","7":"product_cat-ban-tra","8":"product_cat-san-pham-noi-that","10":"first","11":"instock","12":"shipping-taxable","13":"purchasable","14":"product-type-simple"},"acf":[],"yoast_head":"<!-- This site is optimized with the Yoast SEO Premium plugin v24.8 (Yoast SEO v24.8) - https:\/\/yoast.com\/wordpress\/plugins\/seo\/ -->\n<title>Nesting table Lai - Dongson Artisanat<\/title>\n<meta name=\"robots\" content=\"index, follow, max-snippet:-1, max-image-preview:large, max-video-preview:-1\" \/>\n<link rel=\"canonical\" href=\"https:\/\/dongsonartisanat.vn\/en\/product\/nesting-table-lai\/\" \/>\n<meta property=\"og:locale\" content=\"en_US\" \/>\n<meta property=\"og:type\" content=\"article\" \/>\n<meta property=\"og:title\" content=\"Nesting table Lai\" \/>\n<meta property=\"og:description\" content=\"Tam Th\u1ebf l\u00e0 l\u1eddi t\u1ef1 s\u1ef1 v\u1ec1 th\u1eddi gian, kh\u00f4ng ph\u1ea3i th\u1eddi gian thu\u1ea7n l\u00fd t\u00ednh, m\u00e0 l\u00e0 th\u1eddi gian con ng\u01b0\u1eddi mang trong k\u00fd \u1ee9c. Ba m\u1eb7t b\u00e0n Kh\u1ee9, \u0110\u01b0\u01a1ng, Lai \u0111\u1ee9ng c\u1ea1nh nhau nh\u01b0 ba l\u00e1t c\u1eaft c\u1ee7a \u0111\u1eddi s\u1ed1ng: \u0111i\u1ec1u \u0111\u00e3 qua, \u0111i\u1ec1u \u0111ang hi\u1ec7n h\u1eefu, v\u00e0 \u0111i\u1ec1u c\u00f2n ch\u1edd tr\u1edf th\u00e0nh h\u1ed3i \u1ee9c.  Tr\u00ean n\u1ec1n kim lo\u1ea1i sang tr\u1ecdng, nh\u1eefng chi ti\u1ebft UV Enamel v\u1edbi nh\u1ecbp \u0111i\u1ec7u Bauhaus hi\u1ec7n l\u00ean nh\u01b0 nh\u1eefng m\u1ea3ng \u1ee9c \u0111\u1ecba \u0111\u01b0\u1ee3c gi\u1eef l\u1ea1i b\u1eb1ng m\u00e0u s\u1eafc v\u00e0 \u00e1nh s\u00e1ng, v\u1eeba c\u01a1 l\u00fd v\u1eeba x\u00fac c\u1ea3m.  Tam Th\u1ebf v\u00ec th\u1ebf kh\u00f4ng ch\u1ec9 l\u00e0 m\u1ed9t t\u1ed5 h\u1ee3p b\u00e0n x\u1ebfp ch\u1ed3ng, m\u00e0 l\u00e0 m\u1ed9t h\u00ecnh dung tinh t\u1ebf v\u1ec1 c\u00e1ch con ng\u01b0\u1eddi s\u1ed1ng gi\u1eefa hi\u1ec7n t\u1ea1i m\u00e0 lu\u00f4n mang theo hai t\u1ea7ng th\u1eddi gian c\u00f2n l\u1ea1i.\" \/>\n<meta property=\"og:url\" content=\"https:\/\/dongsonartisanat.vn\/en\/product\/nesting-table-lai\/\" \/>\n<meta property=\"og:site_name\" content=\"Dongson Artisanat\" \/>\n<meta property=\"article:modified_time\" content=\"2026-04-08T10:20:16+00:00\" \/>\n<meta property=\"og:image\" content=\"https:\/\/dongsonartisanat.vn\/wp-content\/uploads\/2026\/04\/NT011.png\" \/>\n\t<meta property=\"og:image:width\" content=\"2000\" \/>\n\t<meta property=\"og:image:height\" content=\"2000\" \/>\n\t<meta property=\"og:image:type\" content=\"image\/png\" \/>\n<meta name=\"twitter:card\" content=\"summary_large_image\" \/>\n<meta name=\"twitter:label1\" content=\"Est. reading time\" \/>\n\t<meta name=\"twitter:data1\" content=\"1 minute\" \/>\n<script type=\"application\/ld+json\" class=\"yoast-schema-graph\">{\"@context\":\"https:\/\/schema.org\",\"@graph\":[{\"@type\":\"WebPage\",\"@id\":\"https:\/\/dongsonartisanat.vn\/san-pham\/nesting-table-lai\/\",\"url\":\"https:\/\/dongsonartisanat.vn\/san-pham\/nesting-table-lai\/\",\"name\":\"Nesting table Lai - Dongson Artisanat\",\"isPartOf\":{\"@id\":\"https:\/\/dongsonartisanat.vn\/#website\"},\"primaryImageOfPage\":{\"@id\":\"https:\/\/dongsonartisanat.vn\/san-pham\/nesting-table-lai\/#primaryimage\"},\"image\":{\"@id\":\"https:\/\/dongsonartisanat.vn\/san-pham\/nesting-table-lai\/#primaryimage\"},\"thumbnailUrl\":\"https:\/\/dongsonartisanat.vn\/wp-content\/uploads\/2026\/04\/NT011.png\",\"datePublished\":\"2026-04-08T04:06:42+00:00\",\"dateModified\":\"2026-04-08T10:20:16+00:00\",\"breadcrumb\":{\"@id\":\"https:\/\/dongsonartisanat.vn\/san-pham\/nesting-table-lai\/#breadcrumb\"},\"inLanguage\":\"en-US\",\"potentialAction\":[{\"@type\":\"ReadAction\",\"target\":[\"https:\/\/dongsonartisanat.vn\/san-pham\/nesting-table-lai\/\"]}]},{\"@type\":\"ImageObject\",\"inLanguage\":\"en-US\",\"@id\":\"https:\/\/dongsonartisanat.vn\/san-pham\/nesting-table-lai\/#primaryimage\",\"url\":\"https:\/\/dongsonartisanat.vn\/wp-content\/uploads\/2026\/04\/NT011.png\",\"contentUrl\":\"https:\/\/dongsonartisanat.vn\/wp-content\/uploads\/2026\/04\/NT011.png\",\"width\":2000,\"height\":2000,\"caption\":\"NT03\"},{\"@type\":\"BreadcrumbList\",\"@id\":\"https:\/\/dongsonartisanat.vn\/san-pham\/nesting-table-lai\/#breadcrumb\",\"itemListElement\":[{\"@type\":\"ListItem\",\"position\":1,\"name\":\"Home\",\"item\":\"https:\/\/dongsonartisanat.vn\/\"},{\"@type\":\"ListItem\",\"position\":2,\"name\":\"S\u1ea3n ph\u1ea9m\",\"item\":\"https:\/\/dongsonartisanat.vn\/san-pham\/\"},{\"@type\":\"ListItem\",\"position\":3,\"name\":\"Nesting table Lai\"}]},{\"@type\":\"WebSite\",\"@id\":\"https:\/\/dongsonartisanat.vn\/#website\",\"url\":\"https:\/\/dongsonartisanat.vn\/\",\"name\":\"Dongson Artisanat\",\"description\":\"\",\"publisher\":{\"@id\":\"https:\/\/dongsonartisanat.vn\/#organization\"},\"potentialAction\":[{\"@type\":\"SearchAction\",\"target\":{\"@type\":\"EntryPoint\",\"urlTemplate\":\"https:\/\/dongsonartisanat.vn\/?s={search_term_string}\"},\"query-input\":{\"@type\":\"PropertyValueSpecification\",\"valueRequired\":true,\"valueName\":\"search_term_string\"}}],\"inLanguage\":\"en-US\"},{\"@type\":\"Organization\",\"@id\":\"https:\/\/dongsonartisanat.vn\/#organization\",\"name\":\"Dongson Artisanat\",\"url\":\"https:\/\/dongsonartisanat.vn\/\",\"logo\":{\"@type\":\"ImageObject\",\"inLanguage\":\"en-US\",\"@id\":\"https:\/\/dongsonartisanat.vn\/#\/schema\/logo\/image\/\",\"url\":\"https:\/\/dongsonartisanat.vn\/wp-content\/uploads\/2025\/06\/dong-son-logo.png\",\"contentUrl\":\"https:\/\/dongsonartisanat.vn\/wp-content\/uploads\/2025\/06\/dong-son-logo.png\",\"width\":824,\"height\":734,\"caption\":\"Dongson Artisanat\"},\"image\":{\"@id\":\"https:\/\/dongsonartisanat.vn\/#\/schema\/logo\/image\/\"}}]}<\/script>\n<!-- \/ Yoast SEO Premium plugin. -->","yoast_head_json":{"title":"Nesting table Lai - Dongson Artisanat","robots":{"index":"index","follow":"follow","max-snippet":"max-snippet:-1","max-image-preview":"max-image-preview:large","max-video-preview":"max-video-preview:-1"},"canonical":"https:\/\/dongsonartisanat.vn\/en\/product\/nesting-table-lai\/","og_locale":"en_US","og_type":"article","og_title":"Nesting table Lai","og_description":"Tam Th\u1ebf l\u00e0 l\u1eddi t\u1ef1 s\u1ef1 v\u1ec1 th\u1eddi gian, kh\u00f4ng ph\u1ea3i th\u1eddi gian thu\u1ea7n l\u00fd t\u00ednh, m\u00e0 l\u00e0 th\u1eddi gian con ng\u01b0\u1eddi mang trong k\u00fd \u1ee9c. Ba m\u1eb7t b\u00e0n Kh\u1ee9, \u0110\u01b0\u01a1ng, Lai \u0111\u1ee9ng c\u1ea1nh nhau nh\u01b0 ba l\u00e1t c\u1eaft c\u1ee7a \u0111\u1eddi s\u1ed1ng: \u0111i\u1ec1u \u0111\u00e3 qua, \u0111i\u1ec1u \u0111ang hi\u1ec7n h\u1eefu, v\u00e0 \u0111i\u1ec1u c\u00f2n ch\u1edd tr\u1edf th\u00e0nh h\u1ed3i \u1ee9c.  Tr\u00ean n\u1ec1n kim lo\u1ea1i sang tr\u1ecdng, nh\u1eefng chi ti\u1ebft UV Enamel v\u1edbi nh\u1ecbp \u0111i\u1ec7u Bauhaus hi\u1ec7n l\u00ean nh\u01b0 nh\u1eefng m\u1ea3ng \u1ee9c \u0111\u1ecba \u0111\u01b0\u1ee3c gi\u1eef l\u1ea1i b\u1eb1ng m\u00e0u s\u1eafc v\u00e0 \u00e1nh s\u00e1ng, v\u1eeba c\u01a1 l\u00fd v\u1eeba x\u00fac c\u1ea3m.  Tam Th\u1ebf v\u00ec th\u1ebf kh\u00f4ng ch\u1ec9 l\u00e0 m\u1ed9t t\u1ed5 h\u1ee3p b\u00e0n x\u1ebfp ch\u1ed3ng, m\u00e0 l\u00e0 m\u1ed9t h\u00ecnh dung tinh t\u1ebf v\u1ec1 c\u00e1ch con ng\u01b0\u1eddi s\u1ed1ng gi\u1eefa hi\u1ec7n t\u1ea1i m\u00e0 lu\u00f4n mang theo hai t\u1ea7ng th\u1eddi gian c\u00f2n l\u1ea1i.","og_url":"https:\/\/dongsonartisanat.vn\/en\/product\/nesting-table-lai\/","og_site_name":"Dongson Artisanat","article_modified_time":"2026-04-08T10:20:16+00:00","og_image":[{"width":2000,"height":2000,"url":"https:\/\/dongsonartisanat.vn\/wp-content\/uploads\/2026\/04\/NT011.png","type":"image\/png"}],"twitter_card":"summary_large_image","twitter_misc":{"Est. reading time":"1 minute"},"schema":{"@context":"https:\/\/schema.org","@graph":[{"@type":"WebPage","@id":"https:\/\/dongsonartisanat.vn\/san-pham\/nesting-table-lai\/","url":"https:\/\/dongsonartisanat.vn\/san-pham\/nesting-table-lai\/","name":"Nesting table Lai - Dongson Artisanat","isPartOf":{"@id":"https:\/\/dongsonartisanat.vn\/#website"},"primaryImageOfPage":{"@id":"https:\/\/dongsonartisanat.vn\/san-pham\/nesting-table-lai\/#primaryimage"},"image":{"@id":"https:\/\/dongsonartisanat.vn\/san-pham\/nesting-table-lai\/#primaryimage"},"thumbnailUrl":"https:\/\/dongsonartisanat.vn\/wp-content\/uploads\/2026\/04\/NT011.png","datePublished":"2026-04-08T04:06:42+00:00","dateModified":"2026-04-08T10:20:16+00:00","breadcrumb":{"@id":"https:\/\/dongsonartisanat.vn\/san-pham\/nesting-table-lai\/#breadcrumb"},"inLanguage":"en-US","potentialAction":[{"@type":"ReadAction","target":["https:\/\/dongsonartisanat.vn\/san-pham\/nesting-table-lai\/"]}]},{"@type":"ImageObject","inLanguage":"en-US","@id":"https:\/\/dongsonartisanat.vn\/san-pham\/nesting-table-lai\/#primaryimage","url":"https:\/\/dongsonartisanat.vn\/wp-content\/uploads\/2026\/04\/NT011.png","contentUrl":"https:\/\/dongsonartisanat.vn\/wp-content\/uploads\/2026\/04\/NT011.png","width":2000,"height":2000,"caption":"NT03"},{"@type":"BreadcrumbList","@id":"https:\/\/dongsonartisanat.vn\/san-pham\/nesting-table-lai\/#breadcrumb","itemListElement":[{"@type":"ListItem","position":1,"name":"Home","item":"https:\/\/dongsonartisanat.vn\/"},{"@type":"ListItem","position":2,"name":"S\u1ea3n ph\u1ea9m","item":"https:\/\/dongsonartisanat.vn\/san-pham\/"},{"@type":"ListItem","position":3,"name":"Nesting table Lai"}]},{"@type":"WebSite","@id":"https:\/\/dongsonartisanat.vn\/#website","url":"https:\/\/dongsonartisanat.vn\/","name":"Dongson Artisanat","description":"","publisher":{"@id":"https:\/\/dongsonartisanat.vn\/#organization"},"potentialAction":[{"@type":"SearchAction","target":{"@type":"EntryPoint","urlTemplate":"https:\/\/dongsonartisanat.vn\/?s={search_term_string}"},"query-input":{"@type":"PropertyValueSpecification","valueRequired":true,"valueName":"search_term_string"}}],"inLanguage":"en-US"},{"@type":"Organization","@id":"https:\/\/dongsonartisanat.vn\/#organization","name":"Dongson Artisanat","url":"https:\/\/dongsonartisanat.vn\/","logo":{"@type":"ImageObject","inLanguage":"en-US","@id":"https:\/\/dongsonartisanat.vn\/#\/schema\/logo\/image\/","url":"https:\/\/dongsonartisanat.vn\/wp-content\/uploads\/2025\/06\/dong-son-logo.png","contentUrl":"https:\/\/dongsonartisanat.vn\/wp-content\/uploads\/2025\/06\/dong-son-logo.png","width":824,"height":734,"caption":"Dongson Artisanat"},"image":{"@id":"https:\/\/dongsonartisanat.vn\/#\/schema\/logo\/image\/"}}]}},"_links":{"self":[{"href":"https:\/\/dongsonartisanat.vn\/en\/wp-json\/wp\/v2\/product\/3290","targetHints":{"allow":["GET"]}}],"collection":[{"href":"https:\/\/dongsonartisanat.vn\/en\/wp-json\/wp\/v2\/product"}],"about":[{"href":"https:\/\/dongsonartisanat.vn\/en\/wp-json\/wp\/v2\/types\/product"}],"replies":[{"embeddable":true,"href":"https:\/\/dongsonartisanat.vn\/en\/wp-json\/wp\/v2\/comments?post=3290"}],"wp:featuredmedia":[{"embeddable":true,"href":"https:\/\/dongsonartisanat.vn\/en\/wp-json\/wp\/v2\/media\/3280"}],"wp:attachment":[{"href":"https:\/\/dongsonartisanat.vn\/en\/wp-json\/wp\/v2\/media?parent=3290"}],"wp:term":[{"taxonomy":"product_brand","embeddable":true,"href":"https:\/\/dongsonartisanat.vn\/en\/wp-json\/wp\/v2\/product_brand?post=3290"},{"taxonomy":"product_cat","embeddable":true,"href":"https:\/\/dongsonartisanat.vn\/en\/wp-json\/wp\/v2\/product_cat?post=3290"},{"taxonomy":"product_tag","embeddable":true,"href":"https:\/\/dongsonartisanat.vn\/en\/wp-json\/wp\/v2\/product_tag?post=3290"}],"curies":[{"name":"wp","href":"https:\/\/api.w.org\/{rel}","templated":true}]}}