{"id":378,"date":"2024-05-29T07:18:49","date_gmt":"2024-05-29T07:18:49","guid":{"rendered":"https:\/\/startersites.io\/blocksy\/furniture\/?post_type=product&#038;p=378"},"modified":"2026-04-08T17:29:04","modified_gmt":"2026-04-08T10:29:04","slug":"bar-cart-co-xua","status":"publish","type":"product","link":"https:\/\/dongsonartisanat.vn\/en\/product\/bar-cart-co-xua\/","title":{"rendered":"Bar cart &#8211; C\u1ed9 X\u01b0a"},"content":{"rendered":"","protected":false},"excerpt":{"rendered":"<p>Chi\u1ebfc c\u1ed9 x\u01b0a, ph\u01b0\u01a1ng ti\u1ec7n m\u01b0u sinh quen thu\u1ed9c c\u1ee7a th\u00f4n qu\u00ea, nh\u01b0ng c\u1ed9 c\u00f2n l\u00e0 bi\u1ec3u t\u01b0\u1ee3ng c\u1ee7a tinh th\u1ea7n t\u1ea3o t\u1ea7n, ch\u1ecbu th\u01b0\u01a1ng ch\u1ecbu kh\u00f3 \u0111\u00e3 hun \u0111\u00fac n\u00ean v\u1ebb \u0111\u1eb9p n\u1ed9i t\u00e2m c\u1ee7a ng\u01b0\u1eddi Vi\u1ec7t.<\/p>\n<p>Barcart C\u1ed9 X\u01b0a, m\u1ed9t thi\u1ebft k\u1ebf dung h\u00f2a gi\u1eefa truy\u1ec1n th\u1ed1ng v\u00e0 tinh th\u1ea7n \u0111\u01b0\u01a1ng \u0111\u1ea1i. Trong d\u00e1ng h\u00ecnh t\u1ed1i gi\u1ea3n l\u00e0 chuy\u1ec3n \u0111\u1ed9ng kh\u1ebd kh\u00e0ng, lui t\u1edbi nh\u01b0 nh\u1ecbp \u0111\u1eddi ch\u1eadm r\u00e3i, th\u1ea5u c\u1ea3m. M\u1ed7i \u0111\u01b0\u1eddng n\u00e9t \u0111\u1ec1u \u0111\u01b0\u1ee3c ch\u0103m ch\u00fat t\u1ec9 m\u1ec9, nh\u01b0 \u0111ang th\u00ec th\u1ea7m k\u1ec3 l\u1ea1i c\u00e2u chuy\u1ec7n c\u1ee7a m\u1ed9t th\u1eddi \u0111\u00e3 xa, nh\u01b0ng v\u1eabn c\u00f2n v\u01b0\u01a1ng trong t\u00e2m kh\u1ea3m.<\/p>\n<p>C\u1ed9 X\u01b0a b\u1ea3n th\u00e2n n\u00f3 l\u00e0 l\u00e1t c\u1eaft c\u1ee7a k\u00fd \u1ee9c, m\u1ed9t m\u1ea3nh chuy\u1ec7n x\u01b0a \u0111\u01b0\u1ee3c t\u00e1i hi\u1ec7n trong h\u00ecnh h\u00e0i m\u1edbi. V\u00e0 m\u1ed7i khi hi\u1ec7n di\u1ec7n trong kh\u00f4ng gian s\u1ed1ng, n\u00f3 nh\u1eafc nh\u1edb v\u1ebb \u0111\u1eb9p qu\u00e1 kh\u1ee9 hi\u1ec7n di\u1ec7n trong l\u00f2ng hi\u1ec7n t\u1ea1i.<\/p>","protected":false},"featured_media":2508,"comment_status":"open","ping_status":"closed","template":"","meta":{"inline_featured_image":false},"product_brand":[],"product_cat":[145,93,128],"product_tag":[],"class_list":{"0":"post-378","1":"product","2":"type-product","3":"status-publish","4":"has-post-thumbnail","6":"product_cat-co-xua","7":"product_cat-san-pham-noi-that","8":"product_cat-xe-day-da-nang","10":"first","11":"instock","12":"shipping-taxable","13":"purchasable","14":"product-type-simple"},"acf":[],"yoast_head":"<!-- This site is optimized with the Yoast SEO Premium plugin v24.8 (Yoast SEO v24.8) - https:\/\/yoast.com\/wordpress\/plugins\/seo\/ -->\n<title>Bar cart - C\u1ed9 X\u01b0a - Dongson Artisanat<\/title>\n<meta name=\"robots\" content=\"index, follow, max-snippet:-1, max-image-preview:large, max-video-preview:-1\" \/>\n<link rel=\"canonical\" href=\"https:\/\/dongsonartisanat.vn\/en\/product\/bar-cart-co-xua\/\" \/>\n<meta property=\"og:locale\" content=\"en_US\" \/>\n<meta property=\"og:type\" content=\"article\" \/>\n<meta property=\"og:title\" content=\"Bar cart - C\u1ed9 X\u01b0a\" \/>\n<meta property=\"og:description\" content=\"Chi\u1ebfc c\u1ed9 x\u01b0a, ph\u01b0\u01a1ng ti\u1ec7n m\u01b0u sinh quen thu\u1ed9c c\u1ee7a th\u00f4n qu\u00ea, nh\u01b0ng c\u1ed9 c\u00f2n l\u00e0 bi\u1ec3u t\u01b0\u1ee3ng c\u1ee7a tinh th\u1ea7n t\u1ea3o t\u1ea7n, ch\u1ecbu th\u01b0\u01a1ng ch\u1ecbu kh\u00f3 \u0111\u00e3 hun \u0111\u00fac n\u00ean v\u1ebb \u0111\u1eb9p n\u1ed9i t\u00e2m c\u1ee7a ng\u01b0\u1eddi Vi\u1ec7t.  Barcart C\u1ed9 X\u01b0a, m\u1ed9t thi\u1ebft k\u1ebf dung h\u00f2a gi\u1eefa truy\u1ec1n th\u1ed1ng v\u00e0 tinh th\u1ea7n \u0111\u01b0\u01a1ng \u0111\u1ea1i. Trong d\u00e1ng h\u00ecnh t\u1ed1i gi\u1ea3n l\u00e0 chuy\u1ec3n \u0111\u1ed9ng kh\u1ebd kh\u00e0ng, lui t\u1edbi nh\u01b0 nh\u1ecbp \u0111\u1eddi ch\u1eadm r\u00e3i, th\u1ea5u c\u1ea3m. M\u1ed7i \u0111\u01b0\u1eddng n\u00e9t \u0111\u1ec1u \u0111\u01b0\u1ee3c ch\u0103m ch\u00fat t\u1ec9 m\u1ec9, nh\u01b0 \u0111ang th\u00ec th\u1ea7m k\u1ec3 l\u1ea1i c\u00e2u chuy\u1ec7n c\u1ee7a m\u1ed9t th\u1eddi \u0111\u00e3 xa, nh\u01b0ng v\u1eabn c\u00f2n v\u01b0\u01a1ng trong t\u00e2m kh\u1ea3m.  C\u1ed9 X\u01b0a b\u1ea3n th\u00e2n n\u00f3 l\u00e0 l\u00e1t c\u1eaft c\u1ee7a k\u00fd \u1ee9c, m\u1ed9t m\u1ea3nh chuy\u1ec7n x\u01b0a \u0111\u01b0\u1ee3c t\u00e1i hi\u1ec7n trong h\u00ecnh h\u00e0i m\u1edbi. V\u00e0 m\u1ed7i khi hi\u1ec7n di\u1ec7n trong kh\u00f4ng gian s\u1ed1ng, n\u00f3 nh\u1eafc nh\u1edb v\u1ebb \u0111\u1eb9p qu\u00e1 kh\u1ee9 hi\u1ec7n di\u1ec7n trong l\u00f2ng hi\u1ec7n t\u1ea1i.\" \/>\n<meta property=\"og:url\" content=\"https:\/\/dongsonartisanat.vn\/en\/product\/bar-cart-co-xua\/\" \/>\n<meta property=\"og:site_name\" content=\"Dongson Artisanat\" \/>\n<meta property=\"article:modified_time\" content=\"2026-04-08T10:29:04+00:00\" \/>\n<meta property=\"og:image\" content=\"https:\/\/dongsonartisanat.vn\/wp-content\/uploads\/2024\/05\/z6710780511411_ad94be6d7b8be57c77da9a6994dfa055.jpg\" \/>\n\t<meta property=\"og:image:width\" content=\"1920\" \/>\n\t<meta property=\"og:image:height\" content=\"1920\" \/>\n\t<meta property=\"og:image:type\" content=\"image\/jpeg\" \/>\n<meta name=\"twitter:card\" content=\"summary_large_image\" \/>\n<meta name=\"twitter:label1\" content=\"Est. reading time\" \/>\n\t<meta name=\"twitter:data1\" content=\"1 minute\" \/>\n<script type=\"application\/ld+json\" class=\"yoast-schema-graph\">{\"@context\":\"https:\/\/schema.org\",\"@graph\":[{\"@type\":\"WebPage\",\"@id\":\"https:\/\/dongsonartisanat.vn\/san-pham\/bar-cart-co-xua\/\",\"url\":\"https:\/\/dongsonartisanat.vn\/san-pham\/bar-cart-co-xua\/\",\"name\":\"Bar cart - C\u1ed9 X\u01b0a - Dongson Artisanat\",\"isPartOf\":{\"@id\":\"https:\/\/dongsonartisanat.vn\/#website\"},\"primaryImageOfPage\":{\"@id\":\"https:\/\/dongsonartisanat.vn\/san-pham\/bar-cart-co-xua\/#primaryimage\"},\"image\":{\"@id\":\"https:\/\/dongsonartisanat.vn\/san-pham\/bar-cart-co-xua\/#primaryimage\"},\"thumbnailUrl\":\"https:\/\/dongsonartisanat.vn\/wp-content\/uploads\/2024\/05\/z6710780511411_ad94be6d7b8be57c77da9a6994dfa055.jpg\",\"datePublished\":\"2024-05-29T07:18:49+00:00\",\"dateModified\":\"2026-04-08T10:29:04+00:00\",\"breadcrumb\":{\"@id\":\"https:\/\/dongsonartisanat.vn\/san-pham\/bar-cart-co-xua\/#breadcrumb\"},\"inLanguage\":\"en-US\",\"potentialAction\":[{\"@type\":\"ReadAction\",\"target\":[\"https:\/\/dongsonartisanat.vn\/san-pham\/bar-cart-co-xua\/\"]}]},{\"@type\":\"ImageObject\",\"inLanguage\":\"en-US\",\"@id\":\"https:\/\/dongsonartisanat.vn\/san-pham\/bar-cart-co-xua\/#primaryimage\",\"url\":\"https:\/\/dongsonartisanat.vn\/wp-content\/uploads\/2024\/05\/z6710780511411_ad94be6d7b8be57c77da9a6994dfa055.jpg\",\"contentUrl\":\"https:\/\/dongsonartisanat.vn\/wp-content\/uploads\/2024\/05\/z6710780511411_ad94be6d7b8be57c77da9a6994dfa055.jpg\",\"width\":1920,\"height\":1920,\"caption\":\"bar cart c\u1ed9 x\u01b0a\"},{\"@type\":\"BreadcrumbList\",\"@id\":\"https:\/\/dongsonartisanat.vn\/san-pham\/bar-cart-co-xua\/#breadcrumb\",\"itemListElement\":[{\"@type\":\"ListItem\",\"position\":1,\"name\":\"Home\",\"item\":\"https:\/\/dongsonartisanat.vn\/\"},{\"@type\":\"ListItem\",\"position\":2,\"name\":\"S\u1ea3n ph\u1ea9m\",\"item\":\"https:\/\/dongsonartisanat.vn\/san-pham\/\"},{\"@type\":\"ListItem\",\"position\":3,\"name\":\"Bar cart &#8211; C\u1ed9 X\u01b0a\"}]},{\"@type\":\"WebSite\",\"@id\":\"https:\/\/dongsonartisanat.vn\/#website\",\"url\":\"https:\/\/dongsonartisanat.vn\/\",\"name\":\"Dongson Artisanat\",\"description\":\"\",\"publisher\":{\"@id\":\"https:\/\/dongsonartisanat.vn\/#organization\"},\"potentialAction\":[{\"@type\":\"SearchAction\",\"target\":{\"@type\":\"EntryPoint\",\"urlTemplate\":\"https:\/\/dongsonartisanat.vn\/?s={search_term_string}\"},\"query-input\":{\"@type\":\"PropertyValueSpecification\",\"valueRequired\":true,\"valueName\":\"search_term_string\"}}],\"inLanguage\":\"en-US\"},{\"@type\":\"Organization\",\"@id\":\"https:\/\/dongsonartisanat.vn\/#organization\",\"name\":\"Dongson Artisanat\",\"url\":\"https:\/\/dongsonartisanat.vn\/\",\"logo\":{\"@type\":\"ImageObject\",\"inLanguage\":\"en-US\",\"@id\":\"https:\/\/dongsonartisanat.vn\/#\/schema\/logo\/image\/\",\"url\":\"https:\/\/dongsonartisanat.vn\/wp-content\/uploads\/2025\/06\/dong-son-logo.png\",\"contentUrl\":\"https:\/\/dongsonartisanat.vn\/wp-content\/uploads\/2025\/06\/dong-son-logo.png\",\"width\":824,\"height\":734,\"caption\":\"Dongson Artisanat\"},\"image\":{\"@id\":\"https:\/\/dongsonartisanat.vn\/#\/schema\/logo\/image\/\"}}]}<\/script>\n<!-- \/ Yoast SEO Premium plugin. -->","yoast_head_json":{"title":"Bar cart - C\u1ed9 X\u01b0a - Dongson Artisanat","robots":{"index":"index","follow":"follow","max-snippet":"max-snippet:-1","max-image-preview":"max-image-preview:large","max-video-preview":"max-video-preview:-1"},"canonical":"https:\/\/dongsonartisanat.vn\/en\/product\/bar-cart-co-xua\/","og_locale":"en_US","og_type":"article","og_title":"Bar cart - C\u1ed9 X\u01b0a","og_description":"Chi\u1ebfc c\u1ed9 x\u01b0a, ph\u01b0\u01a1ng ti\u1ec7n m\u01b0u sinh quen thu\u1ed9c c\u1ee7a th\u00f4n qu\u00ea, nh\u01b0ng c\u1ed9 c\u00f2n l\u00e0 bi\u1ec3u t\u01b0\u1ee3ng c\u1ee7a tinh th\u1ea7n t\u1ea3o t\u1ea7n, ch\u1ecbu th\u01b0\u01a1ng ch\u1ecbu kh\u00f3 \u0111\u00e3 hun \u0111\u00fac n\u00ean v\u1ebb \u0111\u1eb9p n\u1ed9i t\u00e2m c\u1ee7a ng\u01b0\u1eddi Vi\u1ec7t.  Barcart C\u1ed9 X\u01b0a, m\u1ed9t thi\u1ebft k\u1ebf dung h\u00f2a gi\u1eefa truy\u1ec1n th\u1ed1ng v\u00e0 tinh th\u1ea7n \u0111\u01b0\u01a1ng \u0111\u1ea1i. Trong d\u00e1ng h\u00ecnh t\u1ed1i gi\u1ea3n l\u00e0 chuy\u1ec3n \u0111\u1ed9ng kh\u1ebd kh\u00e0ng, lui t\u1edbi nh\u01b0 nh\u1ecbp \u0111\u1eddi ch\u1eadm r\u00e3i, th\u1ea5u c\u1ea3m. M\u1ed7i \u0111\u01b0\u1eddng n\u00e9t \u0111\u1ec1u \u0111\u01b0\u1ee3c ch\u0103m ch\u00fat t\u1ec9 m\u1ec9, nh\u01b0 \u0111ang th\u00ec th\u1ea7m k\u1ec3 l\u1ea1i c\u00e2u chuy\u1ec7n c\u1ee7a m\u1ed9t th\u1eddi \u0111\u00e3 xa, nh\u01b0ng v\u1eabn c\u00f2n v\u01b0\u01a1ng trong t\u00e2m kh\u1ea3m.  C\u1ed9 X\u01b0a b\u1ea3n th\u00e2n n\u00f3 l\u00e0 l\u00e1t c\u1eaft c\u1ee7a k\u00fd \u1ee9c, m\u1ed9t m\u1ea3nh chuy\u1ec7n x\u01b0a \u0111\u01b0\u1ee3c t\u00e1i hi\u1ec7n trong h\u00ecnh h\u00e0i m\u1edbi. V\u00e0 m\u1ed7i khi hi\u1ec7n di\u1ec7n trong kh\u00f4ng gian s\u1ed1ng, n\u00f3 nh\u1eafc nh\u1edb v\u1ebb \u0111\u1eb9p qu\u00e1 kh\u1ee9 hi\u1ec7n di\u1ec7n trong l\u00f2ng hi\u1ec7n t\u1ea1i.","og_url":"https:\/\/dongsonartisanat.vn\/en\/product\/bar-cart-co-xua\/","og_site_name":"Dongson Artisanat","article_modified_time":"2026-04-08T10:29:04+00:00","og_image":[{"width":1920,"height":1920,"url":"https:\/\/dongsonartisanat.vn\/wp-content\/uploads\/2024\/05\/z6710780511411_ad94be6d7b8be57c77da9a6994dfa055.jpg","type":"image\/jpeg"}],"twitter_card":"summary_large_image","twitter_misc":{"Est. reading time":"1 minute"},"schema":{"@context":"https:\/\/schema.org","@graph":[{"@type":"WebPage","@id":"https:\/\/dongsonartisanat.vn\/san-pham\/bar-cart-co-xua\/","url":"https:\/\/dongsonartisanat.vn\/san-pham\/bar-cart-co-xua\/","name":"Bar cart - C\u1ed9 X\u01b0a - Dongson Artisanat","isPartOf":{"@id":"https:\/\/dongsonartisanat.vn\/#website"},"primaryImageOfPage":{"@id":"https:\/\/dongsonartisanat.vn\/san-pham\/bar-cart-co-xua\/#primaryimage"},"image":{"@id":"https:\/\/dongsonartisanat.vn\/san-pham\/bar-cart-co-xua\/#primaryimage"},"thumbnailUrl":"https:\/\/dongsonartisanat.vn\/wp-content\/uploads\/2024\/05\/z6710780511411_ad94be6d7b8be57c77da9a6994dfa055.jpg","datePublished":"2024-05-29T07:18:49+00:00","dateModified":"2026-04-08T10:29:04+00:00","breadcrumb":{"@id":"https:\/\/dongsonartisanat.vn\/san-pham\/bar-cart-co-xua\/#breadcrumb"},"inLanguage":"en-US","potentialAction":[{"@type":"ReadAction","target":["https:\/\/dongsonartisanat.vn\/san-pham\/bar-cart-co-xua\/"]}]},{"@type":"ImageObject","inLanguage":"en-US","@id":"https:\/\/dongsonartisanat.vn\/san-pham\/bar-cart-co-xua\/#primaryimage","url":"https:\/\/dongsonartisanat.vn\/wp-content\/uploads\/2024\/05\/z6710780511411_ad94be6d7b8be57c77da9a6994dfa055.jpg","contentUrl":"https:\/\/dongsonartisanat.vn\/wp-content\/uploads\/2024\/05\/z6710780511411_ad94be6d7b8be57c77da9a6994dfa055.jpg","width":1920,"height":1920,"caption":"bar cart c\u1ed9 x\u01b0a"},{"@type":"BreadcrumbList","@id":"https:\/\/dongsonartisanat.vn\/san-pham\/bar-cart-co-xua\/#breadcrumb","itemListElement":[{"@type":"ListItem","position":1,"name":"Home","item":"https:\/\/dongsonartisanat.vn\/"},{"@type":"ListItem","position":2,"name":"S\u1ea3n ph\u1ea9m","item":"https:\/\/dongsonartisanat.vn\/san-pham\/"},{"@type":"ListItem","position":3,"name":"Bar cart &#8211; C\u1ed9 X\u01b0a"}]},{"@type":"WebSite","@id":"https:\/\/dongsonartisanat.vn\/#website","url":"https:\/\/dongsonartisanat.vn\/","name":"Dongson Artisanat","description":"","publisher":{"@id":"https:\/\/dongsonartisanat.vn\/#organization"},"potentialAction":[{"@type":"SearchAction","target":{"@type":"EntryPoint","urlTemplate":"https:\/\/dongsonartisanat.vn\/?s={search_term_string}"},"query-input":{"@type":"PropertyValueSpecification","valueRequired":true,"valueName":"search_term_string"}}],"inLanguage":"en-US"},{"@type":"Organization","@id":"https:\/\/dongsonartisanat.vn\/#organization","name":"Dongson Artisanat","url":"https:\/\/dongsonartisanat.vn\/","logo":{"@type":"ImageObject","inLanguage":"en-US","@id":"https:\/\/dongsonartisanat.vn\/#\/schema\/logo\/image\/","url":"https:\/\/dongsonartisanat.vn\/wp-content\/uploads\/2025\/06\/dong-son-logo.png","contentUrl":"https:\/\/dongsonartisanat.vn\/wp-content\/uploads\/2025\/06\/dong-son-logo.png","width":824,"height":734,"caption":"Dongson Artisanat"},"image":{"@id":"https:\/\/dongsonartisanat.vn\/#\/schema\/logo\/image\/"}}]}},"_links":{"self":[{"href":"https:\/\/dongsonartisanat.vn\/en\/wp-json\/wp\/v2\/product\/378","targetHints":{"allow":["GET"]}}],"collection":[{"href":"https:\/\/dongsonartisanat.vn\/en\/wp-json\/wp\/v2\/product"}],"about":[{"href":"https:\/\/dongsonartisanat.vn\/en\/wp-json\/wp\/v2\/types\/product"}],"replies":[{"embeddable":true,"href":"https:\/\/dongsonartisanat.vn\/en\/wp-json\/wp\/v2\/comments?post=378"}],"wp:featuredmedia":[{"embeddable":true,"href":"https:\/\/dongsonartisanat.vn\/en\/wp-json\/wp\/v2\/media\/2508"}],"wp:attachment":[{"href":"https:\/\/dongsonartisanat.vn\/en\/wp-json\/wp\/v2\/media?parent=378"}],"wp:term":[{"taxonomy":"product_brand","embeddable":true,"href":"https:\/\/dongsonartisanat.vn\/en\/wp-json\/wp\/v2\/product_brand?post=378"},{"taxonomy":"product_cat","embeddable":true,"href":"https:\/\/dongsonartisanat.vn\/en\/wp-json\/wp\/v2\/product_cat?post=378"},{"taxonomy":"product_tag","embeddable":true,"href":"https:\/\/dongsonartisanat.vn\/en\/wp-json\/wp\/v2\/product_tag?post=378"}],"curies":[{"name":"wp","href":"https:\/\/api.w.org\/{rel}","templated":true}]}}